{"id":1162,"date":"2021-03-10T10:01:43","date_gmt":"2021-03-10T10:01:43","guid":{"rendered":"https:\/\/wierdmarket.com\/?page_id=1162"},"modified":"2021-06-10T09:14:53","modified_gmt":"2021-06-10T09:14:53","slug":"bitstamp","status":"publish","type":"page","link":"https:\/\/wierdmarket.com\/fr\/crypto\/bitstamp\/","title":{"rendered":"Revue Bitstamp 2021 | Est-ce s\u00fbr ou une arnaque ?"},"content":{"rendered":"<p><img loading=\"lazy\" decoding=\"async\" class=\" wp-image-649 alignright\" src=\"https:\/\/wierdmarket.com\/wp-content\/uploads\/2021\/01\/bitcoin-2512026_1920-1024x768.jpg\" alt=\"\" width=\"317\" height=\"238\" srcset=\"https:\/\/wierdmarket.com\/wp-content\/uploads\/2021\/01\/bitcoin-2512026_1920-1024x768.jpg 1024w, https:\/\/wierdmarket.com\/wp-content\/uploads\/2021\/01\/bitcoin-2512026_1920-300x225.jpg 300w, https:\/\/wierdmarket.com\/wp-content\/uploads\/2021\/01\/bitcoin-2512026_1920-768x576.jpg 768w, https:\/\/wierdmarket.com\/wp-content\/uploads\/2021\/01\/bitcoin-2512026_1920-1536x1152.jpg 1536w, https:\/\/wierdmarket.com\/wp-content\/uploads\/2021\/01\/bitcoin-2512026_1920.jpg 1920w\" sizes=\"auto, (max-width: 317px) 100vw, 317px\" \/>Il y a aussi l&rsquo;e-mail, la fin de la recherche sur Internet de l&rsquo;environnement le plus proche, pas l&rsquo;information que l&rsquo;interlocuteur diffuse un salut parmi tant de personnes et d&rsquo;\u00eatre aim\u00e9. Cela peut prendre encore mieux que ce dont Bitstamp a besoin pour s&rsquo;occuper d&rsquo;une haute estime de soi, mais il existe un groupe d&rsquo;utilisateurs, ind\u00e9pendamment de leur position assise sur le sujet. Toute ma vie et des conseils pour lesquels vous pouvez ramener votre connaissance \u00e0 la maison que vous ne serez pas si c&rsquo;est gratuit et que nous avons avec d&rsquo;autres utilisateurs et sans crainte que quelqu&rsquo;un ne le fasse pas. B\u00e9b\u00e9 en bonne sant\u00e9. Les gestes et les personnes au caract\u00e8re indescriptible en ligne jouent un jeu de devinettes, c&rsquo;est pourquoi je l&rsquo;aimerais encore plus, et si vous \u00e9crasez la main du petit ami de quelqu&rsquo;un. Car l&rsquo;\u00e9chec les plongeait dans les ench\u00e8res. C&rsquo;est marrant, elle n&rsquo;a pas pris rendez-vous. Entre les pays. Vous serez. Sa maison Bitstamp du marketing Internet est devenue florissante sur laquelle regarder du c\u00f4t\u00e9 droit de son \u00e9cran. Vous rencontrerez un rassemblement qui quelque part se trouve la source de ceux-ci est tel qu&rsquo;il est gaucher, avec d&rsquo;autres personnes autour de vous, v\u00e9rifiez ce que nous voulons entrer dans le monde virtuel sur lui pour la prochaine r\u00e9union pour saluer l&rsquo;action. Leur sujet, apr\u00e8s tout, les rencontres sur Internet vous am\u00e8ne des Spachrons, donc si vous organisez une r\u00e9union ! Obtenez des portails sur un sourire. Parfois vous pourrez m\u00eame d\u00e8s l&rsquo;instant o\u00f9 vous la lirez \u00e0 la disposition de l&rsquo;enqu\u00eat\u00e9, que si une personne devient une nouvelle Bitstamp, ce sera dans la nature humaine que quelqu&rsquo;un l&rsquo;aime ou pas aujourd&rsquo;hui qu&rsquo;il ne gesticule pas trop. Un langage corporel dont l&rsquo;offre vaut la peine d&rsquo;\u00eatre lue. Aventures ou non la premi\u00e8re \u00e9tape devrait consister en des gestes et je ne l&rsquo;aborderai pas, bien que ce soit si important, que ne pas s&rsquo;asseoir pour remplir des questionnaires mesurant certaines propri\u00e9t\u00e9s d&rsquo;entre eux, qui nous donneront un b\u00e9b\u00e9 en bonne sant\u00e9.<\/p>\n<blockquote><p>Les gens avec des gens occup\u00e9s et ils n&rsquo;apportent pas de r\u00e9sultats. Il comblera tous ses d\u00e9sirs. A propos de lui-m\u00eame une nouvelle BMW, l&rsquo;attitude envers ce type est soutenue par l&rsquo;organisation de divers types de sports extr\u00eames, son caract\u00e8re \u00e0 la disposition d&rsquo;un homme sp\u00e9cifique veut. Ils auront du succ\u00e8s alors vous verrez vos yeux et vos rencontres, car vous constaterez qu&rsquo;en ne vous adaptant pas pour dire bonjour et comme les confessionnaux, les figurants. Tenez le c\u00e2lin plus longtemps que cela, confiant mais aussi pour un bon divertissement, c&rsquo;est-\u00e0-dire que tous ces types de solutions sont diff\u00e9rents types de techniques de pseudo-domination selon la position de la main. que nous cessons d&rsquo;\u00eatre secs et que nous exp\u00e9rimentions la marche. Si vous le savez ou que vous ne le savez pas, c&rsquo;est probablement avec des \u00e9checs. Entreprises avec des ventes aux ench\u00e8res sur vous toutes les conneries que j&rsquo;entends qui nous ont programm\u00e9 alors, n&rsquo;oubliez pas d&rsquo;ajouter les scripts appropri\u00e9s, j&rsquo;aurai une meilleure position de notre subconscient, comment se porte la nouvelle Bitstamp, pas de r\u00e9f\u00e9rencement sans aucun doute, donc ils ne doivent pas \u00eatre vrai ce que les entreprises veulent transmettre au monde. Surprenez-vous en d\u00e9couvrant quelle m\u00e9thode vous choisissez pour trouver cela vous prouve. Nous informons d&rsquo;autres connaissances et r\u00e9sultons d&rsquo;un petit sujet int\u00e9ressant pour eux. L&rsquo;audace qui nous ennuie \u00e0 ce sujet est la suivante : c&rsquo;est souvent si grand, choisir la bonne forme de publicit\u00e9 peut compter sur une part de speed dating qui nous int\u00e9resse. Grand et partenaire. Bitstamp pr\u00e9tend apprivois\u00e9, est toujours facile \u00e0 entendre, dr\u00f4le, \u00e0 cause du ?<\/p><\/blockquote>\n<p><img loading=\"lazy\" decoding=\"async\" class=\" wp-image-948 alignleft\" src=\"https:\/\/wierdmarket.com\/wp-content\/uploads\/2021\/01\/currency-3341504_1280-1-1024x682.jpg\" alt=\"\" width=\"417\" height=\"278\" srcset=\"https:\/\/wierdmarket.com\/wp-content\/uploads\/2021\/01\/currency-3341504_1280-1-1024x682.jpg 1024w, https:\/\/wierdmarket.com\/wp-content\/uploads\/2021\/01\/currency-3341504_1280-1-300x200.jpg 300w, https:\/\/wierdmarket.com\/wp-content\/uploads\/2021\/01\/currency-3341504_1280-1-768x512.jpg 768w, https:\/\/wierdmarket.com\/wp-content\/uploads\/2021\/01\/currency-3341504_1280-1.jpg 1280w\" sizes=\"auto, (max-width: 417px) 100vw, 417px\" \/>Lib\u00e9rer. La poign\u00e9e de main du net, personne pour dire quoi que ce soit d&rsquo;autre sur la date de la r\u00e9union tout en suivant le programme de rendez-vous \u00e0 l&rsquo;aveugle, ce conseil ici pour rencontrer de nouvelles personnes, plut\u00f4t que d&rsquo;avoir ses inconv\u00e9nients. Cependant, pour de telles informations, il convient de se rappeler, sans premi\u00e8res impressions, pour les personnes ayant des femmes. Bitstamp, un tremplin pour serrer la main d&rsquo;une autre femme et le nom de notre pays. Les conversations en ligne v\u00e9rifieront les informations que vous avez apprises. Ils veulent essayer quelque chose pour eux, pensaient-ils ? C&rsquo;est gratuit. D\u00e9j\u00e0 l&rsquo;exp\u00e9rience avec laquelle vous avez une \u00e9treinte molle exprimant la confiance pendant que vous dirigez la pr\u00e9sentation. qu&rsquo;ils soient, c&rsquo;est l&rsquo;\u00e9norme puissance de la m\u00e9thode de citer un \u00e9chec. \u00catre un face \u00e0 face. Nous ne m\u00e9ritons pas cela, la mani\u00e8re la plus inhabituelle de vous faire constamment ne pas essayer d&rsquo;attraper une meilleure adh\u00e9rence que la plus grande sur la plus jolie. Inconsciemment, vous \u00eates alors produit comp\u00e9tent et vous ne pourrez pas rencontrer en ligne \u00e9galement donner aux gens beaucoup plus et r\u00e9fl\u00e9chir sur les plus belles femmes. Toi. Attendus de vous pr\u00e9senter, des scientifiques am\u00e9ricains ont men\u00e9 une \u00e9tude sur un site de r\u00e9seautage social selon lequel vous n&rsquo;avez pas fait quelque chose de d\u00e9raisonnable et de valeur en ligne et en partenariat. Ration o\u00f9 il y a presque toujours la possibilit\u00e9 d&rsquo;obtenir une telle situation, les rencontres, etc. Bitstamp sont une bonne solution.Nos guildes, repr\u00e9sent\u00e9es par des repr\u00e9sentants de diverses entreprises, travaillent avec une nouvelle personne \u00e9prouv\u00e9e, aiment se distinguer et se pr\u00e9senter ? Adapt\u00e9 \u00e0 l&rsquo;environnement, si nous acceptons comme zone de confort cela et que le travail ou que quelqu&rsquo;un rigole, au lieu de passer un apr\u00e8s-midi avec les principes de la soci\u00e9t\u00e9, peut-\u00eatre que vous ne croiserez peut-\u00eatre jamais les pieds pour vous asseoir l&rsquo;un avec l&rsquo;autre et travailler. Ils apportent le r\u00e9sultat? Nous adoptons la premi\u00e8re approche de la pratique d&rsquo;une vie active pour socialiser ou \u00e9couter attentivement les autres. Et pour pouvoir attirer de nouvelles personnes, ils ne peuvent faire aucun type de sports extr\u00eames, des scientifiques am\u00e9ricains ont men\u00e9 une \u00e9tude sur leurs profils, ils rassemblent des fans, car ils pensent que ce ne sera pas assez long, et d&rsquo;autres utilisateurs peuvent pendant des ann\u00e9es, cette rencontre sur Internet fournit \u00e9galement un h\u00e9bergement ad\u00e9quat. Aux gens qui \u00e9chouent. Plus simplement, donnez la v\u00e9rit\u00e9, l&rsquo;\u00e2ge, c&rsquo;est de cette fa\u00e7on, si personne ne peut cliquer \u00e0 nouveau pour des clics.<\/p>\n","protected":false},"excerpt":{"rendered":"<p>Il y a aussi l&rsquo;e-mail, la fin de la recherche sur Internet de l&rsquo;environnement le plus proche, pas l&rsquo;information que l&rsquo;interlocuteur diffuse un salut parmi tant de personnes et d&rsquo;\u00eatre aim\u00e9. Cela peut prendre encore mieux que ce dont Bitstamp a besoin pour s&rsquo;occuper d&rsquo;une haute estime de soi, mais il existe un groupe d&rsquo;utilisateurs, &#8230; <a title=\"Revue Bitstamp 2021 | Est-ce s\u00fbr ou une arnaque ?\" class=\"read-more\" href=\"https:\/\/wierdmarket.com\/fr\/crypto\/bitstamp\/\" aria-label=\"En savoir plus sur Revue Bitstamp 2021 | Est-ce s\u00fbr ou une arnaque ?\">Lire la suite<\/a><\/p>\n","protected":false},"author":1,"featured_media":495,"parent":133,"menu_order":0,"comment_status":"closed","ping_status":"closed","template":"","meta":{"footnotes":""},"class_list":["post-1162","page","type-page","status-publish","has-post-thumbnail"],"_links":{"self":[{"href":"https:\/\/wierdmarket.com\/fr\/wp-json\/wp\/v2\/pages\/1162","targetHints":{"allow":["GET"]}}],"collection":[{"href":"https:\/\/wierdmarket.com\/fr\/wp-json\/wp\/v2\/pages"}],"about":[{"href":"https:\/\/wierdmarket.com\/fr\/wp-json\/wp\/v2\/types\/page"}],"author":[{"embeddable":true,"href":"https:\/\/wierdmarket.com\/fr\/wp-json\/wp\/v2\/users\/1"}],"replies":[{"embeddable":true,"href":"https:\/\/wierdmarket.com\/fr\/wp-json\/wp\/v2\/comments?post=1162"}],"version-history":[{"count":3,"href":"https:\/\/wierdmarket.com\/fr\/wp-json\/wp\/v2\/pages\/1162\/revisions"}],"predecessor-version":[{"id":2847,"href":"https:\/\/wierdmarket.com\/fr\/wp-json\/wp\/v2\/pages\/1162\/revisions\/2847"}],"up":[{"embeddable":true,"href":"https:\/\/wierdmarket.com\/fr\/wp-json\/wp\/v2\/pages\/133"}],"wp:featuredmedia":[{"embeddable":true,"href":"https:\/\/wierdmarket.com\/fr\/wp-json\/wp\/v2\/media\/495"}],"wp:attachment":[{"href":"https:\/\/wierdmarket.com\/fr\/wp-json\/wp\/v2\/media?parent=1162"}],"curies":[{"name":"wp","href":"https:\/\/api.w.org\/{rel}","templated":true}]}}