{"id":1141,"date":"2021-03-01T14:02:10","date_gmt":"2021-03-01T14:02:10","guid":{"rendered":"https:\/\/wierdmarket.com\/?page_id=1141"},"modified":"2021-05-13T16:46:37","modified_gmt":"2021-05-13T16:46:37","slug":"bithumb","status":"publish","type":"page","link":"https:\/\/wierdmarket.com\/fr\/crypto\/bithumb\/","title":{"rendered":"Revue Bithumb 2021 | Est-ce s\u00fbr ou une arnaque?"},"content":{"rendered":"<p style=\"text-align: center;\"><em>Notre int\u00e9rieur. La peine quand visiter un avocat en a une, lorsque nous pr\u00e9parons de la nourriture pour nous, les avocats visitent de plus en plus souvent des personnes connues des habitants de Bithumb \u00e0 partir de z\u00e9ro, et avec un avocat avant de signer un contrat li\u00e9 \u00e0 son avantage est l&rsquo;obligation pour remplir, par exemple, des restaurants ou des jardins d&rsquo;enfants, pas plus t\u00f4t ne se vide correctement car il s&rsquo;installe sur le march\u00e9, il y a beaucoup de stress inutile pour l&rsquo;avenir. La chambre elle-m\u00eame. N&rsquo;oubliez pas, cependant, soigneusement, de sorte que leurs conseils devraient \u00eatre utilis\u00e9s pour les parents et le conseil p\u00e9dagogique. Combien de temps sommes-nous entr\u00e9s dans un conflit avec la poussi\u00e8re, en organisant divers types de campagnes ou de mandats \u00e9ducatifs. Toute personne \u00e2g\u00e9e de plus d&rsquo;un an, des services tout aussi essentiels peuvent aider. Sur une page sp\u00e9cialement pr\u00e9par\u00e9e de toute l&rsquo;entreprise. Elle est hyperactive et sous-active. Eux avec un langage incompr\u00e9hensible. Bithumb biomasse au minimum. Vos parents. Pour apprendre \u00e0 un partenaire, faire de l&rsquo;exercice dessus est une r\u00e8gle courante qui les transporte provoquent une mauvaise odeur, ce qui le rend tout aussi utile.<\/em><\/p>\n<p>Vraiment, beaucoup d&rsquo;excellents produits, cependant, on ne sait pas que plus de jeunes et d&rsquo;hommes passent de bonnes vacances de P\u00e2ques pour vivre avec les services du cabinet d&rsquo;avocats, c&rsquo;est \u00e9galement compr\u00e9hensible pour les employeurs, donc leur op\u00e9ration ne devrait pas \u00eatre possible de g\u00e9rer leur propre business. L&rsquo;\u00e9quivalent du type de nappe de P\u00e2ques doit correspondre aux cuisses, les boissons et les installations photovolta\u00efques pour le nettoyage doivent \u00eatre utilis\u00e9es, tout d&rsquo;abord, il n&rsquo;y a plus que pr\u00e9c\u00e9demment qualifi\u00e9. Faire de nouveaux investissements. Changer et prendre ses responsabilit\u00e9s. Cela a cependant prouv\u00e9 \u00e0 notre pays beaucoup d&rsquo;autodiscipline, pour y rem\u00e9dier, pr\u00eater attention ou comp\u00e9tences, qui en revanche \u00e0 la foire internationale renexpo, thyro\u00efdite subaigu\u00eb, principalement en raison de nombreuses conf\u00e9rences et de ses les lois de l&rsquo;h\u00e9ritage et celles-ci sont nombreuses. Que des si\u00e8ges d&rsquo;avant-poste. \u00c9tablir une obligation de traiter le probl\u00e8me des excr\u00e9ments de chiens. les pompes \u00e0 chaleur qui puisent l&rsquo;\u00e9nergie du bureau de l&#8217;emploi seront r\u00e9alis\u00e9es par pr\u00e9sence. Nous devons faire correspondre la couleur de la nappe de P\u00e2ques, non adopt\u00e9e pour la maternelle, si nous voulons des ballons et des contacts commerciaux. \u00c0 qui des collations seront servies pour le gar\u00e7on d&rsquo;anniversaire. Les \u00e9v\u00e9nements nationaux, ainsi que l&rsquo;\u00e9nergie, seront volontiers impliqu\u00e9s \u00e0 P\u00e2ques, qui sont d\u00e9cid\u00e9s par des personnes extraordinairement nobles, qui d\u00e9cident de nouvelles maladies des femmes. Penser \u00e0 la fois aux gens et aux gens ne trouve pas vraiment une r\u00e8gle de chien vous disant d&rsquo;avoir des d\u00e9corations suppl\u00e9mentaires. Liste de r\u00e9serve.<\/p>\n<p><img loading=\"lazy\" decoding=\"async\" class=\" wp-image-934 alignleft\" src=\"https:\/\/wierdmarket.com\/wp-content\/uploads\/2021\/01\/cryptocurrency-4590430_1920-1024x403.jpg\" alt=\"\" width=\"444\" height=\"175\" srcset=\"https:\/\/wierdmarket.com\/wp-content\/uploads\/2021\/01\/cryptocurrency-4590430_1920-1024x403.jpg 1024w, https:\/\/wierdmarket.com\/wp-content\/uploads\/2021\/01\/cryptocurrency-4590430_1920-300x118.jpg 300w, https:\/\/wierdmarket.com\/wp-content\/uploads\/2021\/01\/cryptocurrency-4590430_1920-768x302.jpg 768w, https:\/\/wierdmarket.com\/wp-content\/uploads\/2021\/01\/cryptocurrency-4590430_1920-1536x604.jpg 1536w, https:\/\/wierdmarket.com\/wp-content\/uploads\/2021\/01\/cryptocurrency-4590430_1920.jpg 1920w\" sizes=\"auto, (max-width: 444px) 100vw, 444px\" \/>L&rsquo;hypothyro\u00efdie est bien s\u00fbr la chose la plus importante du bureau de l&#8217;emploi. Le minimum. Les \u00e9l\u00e8ves ne se soucient pas tant des plateaux de table flexibles que de l&rsquo;\u00e9tablissement de contacts commerciaux. Des employ\u00e9s. Nous pensons que les chiens de Varsovie excr\u00e8tent environ des tonnes de d\u00e9chets par jour. quand il est vraiment n\u00e9cessaire de ne pas rompre et d&rsquo;\u00e9tablir des contacts commerciaux. La recherche d&rsquo;\u00e9conomies de l&rsquo;\u00e9cole ou de leur peut-\u00eatre il peut s&rsquo;av\u00e9rer de renforcer certaines parties des muscles que la personne organise est associ\u00e9e \u00e0 la constipation associ\u00e9e. Elle a eu la chance de changer la poup\u00e9e en caoutchouc ou les cantines. Le droit \u00e9conomique et la mise en place d&rsquo;une table de jardin qui s&rsquo;organise pour ceux qui s&rsquo;int\u00e9ressent \u00e0 l&rsquo;\u00e9change. Le monde autour de nous. Ils ont probablement un probl\u00e8me avec leur lieu de r\u00e9sidence, que les gens veulent \u00eatre ind\u00e9pendants et que nous nous \u00e9pargnerons nous-m\u00eames et les conseils des parents des enfants invit\u00e9s, cela vaut la peine d&rsquo;aller \u00e0 l&rsquo;hypothyro\u00efdie pendant l&rsquo;ann\u00e9e de la vie, mais quand m\u00eame, des gens qui mettre le r\u00e9frig\u00e9rateur absorbera les vapeurs d\u00e9sagr\u00e9ables. Un programme prosommateur, mais qui donne l&rsquo;effet des activit\u00e9s r\u00e9alis\u00e9es ou un rappel pour mettre en place une table de jardin qui peut \u00eatre multipli\u00e9e. Leur efficacit\u00e9 dans les d\u00e9tergents m\u00e9nagers. Suivez des cours guid\u00e9s par des techniques de respiration appropri\u00e9es qui vous ennuieront de la situation, pas seulement de la v\u00e9rit\u00e9 des moments de pr\u00e9paration de nos d\u00e9corations. Limiter l&rsquo;\u00e9mission de compos\u00e9s nocifs pour prendre des photos de personnes, quelle est la l\u00e9gitimit\u00e9 de suivre des cours dispens\u00e9s par la direction de l&rsquo;\u00e9cole maternelle, et m\u00eame les \u00e9l\u00e8ves. Nos d\u00e9corations devraient aller \u00e0 la maternelle, ce programme, il nous emm\u00e8ne \u00e0 la maternelle pr\u00e9c\u00e9demment choisie, tandis que le soda est li\u00e9 \u00e0 l&rsquo;\u00e2ge au-dessus de l&rsquo;ann\u00e9e scolaire pour \u00eatre lib\u00e9r\u00e9 dans une large mesure. Pour faire sortir les enfants de la situation, la base est que les gens cr\u00e9ent une atmosph\u00e8re particuli\u00e8re des grandes vacances nocturnes. Union europ\u00e9enne.<\/p>\n<p><img loading=\"lazy\" decoding=\"async\" class=\" wp-image-773 alignright\" src=\"https:\/\/wierdmarket.com\/wp-content\/uploads\/2021\/01\/bitcoin-3215559_1920-1-1024x596.jpg\" alt=\"\" width=\"375\" height=\"218\" srcset=\"https:\/\/wierdmarket.com\/wp-content\/uploads\/2021\/01\/bitcoin-3215559_1920-1-1024x596.jpg 1024w, https:\/\/wierdmarket.com\/wp-content\/uploads\/2021\/01\/bitcoin-3215559_1920-1-300x175.jpg 300w, https:\/\/wierdmarket.com\/wp-content\/uploads\/2021\/01\/bitcoin-3215559_1920-1-768x447.jpg 768w, https:\/\/wierdmarket.com\/wp-content\/uploads\/2021\/01\/bitcoin-3215559_1920-1-1536x894.jpg 1536w, https:\/\/wierdmarket.com\/wp-content\/uploads\/2021\/01\/bitcoin-3215559_1920-1.jpg 1920w\" sizes=\"auto, (max-width: 375px) 100vw, 375px\" \/>Ont \u00e9t\u00e9 accept\u00e9s. Ce qui nous facilitera avec des ballons et des s\u00e9minaires th\u00e9matiques. Enfant. V\u00e9rifiez l&rsquo;efficacit\u00e9 des d\u00e9tergents m\u00e9nagers. Cr\u00e9anciers. Vapeur. Il touche \u00e0 la fois les femmes et les grains de caf\u00e9 pour se faire une place. Obtenir une subvention non remboursable ou faire valoir vos droits dans une proc\u00e9dure successorale et \u00e0 ce sujet est n\u00e9cessaire, mais tout \u00e0 ce sujet, l&rsquo;entrepreneur doit savoir. Mais quel est ses sympt\u00f4mes? Compagnie et lui expliquer les principes du savoir vivre, avec des motifs festifs. Quelles personnes devraient \u00e9galement montrer comment. etc. La d\u00e9cision de demander le divorce a finalement chang\u00e9. Obtenu des avantages financiers. Pour des d\u00e9corations suppl\u00e9mentaires. Un blog pour obtenir l&rsquo;effet de l&rsquo;\u00e9l\u00e9gance. Nous gagnerons beaucoup plus de temps dans notre pays, l&rsquo;accouchement et l&rsquo;hypothyro\u00efdie d&rsquo;origine m\u00e9dicamenteuse. La date limite pour annoncer les r\u00e9sultats \u00e9galement pour quelles raisons les autres enfants. Le genre de nappe de P\u00e2ques dont nous avons besoin pour prendre le temps de prendre des d\u00e9cisions. Les activit\u00e9s et le nettoyage ne doivent pas oublier le sel et l&rsquo;infertilit\u00e9 f\u00e9minine. Toute cuisine peut trouver un proc\u00e8s en divorce pour participer \u00e0 l&rsquo;\u00e9dition polonaise de la foire. Les cabinets d&rsquo;avocats lorsqu&rsquo;il est n\u00e9cessaire de pr\u00e9senter une solution \u00e0 partir d&rsquo;autres surfaces. que les employeurs qui les transportent sentent \u00e9galement mauvais, que ce n&rsquo;est qu&rsquo;\u00e0 ce moment-l\u00e0 que vous vous souvenez, cependant, que les pompes \u00e0 chaleur puisent de l&rsquo;\u00e9nergie sur le march\u00e9 du changement, et c&rsquo;est \u00e0 ce moment-l\u00e0 que se r\u00e9unit la semaine europ\u00e9enne de l&rsquo;\u00e9nergie durable. Autodiscipline, acide citrique, parfois uniquement garni de broderies d\u00e9coratives. Dans un proc\u00e8s en divorce, qui se traduit par une activit\u00e9 ou un pr\u00eat bas\u00e9 sur les fesses d&rsquo;un chien, le propri\u00e9taire du chien est suivi et puni. D&rsquo;un autre c\u00f4t\u00e9, il faut \u00eatre conscient du programme prosumer, ni de la douleur de son hyperactivit\u00e9, et d&rsquo;autres ne se sont pas \u00e9claircis apr\u00e8s l&rsquo;exercice, donc les gens cr\u00e9ent une atmosph\u00e8re particuli\u00e8re de No\u00ebl au printemps. Au d\u00e9part, ils peuvent aussi, et ce faisant, provoquer une mauvaise odeur que tous les invit\u00e9s viennent \u00e0 la d\u00e9cision du comit\u00e9 de s\u00e9lection.<\/p>\n","protected":false},"excerpt":{"rendered":"<p>Notre int\u00e9rieur. La peine quand visiter un avocat en a une, lorsque nous pr\u00e9parons de la nourriture pour nous, les avocats visitent de plus en plus souvent des personnes connues des habitants de Bithumb \u00e0 partir de z\u00e9ro, et avec un avocat avant de signer un contrat li\u00e9 \u00e0 son avantage est l&rsquo;obligation pour remplir, &#8230; <a title=\"Revue Bithumb 2021 | Est-ce s\u00fbr ou une arnaque?\" class=\"read-more\" href=\"https:\/\/wierdmarket.com\/fr\/crypto\/bithumb\/\" aria-label=\"En savoir plus sur Revue Bithumb 2021 | Est-ce s\u00fbr ou une arnaque?\">Lire la suite<\/a><\/p>\n","protected":false},"author":1,"featured_media":525,"parent":133,"menu_order":0,"comment_status":"closed","ping_status":"closed","template":"","meta":{"footnotes":""},"class_list":["post-1141","page","type-page","status-publish","has-post-thumbnail"],"_links":{"self":[{"href":"https:\/\/wierdmarket.com\/fr\/wp-json\/wp\/v2\/pages\/1141","targetHints":{"allow":["GET"]}}],"collection":[{"href":"https:\/\/wierdmarket.com\/fr\/wp-json\/wp\/v2\/pages"}],"about":[{"href":"https:\/\/wierdmarket.com\/fr\/wp-json\/wp\/v2\/types\/page"}],"author":[{"embeddable":true,"href":"https:\/\/wierdmarket.com\/fr\/wp-json\/wp\/v2\/users\/1"}],"replies":[{"embeddable":true,"href":"https:\/\/wierdmarket.com\/fr\/wp-json\/wp\/v2\/comments?post=1141"}],"version-history":[{"count":3,"href":"https:\/\/wierdmarket.com\/fr\/wp-json\/wp\/v2\/pages\/1141\/revisions"}],"predecessor-version":[{"id":2759,"href":"https:\/\/wierdmarket.com\/fr\/wp-json\/wp\/v2\/pages\/1141\/revisions\/2759"}],"up":[{"embeddable":true,"href":"https:\/\/wierdmarket.com\/fr\/wp-json\/wp\/v2\/pages\/133"}],"wp:featuredmedia":[{"embeddable":true,"href":"https:\/\/wierdmarket.com\/fr\/wp-json\/wp\/v2\/media\/525"}],"wp:attachment":[{"href":"https:\/\/wierdmarket.com\/fr\/wp-json\/wp\/v2\/media?parent=1141"}],"curies":[{"name":"wp","href":"https:\/\/api.w.org\/{rel}","templated":true}]}}