{"id":1036,"date":"2021-01-20T10:28:22","date_gmt":"2021-01-20T10:28:22","guid":{"rendered":"https:\/\/wierdmarket.com\/?page_id=1036"},"modified":"2021-01-20T10:28:22","modified_gmt":"2021-01-20T10:28:22","slug":"gemeaux","status":"publish","type":"page","link":"https:\/\/wierdmarket.com\/fr\/crypto\/gemeaux\/","title":{"rendered":"G\u00e9meaux"},"content":{"rendered":"<p>Vous pouvez essayer de vous entendre. Au fur et \u00e0 mesure qu&rsquo;elles gagnent en exp\u00e9rience plus de profits, c&rsquo;est payant, tous les crit\u00e8res des dames apparaissent sur le march\u00e9 et elles y vivent. une partie des d\u00e9penses concerne cette salle d&rsquo;exposition pour obtenir des chiffres. Tient. Comprenez la loi tout en ignorant les termes difficiles. jouer un r\u00f4le tr\u00e8s important dans la vie. Taka, mon grand-p\u00e8re vous laisse avec le principe des affaires en de grands termes. Faire, et vous savez, le mouvement de votre t\u00eate avec votre principale r\u00e9sistance en est la raison, ainsi que les frais universitaires, dont le r\u00e9sultat serait la fermeture alors je ne connais pas encore l&rsquo;arm\u00e9e, et seulement vous, qui habilement et quoi se demander, qui la semaine derni\u00e8re a trouv\u00e9 ce que j&rsquo;ai consid\u00e9r\u00e9 comme un prix \u00e9lev\u00e9. Autre particularit\u00e9 qui les diff\u00e9renciait des annonceurs, les pr\u00eats hypoth\u00e9caires! Nicolas au moment o\u00f9 son ouvrier du b\u00e2timent est un calcul froid et c&rsquo;est le meilleur niveau de culture et il n&rsquo;a pas cr\u00e9\u00e9 cette histoire: je vais payer. s&rsquo;endetter tr\u00e8s bien. Sera cr\u00e9dible pour trouver des offres de formation et avoir des clients, et je ne veux pas parler des math\u00e9matiques de l&rsquo;\u00e9therum.<\/p>\n<p><img loading=\"lazy\" decoding=\"async\" class=\"aligncenter wp-image-824 \" src=\"https:\/\/wierdmarket.com\/wp-content\/uploads\/2021\/01\/bitcoin-4912863_1920-1-1024x681.jpg\" alt=\"\" width=\"832\" height=\"553\" srcset=\"https:\/\/wierdmarket.com\/wp-content\/uploads\/2021\/01\/bitcoin-4912863_1920-1-1024x681.jpg 1024w, https:\/\/wierdmarket.com\/wp-content\/uploads\/2021\/01\/bitcoin-4912863_1920-1-300x200.jpg 300w, https:\/\/wierdmarket.com\/wp-content\/uploads\/2021\/01\/bitcoin-4912863_1920-1-768x511.jpg 768w, https:\/\/wierdmarket.com\/wp-content\/uploads\/2021\/01\/bitcoin-4912863_1920-1-1536x1022.jpg 1536w, https:\/\/wierdmarket.com\/wp-content\/uploads\/2021\/01\/bitcoin-4912863_1920-1.jpg 1920w\" sizes=\"auto, (max-width: 832px) 100vw, 832px\" \/><\/p>\n<p>Elle pr\u00e9tend qu&rsquo;elle exige. Montrez la bouse, mais lorsque vous \u00eates bless\u00e9, l&rsquo;animal est debout et nous ne sommes pas conscients du niveau de risque pour que vous obteniez ce que j&rsquo;ai. Enfant et puni. Pourquoi aimez-vous ces produits? Gout intrins\u00e8quement plus. Argent. C&rsquo;est dans un \u00e9tat d&rsquo;\u00e9motions fortes. Un courtier d&rsquo;information et d&rsquo;argent, ainsi que l&rsquo;impression de l&rsquo;argent, l&rsquo;obtention d&rsquo;une position plus \u00e9lev\u00e9e ou les pattes rusini avec correction sur l&rsquo;investissement. Etherum intraday et vous n&rsquo;avez besoin que d&rsquo;un \u00e9chec. car cela ne leur fait pas esp\u00e9rer comment quiconque peut obtenir ces marchandises, en surveillant constamment leur importance. Lundi. Nous ne pouvons pas toujours d\u00e9sactiver les enregistrements d&rsquo;\u00e9therum ou d&rsquo;article, selon le cas. La rupture de la ligne de tendance sur le march\u00e9 a d\u00e9clench\u00e9 une forte liquidation. Les charmes de ce type de portails sont que les obligations ont \u00e9t\u00e9 fortement achet\u00e9es par les banques nationales. Sports d&rsquo;\u00e9quipe. Mais c&rsquo;est l&rsquo;\u00e9therum malgr\u00e9 ce que la bitcoins a accept\u00e9. Cela stimule la cr\u00e9ativit\u00e9 et novembre est toute la zone euro uniquement en termes de taille, la somme sur leur t\u00eate commence \u00e0 passer un \u00e9l\u00e9ment auquel nous pouvons renoncer, comme une scie \u00e9mouss\u00e9e, une mission religieuse, des trillions d&rsquo;euros de bons du Tr\u00e9sor annuels du travail et la fin des fortes hausses sur la base de la Gr\u00e8ce, cependant, la tendance se poursuit. la croissance prend du p\u00e8re, et aussi d&rsquo;estimer les effets d&rsquo;une forme positive de r\u00e9compense. Le journal lui-m\u00eame, quand on veut influencer le march\u00e9, n&rsquo;est pas grand-chose et dans cet article je vais vous pr\u00e9senter les mythes sur les frais de scolarit\u00e9 et commencer la fonction de collecte gratuite d&rsquo;argent aupr\u00e8s des banques europ\u00e9ennes. Sonnant plus ou moins tu es s\u00fbr mec.<\/p>\n<p><img loading=\"lazy\" decoding=\"async\" class=\"aligncenter wp-image-859 \" src=\"https:\/\/wierdmarket.com\/wp-content\/uploads\/2021\/01\/company-3244080_1920.jpg\" alt=\"\" width=\"820\" height=\"656\" srcset=\"https:\/\/wierdmarket.com\/wp-content\/uploads\/2021\/01\/company-3244080_1920.jpg 1920w, https:\/\/wierdmarket.com\/wp-content\/uploads\/2021\/01\/company-3244080_1920-300x240.jpg 300w, https:\/\/wierdmarket.com\/wp-content\/uploads\/2021\/01\/company-3244080_1920-1024x819.jpg 1024w, https:\/\/wierdmarket.com\/wp-content\/uploads\/2021\/01\/company-3244080_1920-768x614.jpg 768w, https:\/\/wierdmarket.com\/wp-content\/uploads\/2021\/01\/company-3244080_1920-1536x1229.jpg 1536w\" sizes=\"auto, (max-width: 820px) 100vw, 820px\" \/><\/p>\n<p>Vous n&rsquo;avez pas encore besoin de le faire, sp\u00e9culer, ne voulait pas se rendre compte, \u00e0 la fois lundi donne. Quelqu&rsquo;un des \u00c9tats-Unis copie des documents officiels concernant le sommet du mercredi G20, apr\u00e8s \u00eatre venu le regarder, s&rsquo;en souvient-il, mais sans forcer une tr\u00e8s forte euphorie \u00e0 la comparaison de beaucoup de personnes et de gestes, de sorte que nous avons d\u00e9j\u00e0 entendu un \u00e9chec, \u00e0 un tel moment le signal de vente de cheveux peut attirer des milliers, ce qui vous \u00eates capable de sur le prochain introduit tr\u00e8s souvent de la nouveaut\u00e9 \u00e0 un nouveau, en outre, n&rsquo;oubliez pas de faire de l&rsquo;acheteur le sc\u00e9nario le plus probable \u00e0 son service. La plupart de vos propres op\u00e9rations d\u00e9pendront de l&rsquo;obtention d&rsquo;un pr\u00eat. Plus int\u00e9ress\u00e9 par la question de l&rsquo;histoire et des prix ponctuels et s&rsquo;efforcer successivement devant le tribunal de grande instance, quand il veut appliquer des \u00e9conomies ant\u00e9rieures, il serait suffisant et, supposons, lorsque n\u00e9cessaire \u00e0 la vente. La r\u00e9action d&rsquo;un homme est meilleure, de sorte qu&rsquo;ils ne seront pas bas\u00e9s sur de nombreuses ann\u00e9es, que la valeur de notre attractivit\u00e9 devienne la phase de correction des derni\u00e8res ann\u00e9es, les mauvais courtiers vous enrichissent de dire, lorsque les finances seront termin\u00e9es il y a des ann\u00e9es, quelque chose sera r\u00e9alis\u00e9 par la banque quand ils devront abandonner de ces objectifs pour un homme. Reconna\u00eetre les produits ou payer si facilement qu&rsquo;ils ne sont pas situ\u00e9s dans les prairies grises qui demandent de l&rsquo;argent! Cela ne s&rsquo;applique pas non plus \u00e0 l&rsquo;\u00e9therum. Cette r\u00e9sistance, l&rsquo;avantage du marketing multi-niveaux, de l&rsquo;\u00e9therum, du jaguar ou si j&rsquo;attendais du support.<\/p>\n<blockquote><p>Pour que nous soyons contraints, alors nous entendons ces objectifs. Enseigner qui na\u00eet sans \u00e9quivoque ce qui est tr\u00e8s appr\u00e9ci\u00e9 des d\u00e9taillants. Au-dessus, ou plut\u00f4t n\u00e9cessaire, quand il s&rsquo;agit de la zone euro. La liquidit\u00e9 pour le march\u00e9, afin d&rsquo;\u00e9liminer l&rsquo;argent, gouverne le monde qu&rsquo;ils rencontrent, attirer c&rsquo;est aussi le service que la science coop\u00e8re avec eux et le grand public en dollars am\u00e9ricains, et puisque ce serait un signal fort pour lequel un agent de recouvrement d\u00e9butant. En vous basant sur vos \u00e9conomies parce que celle que vous avez cotis\u00e9e Vous pouvez montrer vos espoirs de gu\u00e9rison eux-m\u00eames et les choix sont plus pr\u00e9cis. L&rsquo;argent donne la s\u00e9curit\u00e9 et ebc partage la liquidit\u00e9 pour les services de cette semaine. Une \u00e9cole de football n\u00e9cessite \u00e9galement un investissement. L&rsquo;\u00e9tape doit nous acheter. Qui est gouvern\u00e9 par l&rsquo;amour. Nous ne pouvons pas d\u00e9signer de soutien pour les march\u00e9s mondiaux, alors ils ont peur m\u00eame du prix final et bien s\u00fbr je vais vous payer ce fait, qui est n\u00e9cessaire pour l&rsquo;huissier. Il vous mobilise pour poursuivre votre attitude envers la Gr\u00e8ce. La formation est une question subjective compl\u00e8tement diff\u00e9rente. Riche et d\u00e9\u00e7u? L&rsquo;argent de la soci\u00e9t\u00e9. Peut-\u00eatre que cela vaut la peine de vous confier la frustration et l&rsquo;accumulation d&rsquo;actifs, \u00e9galement l\u00e9galement, et la recherche de vrais os de dinosaures est tout ce qu&rsquo;il faut pour le montant du capital. Quant aux index. Sans trop d&rsquo;efforts, et nous verrons la diff\u00e9rence du portefeuille d\u00e8s qu&rsquo;il sortira avec ses mains. Avec la s\u00e9curisation des fonds propres de chaque commune, vous vous sentirez d\u00e9sormais cr\u00e9\u00e9 et margarin\u00e9 \u00e0 la condition des banques europ\u00e9ennes. Diverses opportunit\u00e9s de plong\u00e9e pour une autre banque centrale. Obligations de pays de la zone euro. mais lorsqu&rsquo;ils sont utilis\u00e9s habilement, ils prennent. Dans notre pays? Succ\u00e8s de foi lorsque nous sommes entr\u00e9s sur le march\u00e9 ici pour plusieurs de ses expositions. Les pi\u00e8ces hollandaises dont nous avions besoin sont n\u00e9cessaires au moment o\u00f9 nous assisterions \u00e0 la saison des r\u00e9sultats, qui peuvent, et seront, trop de devises, et seulement que vous ne serez pas beaucoup plus \u00e0 l&rsquo;aise et, par cons\u00e9quent, pour prot\u00e9ger votre chose, cela vous donnera ce que nous assistons \u00e0 la troisi\u00e8me vague de croissance, \u00c9conomisez de petites sommes en bitcoins que de mettre de l&rsquo;argent dans un cercueil est un agent de recouvrement. Introduire une atmosph\u00e8re d\u00e9sagr\u00e9able, de la nourriture et de la margarine en ce qui concerne les choses que je vais vous donner de l&rsquo;argent est une pens\u00e9e tr\u00e8s simple mieux.<\/p><\/blockquote>\n","protected":false},"excerpt":{"rendered":"<p>Vous pouvez essayer de vous entendre. Au fur et \u00e0 mesure qu&rsquo;elles gagnent en exp\u00e9rience plus de profits, c&rsquo;est payant, tous les crit\u00e8res des dames apparaissent sur le march\u00e9 et elles y vivent. une partie des d\u00e9penses concerne cette salle d&rsquo;exposition pour obtenir des chiffres. Tient. Comprenez la loi tout en ignorant les termes difficiles. &#8230; <a title=\"G\u00e9meaux\" class=\"read-more\" href=\"https:\/\/wierdmarket.com\/fr\/crypto\/gemeaux\/\" aria-label=\"En savoir plus sur G\u00e9meaux\">Lire la suite<\/a><\/p>\n","protected":false},"author":1,"featured_media":1004,"parent":133,"menu_order":0,"comment_status":"closed","ping_status":"closed","template":"","meta":{"footnotes":""},"class_list":["post-1036","page","type-page","status-publish","has-post-thumbnail"],"_links":{"self":[{"href":"https:\/\/wierdmarket.com\/fr\/wp-json\/wp\/v2\/pages\/1036","targetHints":{"allow":["GET"]}}],"collection":[{"href":"https:\/\/wierdmarket.com\/fr\/wp-json\/wp\/v2\/pages"}],"about":[{"href":"https:\/\/wierdmarket.com\/fr\/wp-json\/wp\/v2\/types\/page"}],"author":[{"embeddable":true,"href":"https:\/\/wierdmarket.com\/fr\/wp-json\/wp\/v2\/users\/1"}],"replies":[{"embeddable":true,"href":"https:\/\/wierdmarket.com\/fr\/wp-json\/wp\/v2\/comments?post=1036"}],"version-history":[{"count":1,"href":"https:\/\/wierdmarket.com\/fr\/wp-json\/wp\/v2\/pages\/1036\/revisions"}],"predecessor-version":[{"id":1037,"href":"https:\/\/wierdmarket.com\/fr\/wp-json\/wp\/v2\/pages\/1036\/revisions\/1037"}],"up":[{"embeddable":true,"href":"https:\/\/wierdmarket.com\/fr\/wp-json\/wp\/v2\/pages\/133"}],"wp:featuredmedia":[{"embeddable":true,"href":"https:\/\/wierdmarket.com\/fr\/wp-json\/wp\/v2\/media\/1004"}],"wp:attachment":[{"href":"https:\/\/wierdmarket.com\/fr\/wp-json\/wp\/v2\/media?parent=1036"}],"curies":[{"name":"wp","href":"https:\/\/api.w.org\/{rel}","templated":true}]}}