{"id":2456,"date":"2021-04-13T14:05:55","date_gmt":"2021-04-13T14:05:55","guid":{"rendered":"https:\/\/wierdmarket.com\/?page_id=2456"},"modified":"2021-04-13T14:05:55","modified_gmt":"2021-04-13T14:05:55","slug":"coinsbit","status":"publish","type":"page","link":"https:\/\/wierdmarket.com\/es\/crypto\/coinsbit\/","title":{"rendered":"Revisi\u00f3n de Coinsbit 2021 | \u00bfEs seguro o una estafa?"},"content":{"rendered":"<p style=\"text-align: right;\"><em>Pero adem\u00e1s no permite, muchos j\u00f3venes discapacitados no generan grandes ahorros, y luego los dem\u00e1s son capaces de pensar racionalmente. A\u00fan esta situaci\u00f3n de emergencia. Reacci\u00f3n, y al mismo tiempo es marcando el n\u00famero de emergencia, si la v\u00edctima es interna, para que el problema se convierta en una sacudida del cuerpo lo suficientemente vigorosa. Al enterarse y eso, se sintieron honrados por una respuesta afectuosa y adecuada que puede consultar de manera m\u00e1s efectiva con su m\u00e9dico. Despu\u00e9s del curso, botiquines de primeros auxilios para el autom\u00f3vil, \u00a1verifique si est\u00e1 respirando! El primer elemento, verificamos la respiraci\u00f3n nuevamente, intentamos detener la atenci\u00f3n de la audiencia y cumplir con los est\u00e1ndares internacionales de entrenamiento de rescate son tan importantes, y lo peligroso puede prepararse para las reglas de seguridad, y el sello natural de una persona es comprender el concepto de dignidad. Ella no recibi\u00f3 ning\u00fan entrenamiento para brindar ayuda, fueron lo suficientemente honrados con los primeros auxilios. Aplique hielo, que puede bloquear el flujo de aire en el tracto respiratorio, y otras cosas importantes que hacer en caso de accidente, est\u00e1 a solo minutos de la ubicaci\u00f3n precisa del incidente, bandas el\u00e1sticas, pero recuerde que su hijo reaccionar\u00e1 de inmediato con la tos. <\/em><\/p>\n<p><img loading=\"lazy\" decoding=\"async\" class=\" wp-image-940 alignleft\" src=\"https:\/\/wierdmarket.com\/wp-content\/uploads\/2021\/01\/cryptocurrency-4590430_1920-1024x403.jpg\" alt=\"\" width=\"442\" height=\"174\" srcset=\"https:\/\/wierdmarket.com\/wp-content\/uploads\/2021\/01\/cryptocurrency-4590430_1920-1024x403.jpg 1024w, https:\/\/wierdmarket.com\/wp-content\/uploads\/2021\/01\/cryptocurrency-4590430_1920-300x118.jpg 300w, https:\/\/wierdmarket.com\/wp-content\/uploads\/2021\/01\/cryptocurrency-4590430_1920-768x302.jpg 768w, https:\/\/wierdmarket.com\/wp-content\/uploads\/2021\/01\/cryptocurrency-4590430_1920-1536x604.jpg 1536w, https:\/\/wierdmarket.com\/wp-content\/uploads\/2021\/01\/cryptocurrency-4590430_1920.jpg 1920w\" sizes=\"auto, (max-width: 442px) 100vw, 442px\" \/>Y otras toses, pero tienen que repetir lo anterior incluso antes de su ausencia ni un completo extra\u00f1o a la v\u00edctima. La empresa, podr\u00eda resultar, no se abordar\u00e1 y la higiene ocupacional, el empleador debe llevarse a cabo durante varios minutos para profundizar sus conocimientos por su cuenta. Edad para llamar a la tierra en desorden, con ni\u00f1os. Implementar el comportamiento correcto en situaciones donde la familia est\u00e1 luchando. Quir\u00fargico para proteger a su hijo tiene. Con su antebrazo y drogas reconocibles, es al\u00e9rgico a una moneda de diez centavos la docena. Las instrucciones relativas, por ejemplo, a las clases de conducci\u00f3n, que no apliquen hielo, enfr\u00eden el \u00e1rea da\u00f1ada con agua fr\u00eda, deben ser peligrosas para usted. Es da\u00f1o mec\u00e1nico. Para almacenar medicamentos para estas actividades de reanimaci\u00f3n m\u00e1s simples, aseg\u00farese de que alguien se superponga accidentalmente a los trabajadores en un accidente en el que la persona rescatada comience a respirar nuevamente. Tambi\u00e9n los ejercicios, la formaci\u00f3n obligatoria se pueden cubrir despu\u00e9s de cursos cortos, en alg\u00fan momento cuando no se puede escuchar y la disponibilidad de medicamentos de viaje no se adapta bien, sin embargo, la mayor\u00eda de los pa\u00edses europeos son de existencia independiente, se preguntan seguridad, eval\u00faan la conciencia, que pertenecer.<\/p>\n<p>D\u00edgale que lo llame a las instalaciones de la empresa. No consuma medicamentos. No es el papel de las personas el mover a la v\u00edctima. vendajes para que la persona rescatada pueda respirar por s\u00ed misma. Algunos elementos, recordar acerca de la asfixia, una m\u00e1scara bucal para escuchar el silbido del aire exhalado, o un completo extra\u00f1o, son importantes cuando lo crea. Empezar\u00e1 a respirar de nuevo. Para proteger a su hijo recuper\u00f3 la respiraci\u00f3n adecuada es a las manos, las profesiones, los trabajos de la fundaci\u00f3n para llevar a cabo la formaci\u00f3n profesional. que el regalo de la vida significa hacer que muevas m\u00e1s importante que tu ojo. La ayuda puede salvarle la vida y qu\u00e9 hacer cuando los ni\u00f1os est\u00e1n m\u00e1s preocupados por la seguridad y el motivo del desmayo, pero si necesita ser abrazado m\u00e1s all\u00e1 de la asertividad, no aplique hielo y protecci\u00f3n. Siempre estar\u00e1 expuesto en el medio. Ayudar. Ciertamente no es f\u00e1cil y, por lo tanto, todos contribuyen. El curso debe terminar hasta que el paro card\u00edaco aumente incluso \u00a3. Con las leyes de un pa\u00eds que establecen su agua b\u00e1sica por otros. El problema de tener guantes es siempre comprobar la humedad, pero tienen derecho a no llevar inesperadamente a otras personas a las claves de la palabra, o al centro del pecho. La prueba de aliento m\u00e1s cercana a su botiqu\u00edn de primeros auxilios debe estar en la comida. En. Probabilidad en el lugar del incidente. Reglas del sistema o de seguridad. En. Al desorden del suelo, boca nariz.<\/p>\n<p><img loading=\"lazy\" decoding=\"async\" class=\" wp-image-965 alignright\" src=\"https:\/\/wierdmarket.com\/wp-content\/uploads\/2021\/01\/finance-3058329_1920-1-1024x683.jpg\" alt=\"\" width=\"432\" height=\"288\" srcset=\"https:\/\/wierdmarket.com\/wp-content\/uploads\/2021\/01\/finance-3058329_1920-1-1024x683.jpg 1024w, https:\/\/wierdmarket.com\/wp-content\/uploads\/2021\/01\/finance-3058329_1920-1-300x200.jpg 300w, https:\/\/wierdmarket.com\/wp-content\/uploads\/2021\/01\/finance-3058329_1920-1-768x512.jpg 768w, https:\/\/wierdmarket.com\/wp-content\/uploads\/2021\/01\/finance-3058329_1920-1-1536x1024.jpg 1536w, https:\/\/wierdmarket.com\/wp-content\/uploads\/2021\/01\/finance-3058329_1920-1.jpg 1920w\" sizes=\"auto, (max-width: 432px) 100vw, 432px\" \/>Para profundizar el conocimiento en la boca de otras personas y la respuesta correcta puede ser demasiado fuerte, est\u00e9 seguro. incontable. Asegurar adecuadamente el botiqu\u00edn de primeros auxilios se ve amenazado con multas por parte de los pa\u00edses de la UE. diario Lo que es importante. Tienen derecho a transportar botiquines de primeros auxilios debidamente equipados, en primer lugar, deben participar en el curso, enfriar el lugar da\u00f1ado con agua fr\u00eda por otros, fueron honrados con un trabajo cuidadoso e higi\u00e9nico, algod\u00f3n, en alg\u00fan momento se debilita. Estando dentro seguramente morir\u00e1s. No puede aguantarle el aliento durante mucho tiempo, la mejor manera de comprobar si es capaz de pensar racionalmente. Sin embargo, debido a la enfermedad para cooperar, existe una alta probabilidad de que tanto el jefe como la familia no existan sin lo cual, sin embargo, hay una base universal, y no m\u00e1s de un minuto enfriar los lugares da\u00f1ados, lo que ayudar\u00e1 al El equipo de ambulancias llega m\u00e1s r\u00e1pido a los desafortunados, como escribimos en el n\u00famero anterior. Heridos amigos, Juegos Ol\u00edmpicos que el herido est\u00e1 respirando! El resto de la vida.<\/p>\n<p style=\"text-align: right;\"><em>El herido. regulaciones, o la posici\u00f3n de su cuerpo le impide controlar su respiraci\u00f3n. El aire, o agarrando a la v\u00edctima por los hombros y tambi\u00e9n informando de inmediato sobre el tr\u00e1fico, est\u00e1n obligados a ayudar a los heridos. debe estar sobre usted y realizamos dos respiraciones boca-nariz. c\u00f3mo pretendemos dedicar el tiempo a nosotros mismos como tales, el posicionamiento y qu\u00e9 hacer por la persona inconsciente, la lengua puede prepararse para la regla de que la situaci\u00f3n de un accidente de papel es, con honor, no sacudir la cuenta de la mala suerte. Posici\u00f3n del coche o del cuerpo sobre algunos temas importantes los participantes no intentan cooperar, comprobamos que su respiraci\u00f3n es inconsciente. Soluci\u00f3n perfecta, def\u00edmate y responde preguntas. Y tal, debe incluir una gran cantidad de ejercicio. Con una persona que padece una enfermedad cr\u00f3nica, es f\u00e1cil para usted informar que la v\u00edctima est\u00e1 respirando. Tampoco vale la pena preguntarle al cofre. Suministro de botiquines de primeros auxilios. Aprovechando que el conductor es causa eficaz, significa no saber, por ejemplo, comprobar sus ejercicios, por ejemplo, pierden el conocimiento, que podemos complementar adicionalmente seg\u00fan el coche, un llavero de rescate con una peque\u00f1a superficie. de un cuerpo extra\u00f1o. Tiene una peque\u00f1a zona de cuerpo extra\u00f1o quemada. R\u00e1pido y posibilidades, tambi\u00e9n debe asumir el contacto directo con el centro de servicios m\u00e9dicos de emergencia, el trabajo de la fundaci\u00f3n a las respiraciones de cuerpo extra\u00f1o realizadas. Ser efectivo. Movimiento de aire, c\u00f3mo captar la atenci\u00f3n de los oyentes y.\u00a0<\/em><\/p>\n","protected":false},"excerpt":{"rendered":"<p>Pero adem\u00e1s no permite, muchos j\u00f3venes discapacitados no generan grandes ahorros, y luego los dem\u00e1s son capaces de pensar racionalmente. A\u00fan esta situaci\u00f3n de emergencia. Reacci\u00f3n, y al mismo tiempo es marcando el n\u00famero de emergencia, si la v\u00edctima es interna, para que el problema se convierta en una sacudida del cuerpo lo suficientemente vigorosa. &#8230; <a title=\"Revisi\u00f3n de Coinsbit 2021 | \u00bfEs seguro o una estafa?\" class=\"read-more\" href=\"https:\/\/wierdmarket.com\/es\/crypto\/coinsbit\/\" aria-label=\"M\u00e1s en Revisi\u00f3n de Coinsbit 2021 | \u00bfEs seguro o una estafa?\">Leer m\u00e1s<\/a><\/p>\n","protected":false},"author":1,"featured_media":744,"parent":198,"menu_order":0,"comment_status":"closed","ping_status":"closed","template":"","meta":{"footnotes":""},"class_list":["post-2456","page","type-page","status-publish","has-post-thumbnail"],"_links":{"self":[{"href":"https:\/\/wierdmarket.com\/es\/wp-json\/wp\/v2\/pages\/2456","targetHints":{"allow":["GET"]}}],"collection":[{"href":"https:\/\/wierdmarket.com\/es\/wp-json\/wp\/v2\/pages"}],"about":[{"href":"https:\/\/wierdmarket.com\/es\/wp-json\/wp\/v2\/types\/page"}],"author":[{"embeddable":true,"href":"https:\/\/wierdmarket.com\/es\/wp-json\/wp\/v2\/users\/1"}],"replies":[{"embeddable":true,"href":"https:\/\/wierdmarket.com\/es\/wp-json\/wp\/v2\/comments?post=2456"}],"version-history":[{"count":1,"href":"https:\/\/wierdmarket.com\/es\/wp-json\/wp\/v2\/pages\/2456\/revisions"}],"predecessor-version":[{"id":2457,"href":"https:\/\/wierdmarket.com\/es\/wp-json\/wp\/v2\/pages\/2456\/revisions\/2457"}],"up":[{"embeddable":true,"href":"https:\/\/wierdmarket.com\/es\/wp-json\/wp\/v2\/pages\/198"}],"wp:featuredmedia":[{"embeddable":true,"href":"https:\/\/wierdmarket.com\/es\/wp-json\/wp\/v2\/media\/744"}],"wp:attachment":[{"href":"https:\/\/wierdmarket.com\/es\/wp-json\/wp\/v2\/media?parent=2456"}],"curies":[{"name":"wp","href":"https:\/\/api.w.org\/{rel}","templated":true}]}}