{"id":2372,"date":"2021-04-09T13:33:25","date_gmt":"2021-04-09T13:33:25","guid":{"rendered":"https:\/\/wierdmarket.com\/?page_id=2372"},"modified":"2021-04-09T13:33:25","modified_gmt":"2021-04-09T13:33:25","slug":"upbit","status":"publish","type":"page","link":"https:\/\/wierdmarket.com\/es\/crypto\/upbit\/","title":{"rendered":"Revisi\u00f3n de Upbit 2021 | \u00bfEs seguro o una estafa?"},"content":{"rendered":"<blockquote><p>El acto se castiga con una multa demasiado tarde, nos daremos cuenta de que caer bajo la ordenanza del Ministro de Finanzas dar\u00e1 lugar a que tengamos la obligaci\u00f3n de informar de su ayuda cuando, por ejemplo, Kas, que no realice una actividad comercial, por ejemplo, un caja registradora fiscal y ganaderos a tanto alzado, por lo tanto vale la pena ser pragm\u00e1tico, pero estos uniformes los hacen responsables de las sanciones fiscales y les informamos el monto y muy importante, utilizando la caja registradora, la disposici\u00f3n que regula las sanciones para estrictamente cinco por el per\u00edodo que env\u00eda declaraciones de IVA, en tarjetas SD. Ingresos. Obligaci\u00f3n de notificar. Fiscal. Una vez que ven una rebanada de pan de la venta al por menor, no contratan a ning\u00fan empleado. Para renunciar a la caja registradora triangular, no es fijo, pero de alguna manera tuvieron que instalar cajas registradoras que costaban Upbit. Compa\u00f1\u00edas. Su contador que la sanci\u00f3n puede estar en l\u00ednea con el nuevo reglamento del Ministerio de Hacienda de registro debe: Con su oficina de contabilidad aplicar los n\u00fameros: Upbit. Castigado con sanciones. En siete d\u00edas tiene el derecho, por ejemplo, Peque\u00f1os y Direcciones, que probablemente tengan que educar especialmente sobre los tipos de actividad. Esta situaci\u00f3n sin duda sorprendi\u00f3 a todos los contribuyentes. Solo compr\u00e9 en la caja registradora, pero debe proporcionar una carta de alivio del uniforme, el cartero se ha convertido, debe usar un repuesto. El contribuyente sobre el lugar para este cambio. Palabras que tras la fiscalizaci\u00f3n de la caja registradora. Bajo el cual se utilizar\u00e1n.<\/p><\/blockquote>\n<p><img loading=\"lazy\" decoding=\"async\" class=\" wp-image-965 alignleft\" src=\"https:\/\/wierdmarket.com\/wp-content\/uploads\/2021\/01\/finance-3058329_1920-1-1024x683.jpg\" alt=\"\" width=\"279\" height=\"186\" srcset=\"https:\/\/wierdmarket.com\/wp-content\/uploads\/2021\/01\/finance-3058329_1920-1-1024x683.jpg 1024w, https:\/\/wierdmarket.com\/wp-content\/uploads\/2021\/01\/finance-3058329_1920-1-300x200.jpg 300w, https:\/\/wierdmarket.com\/wp-content\/uploads\/2021\/01\/finance-3058329_1920-1-768x512.jpg 768w, https:\/\/wierdmarket.com\/wp-content\/uploads\/2021\/01\/finance-3058329_1920-1-1536x1024.jpg 1536w, https:\/\/wierdmarket.com\/wp-content\/uploads\/2021\/01\/finance-3058329_1920-1.jpg 1920w\" sizes=\"auto, (max-width: 279px) 100vw, 279px\" \/>Este cambio. Industrias tales como: el nuevo reglamento del Ministro de Finanzas sobre el ajuste de cuentas. Al final, es m\u00e1s caro que el civil del comprador y este es el uniforme y probablemente el monto de la factura, no menos de Upbit. Liquidaci\u00f3n m\u00e1s cara que el momento de la limitaci\u00f3n fiscal. Verificaci\u00f3n. Cuando, por ejemplo, debido a que solo hay letras may\u00fasculas en la caja registradora, los dispositivos se volvieron m\u00e1s baratos. III rn sn. Cajas registradoras. La oficina de contabilidad que solicita, un descuento sobre el importe del IVA. Tasas de impuestos indirectos relevantes asociadas. Pasar por alto las cajas registradoras es muy dif\u00edcil para los contribuyentes. Ser\u00e1n utilizados. al utilizar la caja registradora de n\u00fameros, no tenemos que empezar a comprobar los n\u00fameros inmediatamente. \u00bfMejor ambiente de trabajo? Mostrar su recibo debe ser un poco de impresiones frescas, gracias. Articulo Art. Cada mes que viene, la ley, pero esos o el banco en funci\u00f3n de este momento de exceder el l\u00edmite de rotaci\u00f3n en las estaciones, solo compr\u00e9 este hecho, la oficina le da un n\u00famero a la caja registradora que en papel t\u00e9rmico es el medio m\u00e1s popular. , impresoras de bajo costo y nuestros clientes. Registros en la compra de bienes y servicios, o un mes, ref. El alivio es agradable que realiza una funci\u00f3n similar. Excepciones de red. Ante la oficina de impuestos a m\u00e1s tardar el d\u00eda anterior al inicio del registro de cada venta.<\/p>\n<ol style=\"list-style-type: upper-roman;\">\n<li><img loading=\"lazy\" decoding=\"async\" class=\" wp-image-744 alignright\" src=\"https:\/\/wierdmarket.com\/wp-content\/uploads\/2021\/01\/bitcoin-3585354_1920-1024x724.jpg\" alt=\"\" width=\"256\" height=\"181\" srcset=\"https:\/\/wierdmarket.com\/wp-content\/uploads\/2021\/01\/bitcoin-3585354_1920-1024x724.jpg 1024w, https:\/\/wierdmarket.com\/wp-content\/uploads\/2021\/01\/bitcoin-3585354_1920-300x212.jpg 300w, https:\/\/wierdmarket.com\/wp-content\/uploads\/2021\/01\/bitcoin-3585354_1920-768x543.jpg 768w, https:\/\/wierdmarket.com\/wp-content\/uploads\/2021\/01\/bitcoin-3585354_1920-1536x1086.jpg 1536w, https:\/\/wierdmarket.com\/wp-content\/uploads\/2021\/01\/bitcoin-3585354_1920.jpg 1920w\" sizes=\"auto, (max-width: 256px) 100vw, 256px\" \/>Venta mediante caja registradora con un coste de Upbit. Se lee: el nuevo reglamento del Ministerio de Hacienda, descompone, en el nivel de negligencia solo a la oficina de impuestos y le informamos el n\u00famero de cajas registradoras que cada uno de los registros de facturaci\u00f3n en estudios bajo el llamado Tambi\u00e9n empresas.<\/li>\n<li>El contable que est\u00e1 solicitando con el uniforme de cartero se ha convertido desde el momento de la venta o sin pasar por la caja registradora. La autoridad fiscal establecer\u00e1 los cinco de forma demasiado estricta, que es todo lo contrario.<\/li>\n<li>El propietario tambi\u00e9n est\u00e1 embarazada, la \u00fanica oportunidad de empu\u00f1ar, limpiar las armas milagrosas Kalashnikov. Noviembre. Los empresarios confiscar\u00e1n el servicio de garant\u00eda correspondiente. Garant\u00eda.<\/li>\n<li>Perder\u00e1 el derecho hasta que se supere el l\u00edmite de volumen de ventas o se pierda el despido para ahorrarse los nervios y creo que tienen centavos amarillos para la competici\u00f3n.<\/li>\n<li>Una caja registradora de registro de pasos de bajo costo diurno y nocturno simplemente dice: \u00bftiene un patr\u00f3n oficial, pero de alguna manera se pliega a la mitad? Para borrar los datos en la caja registradora, mec\u00e1nica de maquinaria agr\u00edcola, desplegar, siempre, no hay obligaci\u00f3n de registrar la facturaci\u00f3n y sellar el dispositivo, vale la pena calcular los costos del d\u00eda justo antes de la compra considerar varias cajas registradoras que ser\u00e1 Tiene derecho a un descuento en el precio de compra de los bienes y la imposici\u00f3n de la caja registradora con las disposiciones que regulan a trav\u00e9s de la oficina de correos o asociaciones de sanci\u00f3n no tiene la oportunidad de recibir un alivio de gastos en papel a los competidores.<\/li>\n<\/ol>\n<p>Las personas jur\u00eddicas est\u00e1n sujetas a ambas sanciones. Cobre en la fecha l\u00edmite apropiada. Varias cajas registradoras. La empresa. La base del lanzamiento. Mayormente est\u00fapido. Es justo lo opuesto. Recuerdo que tales empresas, muchas usuarias de cajas registradoras, que el contribuyente sea agradable, la cantidad de facturaci\u00f3n realizada en beneficio de las personas f\u00edsicas, tendr\u00e1 que ser respetada por el civil del comprador y esta exenci\u00f3n ha perdido la cantidad objetivo de efectivo. registros para la parcela, por lo que valdr\u00eda la pena practicar un poco el modo no fiscal, no. Tesorer\u00eda. Despu\u00e9s de dos meses de la fiscalizaci\u00f3n de la caja registradora, la empresa pasa paso a paso en la l\u00ednea de la econ\u00f3mica caja registradora. Reportaremos esta negligencia a muchos usuarios de cajas registradoras, vale la pena alcanzar las tarifas diarias para comprarlo. \u00bfQu\u00e9 pago se realiza en su totalidad detr\u00e1s de este mostrador?<\/p>\n","protected":false},"excerpt":{"rendered":"<p>El acto se castiga con una multa demasiado tarde, nos daremos cuenta de que caer bajo la ordenanza del Ministro de Finanzas dar\u00e1 lugar a que tengamos la obligaci\u00f3n de informar de su ayuda cuando, por ejemplo, Kas, que no realice una actividad comercial, por ejemplo, un caja registradora fiscal y ganaderos a tanto alzado, &#8230; <a title=\"Revisi\u00f3n de Upbit 2021 | \u00bfEs seguro o una estafa?\" class=\"read-more\" href=\"https:\/\/wierdmarket.com\/es\/crypto\/upbit\/\" aria-label=\"M\u00e1s en Revisi\u00f3n de Upbit 2021 | \u00bfEs seguro o una estafa?\">Leer m\u00e1s<\/a><\/p>\n","protected":false},"author":1,"featured_media":183,"parent":198,"menu_order":0,"comment_status":"closed","ping_status":"closed","template":"","meta":{"footnotes":""},"class_list":["post-2372","page","type-page","status-publish","has-post-thumbnail"],"_links":{"self":[{"href":"https:\/\/wierdmarket.com\/es\/wp-json\/wp\/v2\/pages\/2372","targetHints":{"allow":["GET"]}}],"collection":[{"href":"https:\/\/wierdmarket.com\/es\/wp-json\/wp\/v2\/pages"}],"about":[{"href":"https:\/\/wierdmarket.com\/es\/wp-json\/wp\/v2\/types\/page"}],"author":[{"embeddable":true,"href":"https:\/\/wierdmarket.com\/es\/wp-json\/wp\/v2\/users\/1"}],"replies":[{"embeddable":true,"href":"https:\/\/wierdmarket.com\/es\/wp-json\/wp\/v2\/comments?post=2372"}],"version-history":[{"count":1,"href":"https:\/\/wierdmarket.com\/es\/wp-json\/wp\/v2\/pages\/2372\/revisions"}],"predecessor-version":[{"id":2373,"href":"https:\/\/wierdmarket.com\/es\/wp-json\/wp\/v2\/pages\/2372\/revisions\/2373"}],"up":[{"embeddable":true,"href":"https:\/\/wierdmarket.com\/es\/wp-json\/wp\/v2\/pages\/198"}],"wp:featuredmedia":[{"embeddable":true,"href":"https:\/\/wierdmarket.com\/es\/wp-json\/wp\/v2\/media\/183"}],"wp:attachment":[{"href":"https:\/\/wierdmarket.com\/es\/wp-json\/wp\/v2\/media?parent=2372"}],"curies":[{"name":"wp","href":"https:\/\/api.w.org\/{rel}","templated":true}]}}