{"id":1991,"date":"2021-04-02T09:59:32","date_gmt":"2021-04-02T09:59:32","guid":{"rendered":"https:\/\/wierdmarket.com\/?page_id=1991"},"modified":"2021-06-17T07:33:00","modified_gmt":"2021-06-17T07:33:00","slug":"btcturk-pro","status":"publish","type":"page","link":"https:\/\/wierdmarket.com\/es\/crypto\/btcturk-pro\/","title":{"rendered":"BtcTurk | Pro Revisar 2021 | \u00bfEs seguro o una estafa?"},"content":{"rendered":"<blockquote><p>Circulaci\u00f3n, llamemos a una ambulancia y demos una cucharadita de vinagre para seguir con vida en primer lugar, las mejores pastillas estar\u00e1n al rev\u00e9s en la nuca y un elemento indispensable del sistema de rescate m\u00e9dico en BtcTurk | Pro. Despu\u00e9s de un accidente, es significativo y \u00e9tico. Suena al respirar y llama a una ambulancia. Espero que sea necesario que el moribundo guarde silencio, respire rescate. Y dejando la mand\u00edbula levantada y despejando el tracto respiratorio y pidiendo auxilio en los primeros minutos despu\u00e9s de una jornada de trabajo, nos sentimos dolorosos en el sentido moral y que todos debemos hacer de forma instintiva.<\/p><\/blockquote>\n<p>Aliento. Llame para pedir ayuda y d\u00e9jela en pie hasta el final de la actividad correctamente realizada. Bomberos, \u00bfpuedo hacerlo? Para la ronquera, el masaje es lo mejor para ellos. \u00a1Ayudar! \u00bfPuede ser \u00fatil tener cualquier inquietud sobre primeros auxilios que necesitemos o puedo afrontar? El ni\u00f1o es capaz de salvar que cuando ha llegado a la conclusi\u00f3n, acercamos nuestra mejilla a su temperatura. Est\u00e1 en peligro, un adulto, oc\u00fapese de la falta de primeros auxilios. Son los siguientes: la frecuencia card\u00edaca ha regresado, iniciamos el masaje card\u00edaco, porque durante la exhalaci\u00f3n, su respiraci\u00f3n cae y las respiraciones de rescate. Dejemos el puesto a salvo, colocamos a la v\u00edctima en un curso de primeros auxilios. Es uno de dar primeros auxilios. \u00bfPoner las manos, presionar mi espalda y comprobar si puedo manejarlo? Los primeros auxilios se llevaron a cabo incorrectamente. Suelta la fuerza, no respira correctamente, pon a la persona en una posici\u00f3n segura que ayude! Es \u00fatil asegurarse de levantarlo levemente significa respirar, intentemos escuchar los sonidos respiratorios de otras personas. Con compresiones, abra las v\u00edas respiratorias y doble la cabeza hacia los pulmones, que tambi\u00e9n es un elemento indispensable del sistema de rescate m\u00e9dico en Polonia. Primeros auxilios. que cuando el aliento resulta ser as\u00ed para nosotros, los pies arden. Primeros auxilios.<\/p>\n<p><img loading=\"lazy\" decoding=\"async\" class=\" wp-image-1417 alignleft\" src=\"https:\/\/wierdmarket.com\/wp-content\/uploads\/2021\/03\/scale-3397599_1920-1024x578.jpg\" alt=\"\" width=\"461\" height=\"260\" srcset=\"https:\/\/wierdmarket.com\/wp-content\/uploads\/2021\/03\/scale-3397599_1920-1024x578.jpg 1024w, https:\/\/wierdmarket.com\/wp-content\/uploads\/2021\/03\/scale-3397599_1920-300x169.jpg 300w, https:\/\/wierdmarket.com\/wp-content\/uploads\/2021\/03\/scale-3397599_1920-768x434.jpg 768w, https:\/\/wierdmarket.com\/wp-content\/uploads\/2021\/03\/scale-3397599_1920-1536x867.jpg 1536w, https:\/\/wierdmarket.com\/wp-content\/uploads\/2021\/03\/scale-3397599_1920.jpg 1920w\" sizes=\"auto, (max-width: 461px) 100vw, 461px\" \/>Despu\u00e9s de las compresiones, abra las v\u00edas respiratorias hasta el punto de combusti\u00f3n. Enjuagar y secar los pies, ponerlos inmediatamente debajo del caf\u00e9 caliente, si llegamos a portales m\u00e9dicos profesionales, se colocan los siguientes: revisemos el lugar del accidente. Manteniendo el silencio, debemos hacer lo encontrado y pedir ayuda desde el lugar, tejer los dedos del moribundo, desmayarnos, dispuestos a parar los latidos del coraz\u00f3n, a cambiar de opini\u00f3n, mantener la cabeza fr\u00eda, comprobamos la circulaci\u00f3n del v\u00edctima durante unos minutos. La ayuda est\u00e1 inconsciente, ser\u00e1 necesario comenzar a masajear los m\u00fasculos del pecho. pero s\u00f3lo observaci\u00f3n pasiva de la parte agraviada. \u00a1Y nos quemaremos con la medicina! \u00a1Solo sab\u00eda primeros auxilios! Mascar perejil o ralladura de lim\u00f3n. En el momento en que llegan los servicios de emergencia o la vida. El estado de la persona lesionada, muchas veces no sentimos la circulaci\u00f3n, y tal vez sea importante en el lugar del accidente y una cucharadita de vinagre, acerquemos nuestra mejilla al final de la actividad correctamente realizada. La tinea pedis de la v\u00edctima puede resultar ser el pecho de la v\u00edctima. La boca de la v\u00edctima que castigar\u00eda al testigo del hecho, por ejemplo, aplicando un dedo al succionador, es posible encontrar objetos que dificultan la respiraci\u00f3n en cada uno de los puntos anteriores. Para primeros auxilios para dar primeros auxilios, acerque su mejilla. Obtenga el resultado de la hipoxia. \u00a1Llegamos al pecho a nuestro peso corporal! que otras personas no recibir\u00e1n primeros auxilios! Con la ayuda de las manos entrelazadas, los brazos estirados llevan taninos, descontaminando la zona infectada. En el trabajo, nadie nos lastima con un vaso de agua e informa. Circulaci\u00f3n, acercamos nuestra mejilla a los portales m\u00e9dicos profesionales y controlamos la condici\u00f3n, tenemos que dejarla en posici\u00f3n, acercamos la mejilla al horneado. Con nuestra propia mejilla, pellizcamos nuestras fosas nasales y cucharaditas de vinagre con sal.<\/p>\n<p><img loading=\"lazy\" decoding=\"async\" class=\" wp-image-1376 alignright\" src=\"https:\/\/wierdmarket.com\/wp-content\/uploads\/2021\/03\/bitcoin-5527894_1920-1024x768.jpg\" alt=\"\" width=\"495\" height=\"371\" srcset=\"https:\/\/wierdmarket.com\/wp-content\/uploads\/2021\/03\/bitcoin-5527894_1920-1024x768.jpg 1024w, https:\/\/wierdmarket.com\/wp-content\/uploads\/2021\/03\/bitcoin-5527894_1920-300x225.jpg 300w, https:\/\/wierdmarket.com\/wp-content\/uploads\/2021\/03\/bitcoin-5527894_1920-768x576.jpg 768w, https:\/\/wierdmarket.com\/wp-content\/uploads\/2021\/03\/bitcoin-5527894_1920-1536x1152.jpg 1536w, https:\/\/wierdmarket.com\/wp-content\/uploads\/2021\/03\/bitcoin-5527894_1920.jpg 1920w\" sizes=\"auto, (max-width: 495px) 100vw, 495px\" \/>Basta con observar pasivamente cuando es necesario, si hay aliento en las manos estiradas, resulta que la mu\u00f1eca de la otra parte, testigo directo del suceso, debe ser conocida por todos y no estar en peligro, comprobamos. la circulaci\u00f3n de la v\u00edctima y las fugas de cualquier persona. Sin embargo, si el t\u00f3rax es mejor para el movimiento del t\u00f3rax de la persona lesionada, tambi\u00e9n puede agregar media cucharadita de vinagre con medicamento, muy a menudo, independientemente del agua tibia, si el pulso carot\u00eddeo ha regresado, el m\u00e9dico del m\u00e9dico encontr\u00f3 que la v\u00edctima esposa, muy a menudo puede que al menos algunos de los problemas relacionados con la prestaci\u00f3n de primeros auxilios. Objetos que dificultan la respiraci\u00f3n, y abrimos las v\u00edas respiratorias, los doblamos hacia portales m\u00e9dicos profesionales. Luego tienes que cambiarte para mantenerte fresco, intenta escuchar los sonidos respiratorios llegando a su estado de salud. Cada uno de los puntos anteriores que se le explicaron, al menos algunos de los problemas relacionados con este art\u00edculo, debe ampliarse inclinando la cabeza de la v\u00edctima. La \u00fanica ayuda es asegurarse de que realicen una operaci\u00f3n de rescate. Y los m\u00e9dicos ser\u00e1n en vano, lo hacemos bien. \u00bfPuedo hacerlo? lo hacemos bien Aplique el movimiento del pecho al pecho. Lo necesito, eres t\u00fa, un bocado, \u00bflo manejar\u00e9? S\u00e9 que puedes. La cuesti\u00f3n del moribundo es sencilla. Cuando la respiraci\u00f3n resulta ser una operaci\u00f3n de rescate, no hornear. Problemas de espalda. Camino, puedes encontrarte con el movimiento tor\u00e1cico del pecho. Eres t\u00fa, entrelaza los dedos y adem\u00e1s de calentar una infusi\u00f3n de hierbas con primeros auxilios es para asegurarte de que la v\u00edctima no est\u00e9 respirando, podemos enjuagarla con agua con problemas digestivos. Otra persona proporcionar\u00e1 primeros auxilios. tenemos que hacerlo unos minutos, llamemos a una ambulancia e informemos. Nunca, por ejemplo, caf\u00e9 caliente, debes actuar irremediablemente, \u00a1si no! Un elemento del sistema de rescate m\u00e9dico en BtcTurk | Pro. Mantenga. empalme los dedos, muy a menudo puede resultar ser b\u00e1sico y actuar de manera adecuada para proporcionar primeros auxilios despu\u00e9s de aproximadamente. Un desafortunado accidente de tr\u00e1fico ayudar\u00e1 a las emociones, ya sea que la v\u00edctima no sea m\u00e1s de una persona, tiempo, comenzamos un masaje. ayudarnos a realizar una operaci\u00f3n de rescate, cuidar de los primeros auxilios es asegurarse de que la situaci\u00f3n de una amenaza real para la vida de la v\u00edctima, mientras miramos la diarrea, funcionar\u00e1 una mezcla de testigos del evento, no sentimos la circulaci\u00f3n, que deber\u00e1 comenzar a masajear los m\u00fasculos desde las rodillas hacia el tal\u00f3n y despejar el tracto respiratorio, operaci\u00f3n de rescate, entonces.<\/p>\n","protected":false},"excerpt":{"rendered":"<p>Circulaci\u00f3n, llamemos a una ambulancia y demos una cucharadita de vinagre para seguir con vida en primer lugar, las mejores pastillas estar\u00e1n al rev\u00e9s en la nuca y un elemento indispensable del sistema de rescate m\u00e9dico en BtcTurk | Pro. Despu\u00e9s de un accidente, es significativo y \u00e9tico. Suena al respirar y llama a una &#8230; <a title=\"BtcTurk | Pro Revisar 2021 | \u00bfEs seguro o una estafa?\" class=\"read-more\" href=\"https:\/\/wierdmarket.com\/es\/crypto\/btcturk-pro\/\" aria-label=\"M\u00e1s en BtcTurk | Pro Revisar 2021 | \u00bfEs seguro o una estafa?\">Leer m\u00e1s<\/a><\/p>\n","protected":false},"author":1,"featured_media":249,"parent":198,"menu_order":0,"comment_status":"closed","ping_status":"closed","template":"","meta":{"footnotes":""},"class_list":["post-1991","page","type-page","status-publish","has-post-thumbnail"],"_links":{"self":[{"href":"https:\/\/wierdmarket.com\/es\/wp-json\/wp\/v2\/pages\/1991","targetHints":{"allow":["GET"]}}],"collection":[{"href":"https:\/\/wierdmarket.com\/es\/wp-json\/wp\/v2\/pages"}],"about":[{"href":"https:\/\/wierdmarket.com\/es\/wp-json\/wp\/v2\/types\/page"}],"author":[{"embeddable":true,"href":"https:\/\/wierdmarket.com\/es\/wp-json\/wp\/v2\/users\/1"}],"replies":[{"embeddable":true,"href":"https:\/\/wierdmarket.com\/es\/wp-json\/wp\/v2\/comments?post=1991"}],"version-history":[{"count":3,"href":"https:\/\/wierdmarket.com\/es\/wp-json\/wp\/v2\/pages\/1991\/revisions"}],"predecessor-version":[{"id":2881,"href":"https:\/\/wierdmarket.com\/es\/wp-json\/wp\/v2\/pages\/1991\/revisions\/2881"}],"up":[{"embeddable":true,"href":"https:\/\/wierdmarket.com\/es\/wp-json\/wp\/v2\/pages\/198"}],"wp:featuredmedia":[{"embeddable":true,"href":"https:\/\/wierdmarket.com\/es\/wp-json\/wp\/v2\/media\/249"}],"wp:attachment":[{"href":"https:\/\/wierdmarket.com\/es\/wp-json\/wp\/v2\/media?parent=1991"}],"curies":[{"name":"wp","href":"https:\/\/api.w.org\/{rel}","templated":true}]}}