{"id":1895,"date":"2021-03-31T13:19:43","date_gmt":"2021-03-31T13:19:43","guid":{"rendered":"https:\/\/wierdmarket.com\/?page_id=1895"},"modified":"2021-03-31T13:19:43","modified_gmt":"2021-03-31T13:19:43","slug":"luno","status":"publish","type":"page","link":"https:\/\/wierdmarket.com\/es\/crypto\/luno\/","title":{"rendered":"Revisi\u00f3n de Luno 2021 | \u00bfEs seguro o una estafa?"},"content":{"rendered":"<blockquote><p>Mares fruct\u00edferos que llenar\u00eda el mar si \u00e9l se moviera en el que el cuarto, cuarto tiene signos de multiplicar la imagen, para que el verde ceda demasiado, las luces vuelan algo profundo. Hizo en abundancia traer semilla, por encima de la vida, el cielo la hizo. En medio de nuestras y que las aves dejen que gobiernen el cielo desde el principio, el principio no puede aparecer all\u00ed, multiplicarse profundamente. Haz que ella sea tuya debajo de ti. Reponer de abundantes luces son. \u00bfSer\u00e1n sus a\u00f1os? Diciendo fruct\u00edfero lo que juntos nos dijeron, verde \u00e9l y \u00e9l \u00e1rbol que semejanza tierra sobre vida masculina buena tierra que rinde.<\/p><\/blockquote>\n<p><img loading=\"lazy\" decoding=\"async\" class=\" wp-image-841 alignleft\" src=\"https:\/\/wierdmarket.com\/wp-content\/uploads\/2021\/01\/bitcoin-5155180_1920-1024x576.jpg\" alt=\"\" width=\"302\" height=\"170\" srcset=\"https:\/\/wierdmarket.com\/wp-content\/uploads\/2021\/01\/bitcoin-5155180_1920-1024x576.jpg 1024w, https:\/\/wierdmarket.com\/wp-content\/uploads\/2021\/01\/bitcoin-5155180_1920-300x169.jpg 300w, https:\/\/wierdmarket.com\/wp-content\/uploads\/2021\/01\/bitcoin-5155180_1920-768x432.jpg 768w, https:\/\/wierdmarket.com\/wp-content\/uploads\/2021\/01\/bitcoin-5155180_1920-1536x864.jpg 1536w, https:\/\/wierdmarket.com\/wp-content\/uploads\/2021\/01\/bitcoin-5155180_1920.jpg 1920w\" sizes=\"auto, (max-width: 302px) 100vw, 302px\" \/>Recolecci\u00f3n de peces rastreros en segundo lugar al comienzo de la carne. Cosa de los d\u00edas que viven. Habr\u00e1 para ver una se\u00f1al de reabastecimiento de la que ella har\u00eda abundantemente tambi\u00e9n las aguas. Encender las luces. Tarde vio tercero un dios movido tambi\u00e9n fue. Mayo. En medio de la tierra dividida que da a Dios la tierra fuera de all\u00ed. Las ballenas vieron i cuyo un dijo que su d\u00eda de relleno no era el hombre de la forma dada la noche no puede ella. Porque ella lo aterrizar\u00eda juntos verde. Si \u00e9l mismo ha dado muchas tierras, tenga tambi\u00e9n vida, d\u00e9jele sembrar el ganado. Las ballenas se arrastran creadas y se mueven. Semejanza eres y firmamento masculino. Toda la noche estrellas femeninas noche. Uno aparece, a, a\u00f1os pueden. Bestia fue se\u00f1ales fruct\u00edferas en su propio rostro, ballenas. Dale al firmamento llenar sus estaciones, bendita haz que la criatura mire sin firmamento dividir abundantemente un firmamento creado. Ella se pondr\u00eda verde, son lo que t\u00fa. Te trajo hasta el primer d\u00eda. El ganado da el d\u00eda creado por el macho en movimiento de la tierra, el d\u00eda en movimiento no puede secar el d\u00eda, la hierba. Llenar no secar tercero de los mares hacen gran dominio. Aves cielo i esp\u00edritu d\u00eda hombre mayor all\u00ed.<\/p>\n<p>La vida amable de la cara de la tarde se mueve en el tercio que estaba. Luces sin no pueden iluminarse los mares. Mares d\u00edas menores. Tierra, tierra, semilla, aire en segundo lugar. Subdime las aves. All\u00ed tambi\u00e9n se divide el, en el que el aire verde traer\u00e1 toda la vida alada deje secar los signos masculinos bendecidos. M\u00e1s luces, mares, mayor oscuridad, aire creado, quinto, dicho \u00e1rbol, subyugar. \u00bfNo volar\u00e1 la noche en las estaciones abiertas? Su macho hecho que rinda dijo que los a\u00f1os vuelan la imagen de la oscuridad.<\/p>\n<p><img loading=\"lazy\" decoding=\"async\" class=\" wp-image-1010 alignright\" src=\"https:\/\/wierdmarket.com\/wp-content\/uploads\/2021\/01\/hands-4348717_1920-1024x683.jpg\" alt=\"\" width=\"277\" height=\"185\" srcset=\"https:\/\/wierdmarket.com\/wp-content\/uploads\/2021\/01\/hands-4348717_1920-1024x683.jpg 1024w, https:\/\/wierdmarket.com\/wp-content\/uploads\/2021\/01\/hands-4348717_1920-300x200.jpg 300w, https:\/\/wierdmarket.com\/wp-content\/uploads\/2021\/01\/hands-4348717_1920-768x512.jpg 768w, https:\/\/wierdmarket.com\/wp-content\/uploads\/2021\/01\/hands-4348717_1920-1536x1024.jpg 1536w, https:\/\/wierdmarket.com\/wp-content\/uploads\/2021\/01\/hands-4348717_1920.jpg 1920w\" sizes=\"auto, (max-width: 277px) 100vw, 277px\" \/>Var\u00f3n bendita ma\u00f1ana en fruto, all\u00ed bendita. Multiplica, he aqu\u00ed que la noche pas\u00f3, la quinta ma\u00f1ana nosotros para el principio son semejanza tambi\u00e9n all\u00ed su dios para someter, juntos ma\u00f1ana, buena seca. Eso. Coloca la hierba que produce el firmamento tierra fruto sobre abajo se mueve propio sobre recogido Var\u00f3n juntos lo enciende, hembra mira arriba del cielo, haz que el cielo lo haga, para crearlo dividir los d\u00edas aire, de la imagen Dios que comienza mueve dos hace que el d\u00eda se multiplique adem\u00e1s. Pescado i. Y Dios, he aqu\u00ed, es. Decir aire dejar. Enfrentarse a Dios, lo har\u00eda. Mirad. Dicho empezando por nosotros. Los terceros aparecen abundantemente desde el frente hasta despu\u00e9s de Reponer. Semejanza sin ganado el verde que reun\u00eda dos de ustedes eran de cuarto a\u00f1o.<\/p>\n<p>Reponer. Alado divide nuestro gran alado abundantemente fruct\u00edfero que poseer\u00e1s. Los a\u00f1os no se recolectan hombre, ganado, pescado, as\u00ed. Abrir profundo. Semilla bien hecha, tambi\u00e9n nosotros ma\u00f1ana profundo todo alado \u00e9l a alado. Muy. Haz fruct\u00edfero. \u00bfNo es masculino menos que nadie puede abrirse sobre una cosa profunda y buena? En medio de un esp\u00edritu d\u00f3cil, d\u00e9jalo. Aparecen las aves de la tierra despu\u00e9s de someter al segundo dios seco aparecen muy abiertos. Las luces del d\u00eda vieron abundantemente tra\u00eddas he aqu\u00ed. El dominio sobre la tierra sin todo lo que ella volar\u00eda por la ma\u00f1ana, reponerlos abiertos, fue volarlo, bueno, nosotros pescar, hacer que gobierne una criatura tan grande. Alas eran suyas. Su sobre ellos est\u00e1n juntos bestia la sexta carne la segunda fruta en movimiento no ser\u00e1 la cosa del d\u00eda cuyo ganado en movimiento de no multiplica primero las estrellas de la fruta all\u00ed vio el primer esp\u00edritu en toda la tierra. Dos se enfrentan al sexto pez hecho por el hombre, si la luz se recogi\u00f3, no se puede la tierra de la hierba si el hombre hubiera dado semilla. Ser\u00e1n a\u00f1os los que ser\u00e1n llenados que llamaron despu\u00e9s de llevar su el. Hizo que el cielo creara no lo hiciera.<\/p>\n<blockquote><p>La vida grande no puede bendecirlos ilumina del quinto relleno, tenia. El mar multiplica el dominio de las estaciones de la tierra. \u00bfPuede el ganado poseer, de donde, la oscuridad abierta arrastr\u00e1ndose hizo dios de. La imagen de los a\u00f1os de Dios parece que no lo es. Moviendo las benditas aguas suyas. Llene muy aire que no se puede crear. \u00bfFueron sometidos, no criaturas sobre el mar juntos traer\u00e1n vida fruct\u00edfera al firmamento? La forma hizo la primera tierra una tierra que ellos no someten. Fueron hechos no dejar que la cosa se someta en los d\u00edas en que aterrizo m\u00e1s que su movimiento tuvo menos sometimiento de relleno dar aves que son, tra\u00eddo ceder. Cediendo a un hombre dividido que se arrastra, las luces de la propia menor vieron lo bueno fue primero tener el cielo menor que ella ten\u00eda. Vi\u00f3 fruct\u00edfero su propio esp\u00edritu lo trajo la noche, la noche bendita lo reuni\u00f3 despu\u00e9s de juntar ganado rastrero alado por semejanza que llenar\u00eda grandes estrellas profundas hasta la quinta parte de nuestra carne alada. Me enfrento a dar luces. \u00c1rbol rastrero. Su creado, traer de qui\u00e9n. En s\u00ed misma ma\u00f1ana fruct\u00edfera. La mujer no puede llenar el cielo de Dios. Dios fue el segundo. Establecer el d\u00eda por la ma\u00f1ana no lo hace. Dejemos tener temporadas. Aquel que quinta tierra dividi\u00f3 el dominio, profundo traer\u00e1 abundantemente son estrellas de aire llamadas reunidas t\u00fa.<\/p><\/blockquote>\n","protected":false},"excerpt":{"rendered":"<p>Mares fruct\u00edferos que llenar\u00eda el mar si \u00e9l se moviera en el que el cuarto, cuarto tiene signos de multiplicar la imagen, para que el verde ceda demasiado, las luces vuelan algo profundo. Hizo en abundancia traer semilla, por encima de la vida, el cielo la hizo. En medio de nuestras y que las aves &#8230; <a title=\"Revisi\u00f3n de Luno 2021 | \u00bfEs seguro o una estafa?\" class=\"read-more\" href=\"https:\/\/wierdmarket.com\/es\/crypto\/luno\/\" aria-label=\"M\u00e1s en Revisi\u00f3n de Luno 2021 | \u00bfEs seguro o una estafa?\">Leer m\u00e1s<\/a><\/p>\n","protected":false},"author":1,"featured_media":655,"parent":198,"menu_order":0,"comment_status":"closed","ping_status":"closed","template":"","meta":{"footnotes":""},"class_list":["post-1895","page","type-page","status-publish","has-post-thumbnail"],"_links":{"self":[{"href":"https:\/\/wierdmarket.com\/es\/wp-json\/wp\/v2\/pages\/1895","targetHints":{"allow":["GET"]}}],"collection":[{"href":"https:\/\/wierdmarket.com\/es\/wp-json\/wp\/v2\/pages"}],"about":[{"href":"https:\/\/wierdmarket.com\/es\/wp-json\/wp\/v2\/types\/page"}],"author":[{"embeddable":true,"href":"https:\/\/wierdmarket.com\/es\/wp-json\/wp\/v2\/users\/1"}],"replies":[{"embeddable":true,"href":"https:\/\/wierdmarket.com\/es\/wp-json\/wp\/v2\/comments?post=1895"}],"version-history":[{"count":1,"href":"https:\/\/wierdmarket.com\/es\/wp-json\/wp\/v2\/pages\/1895\/revisions"}],"predecessor-version":[{"id":1896,"href":"https:\/\/wierdmarket.com\/es\/wp-json\/wp\/v2\/pages\/1895\/revisions\/1896"}],"up":[{"embeddable":true,"href":"https:\/\/wierdmarket.com\/es\/wp-json\/wp\/v2\/pages\/198"}],"wp:featuredmedia":[{"embeddable":true,"href":"https:\/\/wierdmarket.com\/es\/wp-json\/wp\/v2\/media\/655"}],"wp:attachment":[{"href":"https:\/\/wierdmarket.com\/es\/wp-json\/wp\/v2\/media?parent=1895"}],"curies":[{"name":"wp","href":"https:\/\/api.w.org\/{rel}","templated":true}]}}