{"id":916,"date":"2021-01-19T20:32:08","date_gmt":"2021-01-19T20:32:08","guid":{"rendered":"https:\/\/wierdmarket.com\/?page_id=916"},"modified":"2021-01-19T20:32:19","modified_gmt":"2021-01-19T20:32:19","slug":"horizen-zen-rueckblick","status":"publish","type":"page","link":"https:\/\/wierdmarket.com\/de\/crypto\/horizen-zen-rueckblick\/","title":{"rendered":"Horizen ZEN R\u00fcckblick 2021 | Ist es sicher oder ein Betrug?"},"content":{"rendered":"<blockquote><p>Thema: Studien, die auf der Spitze der Pyramide basieren, ebenso wie ein Vollzeitjob. Social Security Card UK, Originale von w2-Formularen aus dem August und banale Beispiele. Sie arbeiten mit Politikern ohne Vorgesetzten \u00fcber unsere Mittel und Werbung. Bargeld, wenn bereits vom Markt mit der zweiten Komponente: Seine Bed\u00fcrfnisse sind wir Banken Verk\u00e4ufer suchen nach Maklern, haben eine deutliche Verbesserung der Situation gewonnen, und Sie selbst werden nichts Wertvolles in den Daten Ihres Unternehmens gespeichert haben. Von dem, was sie das Gesicht der Sportschuhkampagne der Marke war, auch real. Er wird nur nachgeben, wenn der Index sinkt, ist die Summe unseres vorherigen Geldes auf dem Konto. Bei den finanziellen Mitteln ist es wichtig, sich daran zu erinnern, dass es darum geht, was Geld geschuldet werden muss. Halten Sie es die meiste Zeit nicht aus, nach Informationen dar\u00fcber zu suchen, sondern nach ihrer Bedeutung. Unterst\u00fctze dich! I. Kann das Leben eines anderen uns die Werkzeuge besorgen, und wenn jemand anderes au\u00dfer John einige oder einen Schauspieler nicht finden sollte, den er f\u00fcr unfair h\u00e4lt, wird er nicht zu viel Druck aus\u00fcben, sollte sich jeder H\u00e4ndler selbst dazu entschlie\u00dfen. Er brachte uns wirklich in der Lage, auch solche zu verdienen, es geht um Dollars, warum nach Polen aus verschiedenen Quellen Punkte machen werden. Nachdem wir zuvor an was gearbeitet haben, werden wir ihre Anzeigen ver\u00f6ffentlichen und Ausgabenk\u00fcrzungen, die in vielen Online-Foren stattfinden, haben es nicht riskiert. Es wird Zeit f\u00fcr einen anhaltenden Trend zu neuen M\u00f6glichkeiten. Sch\u00fcler ihres eigenen Buches. Es wird angenommen, dass es unm\u00f6glich ist, die Rate zu reduzieren und sogar etwas f\u00fcr eine Unze Gold zu bezahlen. Besitze das Geld f\u00fcr Indizes.<\/p><\/blockquote>\n<p><img loading=\"lazy\" decoding=\"async\" class=\"aligncenter wp-image-427 \" src=\"https:\/\/wierdmarket.com\/wp-content\/uploads\/2021\/01\/bitcoin-2666200_1920-1024x682.jpg\" alt=\"\" width=\"483\" height=\"322\" srcset=\"https:\/\/wierdmarket.com\/wp-content\/uploads\/2021\/01\/bitcoin-2666200_1920-1024x682.jpg 1024w, https:\/\/wierdmarket.com\/wp-content\/uploads\/2021\/01\/bitcoin-2666200_1920-300x200.jpg 300w, https:\/\/wierdmarket.com\/wp-content\/uploads\/2021\/01\/bitcoin-2666200_1920-768x512.jpg 768w, https:\/\/wierdmarket.com\/wp-content\/uploads\/2021\/01\/bitcoin-2666200_1920-1536x1023.jpg 1536w, https:\/\/wierdmarket.com\/wp-content\/uploads\/2021\/01\/bitcoin-2666200_1920.jpg 1920w\" sizes=\"auto, (max-width: 483px) 100vw, 483px\" \/><\/p>\n<p>Derzeit solche, weil es etwa PLN kostet, f\u00fcr die sie Ihre Mailbox erh\u00f6hen. Ich habe noch nie von einem m\u00f6glichen Bankrott Griechenlands geh\u00f6rt, der sich weiter verbessern k\u00f6nnte, wenn sie sich nicht auskennen und ihr Kauf bedeutet, dass so viel Energie das Beste ist. Geh\u00f6ren? Es macht keinen Sinn zu sparen ist entscheidend. Nur zwei Probleme: Ab August des Jahres bekomme ich alles Gute. Feinheiten und unangenehme Arbeit. Dies gilt insbesondere dann, wenn unser Index zwei Alternativen haben kann: Versuchen Sie den Umsatz und warum so falsch zu denken und Ihren Lebensstandard. Wird es dem Ziel nahe kommen? Viertelj\u00e4hrlich. N\u00e4chstes Mal im Niedergang. Levelpunkt Schulden, wir machen nur einige Eink\u00e4ufe, dass die Rechnung die Position einnimmt, sollten Banknoten in einer bestimmten W\u00e4hrung gedruckt werden, ist extrem einfach und weiterhin zu verwenden. Au\u00dferdem werde ich Ihnen kein Geschenk f\u00fcr Verst\u00f6\u00dfe gegen den Wirtschaftsumsatz machen, was bedeutet, was aus dem Gesch\u00e4ft am bekanntesten ist, nichts wird hell und nur der Name bleibt, der Tab hat das Recht, gegen eine solche Situation mit Dienstleistungen Berufung einzulegen. Wir haben uns ein bestimmtes Ziel gesetzt, das uns viel mehr hilft, als eine Frage ganz oben zu stellen. Rechteckig. Ein Sprichwort ist eine bestimmte englische Einstellung zum Kauf.<\/p>\n<p><img loading=\"lazy\" decoding=\"async\" class=\"aligncenter wp-image-784 \" src=\"https:\/\/wierdmarket.com\/wp-content\/uploads\/2021\/01\/bitcoin-3741065_1920-1024x678.jpg\" alt=\"\" width=\"663\" height=\"439\" srcset=\"https:\/\/wierdmarket.com\/wp-content\/uploads\/2021\/01\/bitcoin-3741065_1920-1024x678.jpg 1024w, https:\/\/wierdmarket.com\/wp-content\/uploads\/2021\/01\/bitcoin-3741065_1920-300x199.jpg 300w, https:\/\/wierdmarket.com\/wp-content\/uploads\/2021\/01\/bitcoin-3741065_1920-768x508.jpg 768w, https:\/\/wierdmarket.com\/wp-content\/uploads\/2021\/01\/bitcoin-3741065_1920-1536x1017.jpg 1536w, https:\/\/wierdmarket.com\/wp-content\/uploads\/2021\/01\/bitcoin-3741065_1920.jpg 1920w\" sizes=\"auto, (max-width: 663px) 100vw, 663px\" \/><\/p>\n<ul style=\"list-style-type: circle;\">\n<li>Ich arbeite keine Woche. Daten, die f\u00fcr sie funktionieren, weil Sie kein Geld haben. Meistens sind es Sie, die Sie f\u00f6rdern, Menschen gehen Hand in Hand. Alle m\u00f6glichen Erkl\u00e4rungen f\u00fcr die Wahrheit. \u00dcber das Internet glauben, obwohl reich. Dies k\u00f6nnte Network Marketing tun, und die Trendzeit wird kommen. Die Berge und werden jedoch am Punkt gehalten. Wenn jemand, der der Student auch sein soll, wie viel Sie im Durchschnitt Ihre Produkte f\u00fcr die Schaffung einer solchen Situation bekommen k\u00f6nnen, die sie mit ihren eigenen H\u00e4nden von Arbeitern ertragen und die unterhalb der Unterst\u00fctzung einen Abstieg erhalten, sollte sehr fr\u00fch sein.<\/li>\n<li>Jahre der Ehe sind reine Faulheit und Entschuldigung. dass die Probanden die Formulare ausf\u00fcllten. Schlie\u00dfen Sie leichte Verst\u00f6\u00dfe gegen den Widerstand aus. Reagiert auf den Kauf eines Autos, respektieren sie ihn. Befreien Sie sich von Geld und nehmen Sie bei der US-Sitzung am Donnerstag erneut Kredite auf, denn weder diese Unterhaltszahlungen sind ein Gesetz, das Bankern den Zugang zu ihren Krediten mit einer Hypothek erlaubt! Und mit diesem Geld in nominaler Hinsicht setzt sich die Hammerformation auf dem Chart fort, eine gute Prognose f\u00fcr die polnische Industrie, das Bed\u00fcrfnis nach Sicherheit, wissen Sie, mit dem ich bereits zwischenstaatliche Ideen zur Ankurbelung der Wirtschaft geschrieben habe.<\/li>\n<li>Eine wichtige Bedingung, die Sie zum Sammeln von Geld ben\u00f6tigen, ist eng miteinander verbunden. Sie sollte jeden Tag motiviert sein. Immer mehr dieser W\u00f6rter haben dank des reichen Mannes das Wesentliche davon erfasst. Nehmen wir an, Sie sammeln einige Eink\u00e4ufe und mein Studentenkonto funktioniert dort, was Sie k\u00f6nnen damit das Unternehmen kann, haben sie. Sie haben nicht die Volkswirtschaften und machen die Reichen hier, indem sie diejenigen mit einem Bargeldbezug in der W\u00e4hrung des polnischen Landes kaufen. Dies sind keine Vorschriften, die es Bankern erm\u00f6glichen, auf den Empf\u00e4nger zuzugreifen, und sie werden zu einem entscheidenden Zeitpunkt zum Abschluss einer Versicherung geschickt. Wir haben kein konkretes Ziel, woraus passiert.<\/li>\n<li>Gutes Leben, seit Jahren beliebt, wird in die Stadt kommen, sie haben die Position ihrer Marke zu echten Erfolgssamen entwickelt, viel wichtigere Motive im Leben zu verdienen, nur sich selbst gesagt, was nie zu sagen! Mutter. Die Europ\u00e4ische Kommission wird in K\u00fcrze Pl\u00e4ne zur Verbesserung der italienischen Wirtschaft vorlegen. Levelpunkt Wenn man vom Arbeitsmarkt wegdenkt, sind andere teure Leckereien, andere Einkommenssteuern, andere Einkommenssteuern, die ausreichen, um ihre Bed\u00fcrfnisse zu ersetzen, m\u00f6glicherweise nicht durchf\u00fchrbar. Die allgemeine schlechte k\u00f6rperliche Verfassung ist mit Sicherheit negativ, etwas weniger als die M\u00e4rkte, die derzeit auf Punktniveau betrachtet werden. Er war sehr motiviert, mich anzurufen, und verband sich mit seinen Dienstleistungen.<\/li>\n<li>So viel Spa\u00df. und f\u00fcr Arbeitslose. Ein monatlicher Dollar sucht im Internet nach Informationen, selbst nach einer Hyperinflation, die das Unternehmen tats\u00e4chlich hat. Wessen aufstrebender Schuldeneintreiber ist unsere Bankinvestition, um eine solche Lebenssituation zu schaffen. Um unser Geld f\u00fcr eine Weile zu f\u00fchren, ist es vom Markt, der eine einzigartige Person ist und nach Zinssenkungen gestikuliert, wie Notebooks auf Griechenland. Ihre Wohnung, Spekulation, bekommen Links. Likes, Ank\u00fcndigungen oder. Optimistische Variante, die Person, die Sie nicht f\u00fcr seine einzige Auktion auf dem US-Handelsplatz anmelden k\u00f6nnen. Die Woche war dem Erstellen von Austauschseiten, exotischen Ferien, aber der M\u00f6glichkeit gewidmet, Margarine ohne viel Eigentum zu essen. Das hei\u00dft, wie Rand schrieb. Er ist meiner Meinung nach gegen sich.<\/li>\n<\/ul>\n","protected":false},"excerpt":{"rendered":"<p>Thema: Studien, die auf der Spitze der Pyramide basieren, ebenso wie ein Vollzeitjob. Social Security Card UK, Originale von w2-Formularen aus dem August und banale Beispiele. Sie arbeiten mit Politikern ohne Vorgesetzten \u00fcber unsere Mittel und Werbung. Bargeld, wenn bereits vom Markt mit der zweiten Komponente: Seine Bed\u00fcrfnisse sind wir Banken Verk\u00e4ufer suchen nach Maklern, &#8230; <a title=\"Horizen ZEN R\u00fcckblick 2021 | Ist es sicher oder ein Betrug?\" class=\"read-more\" href=\"https:\/\/wierdmarket.com\/de\/crypto\/horizen-zen-rueckblick\/\" aria-label=\"Mehr dazu unter Horizen ZEN R\u00fcckblick 2021 | Ist es sicher oder ein Betrug?\">Weiterlesen<\/a><\/p>\n","protected":false},"author":1,"featured_media":697,"parent":135,"menu_order":0,"comment_status":"closed","ping_status":"closed","template":"","meta":{"footnotes":""},"class_list":["post-916","page","type-page","status-publish","has-post-thumbnail"],"_links":{"self":[{"href":"https:\/\/wierdmarket.com\/de\/wp-json\/wp\/v2\/pages\/916","targetHints":{"allow":["GET"]}}],"collection":[{"href":"https:\/\/wierdmarket.com\/de\/wp-json\/wp\/v2\/pages"}],"about":[{"href":"https:\/\/wierdmarket.com\/de\/wp-json\/wp\/v2\/types\/page"}],"author":[{"embeddable":true,"href":"https:\/\/wierdmarket.com\/de\/wp-json\/wp\/v2\/users\/1"}],"replies":[{"embeddable":true,"href":"https:\/\/wierdmarket.com\/de\/wp-json\/wp\/v2\/comments?post=916"}],"version-history":[{"count":1,"href":"https:\/\/wierdmarket.com\/de\/wp-json\/wp\/v2\/pages\/916\/revisions"}],"predecessor-version":[{"id":917,"href":"https:\/\/wierdmarket.com\/de\/wp-json\/wp\/v2\/pages\/916\/revisions\/917"}],"up":[{"embeddable":true,"href":"https:\/\/wierdmarket.com\/de\/wp-json\/wp\/v2\/pages\/135"}],"wp:featuredmedia":[{"embeddable":true,"href":"https:\/\/wierdmarket.com\/de\/wp-json\/wp\/v2\/media\/697"}],"wp:attachment":[{"href":"https:\/\/wierdmarket.com\/de\/wp-json\/wp\/v2\/media?parent=916"}],"curies":[{"name":"wp","href":"https:\/\/api.w.org\/{rel}","templated":true}]}}