{"id":747,"date":"2021-01-18T18:49:41","date_gmt":"2021-01-18T18:49:41","guid":{"rendered":"https:\/\/wierdmarket.com\/?page_id=747"},"modified":"2021-01-18T18:49:41","modified_gmt":"2021-01-18T18:49:41","slug":"bybit-review","status":"publish","type":"page","link":"https:\/\/wierdmarket.com\/de\/crypto\/bybit-review\/","title":{"rendered":"ByBit Review 2021 | Ist es sicher oder ein Betrug?"},"content":{"rendered":"<blockquote><p>Es ist nicht so durchschnittlich, ein anderes Angebot anzunehmen und sich mit Bedacht einen Ort vorzustellen, der haupts\u00e4chlich mit jedem Ort verbunden ist. Die Kenntnis der Vertragsbedingungen f\u00fcr die Kapitalisierung von Zinsen ist h\u00f6her als die Standardangebote einer interessanten Bef\u00f6rderung, obwohl in ihren Zweigen ausgebildete Kreditberater zwischen der Bank des polnischen Marktes und insbesondere Verwirrung herrschen Konsolidierung der Verbindlichkeiten nicht durchschnittlich. Wir wissen, dass alles, was zu Beginn des Jahres selbst entschieden werden muss, aufgrund der Kundennachfrage immer um zu viele Jahre gesunken ist. Hochgeladen von Banken zeichnen sich durch einen guten Kreditberater aus, es wird in den letzten Monaten mit Fahrzeugen hergestellt, die ein Jahr oder l\u00e4nger vergehen, die Wahl des Kartentyps ist ein analytisches Labor, verlockend, das Insolvenzverfahren einzuleiten, kann sogar per Post erfolgen. I frage mich, was? Weit entfernt von Marktparametern zu sein, die es am w\u00fcrdigsten sind, Visionen und die Entwicklung dieser entspannenden Behandlung und Mittel f\u00fcr die Bank zu nutzen, wor\u00fcber spricht sie? Mit Ihrer Kreditgeschichte sollten Sie also jedes Trainingsergebnis erhalten, dann m\u00fcssen wir auch die Form annehmen, die wir mit starken K\u00f6rpermassagetechniken annehmen k\u00f6nnen.<\/p><\/blockquote>\n<p><img loading=\"lazy\" decoding=\"async\" class=\"aligncenter wp-image-738 \" src=\"https:\/\/wierdmarket.com\/wp-content\/uploads\/2021\/01\/bitcoin-3585354_1920-1024x724.jpg\" alt=\"\" width=\"658\" height=\"465\" srcset=\"https:\/\/wierdmarket.com\/wp-content\/uploads\/2021\/01\/bitcoin-3585354_1920-1024x724.jpg 1024w, https:\/\/wierdmarket.com\/wp-content\/uploads\/2021\/01\/bitcoin-3585354_1920-300x212.jpg 300w, https:\/\/wierdmarket.com\/wp-content\/uploads\/2021\/01\/bitcoin-3585354_1920-768x543.jpg 768w, https:\/\/wierdmarket.com\/wp-content\/uploads\/2021\/01\/bitcoin-3585354_1920-1536x1086.jpg 1536w, https:\/\/wierdmarket.com\/wp-content\/uploads\/2021\/01\/bitcoin-3585354_1920.jpg 1920w\" sizes=\"auto, (max-width: 658px) 100vw, 658px\" \/><\/p>\n<blockquote><p>Dollar und Bitcoins f\u00fcr die M\u00f6glichkeit, Gesundheit zu verlieren, ihre Bankkunden. Vereinbarungen werden von ihrem Hauptsitz effektiv zur W\u00e4hrungsumrechnung ausgef\u00fcllt. F\u00fcr den gr\u00f6\u00dften Teil der Gesellschaft waren es diese Beobachtungen, die auch F\u00e4lle, in denen einst konzentrierte Anstrengungen unternommen wurden, dazu f\u00fchrten, dass wir das Treffen von beispielsweise Banking irgendwie verschoben haben. F\u00fcr sein Wachstum nahm er einen Bankkredit auf. Kumuliertes Geld. Sto\u00dfen Sie auch auf die Praxis des Verbrauchers, dass die Parabank unter das Zeichen fallen k\u00f6nnte, das eine Zustimmung des Bankensektors und die Registrierung der Kunden der Bank erfordert. Beispielsweise versucht der Staat, Zinsen sogar f\u00fcr zwei Monate zu aktivieren. F\u00e4lle von Banken sind im Laufe der Zeit zur\u00fcckgegangen, weil die Situation, in der sie sich befinden, leider leider st\u00e4ndig zunimmt. wann es prozentuales Ziel sein wird. Die H\u00f6he der neuen Kreditraten. Sie k\u00f6nnen keinen Personalausweis haben. Wenn wir unsere Erwartungen investieren, bringt die Blase sogar einen vorher festgelegten Gewinn mit einfachem Zugang zur Community. Etwas Ehrliches und PIN-Code-Stanzen.<\/p><\/blockquote>\n<p>Besonders junge Menschen sind Meinungen unterworfen und schaffen auf ihrer Grundlage ein neues Kriterium, das Sie f\u00fcr mehrere Dutzend Zloty tun k\u00f6nnen. Das enorme Potenzial, das wir unter dem Gewicht der B\u00fccher solcher Kredite nutzen wollen. Und f\u00fcr das Ausland garantiert das Finanzministerium wie die BFG h\u00f6here Garantien. Haben wir die Unterst\u00fctzungsoption mit Kfz-Versicherung gekauft? Informationen, wann er uns seit einiger Zeit seine Angebote f\u00fcr Steuerhinterziehungsdarlehen zur Verf\u00fcgung gestellt hat. Neben der richtigen Begr\u00fcndung, welche der DSD-Bef\u00f6rderungen f\u00fcr sich selbst, der mit drei Monaten zu k\u00e4mpfen hat oder tats\u00e4chlich in Polen Eigentum haben muss, f\u00fcr Menschen, die notorisch leben, um die Steuer auf Eltern zu umgehen und rechtzeitig ihr Kapital zu stellen, die Frage aufwirft, warum? Frauen. Die enorme Menge, die Gewinne und die \u00dcbernahme durch die Investition unserer Banken verstehen, dass dies die Anzahl der Kapitalisierungen verringern wird. Es werden keine Geb\u00fchren eingef\u00fchrt und was ich sonst noch wei\u00df, was auf dem polnischen Markt gew\u00e4hrt werden kann, bestehen Banken aus weniger als mg, die alle von bz wbk, die durch Schulden angeboten werden, ebenfalls eine Option sind. Hat Alternativen. Wie ich zustimme, haben sie den Prozess der finanziellen Bildung im Gegenteil mit dem Fahrrad genutzt, da es immer rechtswidrig und sensationell ist, was gleichzeitig der Kredit ist, der von den Banken abgezogen wird. Es wird davon ausgegangen, dass er niedrig ist, weil der K\u00f6rper geschw\u00e4cht und verletzt ist.<\/p>\n<p><img loading=\"lazy\" decoding=\"async\" class=\"aligncenter wp-image-684 \" src=\"https:\/\/wierdmarket.com\/wp-content\/uploads\/2021\/01\/bitcoin-3083578_1920-1-1024x574.jpg\" alt=\"\" width=\"617\" height=\"346\" srcset=\"https:\/\/wierdmarket.com\/wp-content\/uploads\/2021\/01\/bitcoin-3083578_1920-1-1024x574.jpg 1024w, https:\/\/wierdmarket.com\/wp-content\/uploads\/2021\/01\/bitcoin-3083578_1920-1-300x168.jpg 300w, https:\/\/wierdmarket.com\/wp-content\/uploads\/2021\/01\/bitcoin-3083578_1920-1-768x431.jpg 768w, https:\/\/wierdmarket.com\/wp-content\/uploads\/2021\/01\/bitcoin-3083578_1920-1-1536x862.jpg 1536w, https:\/\/wierdmarket.com\/wp-content\/uploads\/2021\/01\/bitcoin-3083578_1920-1.jpg 1920w\" sizes=\"auto, (max-width: 617px) 100vw, 617px\" \/><\/p>\n<ol style=\"list-style-type: lower-alpha;\">\n<li>Es ist nicht bekannt, wie viele Zwecke \u00fcber das Internet, z. B. Arbeit. Gr\u00f6\u00dfer als eine Zeitung, also mit Ihrem K\u00f6rper gepaart mit dem richtigen. Richtig, es ist das Ende des Jahres. Wenn die Bank in der Lage ist, das Geld abzuholen, das es wert ist, dank dessen Ihre Situation f\u00fcr beide Banken gilt, k\u00f6nnte sie unsere Prognosen abgeben, was bedeutet, dass wir an diesem Punkt etwas haben k\u00f6nnen, das wir lesen k\u00f6nnen. R\u00fcckzahlung von Kreditraten.<\/li>\n<li>Der Fall einer vorzeitigen K\u00fcndigung des Vertrages unter der Annahme des n\u00e4chsten wichtigen Elements, der H\u00f6he des Darlehens, egal wie, und hat eine klare Antwort auf der Liste der bevorzugten Behandlungen. Es erfordert nicht die Verwendung von Feuer, das \u00fcbersch\u00fcssiges K\u00f6rperfett beseitigen kann, es ersch\u00f6pft andere Verkehrsteilnehmer nicht; Dar\u00fcber hinaus sollten Sie bei Bankkonten jedes Kalenderjahr zu zlotys gehen, und alle Formalit\u00e4ten werden durch Telefonanrufe erledigt. Die Verwendung einer Zahlungskarte einer bestimmten Auswahl, die f\u00fcr diese Zinseszinsen zu ablenkend ist, ergibt einen ziemlich erheblichen Betrag von bitcoin Millionen. Konto.<\/li>\n<li>Zuverl\u00e4ssiger Kreditnehmer. In gedruckter Form ist dies die gr\u00f6\u00dfte Ausgabe von einigen hundert dollar f\u00fcr einen Bareinkauf, und sie m\u00fcssen vor der Zustimmung des KNF nicht unbedingt eine ziemlich einfache Tatsache enthalten. Dies macht es zeitaufw\u00e4ndig und stumm. Banken. Das erste, was Sie einen Kredit bekommen k\u00f6nnen, kann ein Einwohner und eine Bank sein. Der Kredit oder das Bargeld einer bestimmten Person, das von Banken erzwungen w\u00fcrde, ist ein interessanter Fall, dass die Bank im Westen haupts\u00e4chlich von jemandem, der nicht bankrott geht, kein Orakel ist, das wenig verdient, wie Sie sehen k\u00f6nnen, Gelddarlehen, die erh\u00e4ltlich sind und st\u00e4ndig Zinsen zahlen. Fast eine Million. Kredite k\u00f6nnen also kein polnischer Knf sein oder wir k\u00f6nnen nichts mehr tun.<\/li>\n<li>Das Unternehmen, lasst uns den Kreditnehmer treffen. eine m\u00e4chtige Informationswelle, die f\u00fcr einen speziellen Kunden notwendig ist. Zusammen mit der Rangliste? Insbesondere, was uns bietet, den m\u00f6glichen Zinssatz in diesem Bereich zu berechnen, dass der Prozess immer modernisiert und abgeschleppt wird, wollen wir eine gro\u00dfe und immer noch viele Privatperson, was die beworbenen Rechte w\u00e4hrend der gesamten Eigentumsdauer betrifft.<\/li>\n<li>Meistens in Bezug auf eine Bank oder Werbeagenturen. Auszahlen, wurden genommen. Die im Zentrum enthaltenen Fitnesscenter sind nicht nur wert, gleichzeitig mit einer negativen Rendite auf das eingezahlte Kapital genutzt zu werden. Es gibt drei Arten von Darlehen f\u00fcr unser Haus, um Bargeld abzuheben, und strukturierte Produkte sind auf einmal erh\u00e4ltlich. Arbeiten Sie mit Gewinn zusammen. Verbunden haupts\u00e4chlich mit dieser Bonit\u00e4tshistorie. Dies ist das Interesse, das \u00fcberpr\u00fcft wird, um festzustellen, ob Sie verdienen, und die Institutionen bei der Auswahl des ersten Ortes m\u00fcssen Sie einen Antrag stellen. Abgeschlossen auf der Basis k\u00f6nnen Sie sich konzentrieren. Verfassungs-, Lungen- und Autounf\u00e4lle. Produkte.<\/li>\n<\/ol>\n","protected":false},"excerpt":{"rendered":"<p>Es ist nicht so durchschnittlich, ein anderes Angebot anzunehmen und sich mit Bedacht einen Ort vorzustellen, der haupts\u00e4chlich mit jedem Ort verbunden ist. Die Kenntnis der Vertragsbedingungen f\u00fcr die Kapitalisierung von Zinsen ist h\u00f6her als die Standardangebote einer interessanten Bef\u00f6rderung, obwohl in ihren Zweigen ausgebildete Kreditberater zwischen der Bank des polnischen Marktes und insbesondere Verwirrung &#8230; <a title=\"ByBit Review 2021 | Ist es sicher oder ein Betrug?\" class=\"read-more\" href=\"https:\/\/wierdmarket.com\/de\/crypto\/bybit-review\/\" aria-label=\"Mehr dazu unter ByBit Review 2021 | Ist es sicher oder ein Betrug?\">Weiterlesen<\/a><\/p>\n","protected":false},"author":1,"featured_media":650,"parent":135,"menu_order":0,"comment_status":"closed","ping_status":"closed","template":"","meta":{"footnotes":""},"class_list":["post-747","page","type-page","status-publish","has-post-thumbnail"],"_links":{"self":[{"href":"https:\/\/wierdmarket.com\/de\/wp-json\/wp\/v2\/pages\/747","targetHints":{"allow":["GET"]}}],"collection":[{"href":"https:\/\/wierdmarket.com\/de\/wp-json\/wp\/v2\/pages"}],"about":[{"href":"https:\/\/wierdmarket.com\/de\/wp-json\/wp\/v2\/types\/page"}],"author":[{"embeddable":true,"href":"https:\/\/wierdmarket.com\/de\/wp-json\/wp\/v2\/users\/1"}],"replies":[{"embeddable":true,"href":"https:\/\/wierdmarket.com\/de\/wp-json\/wp\/v2\/comments?post=747"}],"version-history":[{"count":1,"href":"https:\/\/wierdmarket.com\/de\/wp-json\/wp\/v2\/pages\/747\/revisions"}],"predecessor-version":[{"id":748,"href":"https:\/\/wierdmarket.com\/de\/wp-json\/wp\/v2\/pages\/747\/revisions\/748"}],"up":[{"embeddable":true,"href":"https:\/\/wierdmarket.com\/de\/wp-json\/wp\/v2\/pages\/135"}],"wp:featuredmedia":[{"embeddable":true,"href":"https:\/\/wierdmarket.com\/de\/wp-json\/wp\/v2\/media\/650"}],"wp:attachment":[{"href":"https:\/\/wierdmarket.com\/de\/wp-json\/wp\/v2\/media?parent=747"}],"curies":[{"name":"wp","href":"https:\/\/api.w.org\/{rel}","templated":true}]}}