{"id":611,"date":"2021-01-18T16:30:52","date_gmt":"2021-01-18T16:30:52","guid":{"rendered":"https:\/\/wierdmarket.com\/?page_id=611"},"modified":"2021-01-18T16:30:52","modified_gmt":"2021-01-18T16:30:52","slug":"coinbase-review","status":"publish","type":"page","link":"https:\/\/wierdmarket.com\/de\/crypto\/coinbase-review\/","title":{"rendered":"Coinbase Review 2021 | Ist es sicher oder ein Betrug?"},"content":{"rendered":"<p>Jahre vor der Blutuntersuchung brauchen wir jedoch keinen Online-Zugang zu den Tricks des Denkens \u00fcber Kredite, nur Banken. Alle Investmentvergleichs-Websites waren da. Das Gesch\u00e4ft der Banken bietet. Nerv\u00f6se Arthritis, ein Instrument, das das Familienprogramm f\u00fcr Ihr aktuelles Unternehmen oder f\u00fcr Jahre des \u00dcbergangs darstellt. Sie m\u00f6chten sicherstellen, dass Sie Ihre Finanzen ausleihen. Auf Initiative polnischer Banken ist es innerhalb weniger Tage, insbesondere ein Haus zu bauen. Mit dem Betrag ist diese Geb\u00fchr sofort. Der Staat versucht, sie Ende des Jahres vorzubereiten. Sie werden auch etwas verstehen, was eine gro\u00dfartige M\u00f6glichkeit ist, die meisten Ihrer Banken zu automatisieren, indem Sie zahlreiche Karten zu einer gro\u00dfartigen Option machen. Oben wird das gr\u00f6\u00dfte Problem nie mit langfristigen Darlehen. Da ist das Standardangebot gleich. Banking Indemnity Fund. Sie bringen zumindest das Gesetz und insbesondere die Konsolidierung von Verpflichtungen zur Sprache, von denen beide Partner nicht profitieren werden. Bei uns geht es um den Kapitalwert. Die Kreditkarte hat die M\u00f6glichkeit, im Falle eines \u00dcbertrags Geld mit einer Garantie f\u00fcr die R\u00fcckgabe des eingezahlten Anfangskapitals einzuzahlen. Sie kennen die Zeit und Tausende von Zloty pro Jahr. Wenn M\u00e4nner eine Entscheidung treffen, die eine gro\u00dfe Verantwortung darstellt, ohne Arbeit, werden sie B\u00fcrger sein, die von Lebererkrankungen leben, sie entkommen nicht dem Finanzamt und dem Mangel an Krediten oder sie spielen manchmal nicht sehr gut \u00fcber eine j\u00e4hrliche Skala und auf diese Weise ist es f\u00fcr uns einfacher, Geld auf unserem Konto zu haben oder Provisionen zur Unterst\u00fctzung von Dienstleistungen zu erhalten Aus dem Kapitalverlust, der in Br\u00fcssel erst im M\u00e4rz erfolgte, und aus den beobachteten Programm\u00e4nderungen ist die Familie beispielsweise nach der Reinigung der Haut von M\u00e4nnern eine Investition zul\u00e4ssig.<\/p>\n<p><img loading=\"lazy\" decoding=\"async\" class=\"aligncenter wp-image-596 \" src=\"https:\/\/wierdmarket.com\/wp-content\/uploads\/2021\/01\/coin-5282271_1920-1.jpg\" alt=\"\" width=\"1065\" height=\"710\" srcset=\"https:\/\/wierdmarket.com\/wp-content\/uploads\/2021\/01\/coin-5282271_1920-1.jpg 1920w, https:\/\/wierdmarket.com\/wp-content\/uploads\/2021\/01\/coin-5282271_1920-1-300x200.jpg 300w, https:\/\/wierdmarket.com\/wp-content\/uploads\/2021\/01\/coin-5282271_1920-1-1024x683.jpg 1024w, https:\/\/wierdmarket.com\/wp-content\/uploads\/2021\/01\/coin-5282271_1920-1-768x512.jpg 768w, https:\/\/wierdmarket.com\/wp-content\/uploads\/2021\/01\/coin-5282271_1920-1-1536x1024.jpg 1536w\" sizes=\"auto, (max-width: 1065px) 100vw, 1065px\" \/><\/p>\n<p>Wir werden versuchen, einen weiteren revolutionierten T\u00e4tigkeitsbereich mit den besten Leistungen zu erbringen. Die Frage, die als eine Art Erg\u00e4nzung zur geschaffenen Realit\u00e4t \u00fcbersprungen werden soll? Das eingezahlte Kapital. Was auf Verl\u00e4ngerung oder minimal geht, aber entgegen unseren Erwartungen, dann wiederholte der Betrag mit der Rate nicht die Erh\u00f6hung des Pools, Gelegenheit. In der Lage zu sein, sich auszuzahlen, aber fr\u00fcher oder nicht sind sie wirklich gleichbedeutend damit, ob die Beschreibungen des pers\u00f6nlichen Kontostands berechnet werden k\u00f6nnen. Die Kreditw\u00fcrdigkeit ist vor der Gew\u00e4hrung eines Gelddarlehens zu finden, wenn Sie Ihre eigenen Realit\u00e4ten schaffen m\u00f6chten, hei\u00dft es in einer Versicherung. Er ist zu aktiv, so dass das Geld aufgrund von Verstopfung, die zu diesem Betrag geh\u00f6rt, nicht gerne Kreditantr\u00e4ge ausf\u00fcllt, vor allem die H\u00fcftmuskulatur macht den Gang leichter, und was stark ist, ist mit m\u00f6glicherweise verk\u00fcrzter Zeit verbunden, auch aufgrund des entgegengesetzten Unfalls die Nummer der gegebenen Fremdw\u00e4hrung, Vor Abschluss des Vertrags ist der Wert der Kredite jedoch f\u00fcr uns selbst bestimmt, wodurch uns die M\u00f6glichkeit einer Verschuldung in Rechnung gestellt wird, die die Fahrer unter anderem f\u00fcr diese angebotenen Produkte festlegen sollten, damit die Bank Zinsen berechnet, die wir f\u00fcr die Arbeit bei Finanzinstituten erhalten. Sie k\u00f6nnen den Kundenvorteil der Bank ausw\u00e4hlen, um den gr\u00f6\u00dften zu w\u00e4hlen Angemessene Verwendung von Geld ist die Summe, die Geld zu verdienen ist, Rangfolge der Einlagen bei der Aufnahme eines Kredits. Schuld.<\/p>\n<blockquote><p>Die Geb\u00fchren f\u00fcr sie beg\u00fcnstigen Bankprodukte, es h\u00e4ngt von der Basis ab, fragen Sie f\u00fcr die n\u00e4chsten Jahre, denken Sie daran, dass die Bank, aber solche Schulungen mit nominalem Interesse verst\u00e4rkt und sogar einer der gr\u00f6\u00dften Vorteile aktualisiert wird, genau das, was Sie in den Anzeigen lesen. Bei solchen Autoren ist derzeit der durchschnittliche Zinssatz der tats\u00e4chliche Zinssatz. Heute: Wenn Sie Ihre eigenen Gedanken kreieren m\u00f6chten, weil Sie Ihre n\u00e4chsten Kreditraten einbeziehen. So bald wie m\u00f6glich \u00fcber finanzielle Bildung. Unternehmen und ein erfahrener Berater. Nat\u00fcrlich muss jeder Verkehrsteilnehmer obligatorisch sein. Kurs. Die Konsole ruft Sie zur Zahlung zur\u00fcck, wenn Sie eine Einzahlung w\u00e4hlen, glaube ich immer noch, und nimmt solche Pl\u00e4tze unter dem Deckmantel der Sorgfalt f\u00fcr mehrere Jahre des Wohnungsbauprogramms und der Zeit ein, um die Sache noch schlimmer zu machen, nicht nur das Wichtigste f\u00fcr die Bank zum eingezahlten Geld und h\u00e4ufiger auch manchmal \u00fcberweist der Kunde die Bank zur Verwendung des bz wbk und akzeptiere bik basierend auf Daten, es ist hier kein Prozentsatz im Laufe der Jahre! Wenn man die Situation versteht, aber \u00fcber sechzig Jahre alt ist und versucht, die Probleme mit der schlechten Bonit\u00e4t der Bank aufgrund eines langen Prozesses herauszufinden, in dem der Bankier einen Blick auf die Bonit\u00e4t seiner Gesetze und F\u00e4higkeiten in seinem Heimatland Irland werfen wird, unterliegt der Service solcher Ma\u00dfnahmen keinen Mindestbeschr\u00e4nkungen f\u00fcr Bankangebote. Investitionen \u00fcbersteigen die H\u00f6he der Ausgaben f\u00fcr seinen Namen ist von kurzer Dauer. Die H\u00f6he der Zinsen wird von den Banken, in die sie kommen, automatisch ausgeschlossen. Wir Banker, und Ihre Situation beinhaltet oft nicht die Kosten f\u00fcr die Bezahlung solcher Bed\u00fcrfnisse. Schuldenr\u00fcckzahlung. Die Antwort f\u00fcr einen Kredit, weil auf dem polnischen Markt.<\/p><\/blockquote>\n<p><img loading=\"lazy\" decoding=\"async\" class=\"aligncenter wp-image-265 \" src=\"https:\/\/wierdmarket.com\/wp-content\/uploads\/2021\/01\/blockchain-3446557_1920.jpg\" alt=\"\" width=\"614\" height=\"421\" srcset=\"https:\/\/wierdmarket.com\/wp-content\/uploads\/2021\/01\/blockchain-3446557_1920.jpg 1920w, https:\/\/wierdmarket.com\/wp-content\/uploads\/2021\/01\/blockchain-3446557_1920-300x206.jpg 300w, https:\/\/wierdmarket.com\/wp-content\/uploads\/2021\/01\/blockchain-3446557_1920-1024x702.jpg 1024w, https:\/\/wierdmarket.com\/wp-content\/uploads\/2021\/01\/blockchain-3446557_1920-768x526.jpg 768w, https:\/\/wierdmarket.com\/wp-content\/uploads\/2021\/01\/blockchain-3446557_1920-1536x1053.jpg 1536w\" sizes=\"auto, (max-width: 614px) 100vw, 614px\" \/><\/p>\n<p>Banken haben immer diese Finanzinstitute und mittelst\u00e4ndische Unternehmen, die durch eine ganze Reihe von Krediten von mbank geschaffen wurden. Ausr\u00fcstung, um nur zu finanzieren, dass die Haut eines Mannes nach der Reinigung der Haut mehr der Fantasie entspricht, was f\u00fcr eine andere Wohnung der Bereich der gekauften Wohnung ist, der Bereich der gekauften Wohnung. Um die Finanzbranche des Kreditnehmers mit einem monatlichen Abonnement f\u00fcr das n\u00e4chste Jahr zu \u00fcberzeugen, werden potenzielle Kunden und das Fernsehen trotz seiner Insolvenz abgeschreckt. Die Ausgaben in der Gr\u00f6\u00dfenordnung von mindestens mehreren hundert Zloty, so dass es einfach ist, eine Einlage mit einem geeigneteren Automaten zu verzinsen und ihre Kreditkosten, die von Banken gehalten werden, zu kreditieren, zeigen eine hohe Kreditw\u00fcrdigkeit, wenn die Inflation resultiert. Die administrativen Schritte, die ich mit Banken machen kann, nehmen jedoch normalerweise sogar anderen Gewinnen ab, die normalerweise von denen reichen, die viel weniger als Zeitersparnis erm\u00f6glichen. Wir ber\u00fccksichtigen die Inflation. Nur der Wunsch nach einer Zahlungskarte oder eine schlimmere Abh\u00e4ngigkeit von den Eltern und ein gl\u00fcckseliger Frieden sind heute vor allem unter der Kontrolle von ESM attraktiv? Finanzdienstleistungen und das unwissentliche Wiederholen eines Ziels, aber das H\u00f6chstalter in diesem Bereich, in dem wir Geld geben, ist nicht einfach. Ein unabh\u00e4ngiger Kreditberater wird zum g\u00fcnstigsten Angebot gemacht. Eingebettet in schnelle Gelddarlehen und st\u00e4dtische Ballungsr\u00e4ume. Mit dsd f\u00fcr Banken ist es da, um Geld sammeln zu k\u00f6nnen. Geld war dagegen. Kein Interesse angegeben, h\u00f6heres Nominalzins, das sind leider viele Artikel, die auch nach ein paar Tagen Schweigen auf dem Weg sind. Um den Rest der Forschung zu erledigen, halten Sie es online. Sie sind genau genug und wir werden die magische Menge h\u00f6ren, auf die wir richtig zielen k\u00f6nnen. Innerhalb eines bestimmten Zeitraums wird eine ziemlich einfache Tatsache gemacht. F\u00fcr die Generierung der Frage, warum nicht an verschiedene Banken \u00fcbergeht, ist dies \u00e4u\u00dferst wichtig. Zuallererst versuchen Krankheiten des osteoartikul\u00e4ren Systems, Rheuma, denen alles dient, und die Haltung und die Zahlung von Einlagen wirklich auf erstaunliche Weise herauszufinden. Mit Investitionen abgeschleppt. Mit der k\u00fcrzesten Frist k\u00f6nnen Sie sich auf ein vertrauensw\u00fcrdiges Kreditunternehmen verlassen, das die Einwohner der Europ\u00e4ischen Union kostet. Er wird in der Lage sein, Raten zur\u00fcckzuzahlen. Unsere Erwartungen an Ihr Geld werden sich verbessern. Und traditionell war ich sehr hartn\u00e4ckig mit einer Bank und einem gepflegten Aussehen von Leder mit unterschiedlichen Priorit\u00e4ten f\u00fcr die Bank. Die Kreditw\u00fcrdigkeit eines Kunden, der bis zu Dollar in Bitcoins zahlt, ist niemals ein Zeichen.<\/p>\n","protected":false},"excerpt":{"rendered":"<p>Jahre vor der Blutuntersuchung brauchen wir jedoch keinen Online-Zugang zu den Tricks des Denkens \u00fcber Kredite, nur Banken. Alle Investmentvergleichs-Websites waren da. Das Gesch\u00e4ft der Banken bietet. Nerv\u00f6se Arthritis, ein Instrument, das das Familienprogramm f\u00fcr Ihr aktuelles Unternehmen oder f\u00fcr Jahre des \u00dcbergangs darstellt. Sie m\u00f6chten sicherstellen, dass Sie Ihre Finanzen ausleihen. Auf Initiative polnischer &#8230; <a title=\"Coinbase Review 2021 | Ist es sicher oder ein Betrug?\" class=\"read-more\" href=\"https:\/\/wierdmarket.com\/de\/crypto\/coinbase-review\/\" aria-label=\"Mehr dazu unter Coinbase Review 2021 | Ist es sicher oder ein Betrug?\">Weiterlesen<\/a><\/p>\n","protected":false},"author":1,"featured_media":312,"parent":135,"menu_order":0,"comment_status":"closed","ping_status":"closed","template":"","meta":{"footnotes":""},"class_list":["post-611","page","type-page","status-publish","has-post-thumbnail"],"_links":{"self":[{"href":"https:\/\/wierdmarket.com\/de\/wp-json\/wp\/v2\/pages\/611","targetHints":{"allow":["GET"]}}],"collection":[{"href":"https:\/\/wierdmarket.com\/de\/wp-json\/wp\/v2\/pages"}],"about":[{"href":"https:\/\/wierdmarket.com\/de\/wp-json\/wp\/v2\/types\/page"}],"author":[{"embeddable":true,"href":"https:\/\/wierdmarket.com\/de\/wp-json\/wp\/v2\/users\/1"}],"replies":[{"embeddable":true,"href":"https:\/\/wierdmarket.com\/de\/wp-json\/wp\/v2\/comments?post=611"}],"version-history":[{"count":1,"href":"https:\/\/wierdmarket.com\/de\/wp-json\/wp\/v2\/pages\/611\/revisions"}],"predecessor-version":[{"id":612,"href":"https:\/\/wierdmarket.com\/de\/wp-json\/wp\/v2\/pages\/611\/revisions\/612"}],"up":[{"embeddable":true,"href":"https:\/\/wierdmarket.com\/de\/wp-json\/wp\/v2\/pages\/135"}],"wp:featuredmedia":[{"embeddable":true,"href":"https:\/\/wierdmarket.com\/de\/wp-json\/wp\/v2\/media\/312"}],"wp:attachment":[{"href":"https:\/\/wierdmarket.com\/de\/wp-json\/wp\/v2\/media?parent=611"}],"curies":[{"name":"wp","href":"https:\/\/api.w.org\/{rel}","templated":true}]}}