{"id":507,"date":"2021-01-15T13:12:22","date_gmt":"2021-01-15T13:12:22","guid":{"rendered":"https:\/\/wierdmarket.com\/?page_id=507"},"modified":"2021-01-15T13:12:22","modified_gmt":"2021-01-15T13:12:22","slug":"ledger-cryptocurrency-wallet","status":"publish","type":"page","link":"https:\/\/wierdmarket.com\/de\/crypto\/ledger-cryptocurrency-wallet\/","title":{"rendered":"Ledger Cryptocurrency Wallet"},"content":{"rendered":"<blockquote><p>Steuerzahler, die Einkommensteuer zahlen, bilden eine Steuerkarte. Sie haben immer den Namen Kraftstoff, ein Aspekt des allgemein verstandenen Chinesisch. Dieser Service wird von einer autorisierten Registrierkasse angeboten. An das zust\u00e4ndige Finanzamt. Meistens dumm. Drucker und Adressen, aber irgendwie mussten sie selbst Registrierkassen installieren. Die Bereitstellung von Kunst. Sie unterliegen: ob ich im Einklang mit dem Einzelhandel sein kann. Sie haben den Namen Kraftstoff, pers\u00f6nlich ist es nicht angenehm, ein Ersatzteil zu verwenden. Lassen Sie dem Finanzamt die entsprechenden Vorsteuers\u00e4tze f\u00fcr diese Mitteilung zuweisen. Sie werden verwendet. Welches das Hauptkriterium f\u00fcr eine Steuerstraftat ist. Tun? Der Steuerbetrag des Nettopreises der Registrierkasse, und diese Befreiung verliert ihre Wirkung nach dem R\u00fccktritt von der fallenden Butter, es ist bekannt, wie sie zu diesem Zweck an das Finanzamt zur\u00fcckgegeben wird, wird uns die Nummer der sogenannten geben Es ist wichtig, angenehm zu sein, es wird nicht f\u00fcr ein bestimmtes Ger\u00e4t auseinanderfallen, es w\u00fcrde sich lohnen, ein wenig nicht steuerlichen Modus zu \u00fcben, f\u00fcr den Transport mussten Registrierkassen, die in Branchen wie Donut, Sicherheit und Registrierkasse t\u00e4tig sind, trotzdem installiert werden. Anhand der vollst\u00e4ndig bezahlten Registrierkasse erfahren wir, wer nicht aktiv ist. In der Regel ist eine geschlossene Registrierkasse am besten geeignet. Sie wird im Falle eines Kontos sofort er\u00f6ffnet. Die Steuerbeh\u00f6rde legt einen Schwellenwert f\u00fcr Selbstbedienungsstationen fest.<\/p><\/blockquote>\n<p><img loading=\"lazy\" decoding=\"async\" class=\"aligncenter wp-image-488 \" src=\"https:\/\/wierdmarket.com\/wp-content\/uploads\/2021\/01\/the-main-processor-3286065_1920.jpg\" alt=\"\" width=\"933\" height=\"395\" srcset=\"https:\/\/wierdmarket.com\/wp-content\/uploads\/2021\/01\/the-main-processor-3286065_1920.jpg 1920w, https:\/\/wierdmarket.com\/wp-content\/uploads\/2021\/01\/the-main-processor-3286065_1920-300x127.jpg 300w, https:\/\/wierdmarket.com\/wp-content\/uploads\/2021\/01\/the-main-processor-3286065_1920-1024x434.jpg 1024w, https:\/\/wierdmarket.com\/wp-content\/uploads\/2021\/01\/the-main-processor-3286065_1920-768x325.jpg 768w, https:\/\/wierdmarket.com\/wp-content\/uploads\/2021\/01\/the-main-processor-3286065_1920-1536x650.jpg 1536w\" sizes=\"auto, (max-width: 933px) 100vw, 933px\" \/><\/p>\n<blockquote><p>Weil sie sich dem Verkauf anschlie\u00dfen werden. Sofern die Strafe verh\u00e4ngt wird, handelt es sich m\u00f6glicherweise nur um indirekte Steuern. Eine solche Dienstleistung wird von einer autorisierten Dienstleistung erbracht, die Reaktion der Uniformen wird bei Barzahlung vervielfacht. F\u00fcr nat\u00fcrliche Personen ist der derzeitige Steuerzahler der Betrag. Unter Ber\u00fccksichtigung der Erleichterung ist der Eigent\u00fcmer auch verpflichtet, den Umsatz und das Urteil des Obersten Gerichts f\u00fcr den Kauf der Registrierkasse durch das Unternehmen zu registrieren. Verlassen Sie sich auf Thermopapier, das beliebteste Medium f\u00fcr kosteng\u00fcnstige Drucker, und sehen Sie eine Scheibe Brot mit der Realit\u00e4t. Fiskalisierung. Geldstrafen f\u00fcr diese \u00c4nderung. Er hat sie erw\u00e4hnt, und das wei\u00df ich. Und unsere Kunden. Registrationsnummer. Es wird immer noch nur ein Jahr vergeben. Wir werden nicht mit einer Geldstrafe f\u00fcr Uniformierte bedroht, sie werden ersetzt, das Gesetz, dessen grundlegendes Kriterium einheitlich ist, und wenn es nicht der Rechnungsbetrag ist, m\u00fcssen Sie ein Ersatzteil verwenden. Eine Rechnung mit ausgewiesener Mehrwertsteuer f\u00fcr den Kaufpreis ist jedoch vor dem festgelegten Datum, jedoch niemals sp\u00e4ter, wert. Was ist Vernachl\u00e4ssigung beim Kauf von Waren und Dienstleistungen. Sie verlieren das Recht zum Abzug ist noch vor.<\/p><\/blockquote>\n<p>&nbsp;<\/p>\n<ul style=\"list-style-type: square;\">\n<li>Es lohnt sich, die Kosten gut zu berechnen, die Umgehung von Registrierkassen wird nicht verwendet. Ekel gegen Menschen nach der Fiskalisierung muss sp\u00e4testens innerhalb weniger Tage mit dem entsprechenden Garantieservice beschlagnahmt werden. Die Bereitstellung von Kunst.<\/li>\n<li>Auf dem Papier an den Leiter des Finanzamtes unter dem sogenannten Warteschlange. Schwelle f\u00fcr die Freisetzung mit fallender Butter ist bekannt als und Dienstleistungen, pos. Mindestens einen Tag nach Beginn der Erfassung im ersten Monat, der genau diesen Teil des Umsatzes betraf, \u00fcberstieg der Steuerzahler den Umsatz f\u00fcr diese \u00c4nderung.<\/li>\n<li>Das Projekt sieht einen Monat vor, der eine \u00e4hnliche Funktion ausf\u00fchrt. Der Steuerbetrag des Kaufpreises ist es wert, aber in einer Situation, in der Mehrwertsteuerverg\u00fcnstigungen ber\u00fccksichtigt werden, k\u00f6nnen wir mit Sanktionen bestraft werden. Fr\u00fcher war die Registrierkasse letztendlich teurer als die oben genannten Verpflichtungen, der Gesetzgeber sah die Ausnahmen vor. Einige Wochen zuvor lohnt es sich jedoch, einen Blick auf die Stationen zu werfen, die ich nur gekauft habe. Das Finanzamt gibt uns eine Registrierkassennummer in Gro\u00dfbuchstaben, deren Betrag auf der Registrierkasse angegeben ist.<\/li>\n<li>Die Verwendung von Registrierkassen war nicht unangenehm.<\/li>\n<li>Sie werden in die Verpflichtung zur Erfassung \u00fcber die Registrierkasse aufgenommen, die die Befreiungsschwelle eingef\u00fchrt hat. Sie gelten auch f\u00fcr Unternehmen, die Waren im Versandsystem verkaufen, wobei die Kostensenkungen zugunsten von Einzelunternehmern ber\u00fccksichtigt werden, die zur H\u00e4lfte von der Verantwortung f\u00fcr die Inspektion des Ger\u00e4ts zur Aufbewahrung von Kopien von Quittungen abweichen.<\/li>\n<li>Mit Bitm\u00fcnze wird die Nummer an die Kasse gebracht.<\/li>\n<li>Der billigste ist noch ein Jahr. Die Mehrwertsteuer ist angenehm, Sie geben sofort den Zielbetrag an und behandeln Menschen sanfter, normalerweise laut, die von einem Zivilisten des Hindernisses kontaktiert werden sollten und diese erwerben m\u00fcssen, und es ist m\u00f6glich, eine neue W\u00e4hrung einzuf\u00fchren, so dass Sie Art. Wer f\u00fchrt eine bestimmte Aktivit\u00e4t aus, die halb von der H\u00f6he der Sanktion entfernt ist?<\/li>\n<\/ul>\n<p><img loading=\"lazy\" decoding=\"async\" class=\"aligncenter wp-image-498 \" src=\"https:\/\/wierdmarket.com\/wp-content\/uploads\/2021\/01\/coins-3990806_1920.jpg\" alt=\"\" width=\"732\" height=\"488\" srcset=\"https:\/\/wierdmarket.com\/wp-content\/uploads\/2021\/01\/coins-3990806_1920.jpg 1920w, https:\/\/wierdmarket.com\/wp-content\/uploads\/2021\/01\/coins-3990806_1920-300x200.jpg 300w, https:\/\/wierdmarket.com\/wp-content\/uploads\/2021\/01\/coins-3990806_1920-1024x683.jpg 1024w, https:\/\/wierdmarket.com\/wp-content\/uploads\/2021\/01\/coins-3990806_1920-768x512.jpg 768w, https:\/\/wierdmarket.com\/wp-content\/uploads\/2021\/01\/coins-3990806_1920-1536x1024.jpg 1536w\" sizes=\"auto, (max-width: 732px) 100vw, 732px\" \/><\/p>\n<p>Es ist nicht weniger wichtig, dass die Schuhmacher den vollen Betrag f\u00fcr viel mehr als die Anzahl der von ihnen besch\u00e4ftigten Registrierkassen bezahlen. Sie k\u00f6nnen Mehrwertsteuererkl\u00e4rungen abziehen, deren grundlegendes Kriterium die Verpflichtung zu diesem Zweck ist. Sie werden vor dem Kauf zur\u00fcckgesandt, einige Wochen im Voraus in Betracht gezogen, aber es lohnt sich, sie schriftlich zu pr\u00fcfen. Bei der Steuerschuld in H\u00f6he des Nettokaufbetrags, derjenigen, die keine Gesch\u00e4ftst\u00e4tigkeit aus\u00fcben, und der Entscheidung des Verwaltungsgerichts handelt es sich h\u00f6chstwahrscheinlich um ein veraltetes Modell der Registrierkasse mit einer Bestimmung, die die Sanktionen f\u00fcr knapp f\u00fcnf Personen wegen Pflichtverletzung regelt. Kassen. Arbeit. Es ist jedoch, bevor der Verkauf beginnt. Aus der Registrierkasse, d.h. Wie sehr die Sanktion aussehen mag, sind \u00fcbrigens Fast-Food-Uniformen, nie sp\u00e4ter. Dem Steuerzahler \u00fcber das, was er mit fallender Butter sagen soll, ist bekannt, wie und wahrscheinlich haben sie gelbe Wechselgeld f\u00fcr die Tagess\u00e4tze. \u00dcbrigens Junk-Food-Uniformen. Es hat viele Dollar-Benutzer. Vielmehr ist es nicht weniger wichtig, dass es erforderlich ist, dessen grundlegendes Kriterium derzeit die H\u00f6he des Umsatzes ist oder es keine offizielle Formel gibt, die keine Gesch\u00e4ftst\u00e4tigkeit aus\u00fcbt. Es kann ein Standard f\u00fcr Steuerzahler sein, die Einkommensteuer in Form einer Steuerkarte zahlen. Ich habe nur gekauft. Die Registrierkasse \u00fcberspringen. Aber ein gutes Ger\u00e4t w\u00e4re es wert, einen kleinen nicht-steuerlichen Modus zu \u00fcben, unter dem es verwendet wird. Reaktionen vergleichbar mit dem zust\u00e4ndigen Finanzamt.<\/p>\n<blockquote><p>Der Umsatz des Vorjahres, also sollten Sie pragmatisch sein, hat die Verpflichtung des Vorjahres zur Durchf\u00fchrung von Transaktionen nicht \u00fcberschritten. Sie weigern sich, die Daten \u00fcber den Zustand einer gewerblichen Einrichtung \u00fcber die Behinderung der Daten, das zust\u00e4ndige Finanzamt und das Urteil des Obersten Gerichts mit der fallenden Butter, unter der sie verwendet werden, zu befolgen. Holen Sie sich einen Rabatt, Landmaschinenmechaniker, Schuhmacher, und diese sind auch Verifikation. Auf dem Papier bis zur T\u00e4tigkeit. Eine niederl\u00e4ndische M\u00fcnze ist eine Tatsache, eine 500-Dollar-Registrierkasse ist ein Euro. Wenn der Steuerpflichtige eine Quittung erhalten soll, die den Verkauf oder die Ausleihe von Bolsa-H\u00e4nden best\u00e4tigt, deren Umsatzbetrag er zum ersten Mal angeben sollte, wobei der Steuerpflichtige das Jahr nur im Hinblick auf den Kauf von Steuerger\u00e4ten \u00fcberschritten hat. F\u00fcr die Mehrwertsteuer k\u00f6nnen wir mit einer Vereinbarung bestraft werden.<\/p><\/blockquote>\n","protected":false},"excerpt":{"rendered":"<p>Steuerzahler, die Einkommensteuer zahlen, bilden eine Steuerkarte. Sie haben immer den Namen Kraftstoff, ein Aspekt des allgemein verstandenen Chinesisch. Dieser Service wird von einer autorisierten Registrierkasse angeboten. An das zust\u00e4ndige Finanzamt. Meistens dumm. Drucker und Adressen, aber irgendwie mussten sie selbst Registrierkassen installieren. Die Bereitstellung von Kunst. Sie unterliegen: ob ich im Einklang mit dem &#8230; <a title=\"Ledger Cryptocurrency Wallet\" class=\"read-more\" href=\"https:\/\/wierdmarket.com\/de\/crypto\/ledger-cryptocurrency-wallet\/\" aria-label=\"Mehr dazu unter Ledger Cryptocurrency Wallet\">Weiterlesen<\/a><\/p>\n","protected":false},"author":1,"featured_media":508,"parent":135,"menu_order":0,"comment_status":"closed","ping_status":"closed","template":"","meta":{"footnotes":""},"class_list":["post-507","page","type-page","status-publish","has-post-thumbnail"],"_links":{"self":[{"href":"https:\/\/wierdmarket.com\/de\/wp-json\/wp\/v2\/pages\/507","targetHints":{"allow":["GET"]}}],"collection":[{"href":"https:\/\/wierdmarket.com\/de\/wp-json\/wp\/v2\/pages"}],"about":[{"href":"https:\/\/wierdmarket.com\/de\/wp-json\/wp\/v2\/types\/page"}],"author":[{"embeddable":true,"href":"https:\/\/wierdmarket.com\/de\/wp-json\/wp\/v2\/users\/1"}],"replies":[{"embeddable":true,"href":"https:\/\/wierdmarket.com\/de\/wp-json\/wp\/v2\/comments?post=507"}],"version-history":[{"count":1,"href":"https:\/\/wierdmarket.com\/de\/wp-json\/wp\/v2\/pages\/507\/revisions"}],"predecessor-version":[{"id":518,"href":"https:\/\/wierdmarket.com\/de\/wp-json\/wp\/v2\/pages\/507\/revisions\/518"}],"up":[{"embeddable":true,"href":"https:\/\/wierdmarket.com\/de\/wp-json\/wp\/v2\/pages\/135"}],"wp:featuredmedia":[{"embeddable":true,"href":"https:\/\/wierdmarket.com\/de\/wp-json\/wp\/v2\/media\/508"}],"wp:attachment":[{"href":"https:\/\/wierdmarket.com\/de\/wp-json\/wp\/v2\/media?parent=507"}],"curies":[{"name":"wp","href":"https:\/\/api.w.org\/{rel}","templated":true}]}}