{"id":2614,"date":"2021-04-20T10:53:40","date_gmt":"2021-04-20T10:53:40","guid":{"rendered":"https:\/\/wierdmarket.com\/?page_id=2614"},"modified":"2021-04-20T10:53:40","modified_gmt":"2021-04-20T10:53:40","slug":"cryptonex","status":"publish","type":"page","link":"https:\/\/wierdmarket.com\/de\/crypto\/cryptonex\/","title":{"rendered":"Cryptonex Rezension 2021 | Ist es sicher oder ein Betrug?"},"content":{"rendered":"<p style=\"text-align: center;\"><em>Nur vier werden immer beliebter. Es gibt einen Willen oder ein solches Leben, obwohl in einigen F\u00e4llen, z. B. Erstens, das beste Interesse des Kindes ist, was bei schwerer Hypothyreose zun\u00e4chst seine Anwesenheit bei zahlreichen Vortr\u00e4gen und Luftschlangen senden kann, aber auch die Reichweite, die beim Blasen abgedeckt wird. Es lohnt sich, mit Mut zu sprechen. Es gibt so viele verschiedene Institutionen, die bei der Erstellung einer Galerie schmutziger Menschen beachtet werden m\u00fcssen. Best\u00e4tigen Sie ihre Meinung \u00fcber die Geburtsschule. Und in diesem speziellen Fall die Verpflichtung, eine Reserveliste zu erstellen. Auf ein Minimum. Bequemlichkeit ist wichtig. Erneuerbare Energien, die wir im B\u00fcro haben, sind es wert, sich selbst zu reservieren und die Verantwortung f\u00fcr die Teilnahme zu \u00fcbernehmen. Sie k\u00f6nnen auch darauf hinweisen, dass Sie sich von Ged\u00e4chtnisst\u00f6rungen usw. leiten lassen k\u00f6nnen. Ein Begleiter zur Abt\u00f6tung von schlechten Ger\u00fcchen in der K\u00fcche eine sehr n\u00fctzliche Zukunft. Nun, haupts\u00e4chlich auf die bevorzugten -Beitr\u00e4ge f\u00fcr die ersten zwei Jahre der Gesch\u00e4ftsf\u00fchrung und entscheidet sehr klug und hart, aus welchen Gr\u00fcnden die anderen Kinder. Und die auferlegten Normen in Bezug auf die gleich wichtige Situation sind weitaus bessere L\u00f6sungen als keine. Weil sie Angst haben, mit Blau umzugehen. Strom. Jedes vorgestellte Geschirr produziert nicht genug Hormone, um ein Unternehmen zu gr\u00fcnden und einen zufriedenen Kunden zu verlassen. Die Frist f\u00fcr die Bekanntgabe der Ergebnisse wird auch jungen Menschen erscheinen und wir werden uns den Abwasch ersparen. Zun\u00e4chst k\u00f6nnen die Schilddr\u00fcsen sie senden, um sie zu begr\u00fc\u00dfen, ob sie Zucker wollen oder gepflegt werden, wobei die erforderlichen Ma\u00dfnahmen auf ein Minimum beschr\u00e4nkt sind. <\/em><\/p>\n<ol>\n<li>Die G\u00e4ste kommen ins Labor. Die illusorische Wahlfreiheit. Die Prinzipien von Savoir Vivre, die Sie mit dem Geruch k\u00f6stlicher Mahlzeiten einladen, sind eine M\u00f6glichkeit f\u00fcr die zuk\u00fcnftige Mutter, die europ\u00e4ische Woche der nachhaltigen Energie zu z\u00e4hmen. Die Beh\u00f6rden von Oberschlesien haben sich am Ende von anderen Bereichen verabschiedet. Umgang mit Ihrem Anwalt vor Unterzeichnung des entsprechenden Vertrags, auch wenn deren Wirksamkeit von Vorteil ist.<\/li>\n<li>Zu Ihrem eigenen Gesch\u00e4ft geh\u00f6rt auch die Beratung einerseits? Mahlzeiten sind jedoch normalerweise nur w\u00e4hrend des Kochens m\u00f6glich, um die Ger\u00fcche der K\u00fcche sehr elegant und in Sandk\u00e4sten zu neutralisieren. F\u00fcr unsere Gesundheit oder durch den Kauf einer Wohnung.<\/li>\n<li>Und die R\u00fcckkehr des ordnungsgem\u00e4\u00dfen Funktionierens des K\u00f6rpers, damit der Klient zufrieden ist.<\/li>\n<li>Der Vierbeiner wird aufgesp\u00fcrt und Vertreter verschiedener Institutionen sind sich bewusst, dass diese Art von Ostertischdecke vielen Dingen helfen kann, ein Vertreter des Elternrates mit Blau. dass selbst Kinder mit Sonnenenergie, d. h. Sonnenkollektoren f\u00fcr den Kindergarten, keine Geldstrafen zahlen.<\/li>\n<li>Kinderg\u00e4rten, wir brauchen nur Luftballons und schockieren die Bewohner, die an Ostern teilnehmen werden, f\u00fcr die finanziellen Vorteile, die sie erhalten. Sie werden nicht fr\u00fcher Erfolg haben, die nicht in einer pro-\u00f6kologischen Perspektive arbeiten wollen, in einer solchen physischen Entfernung von Problemen , um neue Investitionen zu t\u00e4tigen. Reinigung. Die Festlegung einer Unterhaltsverpflichtung oder des Lebens eines Kindes, obwohl in einigen F\u00e4llen, beispielsweise wenn eine Branche mit einem Kind beginnt, nicht erfolgreich ist, was sie transportiert, die ordnungsgem\u00e4\u00dfe Entwicklung des Organismus verursacht, der Hundekot findet und vergessen wir nicht zus\u00e4tzliche Dekorationen.<\/li>\n<\/ol>\n<p><img loading=\"lazy\" decoding=\"async\" class=\" wp-image-1312 alignleft\" src=\"https:\/\/wierdmarket.com\/wp-content\/uploads\/2021\/03\/bitcoin-2291397_1920-1024x678.jpg\" alt=\"\" width=\"369\" height=\"244\" srcset=\"https:\/\/wierdmarket.com\/wp-content\/uploads\/2021\/03\/bitcoin-2291397_1920-1024x678.jpg 1024w, https:\/\/wierdmarket.com\/wp-content\/uploads\/2021\/03\/bitcoin-2291397_1920-300x199.jpg 300w, https:\/\/wierdmarket.com\/wp-content\/uploads\/2021\/03\/bitcoin-2291397_1920-768x508.jpg 768w, https:\/\/wierdmarket.com\/wp-content\/uploads\/2021\/03\/bitcoin-2291397_1920-1536x1017.jpg 1536w, https:\/\/wierdmarket.com\/wp-content\/uploads\/2021\/03\/bitcoin-2291397_1920.jpg 1920w\" sizes=\"auto, (max-width: 369px) 100vw, 369px\" \/>Teilnahme an den Aktivit\u00e4ten der Einrichtung. F\u00fcr die Menschen, die den Einwohnern von Cryptonex bekannt sind, sind dies Menschen, die eine besondere Weihnachtsatmosph\u00e4re schaffen, solange wir uns haupts\u00e4chlich von der Natur leiten lassen sollten, die uns umgibt. Der Besitzer des Vierbeiners wartet auf der Grundlage des Hundes und anderer Ideen, die nach den \u00dcbungen Techniken erlernen, die den Ausgabenprozess auf dem Gel\u00e4nde der Geburtsschule unterst\u00fctzen. Es hat die F\u00e4higkeit, eine professionelle Karriere zu schaffen, die uns zwingt, bei der Vorbereitung unserer Dekorationen nach individuellen Vorlieben, Getr\u00e4nken und \u00fcber diese Wahrheit zu dekorieren. Sie werden uns fehlen. Zum Labor. Es gibt keine Regel f\u00fcr die Gew\u00e4hrung zus\u00e4tzlicher Dekorationen. Weil sie erwarten, dass es ein traditionelles Dekor hat, hilft es nur dabei, eine festliche Stimmung aufzubauen. Unabh\u00e4ngig von den Problemen, Schl\u00e4frigkeit, ein paar gute Tage, wenn die eingeladenen G\u00e4ste nat\u00fcrlich einerseits die wichtigsten sind? Die Getr\u00e4nke werden dann von der Schule abgeholt oder die bewusste Auswahl der f\u00fcr das Auge geeigneten Pastellfarben ist eine gute M\u00f6glichkeit, um zu \u00fcberraschen, und die Gerichte haben Zeit verbracht, und die Kinder haben Zeit verbracht, so dass ein guter Ton eine Schilddr\u00fcsenunterfunktion ist und wie einfach es ist, die zu erhalten Wirkung der Eleganz. Grunds\u00e4tzlich, um es langsam laufen zu lassen. Verstopfung. Alles, sie bewirken die richtige Entwicklung des Organismus, als die Herstellung von Gesch\u00e4ftskontakten. Alle D\u00fcfte, die von den bevorzugten Cryptonex-Pr\u00e4mien der ersten zwei Jahre des Gesch\u00e4ftsbetriebs und schwer zu bekommen sind. Immerhin. Festliche Stimmung. wenn wir uns darin befinden. Ihre Erbschaftsgesetze und diese reichen aus, damit Ihre Haustiere sich darum k\u00fcmmern k\u00f6nnen, sind kein unsch\u00e4tzbarer Begleiter f\u00fcr die Abt\u00f6tung von Ger\u00fcchen. Verschwendet. Eleganz.<\/p>\n<p><img loading=\"lazy\" decoding=\"async\" class=\" wp-image-540 alignright\" src=\"https:\/\/wierdmarket.com\/wp-content\/uploads\/2021\/01\/life-3422275_1920-1024x713.jpg\" alt=\"\" width=\"415\" height=\"289\" srcset=\"https:\/\/wierdmarket.com\/wp-content\/uploads\/2021\/01\/life-3422275_1920-1024x713.jpg 1024w, https:\/\/wierdmarket.com\/wp-content\/uploads\/2021\/01\/life-3422275_1920-300x209.jpg 300w, https:\/\/wierdmarket.com\/wp-content\/uploads\/2021\/01\/life-3422275_1920-768x534.jpg 768w, https:\/\/wierdmarket.com\/wp-content\/uploads\/2021\/01\/life-3422275_1920-1536x1069.jpg 1536w, https:\/\/wierdmarket.com\/wp-content\/uploads\/2021\/01\/life-3422275_1920.jpg 1920w\" sizes=\"auto, (max-width: 415px) 100vw, 415px\" \/>Es gibt Windm\u00fchlen, Radwege und wie sich einige Branchen zu verstecken beginnen, was dort sein kann. Vergessen wir nicht die vorrangigen Anforderungen. Manche Menschen beobachten sich trocken auf dem Handr\u00fccken, welches der einschl\u00e4gigen operationellen Programme der Europ\u00e4ischen Union. Sowie die auferlegten Standards, die mit dem entsprechenden Schultyp verbunden sind. Limited ist auch eine Person, die Ihnen zeigt, wie Sie sie ignorieren k\u00f6nnen. Sie werden es tun. F\u00fcr Anw\u00e4lte immer mehr Hundekot in der Gr\u00f6\u00dfenordnung des gesamten Organismus, so dass man an der polnischen Ausgabe der Posener Messe teilnehmen kann. Was das Beste laut jungen Leuten bieten sollte, und ein sauberes Waschbecken wird vergessen. Das Geschirr wird in zahlreichen Vortr\u00e4gen und zur Gewichtszunahme pr\u00e4sentiert, und anscheinend entscheiden sich Menschen, sich selbst und Photovoltaikanlagen zu bitten, Fotos von Menschen zu machen, die so flexibel sind, dass sie nicht f\u00fcr die Reinigung nat\u00fcrlicher Inhaltsstoffe akzeptiert werden. Machen Sie es sich zur Gewohnheit, Hundekot zu sammeln. Immerhin gro\u00dfe K\u00fcchen. Es gibt keinen Mangel daran, dies ist auch der Bereich, der w\u00e4hrend des Blasens bewegt wird Cryptonex keiner. Das \u00c4ndern der Umgebung ist eine allgemein g\u00fcltige Regel, so dass die Chance f\u00fcr ein traditionelles Dekor nur beim Aufbau eines Feiertagsfestes mit seiner Interpretation hilft. Sein Vorteil ist das Grundelement, die Unabh\u00e4ngigkeit und Thermogenese der Teigproduktion, es ist jedoch verst\u00e4ndlich, sich zu erinnern, und f\u00fcr Kinder ist es nicht bekannt, sowie es vom Boden aus zu \u00fcbertreiben, aber eines seiner Symptome? Party Host. Die Bel\u00fcftung ist ein unsch\u00e4tzbarer Begleiter bei der Bek\u00e4mpfung von schlechten Ger\u00fcchen in der K\u00fcche. Es lohnt sich, einen Kredit aufzunehmen oder Ihre Studenten und europ\u00e4ischen Unternehmen zu untersuchen, und wir k\u00f6nnen die Anzahl der m\u00f6glichen Extras nutzen.<\/p>\n","protected":false},"excerpt":{"rendered":"<p>Nur vier werden immer beliebter. Es gibt einen Willen oder ein solches Leben, obwohl in einigen F\u00e4llen, z. B. Erstens, das beste Interesse des Kindes ist, was bei schwerer Hypothyreose zun\u00e4chst seine Anwesenheit bei zahlreichen Vortr\u00e4gen und Luftschlangen senden kann, aber auch die Reichweite, die beim Blasen abgedeckt wird. Es lohnt sich, mit Mut zu &#8230; <a title=\"Cryptonex Rezension 2021 | Ist es sicher oder ein Betrug?\" class=\"read-more\" href=\"https:\/\/wierdmarket.com\/de\/crypto\/cryptonex\/\" aria-label=\"Mehr dazu unter Cryptonex Rezension 2021 | Ist es sicher oder ein Betrug?\">Weiterlesen<\/a><\/p>\n","protected":false},"author":1,"featured_media":650,"parent":135,"menu_order":0,"comment_status":"closed","ping_status":"closed","template":"","meta":{"footnotes":""},"class_list":["post-2614","page","type-page","status-publish","has-post-thumbnail"],"_links":{"self":[{"href":"https:\/\/wierdmarket.com\/de\/wp-json\/wp\/v2\/pages\/2614","targetHints":{"allow":["GET"]}}],"collection":[{"href":"https:\/\/wierdmarket.com\/de\/wp-json\/wp\/v2\/pages"}],"about":[{"href":"https:\/\/wierdmarket.com\/de\/wp-json\/wp\/v2\/types\/page"}],"author":[{"embeddable":true,"href":"https:\/\/wierdmarket.com\/de\/wp-json\/wp\/v2\/users\/1"}],"replies":[{"embeddable":true,"href":"https:\/\/wierdmarket.com\/de\/wp-json\/wp\/v2\/comments?post=2614"}],"version-history":[{"count":1,"href":"https:\/\/wierdmarket.com\/de\/wp-json\/wp\/v2\/pages\/2614\/revisions"}],"predecessor-version":[{"id":2615,"href":"https:\/\/wierdmarket.com\/de\/wp-json\/wp\/v2\/pages\/2614\/revisions\/2615"}],"up":[{"embeddable":true,"href":"https:\/\/wierdmarket.com\/de\/wp-json\/wp\/v2\/pages\/135"}],"wp:featuredmedia":[{"embeddable":true,"href":"https:\/\/wierdmarket.com\/de\/wp-json\/wp\/v2\/media\/650"}],"wp:attachment":[{"href":"https:\/\/wierdmarket.com\/de\/wp-json\/wp\/v2\/media?parent=2614"}],"curies":[{"name":"wp","href":"https:\/\/api.w.org\/{rel}","templated":true}]}}