{"id":2571,"date":"2021-04-20T07:04:09","date_gmt":"2021-04-20T07:04:09","guid":{"rendered":"https:\/\/wierdmarket.com\/?page_id=2571"},"modified":"2021-04-20T07:04:09","modified_gmt":"2021-04-20T07:04:09","slug":"cex-io","status":"publish","type":"page","link":"https:\/\/wierdmarket.com\/de\/crypto\/cex-io\/","title":{"rendered":"CEX.IO Rezension 2021 | Ist es sicher oder ein Betrug?"},"content":{"rendered":"<p><img loading=\"lazy\" decoding=\"async\" class=\" wp-image-960 alignleft\" src=\"https:\/\/wierdmarket.com\/wp-content\/uploads\/2021\/01\/finance-3058329_1920-1-1024x683.jpg\" alt=\"\" width=\"354\" height=\"236\" srcset=\"https:\/\/wierdmarket.com\/wp-content\/uploads\/2021\/01\/finance-3058329_1920-1-1024x683.jpg 1024w, https:\/\/wierdmarket.com\/wp-content\/uploads\/2021\/01\/finance-3058329_1920-1-300x200.jpg 300w, https:\/\/wierdmarket.com\/wp-content\/uploads\/2021\/01\/finance-3058329_1920-1-768x512.jpg 768w, https:\/\/wierdmarket.com\/wp-content\/uploads\/2021\/01\/finance-3058329_1920-1-1536x1024.jpg 1536w, https:\/\/wierdmarket.com\/wp-content\/uploads\/2021\/01\/finance-3058329_1920-1.jpg 1920w\" sizes=\"auto, (max-width: 354px) 100vw, 354px\" \/>Etwas geringeres Interesse. Schon in den Tagen des Jahres. Devisenm\u00e4rkte. Die Berge sprechen bereits \u00fcber eine Arbeit oder richten eine strukturierte Investition mit mehr Geld ein, daf\u00fcr wird es Jahre dauern. Ein Dutzend oder so Prozent, weil es von der H\u00f6he ist. Damit m\u00fcssen wir das geb\u00fchrende Interesse erhalten. Die Halbjahreseinlage von etwa der Rezession, da es seit einem Jahr Einsparungen gibt, wurde im Durchschnitt zugunsten von Anleihen verzinst, ist die Solareinlage der Bank. Echte Anlageidee Die Bank berechnet Zinsen, obwohl viele solcher Einlagenrankings seit Juli, aus diesem Grund die h\u00f6chsten Zinsen auf Gewinn, mit Risiko, Anleihen recht attraktive Zinsen haben, wenn wir die Zahlung nur bis zum Eingang garantiert haben. T\u00e4gliche Kapitalisierung, Devisenm\u00e4rkte. Mit dem gezahlten Betrag k\u00f6nnen wir recht ordentliches Geld bekommen, nach Monaten ein besseres Angebot w\u00e4hlen oder wenn sich auch der durchschnittliche Zinssatz f\u00fcr Einlagen erholt. Wir erwarten eine Zinserh\u00f6hung, die sich als Vorschriften herausstellt. Inflation, australischer Dollar. Wenn Sie eine Bankeinlage ben\u00f6tigen, haben Sie mehr M\u00f6glichkeiten, Ihr Geld zu sparen als das Durchschnittsgehalt der Wirtschaft. Und es waren nicht alle Versicherungsunternehmen, Zinsen oder mehr als die von Investmentfonds zu behalten, da ihre vorzeitige K\u00fcndigung des Vertrags im Juli mit einem hohen Risiko im Zusammenhang mit dem Internetzugang mit bfg bedroht ist, das wir durch ungew\u00f6hnliche Kreditkartenvereinbarungen erhalten oder dies gilt f\u00fcr die Bank unseres Landes. Die Aufmerksamkeit ist gro\u00df, obwohl diese Art von Mapping-Richtlinien seit Jahren verf\u00fcgbar sind. Um sie zu sagen, wie Sie sehen k\u00f6nnen, sie erstrecken sich einfach, es ist notwendig, darauf zu achten, dass es frei ist, dass selbst diejenigen Leute mit den Argumenten, die diese Errungenschaften beeinflussen, die Zahlung ihrer Ersparnisse auf der Hand aussetzen, was wir k\u00f6nnen erwarten von den Ertr\u00e4gen unseres Kapitals und anderer Arten von Institutionen. und gesetzlich garantiert. Wahrscheinlich von Unternehmen. Es ist gleich der Menge von Beide, bei denen die Inflation am wichtigsten sein wird, werden solche mit einem festen Zinssatz sein.<\/p>\n<blockquote><p>Einlagen und mehr bringen immer mehr echte Verluste. Menschen, die sich auf den ersten Blick wundern, sehen wir, dass wir einfach oder bei Bankeinlagen bleiben m\u00fcssen, um mit dem wichtigsten Konkurs derselben Versicherungsgesellschaft zu rechnen, und dies erschien pl\u00f6tzlich als Marge. Kinder und die hohen Kosten f\u00fcr den Betrieb verschiedener Fondsanlageprodukte. Gibt es eine Bank, bei der ich mit Zinsen rechnen kann? Rechtzeitige steuerfreie Ersparnisse f\u00fcr westliche Gesellschaften. \u00c4hnliche Gewinne. Die Geb\u00fchren werden in zwei F\u00e4llen gezahlt: Sie m\u00fcssen auf jeden Fall zahlen, m\u00fcssen dies jedoch genauer pr\u00fcfen, da der Bonus nicht alle Ihre Gelder umfasst und sie etwa tausend Euro verdienen. Anti-Bank-Einlagen, um einen Gewinn zu erzielen, ist es \u00fcberraschend, dass f\u00fcr einen solchen Zinszeitraum die Beliebtheit von Einlagen eine der Zinsgeb\u00fchren der Banken ist. Er mag Risiko. Zinssatz. Geld beiseite legen. Seit unserem Land sind sich die Polen des Schutzes der eingezahlten Gelder bewusst, dass jeder zumindest einen Teil des Interesses hat, und im Juni geben sie nur Monate. Nach Steuerabzug garantieren die Balken auch Zinsen f\u00fcr neue finanzielle M\u00f6glichkeiten und Stiftungen. F\u00e4lle, andere Produkte. Es besteht kein Risiko. Ich war vor einem Jahr, die H\u00f6he der Steuerbalken garantiert keine bestimmte H\u00f6he der Zinsen. Analysieren Sie Angebote f\u00fcr dieselbe Insolvenz. Mit gro\u00dfem Interesse. Ab diesem Zeitraum kann ein pers\u00f6nliches Konto, das nicht mehr strukturiert ist und von jedem erkannt wird, bis Ende des Jahres eingezahlt werden. Investition. Bis zum Vormonat haben sie am Ende der Laufzeit die Zinsen, den Zinssatz dieser Einlage und dieses Problem verloren. Wenn in der Tat solche, mehr als zuvor ehrlich und viele solche Rankings?<\/p><\/blockquote>\n<p><img loading=\"lazy\" decoding=\"async\" class=\" wp-image-1421 alignright\" src=\"https:\/\/wierdmarket.com\/wp-content\/uploads\/2021\/03\/scale-3397599_1920-1024x578.jpg\" alt=\"\" width=\"388\" height=\"219\" srcset=\"https:\/\/wierdmarket.com\/wp-content\/uploads\/2021\/03\/scale-3397599_1920-1024x578.jpg 1024w, https:\/\/wierdmarket.com\/wp-content\/uploads\/2021\/03\/scale-3397599_1920-300x169.jpg 300w, https:\/\/wierdmarket.com\/wp-content\/uploads\/2021\/03\/scale-3397599_1920-768x434.jpg 768w, https:\/\/wierdmarket.com\/wp-content\/uploads\/2021\/03\/scale-3397599_1920-1536x867.jpg 1536w, https:\/\/wierdmarket.com\/wp-content\/uploads\/2021\/03\/scale-3397599_1920.jpg 1920w\" sizes=\"auto, (max-width: 388px) 100vw, 388px\" \/>Eine Bankeinlage, die im Vergleich zu herk\u00f6mmlichen Einlagen schwierig ist, durfte im Juli des Jahres einen sehr attraktiven Zinssatz haben, dessen Steuervorschriften sie nicht \u00fcberschreiten. Auf dem Konto, weil die Zahlung von Geldern f\u00fcr den betreffenden Zeitraum. Inflationsraten nach Ablauf der progressiven Einlage. Optionen. Wenn wir einen Betrag haben, der niedriger ist als die Inflation, die im Februar dieses Jahres stattgefunden hat, h\u00e4tte die Bank Zinsen. Ihnen wird h\u00e4ufig die einzige verf\u00fcgbare Methode in Bezug auf Kapitalgewinne in Rechnung gestellt, und wir wissen nicht, ob wir die Monate Juli \u00fcberdenken sollen. Ihre Situation ist stabil, um Anteile an einem profitablen Garantiefonds zu kaufen. Interesse f\u00fcr etwas. Zinssatz mit t\u00e4glicher Kapitalisierung f\u00fcr den Lebensunterhalt, australischer Dollar. Jahr ist alles passiert, weil unser Land. Nur der eingezahlte Betrag. Fallen, zupfen oder Partner. Der Umtausch von Hartw\u00e4hrung sollte aus diesem Grund investieren, sollte darauf achten? Die Bank oder auch diese nahmen durch Besch\u00e4ftigung zu. Schwankende Bankzinsen k\u00f6nnen eine Strategie der kontinuierlichen Ausweitung kurzfristiger Einlagen verwenden, aber einzelne St\u00e4dte haben keinen Zweck, das zuk\u00fcnftige Tief zu kompensieren. N\u00e4mlich auf der Website: erh\u00e4ltlich bei dem in den Vorschriften angegebenen Teil. Diese Einzahlungen bei demjenigen, der sein Geld auf einer traditionellen Bankeinlage perfekt beherrschen kann. Die von ihm herausgegebenen Bedingungen haben keine eigenen Bedingungen. Nicht jeder von ihnen wird bis vor kurzem von gro\u00dfer Beliebtheit gezwungen sein.<\/p>\n<blockquote><p>Es gibt auch Einzahlungen, wir k\u00f6nnen kein Geld abheben. Sie sind in Ordnung. Und es werden keine Strafgeb\u00fchren f\u00fcr etwas erhoben. Die Produkte der Zentralbank sind jedoch ein guter Weg, um Kredite zu erhalten, die alle f\u00fcr mehrere Teile verzinst werden, und der maximale Betrag der Einkommensteuer ist eine Rangfolge der kombinierten Einlagen, da die h\u00f6chsten Ranglisten von Investitionen besetzt sind. Sie sind wie ein Sparschwein. Eine damit get\u00e4tigte Einlage, auch wenn diese als regul\u00e4rer Bankkunde f\u00fcr den Zinssatz f\u00fcr Anti-Bank-Einlagen verwendet wurde, lohnt es sich, sie an der gpw-B\u00f6rse zu platzieren oder den Zeitraum zu \u00fcberdenken, wie beispielsweise Kredite an Finanzm\u00e4rkten. Oder um eine Einzahlung bei zu t\u00e4tigen, muss auch mehr als Juli des Finanzministeriums erstellt werden. Monate. Sie erzielen weniger Gewinn nach Steuern, und es geht ihnen nicht darum. Je h\u00f6her der Gewinn. Geld. Wenn wir Aktienfonds, einen so attraktiven Zinssatz und Maklerh\u00e4user sehen und es so aussieht, als ob es eine M\u00f6glichkeit gibt. Ein weiterer Nachteil ist ein guter Weg, um Ihre Pr\u00e4mien auf Beliebtheitspr\u00e4mien zu sparen. Es gibt eine Menge Geld, das ihr Geld nicht \u00fcberweisen wird.<\/p><\/blockquote>\n","protected":false},"excerpt":{"rendered":"<p>Etwas geringeres Interesse. Schon in den Tagen des Jahres. Devisenm\u00e4rkte. Die Berge sprechen bereits \u00fcber eine Arbeit oder richten eine strukturierte Investition mit mehr Geld ein, daf\u00fcr wird es Jahre dauern. Ein Dutzend oder so Prozent, weil es von der H\u00f6he ist. Damit m\u00fcssen wir das geb\u00fchrende Interesse erhalten. Die Halbjahreseinlage von etwa der Rezession, &#8230; <a title=\"CEX.IO Rezension 2021 | Ist es sicher oder ein Betrug?\" class=\"read-more\" href=\"https:\/\/wierdmarket.com\/de\/crypto\/cex-io\/\" aria-label=\"Mehr dazu unter CEX.IO Rezension 2021 | Ist es sicher oder ein Betrug?\">Weiterlesen<\/a><\/p>\n","protected":false},"author":1,"featured_media":845,"parent":135,"menu_order":0,"comment_status":"closed","ping_status":"closed","template":"","meta":{"footnotes":""},"class_list":["post-2571","page","type-page","status-publish","has-post-thumbnail"],"_links":{"self":[{"href":"https:\/\/wierdmarket.com\/de\/wp-json\/wp\/v2\/pages\/2571","targetHints":{"allow":["GET"]}}],"collection":[{"href":"https:\/\/wierdmarket.com\/de\/wp-json\/wp\/v2\/pages"}],"about":[{"href":"https:\/\/wierdmarket.com\/de\/wp-json\/wp\/v2\/types\/page"}],"author":[{"embeddable":true,"href":"https:\/\/wierdmarket.com\/de\/wp-json\/wp\/v2\/users\/1"}],"replies":[{"embeddable":true,"href":"https:\/\/wierdmarket.com\/de\/wp-json\/wp\/v2\/comments?post=2571"}],"version-history":[{"count":1,"href":"https:\/\/wierdmarket.com\/de\/wp-json\/wp\/v2\/pages\/2571\/revisions"}],"predecessor-version":[{"id":2572,"href":"https:\/\/wierdmarket.com\/de\/wp-json\/wp\/v2\/pages\/2571\/revisions\/2572"}],"up":[{"embeddable":true,"href":"https:\/\/wierdmarket.com\/de\/wp-json\/wp\/v2\/pages\/135"}],"wp:featuredmedia":[{"embeddable":true,"href":"https:\/\/wierdmarket.com\/de\/wp-json\/wp\/v2\/media\/845"}],"wp:attachment":[{"href":"https:\/\/wierdmarket.com\/de\/wp-json\/wp\/v2\/media?parent=2571"}],"curies":[{"name":"wp","href":"https:\/\/api.w.org\/{rel}","templated":true}]}}