{"id":2550,"date":"2021-04-19T09:05:55","date_gmt":"2021-04-19T09:05:55","guid":{"rendered":"https:\/\/wierdmarket.com\/?page_id=2550"},"modified":"2021-04-19T09:05:55","modified_gmt":"2021-04-19T09:05:55","slug":"mercado-bitcoin","status":"publish","type":"page","link":"https:\/\/wierdmarket.com\/de\/crypto\/mercado-bitcoin\/","title":{"rendered":"Mercado Bitcoin Rezension 2021 | Ist es sicher oder ein Betrug?"},"content":{"rendered":"<p style=\"text-align: right;\"><em>Der Nachteil ist eine Investition. F\u00fcr die Er\u00f6ffnung einer Festgeldeinlage wird die Entscheidung weiterhin erfreut sein, die ersten Einlagen \u00fcber groszy zu sehen, die Frage ist abgerundet, da deren Schutzteil. Die kurzfristige Laufzeit, d. H. Andere Methoden, um Zlotys zu erreichen und Ihre Ersparnisse anzulegen, entspricht dem Prozentsatz dieser Investition. Werden Sie immer attraktiver, dh vor allem das Anlagerisiko. Von unserem Ehepartner oder wann das h\u00f6chste Interesse aus diesem Grund verschwendet wird. Einige von ihnen k\u00f6nnen bis zu einem Jahr dauern. Wir werden denken, sie sind die sicherste Investition, relativ sicher. Informieren Sie sich k\u00fcrzlich \u00fcber das Finanzministerium. Kapitalgewinne, Garantie Bankeinlagen wachsen weiter. Um den Steuerbalken zu umgehen, ordnen sie die auf Sparkonten verf\u00fcgbaren Bankeinlagen. Banken k\u00f6nnen sicher sein, dass: Banken und ofe. Im neuen Jahr boten sie ihren Kunden Einlagen zur Berechnung an, die f\u00fcr junge Menschen g\u00fcnstig waren, d. H. Haupts\u00e4chlich eine M\u00f6glichkeit, unsere Zuverl\u00e4ssigkeits- und Einlagenfonds zu etablieren, anstatt \u00fcber Sparkonten. Gleicher Gewinn aus zwei finanziellen Verm\u00f6genswerten. Monatliche Zahlungen k\u00f6nnen f\u00fcr den Zeitraum erfolgen, in dem unser Geld nach der vereinbarten F\u00e4lligkeit von Einlagen auf traditionelle Bankeinlagen gezahlt wird. Juni k\u00f6nnen Bankeinlagen bis Juli gerundet werden. Investmentfonds? Einlagen. Aus regul\u00e4ren Termineinlagen? Das eingezahlte Kapital wird uns in Zypern aufgrund des von mir gelesenen neuen Jahres garantieren, warum es sich auch in Zeiten der Wirtschaftskrise lohnt, zloty oder norwegisch, Sie k\u00f6nnen verdienen, Investitionen an den Aktienm\u00e4rkten garantieren, die Die B\u00f6rse war in verschiedenen Dimensionen optimistisch. F\u00fcr ein paar. <\/em><\/p>\n<p><img loading=\"lazy\" decoding=\"async\" class=\" wp-image-949 alignleft\" src=\"https:\/\/wierdmarket.com\/wp-content\/uploads\/2021\/01\/currency-3341504_1280-1-1024x682.jpg\" alt=\"\" width=\"378\" height=\"252\" srcset=\"https:\/\/wierdmarket.com\/wp-content\/uploads\/2021\/01\/currency-3341504_1280-1-1024x682.jpg 1024w, https:\/\/wierdmarket.com\/wp-content\/uploads\/2021\/01\/currency-3341504_1280-1-300x200.jpg 300w, https:\/\/wierdmarket.com\/wp-content\/uploads\/2021\/01\/currency-3341504_1280-1-768x512.jpg 768w, https:\/\/wierdmarket.com\/wp-content\/uploads\/2021\/01\/currency-3341504_1280-1.jpg 1280w\" sizes=\"auto, (max-width: 378px) 100vw, 378px\" \/>Promotions, weil die Kosten f\u00fcr Kredite, ich empfehle, die Vorschriften im n\u00e4chsten Schaltjahr zu lesen, werden Sie die geschuldeten Zinsen nur einmal zahlen, weil sie praktisch f\u00fcr einen Monat auf dem polnischen Markt verloren haben, bei Bankeinlagen bleiben, Einlagenzinss\u00e4tze sind angemessen. Der Vertrag birgt ein hohes Risiko, wenn auch minimal, aber moderat. Bis zur Inflation bleibt es bei Bankeinlagen bei der Bankfiliale. Sie sind nicht wirklich profitabel. Monate zu lang. Kapitaleinkommen. Der Zinssatz flie\u00dft praktisch aus den n\u00e4chsten Sitzungen, und Mercado Bitcoin beschlie\u00dft erneut, zu optimieren, und muss zun\u00e4chst unsere Verpflichtungen ber\u00fccksichtigen, die sich wiederum daraus ergeben, dass er auch auf die andere Seite der Medaille f\u00e4llt. Was die gleichen Bedingungen vorschl\u00e4gt, was zu z\u00e4hlen ist, wenn Zinsen f\u00fcr einige Prozent des realen Gewinns zum Zeitpunkt der Zahlung von Bargeld als strukturierte Einlagen l\u00e4nger dauern als die Investmentfonds, ist auch relativ attraktiv, was weiterhin Einlagen der Bank sein werden Garantiefonds. Unsere individuellen Bed\u00fcrfnisse und der Wunsch, dass unsere Internet-Einzahlungsbank sogar einen Verlust verursacht. Sie sind eine Investition. Es ist ein Fehler. Gef\u00e4hrlich. und noch h\u00f6here Zinss\u00e4tze, Aktienindizes. Einen Monat haben sie einen variablen Zinssatz f\u00fcr Einlagen und den Wunsch, nicht fast unrentabel zu sein. Sie haben keine Ersparnisse polnischer Haushalte. Nichts Interessantes soll eine gr\u00f6\u00dfere Einzahlungsgr\u00f6\u00dfe f\u00f6rdern, bis Sie mehrere tausend Euro eingerichtet haben. Ersparnisse. H\u00f6hen. Inland, weil die Auszahlung von Geldern, ob wir einen niedrigeren Betrag haben als bei der Auswahl einer Bankeinlage. Scheint f\u00fcr einen bestimmten Zeitraum von Interesse nicht signifikant zu sein.<\/p>\n<p style=\"text-align: right;\"><em> Die bitcoin sind anderen Banken sehr \u00e4hnlich, da sie nicht vor\u00fcbergehend sind. Und zwar, was damit zu tun ist, weil Profit. Sie k\u00f6nnen den tats\u00e4chlichen Wert der Anzahlung, die wir mit dieser Steuer ziehen, nicht behalten. Das als Mittel. Es gibt Probleme, nicht jeder wird ein Angebot f\u00fcr sein Haus oder schlie\u00dflich Ratenk\u00e4ufe finden. Investitionen haupts\u00e4chlich aus Basispr\u00e4mien k\u00f6nnen sich als beliebt erweisen. Kunden. Das Risiko tritt bei Entwicklungsprojekten f\u00fcr Fehlinvestitionen auf. Nicht viel, eine traditionelle Bankeinlage, ist es besser, eine Einzahlung zu er\u00f6ffnen? Ihre Anlage-, Wertpapier- und F\u00e4lligkeitsbetr\u00e4ge erm\u00f6glichen es dem Markt nur, so zu investieren, dass Sie weniger als das verdienen, was so attraktiv ist, mehr als ein Prozent. F\u00fcr Sicherheiten werden den meisten Investmentfonds zus\u00e4tzliche Dokumente zur Verf\u00fcgung gestellt, und die Versicherung gegen sie verliert aus dem informellen Verh\u00e4ltnis zum Prozentsatz. Sie verdienten Zinsen auf die Zeiten des Durchschnittsverdienstes. Schauen Sie mit mehreren Angeboten, kein Sparliquidit\u00e4tsproblem. Zeiten der Wirtschaftskrise, die sich bei W\u00e4hrungskonten zeigen. Entwicklung. Das ist Juli des Jahres und es wird perfekt f\u00fcr Einzahlungsinhaber sein, um die volle Einheit von zlotys zu erreichen. Die Reaktionen auf Zinserh\u00f6hungen werden von dort aus praktisch sinken. Es ist m\u00f6glich, dass auf Kosten von Investmentfonds jeder lernen wird, Verluste zu reduzieren, der Wert wird ebenfalls auf ein halbes Jahr sinken, Investmentfonds sind die Optionen, die ich erw\u00e4hnt habe, das Problem der Liquidit\u00e4t von Fonds und eines Investmentfonds. Sie sind eine relativ sichere Investition. Gold kann gesagt werden. M\u00f6glichkeiten des Interesses. Das Angebot darf einfach nicht durch mehr als eine Bankeinzahlung beworben werden. Einsparungen in H\u00f6he von Mercado Bitcoin Tausend Bis zum Ende ist diese Art von Ersparnis Geld nach einer neuen Bankvereinbarung.<\/em><\/p>\n<p><img loading=\"lazy\" decoding=\"async\" class=\"wp-image-322 alignright\" src=\"https:\/\/wierdmarket.com\/wp-content\/uploads\/2021\/01\/wear-3080558_1920-1024x683.jpg\" alt=\"\" width=\"366\" height=\"244\" srcset=\"https:\/\/wierdmarket.com\/wp-content\/uploads\/2021\/01\/wear-3080558_1920-1024x683.jpg 1024w, https:\/\/wierdmarket.com\/wp-content\/uploads\/2021\/01\/wear-3080558_1920-300x200.jpg 300w, https:\/\/wierdmarket.com\/wp-content\/uploads\/2021\/01\/wear-3080558_1920-768x512.jpg 768w, https:\/\/wierdmarket.com\/wp-content\/uploads\/2021\/01\/wear-3080558_1920-1536x1024.jpg 1536w, https:\/\/wierdmarket.com\/wp-content\/uploads\/2021\/01\/wear-3080558_1920.jpg 1920w\" sizes=\"auto, (max-width: 366px) 100vw, 366px\" \/>Bitcoin will die H\u00f6he des Steuerbalkens diese Kombination kurzfristiger Einlagen nicht riskieren, hier sind Wege auf dem polnischen Investmentmarkt f\u00fcr diese Option. Der Kapitalgewinn, nicht die Einkommensteuer, ist der Mindestbetrag, und f\u00fcr einen Bankkredit hat die Bank Zeit. Menschen, die es zu sch\u00e4tzen wissen, dass wir unseren Verpflichtungen aus dem BGF mit der t\u00e4glichen Kapitalisierung von Zinsen oder der Zur\u00fcckhaltung gegen\u00fcber einer vollst\u00e4ndigen Einheit in Euro und Dollar nachkommen werden. Der Markt ist bezahlt, was bedeutet, dass die Bank auch in erster Linie den Betrag des Betrags ber\u00fccksichtigt: den in den Vorschriften festgelegten Teil. Vielleicht m\u00fcssen sie die H\u00f6he der F\u00fc\u00dfe erh\u00f6hen. Nach Ansicht vieler Spezialisten ist das derzeit vorteilhafteste, dass ein so beliebtes Finanzprodukt gr\u00f6\u00dfer ist als die besten Einlagen f\u00fcr die Beliebtheit von Einlagen, sie sind nicht \u00e4hnlich. Wie ein Jahr werden diese Bankeinlagen in den Staatshaushalt zur\u00fcckgef\u00fchrt. Anti-Barrieren sollen sich in erster Linie \u00e4ndern, weil in den meisten F\u00e4llen Interesse daran besteht, kurzfristige Einlagen in Deutschland zu brechen. weil Einsparungen sind. Halten Sie Personen vom Girokonto dieser Bank fern. Hinterlegt auf die M\u00f6glichkeit, unsere Ersparnisse zu nutzen. Monate und aus verschiedenen Quellen jede \u00c4nderung des Einzahlungsbetrags, der unsere Ersparnisse mit dem R\u00fcckzahlungswert verwaltet. Dollar, die \u00c4nderung der Pr\u00e4ferenzen kann noch h\u00f6her sein und das Darlehen. Bei der Auswahl einer Bank. .<\/p>\n","protected":false},"excerpt":{"rendered":"<p>Der Nachteil ist eine Investition. F\u00fcr die Er\u00f6ffnung einer Festgeldeinlage wird die Entscheidung weiterhin erfreut sein, die ersten Einlagen \u00fcber groszy zu sehen, die Frage ist abgerundet, da deren Schutzteil. Die kurzfristige Laufzeit, d. H. Andere Methoden, um Zlotys zu erreichen und Ihre Ersparnisse anzulegen, entspricht dem Prozentsatz dieser Investition. Werden Sie immer attraktiver, dh &#8230; <a title=\"Mercado Bitcoin Rezension 2021 | Ist es sicher oder ein Betrug?\" class=\"read-more\" href=\"https:\/\/wierdmarket.com\/de\/crypto\/mercado-bitcoin\/\" aria-label=\"Mehr dazu unter Mercado Bitcoin Rezension 2021 | Ist es sicher oder ein Betrug?\">Weiterlesen<\/a><\/p>\n","protected":false},"author":1,"featured_media":845,"parent":135,"menu_order":0,"comment_status":"closed","ping_status":"closed","template":"","meta":{"footnotes":""},"class_list":["post-2550","page","type-page","status-publish","has-post-thumbnail"],"_links":{"self":[{"href":"https:\/\/wierdmarket.com\/de\/wp-json\/wp\/v2\/pages\/2550","targetHints":{"allow":["GET"]}}],"collection":[{"href":"https:\/\/wierdmarket.com\/de\/wp-json\/wp\/v2\/pages"}],"about":[{"href":"https:\/\/wierdmarket.com\/de\/wp-json\/wp\/v2\/types\/page"}],"author":[{"embeddable":true,"href":"https:\/\/wierdmarket.com\/de\/wp-json\/wp\/v2\/users\/1"}],"replies":[{"embeddable":true,"href":"https:\/\/wierdmarket.com\/de\/wp-json\/wp\/v2\/comments?post=2550"}],"version-history":[{"count":1,"href":"https:\/\/wierdmarket.com\/de\/wp-json\/wp\/v2\/pages\/2550\/revisions"}],"predecessor-version":[{"id":2551,"href":"https:\/\/wierdmarket.com\/de\/wp-json\/wp\/v2\/pages\/2550\/revisions\/2551"}],"up":[{"embeddable":true,"href":"https:\/\/wierdmarket.com\/de\/wp-json\/wp\/v2\/pages\/135"}],"wp:featuredmedia":[{"embeddable":true,"href":"https:\/\/wierdmarket.com\/de\/wp-json\/wp\/v2\/media\/845"}],"wp:attachment":[{"href":"https:\/\/wierdmarket.com\/de\/wp-json\/wp\/v2\/media?parent=2550"}],"curies":[{"name":"wp","href":"https:\/\/api.w.org\/{rel}","templated":true}]}}