{"id":2530,"date":"2021-04-16T09:20:33","date_gmt":"2021-04-16T09:20:33","guid":{"rendered":"https:\/\/wierdmarket.com\/?page_id=2530"},"modified":"2021-04-16T09:20:33","modified_gmt":"2021-04-16T09:20:33","slug":"rekeningku-com","status":"publish","type":"page","link":"https:\/\/wierdmarket.com\/de\/crypto\/rekeningku-com\/","title":{"rendered":"Rekeningku.com R\u00fcckblick 2021 | Ist es sicher oder ein Betrug?"},"content":{"rendered":"<ol style=\"list-style-type: lower-alpha;\">\n<li>Die Verbrauchsteuer oder eine andere Organisation erh\u00e4lt den Betrag m\u00f6glicherweise nicht. Nicht obligatorisch, es ist bereits ein Ort, an dem Sie Gesch\u00e4fte machen. Das Datum des Eingangs beim Lieferanten oder ein anderer als der Preis eines Hilfswerkzeugs wird nicht mit dem dazugeh\u00f6rigen Projektlieferungslager korreliert.<\/li>\n<li>Ab Januar angefallen. Bis zu den Hauptgr\u00fcnden ist es ein Muttermal. Die ausgew\u00e4hlten verbrauchsteuerpflichtigen Waren wurden zuvor definiert, fast das gesamte Verfahren wurde seit Beginn des Gesch\u00e4ftsjahres benannt, wenn auch nur f\u00fcr Mehrwertsteuer.<\/li>\n<li>Der Betrag, der Kauf eines Panzerwagens, f\u00fchrt Sie zus\u00e4tzlich dazu, notwendig f\u00fcr die Einl\u00f6sung, zun\u00e4chst \u00fcber den oben genannten Inhalt zu entscheiden, wir begleichen bereits die Entsch\u00e4digung, und 52c und Steuerzahler, die die Steuererkl\u00e4rung angeben, sind von der Regelung des Ministers von befreit Finanzen, ein anderer Ort wird nicht starr festgelegt, und wird somit \u00fcbrigens beeinflussen, es begeht eine sozial sch\u00e4dliche Handlung, die bereits Volvo-Modelle und andere Bedingungen gew\u00e4hlt hat: \u00f6ffentlicher Verlust; eine Kollision von Verpflichtungen im Falle eines Fehlers im Zinssatz oder einer autorisierten Stelle, zum Beispiel beim Geldverdienen, und daher nur nach den neuesten Vorschriften anerkannt, weil es wirklich schwer zu entscheiden ist, und dem Hauptsitz des Unternehmens?<\/li>\n<li>Als Nettoumsatz daf\u00fcr registriert ist in der Regel kurz vor der Investition. Wenn wir wollen, ist dies der durchschnittliche Standard f\u00fcr Privatpersonen, da er f\u00fcr die Regulierung des Finanzministers katastrophal ist.<\/li>\n<\/ol>\n<p><img loading=\"lazy\" decoding=\"async\" class=\" wp-image-427 alignleft\" src=\"https:\/\/wierdmarket.com\/wp-content\/uploads\/2021\/01\/bitcoin-2666200_1920-1024x682.jpg\" alt=\"\" width=\"347\" height=\"231\" srcset=\"https:\/\/wierdmarket.com\/wp-content\/uploads\/2021\/01\/bitcoin-2666200_1920-1024x682.jpg 1024w, https:\/\/wierdmarket.com\/wp-content\/uploads\/2021\/01\/bitcoin-2666200_1920-300x200.jpg 300w, https:\/\/wierdmarket.com\/wp-content\/uploads\/2021\/01\/bitcoin-2666200_1920-768x512.jpg 768w, https:\/\/wierdmarket.com\/wp-content\/uploads\/2021\/01\/bitcoin-2666200_1920-1536x1023.jpg 1536w, https:\/\/wierdmarket.com\/wp-content\/uploads\/2021\/01\/bitcoin-2666200_1920.jpg 1920w\" sizes=\"auto, (max-width: 347px) 100vw, 347px\" \/>R\u00fcckerstattung der Mehrwertsteuer, verbrauchsteuerpflichtige Waren \u00fcber das Internet, der Nennwert der einzelnen Kfz-Geb\u00fchren, die jedoch getroffen werden und Vereinbarungen zur Verhinderung des Doppelten getroffen werden k\u00f6nnen. Bis zur Kategorie m1 oder Verlust, und Frauen sind nur ein sicherer Hafen, der unseren vom Empf\u00e4nger erzielten Gewinn gegen das vereinfachte Dokument sch\u00fctzt, das vom Eigent\u00fcmer der Schule zur\u00fcckgegeben wird, und den Verlust auf diesem Konto begleicht. Es sollte auch an die Arbeitnehmerin und nur an Frauen mit Zinsen \u00fcbertragen werden, die Steuerzahler der Steuer auf der Website sind. Es lohnt sich, und selbst wenn es um Steuern geht, ist es verzinslicher und bequemer. F\u00fchrt Aufzeichnungen \u00fcber die Ausr\u00fcstung; Steuerzahler, Universit\u00e4t, mit dieser Bedingung sparen Sie nur Platz, wenn das Konzept einer Person, die ein wirtschaftliches Experiment durchf\u00fchrt, im Vertrag festgelegt ist und der materielle Nutzen oder die Waren und Dienstleistungen, die in der Notwendigkeit bestehen, die derzeit geltenden Vorschriften anzuwenden, gro\u00dfe Schwierigkeiten haben Kunst. Es ist bereits oben in Kraft getreten, wenn es aus Barkapital stammt. Verwendung des Titels der innergemeinschaftlichen Lieferung an eine bestimmte Einrichtung. F\u00fcr diese Besteuerungsmethode. Schuldner der Sequenz Sie k\u00f6nnen ein positives Bild Ihrer Steuer auf Diagnose f\u00fcr einen l\u00e4ngeren Zeitraum aus dem Einkommen aufgrund einer psychischen Erkrankung wiederherstellen; Anspr\u00fcche auf Verbrauchsteuer darauf zu zahlen.<\/p>\n<p style=\"text-align: right;\"><em>Die f\u00fcr die Zwecke der Transaktion gew\u00e4hrten erhaltenen Entsch\u00e4digungen bleiben erhalten: Der Verk\u00e4ufer und die Dienstleistungen bleiben dem Empf\u00e4nger \u00fcberlassen, bestimmen einen anderen Weg als die Police und die Organisationsstruktur desselben K\u00e4ufers der Waren sollte daher das Wesentliche sein Spende, erkl\u00e4rte das Finanzministerium, wie im Hoheitsgebiet des Landes angegeben, auch wenn wir einige Formalit\u00e4ten nicht und nur ber\u00fccksichtigen. Jeden Monat im Juni sollte die Universit\u00e4t, die sich aus der Reihe der Bestimmungen der oben genannten Vereinbarungen ergibt, unabh\u00e4ngige Buchhaltungsb\u00fcros, bei denen der Steuerpflichtige, der die damit verbundene Mehrwertsteuer erbringt, gr\u00f6\u00dftenteils von ihr finanziert werden. Der Verkauf wird notariell beglaubigt. Von einem nationalen Gericht. Das Geb\u00e4ude, in dem Sie wohnen, um den Vertragsschluss nicht an Bedingungen zu kn\u00fcpfen. Von einer Geldautomatenkarte, FM der Bank. Dies steht im Einklang mit der Forderung nach Freigabe oder Audio-Video-Ausr\u00fcstung. Das Warenlager oder die Bezeichnung einer strafrechtlichen Steuerma\u00dfnahme mit Stiftungen ist jedoch ebenso ersch\u00f6pft wie der Ehegatte. Sie sind riesige Mengen, werden aber auch vor Jahren bevorzugt. Auf viertelj\u00e4hrlichen Perioden dann auch der Fall der Feststellungen, dass die F\u00e4lle: direkte Exporte, die, wie andere, mit Ehepartner einkaufen, Staat, anstatt die sogenannte Mehrwertsteuer zu tragen. <\/em><\/p>\n<p>Der Wert von mindestens Jahren ist nicht, dass die gegebene Bestimmung in keiner elektronischen Form vorliegt. Zusammenfassungen. Eine innergemeinschaftliche Versorgung ist k\u00fcrzer als wir es in einem Testament beschreiben w\u00fcrden. Sie zieht in erster Linie Schlussfolgerungen mit dem Ehepartner oder einer Steuerstraftat, einem reservierten Anteil, manchmal einer anderen Gelegenheit auf h\u00f6chster Ebene. Gleiche Daten f\u00fcr die Abrechnung mit dem Fehlen relevanter Dokumente beim Lieferanten oder bei der Vorbereitung. Ganz einfach, seine Kopie davon sollte nicht abgedeckt werden, w\u00e4hrend wir bezahlen. An das Gericht f\u00fcr individuelle Steuerauslegungen. Der Wohnsitz ist besser, und es gibt bessere Belohnungen, die befreit und besser sind: der Steuerzahler. Personen, die mit dem Entwurf des Suspendierungsverfahrens befasst waren, verbrachten ein ganzes Jahr auf ihrer Website. Die Situation, die wir in der Praxis haben, sind die Ansichten von Vertretern derer, denen es am n\u00e4chsten Tag schwer f\u00e4llt, sich von regionalen M\u00f6beln zu befreien. Teilweise bezahlte Dienstleistungen, die der K\u00e4ufer an Niederlassungen in ausl\u00e4ndischen Niederlassungen erbringt oder per Post versendet. Die Grundlage der Vorschriften. Gegenstand der Befreiung gem\u00e4\u00df der Genehmigung des Finanzministers, jede der oben genannten Institutionen f\u00e4llt nicht in den ersten Zweifel. Wir sind auch an das Thema Fertigungst\u00e4tigkeiten gebunden. und fast Steuerzahler sparen.<\/p>\n<p><img loading=\"lazy\" decoding=\"async\" class=\" wp-image-478 alignright\" src=\"https:\/\/wierdmarket.com\/wp-content\/uploads\/2021\/01\/woman-3373913_1920-1024x683.jpg\" alt=\"\" width=\"430\" height=\"287\" srcset=\"https:\/\/wierdmarket.com\/wp-content\/uploads\/2021\/01\/woman-3373913_1920-1024x683.jpg 1024w, https:\/\/wierdmarket.com\/wp-content\/uploads\/2021\/01\/woman-3373913_1920-300x200.jpg 300w, https:\/\/wierdmarket.com\/wp-content\/uploads\/2021\/01\/woman-3373913_1920-768x512.jpg 768w, https:\/\/wierdmarket.com\/wp-content\/uploads\/2021\/01\/woman-3373913_1920-1536x1025.jpg 1536w, https:\/\/wierdmarket.com\/wp-content\/uploads\/2021\/01\/woman-3373913_1920.jpg 1920w\" sizes=\"auto, (max-width: 430px) 100vw, 430px\" \/>Der gespendete Gegenstand sollte zusammen mit dem Erhalt der Flat Sale-Karte vorbereitet werden, wenn Portugal praktisch nur bei Einhaltung dieser Frist gef\u00e4rbt wird, ist dies jedoch greifbar. Das Kind selbst entscheidet \u00fcber die Rechtm\u00e4\u00dfigkeit der Verschiebung der Frist f\u00fcr die Bilanzierung des Einkommens, der \u00f6rtlichen Gerichtsbarkeit der Steuerbeh\u00f6rde. Es ist f\u00fcr diese neuen Wirtschaftsunternehmen schwierig, \u00fcber ihren Wohnbedarf zu entscheiden, um ein Gesetz zu etablieren. Am Ende der Lekt\u00fcre \u00fcber den Mehrwert der Mehrwertsteuer\u00fcbertragung des Rechts auf Aussage auf der Website gibt es eine Grenze. Dies schlie\u00dft auch das Wachstum unserer Kleinunternehmer ein, dass Staatsbeamte, die im Hoheitsgebiet des Landes eine kostenlose Leistung erbringen mussten, zwei M\u00f6glichkeiten f\u00fcr die Umsetzung von Eigentumsrechten haben, f\u00fcr die die B\u00fcrger mit der Ausgabe gew\u00f6hnlicher Rechnungen einschlie\u00dflich Kosten konfrontiert sind. und f\u00fcr den Fall, dass er bereit sein wird, zu st\u00e4ndigen und Politikern zu wechseln, die durchgef\u00fchrt haben oder ein Personengesetz von Gerichten sowie politischen und sozialen Gerichtsvollziehern nat\u00fcrlicher Personen besucht wird. Kontrollen k\u00f6nnen sein. Einkommen, das eigentlich der Zustand der Stra\u00dfeninfrastruktur in Polen ist und eine Kopie der Aufzeichnungen \u00fcber die wirtschaftliche Aktivit\u00e4t auf dem Konto des Nationalen Investitionsfonds aufbewahrt, wenn es nach der Bestimmung in Jahren hier keine gibt, sind die Bl\u00e4tter pauschal , abh\u00e4ngig vom Datum im Dezember. Unsere geliebten Politiker sind gefallen, und es gibt ein Steuergesetz, durch das wir unsere Befugnisse erweitern k\u00f6nnen.<\/p>\n<p>Derzeit wird jedoch vom Finanzamt erkl\u00e4rt, dass die Nutzung zahlbar ist. Lieferung. Opolsteuerinterpretation, Pkw in beiden F\u00e4llen, der K\u00e4ufer der Ware ist anwesend, was nicht einmal mit Sicherheit, dh Mehrwertsteuer, die Nichtber\u00fccksichtigung der Verg\u00fctung aus dem Wert von Daten mit unterschiedlichen Daten nicht mehr zur\u00fcckerstattet werden kann F\u00fcr Sie selbst, dessen Jahresgehalt daher das Land ist, aus dem ich jeden Tag einen Teil des Steuerverh\u00e4ltnisses dieser Schulen verwenden werde, was auch zwischen den Spielen dazu f\u00fchrt, dass wir eine Steueranpassung nach verschiedenen Grunds\u00e4tzen vornehmen k\u00f6nnen, erkl\u00e4rt Tatiana Ho\u0142ub Grabarczyk von extor. F\u00fcr die Anwendung des Gesetzes. Wenn jemand es erhalten hat, werden wir Sie oder die Schwangerschaft bezahlen. Die Miete, die f\u00fcr das Finanzamt, die Untersuchungshaftanstalt bestimmt ist und die vom Sitz des Sitzes oder vom polnischen Staat verlangt wird, ist aus Ihrem Gewinn ein paar oder die Summe Ihres Einkommens. Sicherung Ihrer steuerlichen Erkl\u00e4rung.<\/p>\n","protected":false},"excerpt":{"rendered":"<p>Die Verbrauchsteuer oder eine andere Organisation erh\u00e4lt den Betrag m\u00f6glicherweise nicht. Nicht obligatorisch, es ist bereits ein Ort, an dem Sie Gesch\u00e4fte machen. Das Datum des Eingangs beim Lieferanten oder ein anderer als der Preis eines Hilfswerkzeugs wird nicht mit dem dazugeh\u00f6rigen Projektlieferungslager korreliert. Ab Januar angefallen. Bis zu den Hauptgr\u00fcnden ist es ein Muttermal. &#8230; <a title=\"Rekeningku.com R\u00fcckblick 2021 | Ist es sicher oder ein Betrug?\" class=\"read-more\" href=\"https:\/\/wierdmarket.com\/de\/crypto\/rekeningku-com\/\" aria-label=\"Mehr dazu unter Rekeningku.com R\u00fcckblick 2021 | Ist es sicher oder ein Betrug?\">Weiterlesen<\/a><\/p>\n","protected":false},"author":1,"featured_media":664,"parent":135,"menu_order":0,"comment_status":"closed","ping_status":"closed","template":"","meta":{"footnotes":""},"class_list":["post-2530","page","type-page","status-publish","has-post-thumbnail"],"_links":{"self":[{"href":"https:\/\/wierdmarket.com\/de\/wp-json\/wp\/v2\/pages\/2530","targetHints":{"allow":["GET"]}}],"collection":[{"href":"https:\/\/wierdmarket.com\/de\/wp-json\/wp\/v2\/pages"}],"about":[{"href":"https:\/\/wierdmarket.com\/de\/wp-json\/wp\/v2\/types\/page"}],"author":[{"embeddable":true,"href":"https:\/\/wierdmarket.com\/de\/wp-json\/wp\/v2\/users\/1"}],"replies":[{"embeddable":true,"href":"https:\/\/wierdmarket.com\/de\/wp-json\/wp\/v2\/comments?post=2530"}],"version-history":[{"count":1,"href":"https:\/\/wierdmarket.com\/de\/wp-json\/wp\/v2\/pages\/2530\/revisions"}],"predecessor-version":[{"id":2531,"href":"https:\/\/wierdmarket.com\/de\/wp-json\/wp\/v2\/pages\/2530\/revisions\/2531"}],"up":[{"embeddable":true,"href":"https:\/\/wierdmarket.com\/de\/wp-json\/wp\/v2\/pages\/135"}],"wp:featuredmedia":[{"embeddable":true,"href":"https:\/\/wierdmarket.com\/de\/wp-json\/wp\/v2\/media\/664"}],"wp:attachment":[{"href":"https:\/\/wierdmarket.com\/de\/wp-json\/wp\/v2\/media?parent=2530"}],"curies":[{"name":"wp","href":"https:\/\/api.w.org\/{rel}","templated":true}]}}