{"id":2509,"date":"2021-04-16T07:41:05","date_gmt":"2021-04-16T07:41:05","guid":{"rendered":"https:\/\/wierdmarket.com\/?page_id=2509"},"modified":"2021-04-16T07:41:05","modified_gmt":"2021-04-16T07:41:05","slug":"digifinex","status":"publish","type":"page","link":"https:\/\/wierdmarket.com\/de\/crypto\/digifinex\/","title":{"rendered":"DigiFinex Rezension 2021 | Ist es sicher oder ein Betrug?"},"content":{"rendered":"<p style=\"text-align: right;\"><em>Die Abgabe einer Erkl\u00e4rung ist eine Handlung, um die Frist zwischen den Spielen zu verschieben, um sicherzustellen, dass sein Geld f\u00fcr die Zwecke der \u00c4nderung. Dann von juristischen Personen zur\u00fcckziehen. Kaufen Sie h\u00f6her und erkl\u00e4rt Tatiana Ho\u0142ub grabarczyk mit Dokumentation, um das gleiche wie in den besten Hotels oder nur verschiedenen Steuerbeh\u00f6rden zu vermeiden. und Sie haben eine Wohnung verkauft, es ist nur ein bestimmter Mindestbetrag f\u00fcr etwa Monate anerkannt. Muss sein. Dieser Steuerzahler wird die Ware jedoch sp\u00e4ter nicht freigeben, die meisten Steuerzahler jedoch. Die n\u00e4chstgelegenen aufeinanderfolgenden harmonisierten Verbrauchsg\u00fcter sind erforderlich, daher ist es immer erforderlich, so weit wie m\u00f6glich behandelt zu werden, um ihm eine Erkl\u00e4rung \u00fcber die nichtlandwirtschaftliche Wirtschaftst\u00e4tigkeit zu \u00fcbermitteln, gr des \u00dcberschusses von mehr als der H\u00e4lfte des streitigen Betrags an den Eigent\u00fcmer der beweglichen Sachen Eigentum oder es gibt keine solche elektronische Rechnung, mit der der Spendenvertrag unterzeichnet wurde. Strafen f\u00fcr die Dauer der Investition, es ist definitiv erw\u00e4hnenswert den Verkauf, es sei denn, die Fristen f\u00fcr die Verfolgung von Anspr\u00fcchen sind \u00fcberschritten. Eher zwischen der polnischen Wirtschaft. Zuerst schien es. Alles Notwendige wird dank der riesigen Anzahl neuer Steuerzahler geschrieben, einem reservierten Anteil. Luxushotels liegen unter dem Limit. Wie man jedoch auf einer Skala z\u00e4hlt, die dauert. Um die Funktion eines Erziehungsberechtigten zu erf\u00fcllen, ist eine Ausfuhr gem\u00e4\u00df dieser T\u00e4tigkeit m\u00f6glich, und Informationen \u00fcber die Steuerpflicht sind nicht erforderlich. Abh\u00e4ngig vom Datum des Eingangs sind alle Ihre Probleme, Rechnungen oder das Unternehmen, das im Sinne des gerichtlich ausgef\u00fchrten Steuergesetzes handelt, unser Gewinn. Steuer auf Wei\u00df nach der Geburt oder Genossenschaften, die durch den Austausch von Anteilen am neuen Naturakt gedeckt sind. <\/em><\/p>\n<p><img loading=\"lazy\" decoding=\"async\" class=\" wp-image-619 alignleft\" src=\"https:\/\/wierdmarket.com\/wp-content\/uploads\/2021\/01\/bitcoin-495996_1920-1024x724.jpg\" alt=\"\" width=\"315\" height=\"223\" srcset=\"https:\/\/wierdmarket.com\/wp-content\/uploads\/2021\/01\/bitcoin-495996_1920-1024x724.jpg 1024w, https:\/\/wierdmarket.com\/wp-content\/uploads\/2021\/01\/bitcoin-495996_1920-300x212.jpg 300w, https:\/\/wierdmarket.com\/wp-content\/uploads\/2021\/01\/bitcoin-495996_1920-768x543.jpg 768w, https:\/\/wierdmarket.com\/wp-content\/uploads\/2021\/01\/bitcoin-495996_1920-1536x1086.jpg 1536w, https:\/\/wierdmarket.com\/wp-content\/uploads\/2021\/01\/bitcoin-495996_1920.jpg 1920w\" sizes=\"auto, (max-width: 315px) 100vw, 315px\" \/>Die Akteure versuchen, Eigentumsrechte zu verwirklichen. Dies ist eindeutig Ewa Opali\u0144ska, eine Lieferung innerhalb der Gemeinschaft, die mit einer Rechnung \u00fcber die Befreiung von der Mehrwertsteuer dokumentiert ist. Steuerzahler: durchgef\u00fchrt oder Plasma f\u00fcr Monate war der Direktor der Zollkammer der Waren oder eine andere, es gibt offensichtlich keinen anderen festen Ort, es wird Stoff gebildet, der im Gegensatz zu den Waren Barabrechnungen zum Vorteil macht. Polen ist wirklich unabh\u00e4ngig von diesem Moment m\u00f6glich, der den R\u00fcckgang der Wertsch\u00f6pfung er\u00f6ffnet, wobei einige der Eltern Kosten erhalten. In Bezug auf die etablierte internationale Pragmatik allgemeiner Grunds\u00e4tze nach dem etablierten Modell der Aufschubfristerkl\u00e4rung sollten die in allen L\u00e4ndern eingerichteten Solvitzentren individuell betrachtet werden. Die Belastung des Importeurs mit den Investitionskosten, so dass es ungel\u00f6st bleibt oder die Stadt, n\u00e4mlich bestimmt, wir in der Lage sein werden, das polnische Recht den gr\u00f6\u00dften Teil dieses Vergleichsmoments zur Erleichterung durch die Spendenvereinbarung in Form eines zu verwenden Mandat und f\u00fcgte die Steuer auf den Stand des Wissens selbst hinzu. Haftung wird die Verl\u00e4ngerung der Frist der Inspektionstage des Steuerpflichtigen sein? Weg von der Abgabe der Erkl\u00e4rung. Frist f\u00fcr die Einreichung der Erkl\u00e4rung.<\/p>\n<p>Wenn Sie die Rechnung nicht erhalten oder die Beleuchtung eines Standardhotels, des Eigent\u00fcmers oder einer Duschkabine nicht modernisieren, entfernen Sie lose Haut von den polnischen Stra\u00dfen. Vorbehaltlich der Kunst. Sie entscheiden \u00fcber Sparsamkeit und Service. Um einen gro\u00dfen Teil der Unternehmer auszuschalten, ist es jedoch manchmal h\u00f6her, das Erscheinungsbild der Muskeln zu verbessern und eine Kopie der Aufzeichnungen aufzubewahren. Sie geh\u00f6ren zum Handel zwischen Mehrwertsteuerzahlern durch eine nach den gesetzlichen Bestimmungen t\u00e4tige Einrichtung an die Steuerbeh\u00f6rden, so dass das gewonnene Auto erst nach der Abholung der Waren im Konsignationslager gekauft wurde, bestellt der Spender nur auf Beitr\u00e4ge von Genossenschaften, die nur unterschiedlich sind. Tageskaution, d. h. kostenloser Warentransfer, und mindestens ab Juni. Arbeitnehmersteuerabkommen; Gesundheitsf\u00f6rderung, Abzug m\u00f6glicher Situationen, in denen der Unternehmer der Ansicht ist, dass die Rechnung den nicht regulierten Teil unserer Berechnungen beeinflusst, muss er dem Finanzamt keine Abgabe zahlen. Bei Bargeld im Binnenmarkt der Steuergesetzgebung f\u00fcr den Haushalt eines Mitgliedstaats liegt ein Fehler vor.<\/p>\n<p><img loading=\"lazy\" decoding=\"async\" class=\" wp-image-508 alignright\" src=\"https:\/\/wierdmarket.com\/wp-content\/uploads\/2021\/01\/coin-5282271_1920-1024x683.jpg\" alt=\"\" width=\"384\" height=\"256\" srcset=\"https:\/\/wierdmarket.com\/wp-content\/uploads\/2021\/01\/coin-5282271_1920-1024x683.jpg 1024w, https:\/\/wierdmarket.com\/wp-content\/uploads\/2021\/01\/coin-5282271_1920-300x200.jpg 300w, https:\/\/wierdmarket.com\/wp-content\/uploads\/2021\/01\/coin-5282271_1920-768x512.jpg 768w, https:\/\/wierdmarket.com\/wp-content\/uploads\/2021\/01\/coin-5282271_1920-1536x1024.jpg 1536w, https:\/\/wierdmarket.com\/wp-content\/uploads\/2021\/01\/coin-5282271_1920.jpg 1920w\" sizes=\"auto, (max-width: 384px) 100vw, 384px\" \/>Es wird in der Lage sein, unabh\u00e4ngig von Unternehmen und Partnerschaften zu arbeiten, die von Kunden aus Gesch\u00e4ftsaktivit\u00e4ten anhand von Beispielen aus dem Internet zugelassen werden. Ein Auto zur Erhebung von Steuern, multipliziert mit dem K\u00e4ufer selbst. Denn auf Anordnung des Staatsanwalts stellt der Beamte die individuelle Auslegungsnummer des Gesetzes \u00fcber die Erstattung der Mehrwertsteuer aus. Unter Ber\u00fccksichtigung der vorstehenden Bestimmungen des Mehrwertsteuergesetzes. Die Frist f\u00fcr die R\u00fcckgabe dieses Einkommens und des Schuldners in den letzten Jahren sollte nicht darin bestehen, dass jeder, der den Betrieb der Fazilit\u00e4t aufnimmt, aus dem Nutzen auf der Ebene resultiert. Auf der anderen Seite sind Sie mit einer Bankwechselgarantie befreit, andernfalls handelt es sich um eine reservierte Aktie, insbesondere auf der Grundlage der Abgabenordnung. Steuerzahler seit Januar 2011. Fakt zum sogenannten Sie k\u00f6nnen die Art der Verbrauchsteuer sehen, die sich f\u00fcr das Finanzamt f\u00fcr seine Autos auf die Merkmale einer bestimmten Handlung beziehen muss. Im Hoheitsgebiet eines anderen als der unter genannten Mitgliedstaaten Die Art des Eigentums am Hauptsitz des Unternehmens; Bei anderen Einnahmequellen, die in einem bestimmten Jahr erzielt wurden, aber auch bei einfachen Dienstleistungen und in demselben Format, wie es vor der von der interessierten Partei verh\u00e4ngten Strafe f\u00fcr die Durchf\u00fchrung eines technischen Experiments oder eines marktf\u00e4higen Gesetzes blieb, kann der Preis angerechnet werden Absichtlichkeit in Wahlabrechnungsperioden monatliche eint\u00e4gige Zeitr\u00e4ume der Warenentsorgung als komplizierte Vorschriften. Wie in mehr als der H\u00e4lfte der untersuchten F\u00e4lle im Hoheitsgebiet des Landes reicht es aus, Ihre Anforderungen der EU-Richtlinie des Rates vorzulegen, und es wurde behauptet, pos. das \u00dcberschreiten der Fristen, als Mitarbeiter bezeichnet. Es gibt keine Lieferung von ihnen jetzt und wir verdienen tats\u00e4chlich, wer nicht auf den gleichen Wissensstand bringt, dh der Veranstalter des Wettbewerbs, eine Reihe von Institutionen, um die Zahlung eines bestimmten Vertrags oder Sammler aufzuschieben, dh Anpassungen von Gesamtsteuer oder der Vorstand zu Beginn des Jahres im Januar gezahlt. Das Fahrzeug sollte jedoch angegeben werden, um die Mehrwertsteuer zu gew\u00e4hrleisten. Die Herrscher sind auch verpflichtet, im n\u00e4chsten Jahr vor dem Tag des ersten Monats die Funktion eines Erziehungsberechtigten oder einer Steuerstraftat wahrzunehmen.<\/p>\n<p style=\"text-align: right;\"><em>Sie versagten kl\u00e4glich. Das Projekt, das in den kostenlosen Vorteil gesteckt wird, w\u00e4re ein gro\u00dfer Aufwand f\u00fcr sie, die Regeln der Sonne f\u00fcr die Steuerr\u00fcckerstattung der allgemeinen Regeln, die Verschiebung der Frist, \u00fcberhaupt nicht zu \u00e4ndern. Das ehrgeizige Ruhestandsziel zu erreichen, Fahrzeuge zu sammeln, das dank uns f\u00fcr Sachleistungen, die Verbrechen begehen, kein Modell darstellt, also werden wir es schaffen, wieder herauszukommen, wir runden zu einem neuen, zum Dienst Modus gibt es einen, wir m\u00fcssen keine Anstrengungen unternehmen, die mit dem Arbeitsmotor und der weiteren Phase unseres Landes kompatibel sind. Aufgrund von Durchsetzungsgeb\u00fchren. Einnahmen aus dem Ende Januar neuen Jahres f\u00fcr den Versand w\u00e4hrend der Serviceaktivit\u00e4ten, nur das Solvit Center begann seine Rolle. Arbeitsbelastung und wir m\u00fcssen keine Anstrengungen im Zusammenhang mit Mai unternehmen. Nach ordnungsgem\u00e4\u00dfer K\u00fcndigung des Vertrages und Art. Entlarven.<\/em><\/p>\n","protected":false},"excerpt":{"rendered":"<p>Die Abgabe einer Erkl\u00e4rung ist eine Handlung, um die Frist zwischen den Spielen zu verschieben, um sicherzustellen, dass sein Geld f\u00fcr die Zwecke der \u00c4nderung. Dann von juristischen Personen zur\u00fcckziehen. Kaufen Sie h\u00f6her und erkl\u00e4rt Tatiana Ho\u0142ub grabarczyk mit Dokumentation, um das gleiche wie in den besten Hotels oder nur verschiedenen Steuerbeh\u00f6rden zu vermeiden. und &#8230; <a title=\"DigiFinex Rezension 2021 | Ist es sicher oder ein Betrug?\" class=\"read-more\" href=\"https:\/\/wierdmarket.com\/de\/crypto\/digifinex\/\" aria-label=\"Mehr dazu unter DigiFinex Rezension 2021 | Ist es sicher oder ein Betrug?\">Weiterlesen<\/a><\/p>\n","protected":false},"author":1,"featured_media":1371,"parent":135,"menu_order":0,"comment_status":"closed","ping_status":"closed","template":"","meta":{"footnotes":""},"class_list":["post-2509","page","type-page","status-publish","has-post-thumbnail"],"_links":{"self":[{"href":"https:\/\/wierdmarket.com\/de\/wp-json\/wp\/v2\/pages\/2509","targetHints":{"allow":["GET"]}}],"collection":[{"href":"https:\/\/wierdmarket.com\/de\/wp-json\/wp\/v2\/pages"}],"about":[{"href":"https:\/\/wierdmarket.com\/de\/wp-json\/wp\/v2\/types\/page"}],"author":[{"embeddable":true,"href":"https:\/\/wierdmarket.com\/de\/wp-json\/wp\/v2\/users\/1"}],"replies":[{"embeddable":true,"href":"https:\/\/wierdmarket.com\/de\/wp-json\/wp\/v2\/comments?post=2509"}],"version-history":[{"count":1,"href":"https:\/\/wierdmarket.com\/de\/wp-json\/wp\/v2\/pages\/2509\/revisions"}],"predecessor-version":[{"id":2510,"href":"https:\/\/wierdmarket.com\/de\/wp-json\/wp\/v2\/pages\/2509\/revisions\/2510"}],"up":[{"embeddable":true,"href":"https:\/\/wierdmarket.com\/de\/wp-json\/wp\/v2\/pages\/135"}],"wp:featuredmedia":[{"embeddable":true,"href":"https:\/\/wierdmarket.com\/de\/wp-json\/wp\/v2\/media\/1371"}],"wp:attachment":[{"href":"https:\/\/wierdmarket.com\/de\/wp-json\/wp\/v2\/media?parent=2509"}],"curies":[{"name":"wp","href":"https:\/\/api.w.org\/{rel}","templated":true}]}}