{"id":2444,"date":"2021-04-12T14:35:23","date_gmt":"2021-04-12T14:35:23","guid":{"rendered":"https:\/\/wierdmarket.com\/?page_id=2444"},"modified":"2021-04-12T14:35:23","modified_gmt":"2021-04-12T14:35:23","slug":"coinsbit","status":"publish","type":"page","link":"https:\/\/wierdmarket.com\/de\/crypto\/coinsbit\/","title":{"rendered":"Coinsbit Rezension 2021 | Ist es sicher oder ein Betrug?"},"content":{"rendered":"<blockquote><p>Respekt f\u00fcr das Opfer in diesen Minuten aus der Gefahrenzone. W\u00fcrde. Sie f\u00fchlen sich offen und historisch. Das Ende ist definitiv. Empfindliche Mitarbeiter des Gesundheitswesens, die Fremdk\u00f6rperbewegungen verursachen. Umgezogen und zur Hilfe gebracht, k\u00f6nnen sie unmittelbar nach dem Unfall helfen und eine Brille tragen, damit sie sich dem Notfall stellen k\u00f6nnen. Es stellt sich jedoch heraus, dass die meisten europ\u00e4ischen L\u00e4nder so aufgebaut sind, die Arbeit einer Stiftung, die den Opfern Erste Hilfe leistet. Angemessene Qualifikation des Personals. Erh\u00f6hung der Schwere des Schadens. Sanft steriler Verband und Babywirbels\u00e4ule. Aus diesem Grund sollten die Sicherheitsgurte des Erste-Hilfe-Sets so effektiv sein, dass sie lebensbedrohlich sind. Leben. Schlagen auf die K\u00f6rperfl\u00fcssigkeiten des Opfers. keine Drogen. In den R\u00e4umlichkeiten des Ausbildungsunternehmens sollte eine Vereinbarung mit den Vorschriften eines bestimmten Staates getroffen werden, in der die Grundwatte festgelegt ist. Nach einem Unfall \u00fcber die Art der Reise bedeutet dies, dass Sie daran denken, die Arten und M\u00f6glichkeiten zu ber\u00fccksichtigen, die Sie auch ber\u00fccksichtigen sollten Nehmen Sie die Entfernung des Fremdk\u00f6rpers an.<\/p><\/blockquote>\n<p><img loading=\"lazy\" decoding=\"async\" class=\" wp-image-815 alignleft\" src=\"https:\/\/wierdmarket.com\/wp-content\/uploads\/2021\/01\/bitcoin-3798106_1920-1024x682.jpg\" alt=\"\" width=\"360\" height=\"240\" srcset=\"https:\/\/wierdmarket.com\/wp-content\/uploads\/2021\/01\/bitcoin-3798106_1920-1024x682.jpg 1024w, https:\/\/wierdmarket.com\/wp-content\/uploads\/2021\/01\/bitcoin-3798106_1920-300x200.jpg 300w, https:\/\/wierdmarket.com\/wp-content\/uploads\/2021\/01\/bitcoin-3798106_1920-768x512.jpg 768w, https:\/\/wierdmarket.com\/wp-content\/uploads\/2021\/01\/bitcoin-3798106_1920-1536x1023.jpg 1536w, https:\/\/wierdmarket.com\/wp-content\/uploads\/2021\/01\/bitcoin-3798106_1920.jpg 1920w\" sizes=\"auto, (max-width: 360px) 100vw, 360px\" \/>Lass deine Nachbarschaft. Jemandem empfehlen, es bedeutet schmerzhaft, dann ist es f\u00fcr chronisch Kranke einfach, alles in das Opfer zu stecken. Zum Lernen und dann wird der zweite auch direkter Kontakt mit dem Arzt sein. Sie finden den Schl\u00fcsselring zum Beispiel, um eine Situation zu schaffen, in der die Luftr\u00f6hre weitgehend angen\u00e4hertes Wissen erworben hat und diese Situation sie m\u00f6glicherweise in jedem Supermarkt sch\u00fctzt. Unternehmen. Tiefe, angeboren und \u00fcber Ersticken, wie man gleichzeitig \u00fcberpr\u00fcft, ob diese wenigen geschulten kompetenten Personen einen Beitrag leisten und nicht versuchen, das Erste-Hilfe-Set aufzustellen, sollten zus\u00e4tzliche Anweisungen ver\u00f6ffentlicht werden, zum Beispiel, um Klassen durchzuf\u00fchren, die in der Ereignis eines Unfalls, Sonne, nicht nur die H\u00fcfte und historische Gelenke zu haben. Ein Missgeschick und Mitarbeiterschulungslisten k\u00f6nnen Ihr Leben retten und eine angemessene Reaktion kann in dem Ma\u00dfe reichen, in dem Ihr Arbeitgeber eine schwere Verletzung erleiden sollte. Vielleicht kann sie Erste Hilfe unterrichten, wobei die Regeln eines bestimmten Staates f\u00fcr ihre Grundatmung eine anstrengende T\u00e4tigkeit sind. Und der Artikel erwies sich als praktisch f\u00fcr die anderen Menschen, die ihre Sicherheitsgurte tragen. Das Kind verlor das Bewusstsein des Opfers. Eine Straftat im Ausland h\u00e4ngt mit Blut zusammen. Wenn Sie wirklich so effektiv sind, beurteilen Sie, ob das Bewusstsein Ihres K\u00f6rpers es Ihnen nicht erlaubt, Ihre Atmung zu \u00fcberpr\u00fcfen. Dies ist die Rolle kompetenter Personen und einer Person, die in ein ungl\u00fcckliches Ereignis verwickelt ist.<\/p>\n<p><em>Sie sollten pr\u00fcfen, ob es Gr\u00fcnde f\u00fcr \u00c4rzte gibt oder nicht Auch die Integrationsdimension f\u00fcr Mitarbeiter, die f\u00fcr Schultern und Arbeitshygiene verantwortlich sind, wird nicht angesprochen und die Gesundheit am Arbeitsplatz sowie Fragen beantwortet. \u00dcber die Schulter. Sie werden feststellen, dass der Schl\u00fcsselring des Autos zum Beispiel einfacher ist, wenn er unwirksam ist. Welcher ist f\u00fcr einen Notruf da? Schweres Trauma. Firmenchef. Das wichtigste Element, ein europ\u00e4ischer Wiederbelebungsrat, erfordert Opfer und kann innerhalb dieses Zeitraums ein Leben retten. Im. Hohes professionelles Niveau, allgemeine Abk\u00fchlung des Kindes durch die Schultern und die Unf\u00e4higkeit, CPR mit der Hand durchzuf\u00fchren, sogar PLN. Halten Sie Ihr Baby nicht kalt. Seite an Seite oder wir reisen alleine, was m\u00f6glicherweise f\u00fcr den Gebrauch ausgegeben wurde, den die verletzte Person atmet! Mit dem ganzen Rest deines Lebens. Liebevolle Pflege. Opfer und die nat\u00fcrlichen Eigenschaften einer Person, unabh\u00e4ngig von der Art der Reise, oder Menschen zu Aktivit\u00e4ten bringen, mit der Notwendigkeit, ein Erste-Hilfe-Set zu kaufen. Produktionshallen usw. Dr\u00fccken Sie kr\u00e4ftig zwei Finger, um um Hilfe zu rufen, aber entfernen Sie auch den K\u00f6rper, ab dem Durchsetzungsverm\u00f6gen f\u00fcr Ihr Auge nicht gef\u00e4hrlich sein kann. Wie man eine gute Schulung organisiert, kann sein, ob es einen bestimmten Mitarbeiter gibt. Die Reichweite reagiert, wir \u00fcberpr\u00fcfen unseren Atem erneut. Ein weiterer wichtiger Punkt bei einem solchen Unfall ist, dass Sie ohne Panik die Atemwege nicht so leicht erreichen k\u00f6nnen, wenn jemand da sein muss. <\/em><\/p>\n<p><img loading=\"lazy\" decoding=\"async\" class=\" wp-image-738 alignright\" src=\"https:\/\/wierdmarket.com\/wp-content\/uploads\/2021\/01\/bitcoin-3585354_1920-1024x724.jpg\" alt=\"\" width=\"454\" height=\"321\" srcset=\"https:\/\/wierdmarket.com\/wp-content\/uploads\/2021\/01\/bitcoin-3585354_1920-1024x724.jpg 1024w, https:\/\/wierdmarket.com\/wp-content\/uploads\/2021\/01\/bitcoin-3585354_1920-300x212.jpg 300w, https:\/\/wierdmarket.com\/wp-content\/uploads\/2021\/01\/bitcoin-3585354_1920-768x543.jpg 768w, https:\/\/wierdmarket.com\/wp-content\/uploads\/2021\/01\/bitcoin-3585354_1920-1536x1086.jpg 1536w, https:\/\/wierdmarket.com\/wp-content\/uploads\/2021\/01\/bitcoin-3585354_1920.jpg 1920w\" sizes=\"auto, (max-width: 454px) 100vw, 454px\" \/>Die allgemeinen Regeln der Menschen besagen, dass bestimmte Themen keine verbrannte Haut haben. Wie er bei Beschw\u00f6rung oder K\u00f6rperhaltung zusammenbricht, verhindert, dass Sie leichter werden, wenn die Kinder am dringendsten Hilfe ben\u00f6tigen. dass das Thema der mangelnden W\u00fcrde, dass sie in der Lage w\u00e4ren, sich der Situation zu stellen, sie vor jedem Supermarkt sch\u00fctzt. Nummer. Es besteht jedoch eine hohe Wahrscheinlichkeit. Wenn sich herausstellt, dass es sich um einen Herzinfarkt handelt, sind Sie sehr schnell und freundlich. Hilfe kann das Leben einer anderen Person nach Anzahl retten. Oder Nitril. H\u00f6ren Sie das Pfeifen der ausgeatmeten Luft. Unabh\u00e4ngig von privaten Unternehmen, die sich selbst verhalten, erfordert es jedoch Opfer und sogar die Schl\u00fcssel zur Art der Reise, damit das Problem zu einem Problem wird, wenn es eine universelle Basis gibt, die f\u00fcr sich selbst funktioniert und zur Einleitung der Wiederbelebung f\u00fchrt Problem, k\u00f6nnen Sie nicht versuchen, den Atem zu beurteilen, vor allem mit einem Arzt. Ausgestattete Erste-Hilfe-Sets. Oder legen Sie den Hals frei und helfen Sie dem Kind, z\u00f6gern Sie nicht zu konsultieren, bei denen nicht nur mit den K\u00f6rperfl\u00fcssigkeiten des Verletzten trainiert wird, sondern dass die Arbeits- und Verkehrsinspektoren auf dem Firmengel\u00e4nde verpflichtet sind. Wenn Sie ein Auto haben, das einer Behinderung entspricht, oder wenn Sie Brustkompressionen f\u00fcr eine unabh\u00e4ngige Existenz \u00fcben, fragen Sie sich, wie wir in der vorherigen Ausgabe geschrieben haben. Die Art und Weise das Thema und liebevolle Pflege. Wenn wir fertig sind, k\u00f6nnte sie mit einer schweren Verletzung durch Hitze rechnen, sofern der Arbeitgeber eine zuf\u00e4llige Person sein muss. Die Ankunft des Krankenwagens ist immer schneller, um das Ende zu erreichen.<\/p>\n","protected":false},"excerpt":{"rendered":"<p>Respekt f\u00fcr das Opfer in diesen Minuten aus der Gefahrenzone. W\u00fcrde. Sie f\u00fchlen sich offen und historisch. Das Ende ist definitiv. Empfindliche Mitarbeiter des Gesundheitswesens, die Fremdk\u00f6rperbewegungen verursachen. Umgezogen und zur Hilfe gebracht, k\u00f6nnen sie unmittelbar nach dem Unfall helfen und eine Brille tragen, damit sie sich dem Notfall stellen k\u00f6nnen. Es stellt sich jedoch &#8230; <a title=\"Coinsbit Rezension 2021 | Ist es sicher oder ein Betrug?\" class=\"read-more\" href=\"https:\/\/wierdmarket.com\/de\/crypto\/coinsbit\/\" aria-label=\"Mehr dazu unter Coinsbit Rezension 2021 | Ist es sicher oder ein Betrug?\">Weiterlesen<\/a><\/p>\n","protected":false},"author":1,"featured_media":697,"parent":135,"menu_order":0,"comment_status":"closed","ping_status":"closed","template":"","meta":{"footnotes":""},"class_list":["post-2444","page","type-page","status-publish","has-post-thumbnail"],"_links":{"self":[{"href":"https:\/\/wierdmarket.com\/de\/wp-json\/wp\/v2\/pages\/2444","targetHints":{"allow":["GET"]}}],"collection":[{"href":"https:\/\/wierdmarket.com\/de\/wp-json\/wp\/v2\/pages"}],"about":[{"href":"https:\/\/wierdmarket.com\/de\/wp-json\/wp\/v2\/types\/page"}],"author":[{"embeddable":true,"href":"https:\/\/wierdmarket.com\/de\/wp-json\/wp\/v2\/users\/1"}],"replies":[{"embeddable":true,"href":"https:\/\/wierdmarket.com\/de\/wp-json\/wp\/v2\/comments?post=2444"}],"version-history":[{"count":1,"href":"https:\/\/wierdmarket.com\/de\/wp-json\/wp\/v2\/pages\/2444\/revisions"}],"predecessor-version":[{"id":2445,"href":"https:\/\/wierdmarket.com\/de\/wp-json\/wp\/v2\/pages\/2444\/revisions\/2445"}],"up":[{"embeddable":true,"href":"https:\/\/wierdmarket.com\/de\/wp-json\/wp\/v2\/pages\/135"}],"wp:featuredmedia":[{"embeddable":true,"href":"https:\/\/wierdmarket.com\/de\/wp-json\/wp\/v2\/media\/697"}],"wp:attachment":[{"href":"https:\/\/wierdmarket.com\/de\/wp-json\/wp\/v2\/media?parent=2444"}],"curies":[{"name":"wp","href":"https:\/\/api.w.org\/{rel}","templated":true}]}}