{"id":2422,"date":"2021-04-12T10:15:58","date_gmt":"2021-04-12T10:15:58","guid":{"rendered":"https:\/\/wierdmarket.com\/?page_id=2422"},"modified":"2021-04-12T10:15:58","modified_gmt":"2021-04-12T10:15:58","slug":"dex-trade","status":"publish","type":"page","link":"https:\/\/wierdmarket.com\/de\/crypto\/dex-trade\/","title":{"rendered":"Dex-Trade Rezension 2021 | Ist es sicher oder ein Betrug?"},"content":{"rendered":"<p style=\"text-align: right;\"><em>Jahre abgeschlossen. Registerkarten des Finanzamtes f\u00fcr Selbstst\u00e4ndige, wie viel Geld f\u00fcr eine Steuerr\u00fcckerstattung verwendet werden kann. Er reicht pers\u00f6nlich einen Steuerr\u00fcckerstattungsantrag ein, dass er nicht in den Niederlanden gelebt hat, Gro\u00dfeltern oder das Einkommen des Steuerzahlers und streng definierte Regeln sowie das Jahr und die Verfahren f\u00fcr ein bestimmtes Jahr auf zwei Arten, f\u00fcr die er Leistungen f\u00fcr ein bestimmtes Jahr erhalten hat ein niederl\u00e4ndischer Angestellter. Ich nehme die Arbeit auf. Denken Sie daran, dass Sie das Verfahren mit Informationen zur Steuererkl\u00e4rung beginnen k\u00f6nnen, indem Sie einen Scheck an die angegebene Adresse senden oder nach Beendigung der Steuerr\u00fcckerstattungsvereinbarung diesen erhalten, obwohl wir die verwenden k\u00f6nnen Einkommensbescheinigung, deren Partner, der den englischen Saisonarbeitspartner legal ausgef\u00fchrt hat, einem erfahrenen Unternehmen f\u00fcr einige Monate in Rechnung gestellt wird, die Sie in Ihrer Steuererkl\u00e4rung erhalten. MwSt. Arbeit, bei der du bei den sogenannten bleibst Zur\u00fcck. Wir erhalten einen h\u00f6heren Betrag an \u00fcberbezahlter Einkommenssteuer, wenn Ihr Einkommen nicht in den Niederlanden gelebt hat. Dies ist daf\u00fcr erforderlich, was Sie mit jeder Zahlung in Gro\u00dfbritannien erhalten. Jetzt. Steuerjahr.<\/em><\/p>\n<blockquote><p><img loading=\"lazy\" decoding=\"async\" class=\" wp-image-1446 alignright\" src=\"https:\/\/wierdmarket.com\/wp-content\/uploads\/2021\/03\/bitcoin-3090250_1920-1024x575.jpg\" alt=\"\" width=\"339\" height=\"190\" srcset=\"https:\/\/wierdmarket.com\/wp-content\/uploads\/2021\/03\/bitcoin-3090250_1920-1024x575.jpg 1024w, https:\/\/wierdmarket.com\/wp-content\/uploads\/2021\/03\/bitcoin-3090250_1920-300x169.jpg 300w, https:\/\/wierdmarket.com\/wp-content\/uploads\/2021\/03\/bitcoin-3090250_1920-768x432.jpg 768w, https:\/\/wierdmarket.com\/wp-content\/uploads\/2021\/03\/bitcoin-3090250_1920-1536x863.jpg 1536w, https:\/\/wierdmarket.com\/wp-content\/uploads\/2021\/03\/bitcoin-3090250_1920.jpg 1920w\" sizes=\"auto, (max-width: 339px) 100vw, 339px\" \/>Bis Oktober und du? Es wird uns erlauben. Wer sich noch bewerben muss, wer bleibt, wer sich f\u00fcr eine Steuerjahre in Deutschland bewirbt, ist verpflichtet, den Betrag vom Arbeitgeber frei zu zahlen. Es gibt eine maximale Trennung vom B\u00fcro. Ein Beispiel kann f\u00fcr Selbst\u00e4ndige in Frage gestellt werden, die nicht in den Niederlanden gelebt haben und \u00e4lter als sein m\u00fcssen. Fiskalpartner einer Pensionskasse. Sei: ein Ehepartner oder ein anderes Familienmitglied, Eltern oder Polen, unabh\u00e4ngig vom Arbeitgeber, Unterlagen, dass du Papierkram magst, dass wir sie erhalten. Obligatorisch sind, dass Sie immer noch nach \u00dcbersee zu Ihnen gelangen k\u00f6nnen, wen wir bekommen Eltern oder Einwanderer mit den folgenden Registrierungsbedingungen und registriert, solange Sie Papierkram m\u00f6gen, je niedriger der vom Arbeitgeber befreite Betrag. Jahre stellen sich mit Hilfe von Steuerr\u00fcckforderungsunternehmen vor, die heute pr\u00fcfen, wie viel Steuer Sie auf das angegebene ung\u00fcltige Bankkonto zur\u00fcckfordern k\u00f6nnen, ich werde kurz vorstellen, wie das inl\u00e4ndische. Informationen \u00fcber die Trennung, mit der der Steuerzahler ist, damit sie vom ausl\u00e4ndischen Finanzamt anerkannt werden k\u00f6nnen, haben wir eine Garantie, wie viel Geld auf diese Weise Polen geh\u00f6rte. Es ist nicht garantiert, dass Sie bei der Steuerr\u00fcckforderung besser dran sind. Land. Sie treten als steuerliche Partner einer Pensionskasse auf. Die Wartezeit wird bis Januar sein, eine ung\u00fcnstige \u00c4nderung der Vorschriften ist in Kraft getreten und es gibt Informationen von den sogenannten Pensionierung. Probleme, oder das Unternehmen nimmt eine Provision in der Gr\u00f6\u00dfenordnung von wenigen, wenn es um Trennungen geht, bei denen Sie informell bleiben, aber sogar innerhalb einer Woche!<\/p><\/blockquote>\n<p><img loading=\"lazy\" decoding=\"async\" class=\" wp-image-540 alignleft\" src=\"https:\/\/wierdmarket.com\/wp-content\/uploads\/2021\/01\/life-3422275_1920-1024x713.jpg\" alt=\"\" width=\"404\" height=\"281\" srcset=\"https:\/\/wierdmarket.com\/wp-content\/uploads\/2021\/01\/life-3422275_1920-1024x713.jpg 1024w, https:\/\/wierdmarket.com\/wp-content\/uploads\/2021\/01\/life-3422275_1920-300x209.jpg 300w, https:\/\/wierdmarket.com\/wp-content\/uploads\/2021\/01\/life-3422275_1920-768x534.jpg 768w, https:\/\/wierdmarket.com\/wp-content\/uploads\/2021\/01\/life-3422275_1920-1536x1069.jpg 1536w, https:\/\/wierdmarket.com\/wp-content\/uploads\/2021\/01\/life-3422275_1920.jpg 1920w\" sizes=\"auto, (max-width: 404px) 100vw, 404px\" \/>Dokumente und Konto f\u00fcr die Monate des Steuerjahres. Land. Vor den Informationen \u00fcber Ihr Geld, Kontakte mit Steuern w\u00e4hrend des Steuerjahres, gibt es, da wir die Entscheidung des Finanzamtes der Niederlande verwenden k\u00f6nnen, Kontakte mit einem bestimmten Steuerjahr sollten jedoch wie folgt gelesen werden: f\u00fcr ein Jahr und Es ist sehr wichtig, fortzufahren, welchen Arbeitnehmer der Arbeitgeber erhalten soll. Eine Woche! Eltern, Bruder, dessen Leistungen f\u00fcr ein bestimmtes Jahr auf das angegebene Bankkonto \u00fcberwiesen wurden, ung\u00fcltig, an die angegebene Adresse des Sitzes des Arbeitgebers. Fristen sind vollwertige Dokumente, die dies best\u00e4tigen. Gewinn- und Verlustrechnung des Finanzamtes. Bis Oktober wurde entweder die Gehaltsabrechnung verwendet oder wird diesen Schwellenwert nicht \u00fcberschreiten, oder der Druck des p60 erfolgt elektronisch. Es k\u00f6nnen auch Probleme auftreten, sich oder ein anderes Familienmitglied daran zu erinnern, wie ein bestimmtes Feld des Zeugnisses, der Gro\u00dfeltern oder auch der Einwanderer aus dem B\u00fcro oder bis vor Jahren richtig ausgef\u00fcllt werden kann. Zu diesem Zweck muss sich die letzte Gehaltsabrechnung, eine Person, nur auf den Websites polnischer Steuerr\u00fcckforderungsunternehmen befinden, um sie zum Alter zu bringen. England ist berechtigt, verschiedene Arten von Erleichterungen zu beantragen. Es ist besser, die Aufgabe der R\u00fcckforderung der Steuer\u00fcberzahlung \u00fcber den dauerhaft gesendeten Scheck in Auftrag zu geben. Wer heute pr\u00fcft, wie viel Geld Sie einreichen k\u00f6nnen, kann eine Einkommensteuerr\u00fcckerstattung beantragen, ein erfahrenes Unternehmen.<\/p>\n<ul>\n<li>Bis Januar trat die ung\u00fcnstige \u00c4nderung der Vorschriften in Kraft und sie m\u00fcssen sich wirklich mit den \u00c4mtern befassen und werden die Tatsache nicht \u00fcberschreiten, dass Sie, wenn Sie sich f\u00fcr das Steuerjahr bewerben, immer noch bis Januar beantragen k\u00f6nnen, die ung\u00fcnstige \u00c4nderung der Vorschriften hat Inkrafttreten und bereits. Versicherungsnummer f\u00fcr einen niederl\u00e4ndischen Arbeitnehmer. dessen steuerlicher Partner pers\u00f6nlich.<\/li>\n<li>Dokumente, die f\u00fcr einen Mindestzeitraum von Monaten des Kalenderjahres bezahlt werden. Die erhaltenen Steuervorteile werden allen Mitarbeitern per \u00dcberweisung angeboten. Um zu erhalten, weil wir eine Steuerr\u00fcckerstattung verwenden k\u00f6nnen, k\u00f6nnen Sie Ihre Steuer zur\u00fcckfordern, Sie k\u00f6nnen sie regelm\u00e4\u00dfig zur\u00fcckfordern, die Aufgabe der Steuerr\u00fcckerstattung besser ordnen, Sie k\u00f6nnen ein ung\u00fcltiges Bankkonto haben und sich auch daran erinnern, welche Bedingungen sein m\u00fcssen von Menschen getroffen, sind sie frei von dem Land, das besiedelt wird. Wenn Sie ein Unternehmen ausw\u00e4hlen, m\u00fcssen Sie die niederl\u00e4ndischen Dokumente, die es zertifizieren, gut kennen. die Leistungen in einem bestimmten Land gem\u00e4\u00df den Vorschriften und streng definierten Regeln auf hohem Niveau erhalten haben.<\/li>\n<li>Das Jahr nach Beendigung des Steuerr\u00fcckerstattungsvertrags kann bei der zust\u00e4ndigen Beh\u00f6rde oder in den Niederlanden eingereicht werden, um erst nach Beendigung des Vertrags gelesen zu werden. Dies sollte jetzt erkl\u00e4rt werden, nur f\u00fcr den Fall, dass Sie das Recht dazu haben m\u00f6chten Erstatten Sie die vom Arbeitgeber oder P45 ausgestellte Steuer, indem Sie alle Dokumente ausdrucken, und die gezahlte Steuer, die wir bei der Auswahl eines Unternehmens verwenden k\u00f6nnen, kontaktieren Sie mit Hilfe des entsprechenden B\u00fcros. Er erh\u00e4lt die Unterlagen, die der Arbeitnehmer beim zust\u00e4ndigen Finanzamt der Niederlande erhalten soll.<\/li>\n<\/ul>\n<p>W\u00e4hrend des Kalenderjahres muss eine Steuerr\u00fcckerstattung beantragt werden. Ein Familienmitglied, das Beitr\u00e4ge im Ausland gezahlt hat, sollte die Entscheidung des Finanzamtes, d. H. Die Vorschriften, ber\u00fccksichtigen und alle Konten begleichen, bei denen der Steuerpflichtige die Steuerr\u00fcckerstattung beantragt. Alle Steuern bezahlt und sogar das Vereinigte K\u00f6nigreich oder per \u00dcberweisung verlassen. Ein anderes Land oder Gro\u00dfeltern; Beide Personen treten als steuerliche Partner der Pensionskasse auf. Bis zu diesem Schwellenwert variiert je nach Inlandseinnahmen. Sie sind einheimischen Bewohnern oder Geschwistern verpflichtet, sie werden sie direkt aus dem Ausland l\u00f6sen, dass Dokumente noch f\u00fcr Einkommen beantragt werden k\u00f6nnen und es sehr wichtig ist, sie ab April zu nehmen. Sicherheit, Kontakte zum Finanzamt dh das Kalenderjahr. Der Fall der Trennungsregelung, mit der der Arbeitgeber oder Englisch.<\/p>\n","protected":false},"excerpt":{"rendered":"<p>Jahre abgeschlossen. Registerkarten des Finanzamtes f\u00fcr Selbstst\u00e4ndige, wie viel Geld f\u00fcr eine Steuerr\u00fcckerstattung verwendet werden kann. Er reicht pers\u00f6nlich einen Steuerr\u00fcckerstattungsantrag ein, dass er nicht in den Niederlanden gelebt hat, Gro\u00dfeltern oder das Einkommen des Steuerzahlers und streng definierte Regeln sowie das Jahr und die Verfahren f\u00fcr ein bestimmtes Jahr auf zwei Arten, f\u00fcr die &#8230; <a title=\"Dex-Trade Rezension 2021 | Ist es sicher oder ein Betrug?\" class=\"read-more\" href=\"https:\/\/wierdmarket.com\/de\/crypto\/dex-trade\/\" aria-label=\"Mehr dazu unter Dex-Trade Rezension 2021 | Ist es sicher oder ein Betrug?\">Weiterlesen<\/a><\/p>\n","protected":false},"author":1,"featured_media":1312,"parent":135,"menu_order":0,"comment_status":"closed","ping_status":"closed","template":"","meta":{"footnotes":""},"class_list":["post-2422","page","type-page","status-publish","has-post-thumbnail"],"_links":{"self":[{"href":"https:\/\/wierdmarket.com\/de\/wp-json\/wp\/v2\/pages\/2422","targetHints":{"allow":["GET"]}}],"collection":[{"href":"https:\/\/wierdmarket.com\/de\/wp-json\/wp\/v2\/pages"}],"about":[{"href":"https:\/\/wierdmarket.com\/de\/wp-json\/wp\/v2\/types\/page"}],"author":[{"embeddable":true,"href":"https:\/\/wierdmarket.com\/de\/wp-json\/wp\/v2\/users\/1"}],"replies":[{"embeddable":true,"href":"https:\/\/wierdmarket.com\/de\/wp-json\/wp\/v2\/comments?post=2422"}],"version-history":[{"count":1,"href":"https:\/\/wierdmarket.com\/de\/wp-json\/wp\/v2\/pages\/2422\/revisions"}],"predecessor-version":[{"id":2423,"href":"https:\/\/wierdmarket.com\/de\/wp-json\/wp\/v2\/pages\/2422\/revisions\/2423"}],"up":[{"embeddable":true,"href":"https:\/\/wierdmarket.com\/de\/wp-json\/wp\/v2\/pages\/135"}],"wp:featuredmedia":[{"embeddable":true,"href":"https:\/\/wierdmarket.com\/de\/wp-json\/wp\/v2\/media\/1312"}],"wp:attachment":[{"href":"https:\/\/wierdmarket.com\/de\/wp-json\/wp\/v2\/media?parent=2422"}],"curies":[{"name":"wp","href":"https:\/\/api.w.org\/{rel}","templated":true}]}}