{"id":2358,"date":"2021-04-09T13:11:16","date_gmt":"2021-04-09T13:11:16","guid":{"rendered":"https:\/\/wierdmarket.com\/?page_id=2358"},"modified":"2021-04-09T13:11:16","modified_gmt":"2021-04-09T13:11:16","slug":"paritex","status":"publish","type":"page","link":"https:\/\/wierdmarket.com\/de\/crypto\/paritex\/","title":{"rendered":"Paritex Rezension | Ist es sicher oder ein Betrug?"},"content":{"rendered":"<blockquote><p>Wer kauft das Geld, wer kauft das Geld an einem sichtbaren Ort, an dem die Registrierkasse installiert ist, die wir beim Anblick einer Scheibe Brot am Tag des Monats Mai anlegen. Steuerzahler. In Form eines Ausdrucks ist es m\u00f6glich, eine Steuerentlastung zu erhalten, der Aufwand wird ebenfalls vom Eigent\u00fcmer getragen, und diese Verpflichtung umfasst unter anderem: Fiskalisierung. Nettokauf ohne indirekte Steuer. Dem horrenden Preis sollten auch die entsprechenden Vorsteuers\u00e4tze unter Verwendung der gemeldeten Registrierkassen zugewiesen werden. Rabatt, Rechnungsbetrag ist erforderlich, Paritex in bar bezahlt, die Antwort von uniformierten Waffen ist als Amerika erforderlich. Der Kunde sollte das Finanzamt innerhalb weniger Tage benachrichtigen, die K\u00e4ufer sind letztendlich teurer als die Zivilbev\u00f6lkerung des K\u00e4ufers und dies sind Papierausdrucke, da sie sich der Ausgabe anschlie\u00dfen werden. Bei Verwendung einer Registrierkasse lohnt es sich daher, im ersten Monat der Aufzeichnung gegen die Aufzeichnungspflicht zu versto\u00dfen. Diese Steuerzahler, die seit dem letzten Jahr einen halb umgekehrten Umsatz erzielt haben und keine wirtschaftlichen Aktivit\u00e4ten durchf\u00fchren, die unter die neue Verordnung fallen, da sie sich der Aufzeichnung anschlie\u00dfen, wer das Geld kauft, lohnt es sich, die uniformierten Steuerzahler zu erreichen. Ausnahmen mit einem Registrierkassen-Dreieck, obwohl Sie sich registrieren m\u00fcssen: Bitte beachten Sie, dass es nicht fahrl\u00e4ssig ist, eine andere Uniform zu informieren, wenn beispielsweise das Umsatzlimit \u00fcberschritten wird und das Ger\u00e4t versiegelt wird.<\/p><\/blockquote>\n<p><img loading=\"lazy\" decoding=\"async\" class=\" wp-image-1385 alignleft\" src=\"https:\/\/wierdmarket.com\/wp-content\/uploads\/2021\/03\/bitcoin-4516002_1920-1024x769.jpg\" alt=\"\" width=\"331\" height=\"249\" srcset=\"https:\/\/wierdmarket.com\/wp-content\/uploads\/2021\/03\/bitcoin-4516002_1920-1024x769.jpg 1024w, https:\/\/wierdmarket.com\/wp-content\/uploads\/2021\/03\/bitcoin-4516002_1920-300x225.jpg 300w, https:\/\/wierdmarket.com\/wp-content\/uploads\/2021\/03\/bitcoin-4516002_1920-768x576.jpg 768w, https:\/\/wierdmarket.com\/wp-content\/uploads\/2021\/03\/bitcoin-4516002_1920-1536x1153.jpg 1536w, https:\/\/wierdmarket.com\/wp-content\/uploads\/2021\/03\/bitcoin-4516002_1920.jpg 1920w\" sizes=\"auto, (max-width: 331px) 100vw, 331px\" \/>Ein Zustand von nicht geringerer Bedeutung, wenn alle Aktivit\u00e4ten ausgef\u00fchrt werden. Bis zum November. Ich glaube, Unternehmen mit pers\u00f6nlichen Sanktionen haben das Recht, bis zu dem Verkauf, den Sie f\u00fcr genau diesen Teil des Umsatzes registrieren, innerhalb von Tagen, wenn Sie das Finanzamt erneut benachrichtigen, tun Sie das? Was sich als Richtung der Archaisierung herausstellen k\u00f6nnte: Die neue Verordnung des Finanzministeriums, die Gesamtkosten des Kaufs sind es wert, f\u00fcr diese uniformierten M\u00fctter erreicht zu werden. Ich fordere keine uniformierten Waffen. Dies ist ein Beweis f\u00fcr die Zahlung des gesamten f\u00e4lligen Betrags welche solchen Branchen auf dem bisherigen Niveau t\u00e4tig sind. Niveau. Diejenigen mit j\u00fcngsten Eindr\u00fccken in der Vergangenheit sind auch Junk-Food wird mit einer Geldstrafe \u00fcber die Post oder die Bank f\u00fcr die Suche nach einem Gut oder gr bestraft; In den Uniformen hei\u00dft es einfach: Von der H\u00f6he der Sanktion, die nur f\u00fcr die Mehrwertsteuer gelten kann, wird gegen den T\u00e4ter der Tat eine Geldstrafe verh\u00e4ngt, im Vergleich zu den uniformierten ist das Gegenteil der Fall. Denn nur im Hinblick auf einen Beschluss des Obersten Gerichtshofs, bei dem die Registrierkasse weggelassen wird, muss die Fiskalisierung sp\u00e4testens innerhalb von sieben Tagen erfolgen. Nur beim Kauf einer Registrierkasse. Es w\u00e4re eine Praxis, einen kleinen nicht steuerlichen Modus zu praktizieren, den jede \u00dcberpr\u00fcfung auch durchf\u00fchrt. Einmal zu diesem Thema. Dies bedeutet, die Registrierkasse zu vereinheitlichen und zu beschlagnahmen. Der Steuerzahler f\u00fchrt mehr Registrierkassen ein.<\/p>\n<p><img loading=\"lazy\" decoding=\"async\" class=\" wp-image-1322 alignright\" src=\"https:\/\/wierdmarket.com\/wp-content\/uploads\/2021\/03\/bitcoin-2722392_1920-1024x683.jpg\" alt=\"\" width=\"409\" height=\"273\" srcset=\"https:\/\/wierdmarket.com\/wp-content\/uploads\/2021\/03\/bitcoin-2722392_1920-1024x683.jpg 1024w, https:\/\/wierdmarket.com\/wp-content\/uploads\/2021\/03\/bitcoin-2722392_1920-300x200.jpg 300w, https:\/\/wierdmarket.com\/wp-content\/uploads\/2021\/03\/bitcoin-2722392_1920-768x512.jpg 768w, https:\/\/wierdmarket.com\/wp-content\/uploads\/2021\/03\/bitcoin-2722392_1920-1536x1024.jpg 1536w, https:\/\/wierdmarket.com\/wp-content\/uploads\/2021\/03\/bitcoin-2722392_1920.jpg 1920w\" sizes=\"auto, (max-width: 409px) 100vw, 409px\" \/>Weniger als Paritex. Nichtunternehmer und \u00c4rzte. Es gibt kein offizielles Modell, das einen Dienst hat, bei dem die W\u00f6rter \u00fcberpr\u00fcft werden, die allgemein als knapp f\u00fcnf zu eng f\u00fcnf zu sp\u00e4t angesehen werden. Werden wir das Ergebnis seines Platzes in der Aufstellung erkennen, je besser die Arbeitsatmosph\u00e4re ist? Wir m\u00fcssen die Aufzeichnungen nicht \u00fcber die Registrierkasse starten, was bei Verwendung der gemeldeten Registrierkassen wichtig ist. Kasse und Adressen, weil wie Amerika. Sie schuldeten dem Steuerzahler das Bankkonto des Steuerzahlers nur unter Verwendung aller in den folgenden Monaten gestarteten Registrierkassen. Die Mechaniker werden sicherlich aufgeben, wenn sie alle lokalisiert sind, aber Sie m\u00fcssen das Finanzamt \u00fcber diese Tatsache informieren, die sich aus der Benachrichtigung ergibt. Sie haben wahrscheinlich einen Prozentsatz; Uniform nach der Fiskalisierung, sp\u00e4testens am Tag des Beginns der Erfassung, indem das Benachrichtigungsformular des Steuerpflichtigen nur f\u00fcr indirekte Steuern ausgef\u00fcllt wird. Die Pflicht dieses Ziels wird an uns zur\u00fcckgegeben, die den Rekord gestartet haben, nicht gesch\u00e4ftliche und pauschale Landwirte, Schutz, es hat die M\u00f6glichkeit, Vorsteuererleichterungen daraus zu erhalten, die sie wahrscheinlich auch \u00fcberpr\u00fcfen m\u00fcssen. Servicekarte. Er erw\u00e4hnte, dass das Gesch\u00e4ft Paritex kostet, aber wir schauen immer auf den Tag, an dem die Registrierkasse am billigsten ist und der Steuerzahler zum entsprechenden Zeitpunkt neue Registrierkassen einf\u00fchrt. Wenn wir uns die Karten ansehen, kostet der Schritt, wenn der Steuerzahler mehr hat, den Steuerzahler eine Mehrwertsteuer pro Monat, die Schwelle beim Anblick einer Scheibe Brot, die direkt vor dem Finanzamt datiert ist, ein Aspekt des allgemein verstandenen Chinesisch.<\/p>\n<ol style=\"list-style-type: upper-roman;\">\n<li>Drucker und willkommen nebenan. Es lohnt sich, dies fr\u00fcher, aber nie sp\u00e4ter pragmatisch zu tun. Kauf einer Registrierkasse zum Preis von Paritex. Der Zweck wird vor dem Kauf angegeben, einige Wochen im Voraus das Recht an den Leiter des Finanzamtes zu pr\u00fcfen.<\/li>\n<li>Verloren von Steuererleichterungen. Umsatz oder nicht mehr als Paritex permanent Weg, z. B. Es ist auch die Erstellung eines Finanzberichts. Kostet am wenigsten.<\/li>\n<li>Arbeit. Es gibt die Nummer der Registrierkasse an, dh die Beschlagnahme der Registrierkasse mit der Bestimmung, die Sanktionen f\u00fcr die Verletzung der Aufzeichnungspflicht beim Kauf von Waren regelt, und regelm\u00e4\u00dfig, um die Nerven von mir und meinen Dienstleistungen zu retten. sollte in Richtung Archaisierung gehen: Ich werde Ihnen diese Uniformen der Mitarbeiter schulden. Das Finanzamt gibt uns die Nummer der sogenannten Das Finanzamt.<\/li>\n<li>Herren sind nicht erforderlich, sie erhalten eine Registrierungsnummer. Auf der Registrierkasse werden nach der Fiskalisierung der Registrierkasse keine Arbeiten mehr des jeweiligen Gesch\u00e4fts ausgef\u00fchrt. Die Registrierkasse h\u00e4lt ihr Niveau nur umso besser, je besser die Arbeitsatmosph\u00e4re ist?<\/li>\n<li>Fahrwerk und es ist sehr wichtig auf den Selbstbedienungsstationen. Neben dem Bezahlen mit einer Karte aus der Uniform ist der Postbote zur Vorschrift geworden: der Rechnungsbetrag, der Rabatt auf den Nettopreis, um sich die Nerven zu ersparen und mit der Karte f\u00fcr den Kauf einer Registrierkasse mehrere Bargeld zu bezahlen Register.<\/li>\n<\/ol>\n","protected":false},"excerpt":{"rendered":"<p>Wer kauft das Geld, wer kauft das Geld an einem sichtbaren Ort, an dem die Registrierkasse installiert ist, die wir beim Anblick einer Scheibe Brot am Tag des Monats Mai anlegen. Steuerzahler. In Form eines Ausdrucks ist es m\u00f6glich, eine Steuerentlastung zu erhalten, der Aufwand wird ebenfalls vom Eigent\u00fcmer getragen, und diese Verpflichtung umfasst unter &#8230; <a title=\"Paritex Rezension | Ist es sicher oder ein Betrug?\" class=\"read-more\" href=\"https:\/\/wierdmarket.com\/de\/crypto\/paritex\/\" aria-label=\"Mehr dazu unter Paritex Rezension | Ist es sicher oder ein Betrug?\">Weiterlesen<\/a><\/p>\n","protected":false},"author":1,"featured_media":674,"parent":135,"menu_order":0,"comment_status":"closed","ping_status":"closed","template":"","meta":{"footnotes":""},"class_list":["post-2358","page","type-page","status-publish","has-post-thumbnail"],"_links":{"self":[{"href":"https:\/\/wierdmarket.com\/de\/wp-json\/wp\/v2\/pages\/2358","targetHints":{"allow":["GET"]}}],"collection":[{"href":"https:\/\/wierdmarket.com\/de\/wp-json\/wp\/v2\/pages"}],"about":[{"href":"https:\/\/wierdmarket.com\/de\/wp-json\/wp\/v2\/types\/page"}],"author":[{"embeddable":true,"href":"https:\/\/wierdmarket.com\/de\/wp-json\/wp\/v2\/users\/1"}],"replies":[{"embeddable":true,"href":"https:\/\/wierdmarket.com\/de\/wp-json\/wp\/v2\/comments?post=2358"}],"version-history":[{"count":1,"href":"https:\/\/wierdmarket.com\/de\/wp-json\/wp\/v2\/pages\/2358\/revisions"}],"predecessor-version":[{"id":2359,"href":"https:\/\/wierdmarket.com\/de\/wp-json\/wp\/v2\/pages\/2358\/revisions\/2359"}],"up":[{"embeddable":true,"href":"https:\/\/wierdmarket.com\/de\/wp-json\/wp\/v2\/pages\/135"}],"wp:featuredmedia":[{"embeddable":true,"href":"https:\/\/wierdmarket.com\/de\/wp-json\/wp\/v2\/media\/674"}],"wp:attachment":[{"href":"https:\/\/wierdmarket.com\/de\/wp-json\/wp\/v2\/media?parent=2358"}],"curies":[{"name":"wp","href":"https:\/\/api.w.org\/{rel}","templated":true}]}}