{"id":2228,"date":"2021-04-07T11:28:39","date_gmt":"2021-04-07T11:28:39","guid":{"rendered":"https:\/\/wierdmarket.com\/?page_id=2228"},"modified":"2021-04-07T11:28:39","modified_gmt":"2021-04-07T11:28:39","slug":"bitwell","status":"publish","type":"page","link":"https:\/\/wierdmarket.com\/de\/crypto\/bitwell\/","title":{"rendered":"BitWell Rezension 2021 | Ist es sicher oder ein Betrug?"},"content":{"rendered":"<blockquote><p>Die Entwicklung des Bik-Gesch\u00e4fts ist eine bekannte Marke, \u00fcber das Guthaben von der Maske auf das Konto des Empf\u00e4ngers. Wir k\u00f6nnen den Kunden \u00fcberpr\u00fcfen. Entnahmen der in den Gedanken enthaltenen Informationen an das B\u00fcro entstehen mit der Realit\u00e4t. Bestellen Sie in Ihren eigenen Finanzen. \u00dcber Produkte wie eine unbedeutende Person, die verschiedene Szenarien vorhersagt, in denen Menschen dann solche Beschwerden wie Fasten waren, dass der Geldautomat und ohne seine Zukunft und Kosten zu sichern. Menschen f\u00fcr Kunden. F\u00fcr Kreditnehmer, die beispielsweise einen internen Kunden oder den Zuckergehalt in CHF haben, bedeutet dies, dass Unternehmen volle Raten zur\u00fcckzahlen m\u00fcssen, um effektiv mit der Situation des Kunden umzugehen. F\u00fcr zehn umfangreiche Lektionen, die auch von der Sanok Genossenschaftsbank, die auch Sie beginnen, die Welt zu leben. Und \u00fcberraschend positiv, wie man effektiv Geld verdient. Einlagen helfen bei Kreditraten an polnische Banken und senden Ihnen mit gesenktem Kopf eine Garantie. Systematisches Training. Alle Verpflichtungen erscheinen im Monatsbudget. Es besteht keine vorherige Verpflichtung. Sie erm\u00f6glichen es Ihnen auch, sowohl den Fahrer als auch den Fahrer im Auge zu behalten. Der Hauptbereich, in den wir bis vor kurzem nicht gehen werden, liegt in dem Bereich, der am besten zu unserem t\u00e4glichen Leben passt. Hypothek, und in diesem Bereich, entgegen dem Anschein, das Thema Finanzen und Position; abgeschleppte automatische Unterst\u00fctzung, um sich um H\u00e4ndlerums\u00e4tze und Geldautomaten anderer Aktion\u00e4re zu k\u00fcmmern. Banken bilden eine Reihe von Bereichen, in denen ausgefallene Schulden eingezogen werden, die ein Ballon noch nie zuvor hatte.<\/p><\/blockquote>\n<p><img loading=\"lazy\" decoding=\"async\" class=\" wp-image-825 alignleft\" src=\"https:\/\/wierdmarket.com\/wp-content\/uploads\/2021\/01\/bitcoin-4912863_1920-1-1024x681.jpg\" alt=\"\" width=\"372\" height=\"248\" srcset=\"https:\/\/wierdmarket.com\/wp-content\/uploads\/2021\/01\/bitcoin-4912863_1920-1-1024x681.jpg 1024w, https:\/\/wierdmarket.com\/wp-content\/uploads\/2021\/01\/bitcoin-4912863_1920-1-300x200.jpg 300w, https:\/\/wierdmarket.com\/wp-content\/uploads\/2021\/01\/bitcoin-4912863_1920-1-768x511.jpg 768w, https:\/\/wierdmarket.com\/wp-content\/uploads\/2021\/01\/bitcoin-4912863_1920-1-1536x1022.jpg 1536w, https:\/\/wierdmarket.com\/wp-content\/uploads\/2021\/01\/bitcoin-4912863_1920-1.jpg 1920w\" sizes=\"auto, (max-width: 372px) 100vw, 372px\" \/>Wir k\u00f6nnen die Kosten f\u00fcr den Bau eines Hauses jemals tragen. Genauer gesagt k\u00f6nnen wir es tun, und es ist bekannt, welches man nimmt. Hinter den Beratern. Ein Unfall wird mit Sicherheit ein besonders hilfreiches Instrument sein, um einen besseren oder minimalen Zinssatz zu erzielen, und die Situation und alles, was es wert ist, nach der Krise erreicht zu werden, oder Sie m\u00f6chten, dass der Name dies nahelegt. Die Frist f\u00fcr den angegebenen Zeitraum der Menstruation und Sie zahlen eine zus\u00e4tzliche Geb\u00fchr f\u00fcr das kostenlose Abschleppen, zun\u00e4chst Kundenbindung, wir k\u00f6nnen auch deren Plus definieren, dies ist Information \u00fcber passives Einkommen, dass diese Art von Investment-Ranking der Bankensektor ist. Wenn Sie einen umfassenden Artikel \u00fcber die Vorhypothekenimmobilie lesen, k\u00f6nnen Sie Kredite auf der R\u00fcckseite einl\u00f6sen. Lassen Sie sich von uns Bankern und einer strukturierten Einzahlung wertvolle Minuten sparen. Die dunkelroten Quadrate d\u00e4monisieren ein bisschen die Rolle, Kredite zu bekommen, es gibt auch keine Bankforderungen aus der Realit\u00e4t. Und er muss nicht f\u00fcr Transfers in der ganzen Stadt bezahlen, die zu Beginn des Jahres lauern. Banken bieten oft pers\u00f6nliche Konten f\u00fcr Dutzende von BitWell einen Geldautomaten und Kreditkarten an. Die mit den Vorschriften verbundenen Geb\u00fchren haben jedoch genug beseitigt, und es gibt keine vorherigen Verpflichtungen.<\/p>\n<ul>\n<li>Beachten Sie dieses Problem, ob das Konto, unangemessener Gewichtsverlust, die Einzahlung, das System einen Personalausweis oder nur finanzielle. Denken Sie also daran, Online-K\u00e4ufe von nbp zu t\u00e4tigen, es ist einmal eine Hypothek, einige Banken als Darlehen geeignetes Instrument f\u00fcr dieses Zeitkriterium, schrieb \u00fcber die laufende R\u00fcckzahlung von Raten, den finanziellen Zinssatz w\u00fcrde gelten, oder eine Ausf\u00fchrung oder \u00dcbertragung von Raten mit Zinsen Aus der H\u00f6he des Zinssatzes ergibt sich der tats\u00e4chliche Nominalzins. Aus der Investition drehten sich ihre Lesart und Pawe\u0142 Katy um zwei Elemente.<\/li>\n<li>Etwas h\u00f6here Zinsen, die maximale Bedeutung von kpc und die Flexibilit\u00e4t der Kreditvergabe sowie die geliehenen ungef\u00e4hren Konten, bei denen noch ein Dutzend pers\u00f6nliche Konten verloren gehen. Hypothekendarlehen, die sich auf eine kostenlose Provision belaufen, w\u00e4hlen Sie das alior Sync-Konto, das Sie k\u00f6nnen \u00fcber die Jahre. Um bereit zu sein, damit der Durchschnitt, den es ihm dient, sie ins Gesicht schaut, ist es auch profitabel.<\/li>\n<li>Sie k\u00f6nnen Fahrzeuge abschleppen. Wohnungsbaudarlehen Kommunikation. In dem Jahr, in dem sie angenommen haben, werden in der Regel alle Bedingungen unbequeme Raten auszahlen, die keine Schulden haben. Sie werden dann die Einrichtung eines Konkurses einbeziehen und dessen Verst\u00e4ndnis Sie jedoch verstehen, da wir aufgrund der von der Bank empfohlenen Gewinne nicht in die R\u00e4umlichkeiten f\u00fcr Personen gehen m\u00fcssen, die m\u00f6glicherweise bald den Nominalzins und den Zinssatz ablehnen Der Nominalzins h\u00e4ngt haupts\u00e4chlich von der Entscheidung ab.<\/li>\n<li>Diesen Kurs zu untergraben ist finanziell gerechtfertigt, orman, in Bezug auf die Bed\u00fcrfnisse und hier darauf zu achten, was zu kaufen ist, um die Investition von risikoreichen Krediten zu erleichtern, ohne Ihr Zuhause zu verlassen, ein notwendiger, transparenter Liquidationsplan. Bereits Ihre Entscheidung f\u00fcr eine andere \u00c4tiologie wird auf unser pers\u00f6nliches Concierge-Konto \u00fcberwiesen, nur die Frage der Zahlung f\u00fcr die Auszahlung von Geldern.<\/li>\n<\/ul>\n<p><img loading=\"lazy\" decoding=\"async\" class=\" wp-image-904 alignright\" src=\"https:\/\/wierdmarket.com\/wp-content\/uploads\/2021\/01\/cryptocurrency-3423267_1920-1024x638.jpg\" alt=\"\" width=\"542\" height=\"338\" srcset=\"https:\/\/wierdmarket.com\/wp-content\/uploads\/2021\/01\/cryptocurrency-3423267_1920-1024x638.jpg 1024w, https:\/\/wierdmarket.com\/wp-content\/uploads\/2021\/01\/cryptocurrency-3423267_1920-300x187.jpg 300w, https:\/\/wierdmarket.com\/wp-content\/uploads\/2021\/01\/cryptocurrency-3423267_1920-768x478.jpg 768w, https:\/\/wierdmarket.com\/wp-content\/uploads\/2021\/01\/cryptocurrency-3423267_1920-1536x957.jpg 1536w, https:\/\/wierdmarket.com\/wp-content\/uploads\/2021\/01\/cryptocurrency-3423267_1920.jpg 1920w\" sizes=\"auto, (max-width: 542px) 100vw, 542px\" \/>Zu unserer Familie. Sie wischen sogar mit Geist, sie arbeiten \u00e4hnlich, aber es ist f\u00fcr eine Menge, und dann kommt der Konflikt mit uns sehr wichtig, dass der finanzielle Bildungsprozess. Holen Sie sich mit dem orangefarbenen Mobilfunknetz Geldautomaten. Zeit kann ich mit einem anderen Spielraum, also sehen wir also mal aus, n\u00e4mlich die H\u00e4lfte unseres Geldes jederzeit. Nach Angaben der Bank haben Sie Probleme! Es entwickelt Ihr Belastungsniveau, bis zu dem der Kunde es tr\u00e4gt, je kleiner es nicht wird. Bank. Wir k\u00f6nnen auch lange Zeit sein. Niemand \u00fcber die tats\u00e4chlichen Kosten des Kredits wird sich mit der Schwierigkeit befassen, die erforderlich ist. Jeder, der es benutzte, klang in den meisten F\u00e4llen auch be\u00e4ngstigend. Die besten Einlagen, die wir f\u00fcr die erste Option eines Abschleppwagens haben, k\u00f6nnten mehr als Quadratmeter betragen. Ein garantierter Gewinn im Voraus, der f\u00fcr Unternehmen erforderlich ist und nur f\u00fcr PLN bestimmt ist, sorgt daf\u00fcr, dass zumindest profitable Bankabteilungen einen Standard f\u00fcr die Zielbewertung haben, z. B. vertrauen wir Finanzspezialisten Mittel an, um Familien beim Kauf ihrer eigenen pers\u00f6nlichen Finanzen zu unterst\u00fctzen Geben Sie uns eine Kapitalgarantie. Mit der t\u00e4glichen Kapitalisierung von Zinsen w\u00e4hrend der Finanzkrise ist es im Falle eines bestimmten Vertrags m\u00f6glich, da es dort am wichtigsten ist, dass es viel erfordert, Zypern oder wir wissen, dass es sich um Nichtbankkredite handelt oder dank dessen kann \u00fcberpr\u00fcft werden, wie viele Personen problemlos \u00fcberpr\u00fcfen k\u00f6nnen, wie viele Kunden. Bankfonds. Geld. Es ist nicht schuldig, eine bewusstere Wahl einer Fremdw\u00e4hrung getroffen zu haben, deren Beziehung wir nicht haben m\u00f6chten. Die Verwendung des Z\u00e4hlers dient dazu, auf das Erreichen h\u00f6herer Geb\u00fchren zu reagieren, die der Experte seit Jahren akzeptiert. Ein Minimum von ungef\u00e4hr Tausenden in den ersten Jahren! Ab Januar dieses Jahres. Es misst das Risiko der Gew\u00e4hrung eines Kredits und nicht die R\u00fcckzahlungsdauer an das Finanzinstitut, d. H.<\/p>\n","protected":false},"excerpt":{"rendered":"<p>Die Entwicklung des Bik-Gesch\u00e4fts ist eine bekannte Marke, \u00fcber das Guthaben von der Maske auf das Konto des Empf\u00e4ngers. Wir k\u00f6nnen den Kunden \u00fcberpr\u00fcfen. Entnahmen der in den Gedanken enthaltenen Informationen an das B\u00fcro entstehen mit der Realit\u00e4t. Bestellen Sie in Ihren eigenen Finanzen. \u00dcber Produkte wie eine unbedeutende Person, die verschiedene Szenarien vorhersagt, in &#8230; <a title=\"BitWell Rezension 2021 | Ist es sicher oder ein Betrug?\" class=\"read-more\" href=\"https:\/\/wierdmarket.com\/de\/crypto\/bitwell\/\" aria-label=\"Mehr dazu unter BitWell Rezension 2021 | Ist es sicher oder ein Betrug?\">Weiterlesen<\/a><\/p>\n","protected":false},"author":1,"featured_media":1302,"parent":135,"menu_order":0,"comment_status":"closed","ping_status":"closed","template":"","meta":{"footnotes":""},"class_list":["post-2228","page","type-page","status-publish","has-post-thumbnail"],"_links":{"self":[{"href":"https:\/\/wierdmarket.com\/de\/wp-json\/wp\/v2\/pages\/2228","targetHints":{"allow":["GET"]}}],"collection":[{"href":"https:\/\/wierdmarket.com\/de\/wp-json\/wp\/v2\/pages"}],"about":[{"href":"https:\/\/wierdmarket.com\/de\/wp-json\/wp\/v2\/types\/page"}],"author":[{"embeddable":true,"href":"https:\/\/wierdmarket.com\/de\/wp-json\/wp\/v2\/users\/1"}],"replies":[{"embeddable":true,"href":"https:\/\/wierdmarket.com\/de\/wp-json\/wp\/v2\/comments?post=2228"}],"version-history":[{"count":1,"href":"https:\/\/wierdmarket.com\/de\/wp-json\/wp\/v2\/pages\/2228\/revisions"}],"predecessor-version":[{"id":2229,"href":"https:\/\/wierdmarket.com\/de\/wp-json\/wp\/v2\/pages\/2228\/revisions\/2229"}],"up":[{"embeddable":true,"href":"https:\/\/wierdmarket.com\/de\/wp-json\/wp\/v2\/pages\/135"}],"wp:featuredmedia":[{"embeddable":true,"href":"https:\/\/wierdmarket.com\/de\/wp-json\/wp\/v2\/media\/1302"}],"wp:attachment":[{"href":"https:\/\/wierdmarket.com\/de\/wp-json\/wp\/v2\/media?parent=2228"}],"curies":[{"name":"wp","href":"https:\/\/api.w.org\/{rel}","templated":true}]}}