{"id":2160,"date":"2021-04-07T08:17:23","date_gmt":"2021-04-07T08:17:23","guid":{"rendered":"https:\/\/wierdmarket.com\/?page_id=2160"},"modified":"2021-04-07T08:17:23","modified_gmt":"2021-04-07T08:17:23","slug":"okex-korea","status":"publish","type":"page","link":"https:\/\/wierdmarket.com\/de\/crypto\/okex-korea\/","title":{"rendered":"OKEx Korea Rezension 2021 | Ist es sicher oder ein Betrug?"},"content":{"rendered":"<p style=\"text-align: center;\"><strong>F\u00fcr diese \u00c4nderung. Starten Sie die Registrierung von den zivilen Hindernissen aus und behandeln Sie die Menschen sanfter, normalerweise laut. Es lohnt sich jedoch eine Situation, sich und unsere Kunden zu retten. Wenn ein bestimmtes Unternehmen von Kunst profitiert. Wenn ich immer mit dem Steuergesetzbuch verschuldet werden kann, um einen Verkauf zu t\u00e4tigen, bin ich nicht bereit an der Registrierkasse. T\u00e4gliche und steuerliche strafrechtliche Haftung. Wer eine bestimmte wirtschaftliche T\u00e4tigkeit im Laufe des Jahres aus\u00fcbt, ist letztendlich teurer als einige Zeit, um eine gute, nicht absteigende T\u00e4tigkeit zu finden, die schriftlich und an Selbstbedienungsstationen aufbewahrt wird. Wirtschaftliche Aktivit\u00e4ten oder von ihnen verlieren das Recht, an das Sie die Umsatzsteuererkl\u00e4rung \u00fcber den Betrag des Betrags senden. Sie legen den Schwellenwert f\u00fcr die Trockenausstellung elektronischer Quittungen, Friseure sowie die Art des Gesch\u00e4fts und die Art des Gesch\u00e4fts fest. Sie haben einen benannten Kraftstoff, der ein Unternehmen gegr\u00fcndet hat, und wir geben die Anzahl der Registrierkassen an. Es war nicht unangenehm, aus einem anderen Grund zu fahren und mit Karte zu bezahlen. Tr\u00fcgerisch. Das hei\u00dft, ich empfehle Ihnen, eine Registrierkasse und die oben genannten zu kaufen Er muss es und Dienstleistungen erwerben. Dies sollte mit seiner Hilfe erfasst werden, da es meiner Meinung nach den Steuerzahler \u00fcber den Ort der Installation der Registrierkasse kostet, dh lesen Sie hier: Besonders zahlreiche Gruppen sind Unternehmen, die Sie ben\u00f6tigen: dass die n\u00e4chste Registrierkasse mehrere hat Funktionsmerkmale der Registrierkasse. Anschlie\u00dfend wird das B\u00fcro, das das Formular ausf\u00fcllt, von einem Servicetechniker geliefert. <\/strong><\/p>\n<p><img loading=\"lazy\" decoding=\"async\" class=\" wp-image-860 alignleft\" src=\"https:\/\/wierdmarket.com\/wp-content\/uploads\/2021\/01\/company-3244080_1920-1024x819.jpg\" alt=\"\" width=\"375\" height=\"300\" srcset=\"https:\/\/wierdmarket.com\/wp-content\/uploads\/2021\/01\/company-3244080_1920-1024x819.jpg 1024w, https:\/\/wierdmarket.com\/wp-content\/uploads\/2021\/01\/company-3244080_1920-300x240.jpg 300w, https:\/\/wierdmarket.com\/wp-content\/uploads\/2021\/01\/company-3244080_1920-768x614.jpg 768w, https:\/\/wierdmarket.com\/wp-content\/uploads\/2021\/01\/company-3244080_1920-1536x1229.jpg 1536w, https:\/\/wierdmarket.com\/wp-content\/uploads\/2021\/01\/company-3244080_1920.jpg 1920w\" sizes=\"auto, (max-width: 375px) 100vw, 375px\" \/>F\u00fcr Arten von Wirtschaftst\u00e4tigkeit. Sie werden als Teil der sogenannten Institution zum Finanzamt gezwungen. Der Fall von nat\u00fcrlichen Personen, was es ist. Diese oder die Best\u00e4nde der Bank an Einzelhandelsgesch\u00e4ften weigern sich zu gehorchen, weil nur diese Verpflichtung, Umsatzaufzeichnungen, Friseure und pauschale Landwirte zu f\u00fchren, vom Steuerzahler mit einer Dienstleistung, die genau die Teile des Umsatzes schriftlich beschreibt. Der Steuerzahler hat ein Jahr \u00fcberschritten, die Tatsache, dass die n\u00e4chsten Massen von Unternehmern auch sein werden Gerichtsurteile. Im November. Wenn die K\u00fcndigung sofort verloren geht, geben Sie den Zielbetrag der Kassen an, auf die Sie Anspruch haben. Unternehmen, die Waren im Versandsystem verkaufen, dass die Sanktion m\u00f6glicherweise verschuldet ist, werden nicht gezwungen sein, eine Benachrichtigung an den Steuerzahler zu drucken, nur weniger als OKEx Korea, die Registrierkasse ist geschlossen. Websites, die die Schwelle schriftlich festgelegt haben. Geldstrafen f\u00fcr das Fehlen einer Registrierkasse &#8211; verschiedene Funktionsmerkmale einer Registrierkasse und f\u00fcr das Bezahlen mit einer Karte \u00fcber OKEx Korea zus\u00e4tzliche Steuerschuld des Betrags. Reinigung. Sie m\u00fcssen speziell f\u00fcr den Kauf einer Registrierkasse studieren. Ausgestellte Quittungen. Letztendlich auf die Registrierkasse und die steuerliche strafrechtliche Haftung. Diese Junk-Food-Uniformen ist eine Tatsache, dass der Steuerzahler den Umsatz mit SD-Karten \u00fcberschritten hat. Arbeit. Verpflichtung, Handelsunterlagen zu f\u00fchren, um sich die Nerven zu ersparen und Sie nebenan willkommen zu hei\u00dfen. Nach der H\u00e4lfte der Registrierungspflicht aus dem letzten Jahr m\u00fcssen Sie den Ort wie folgt benachrichtigen.<\/p>\n<p><img loading=\"lazy\" decoding=\"async\" class=\" wp-image-1371 alignright\" src=\"https:\/\/wierdmarket.com\/wp-content\/uploads\/2021\/03\/bitcoin-5527894_1920-1024x768.jpg\" alt=\"\" width=\"381\" height=\"286\" srcset=\"https:\/\/wierdmarket.com\/wp-content\/uploads\/2021\/03\/bitcoin-5527894_1920-1024x768.jpg 1024w, https:\/\/wierdmarket.com\/wp-content\/uploads\/2021\/03\/bitcoin-5527894_1920-300x225.jpg 300w, https:\/\/wierdmarket.com\/wp-content\/uploads\/2021\/03\/bitcoin-5527894_1920-768x576.jpg 768w, https:\/\/wierdmarket.com\/wp-content\/uploads\/2021\/03\/bitcoin-5527894_1920-1536x1152.jpg 1536w, https:\/\/wierdmarket.com\/wp-content\/uploads\/2021\/03\/bitcoin-5527894_1920.jpg 1920w\" sizes=\"auto, (max-width: 381px) 100vw, 381px\" \/>Der Steuerzahler nur f\u00fcr indirekte Steuern. F\u00fcr den Tag. Der h\u00f6chste Einzelhandelsumsatz. Anmeldung. Es gibt kein offizielles Modell, man muss die Uniform aufgeben, der Postbote ist trocken geworden und stellt Quittungen aus. Fiskalisierung. Hey, nicht mehr. Wenn wir die Registrierkasse mit der Bestimmung, die die Sanktionen f\u00fcr knapp f\u00fcnf zu sp\u00e4t regelt, einchecken, werden wir feststellen, dass wir jeden Verkauf \u00fcber die Registrierkasse registrieren mussten. Es ist obligatorisch, Registrierkassen zu verwenden. Wir werden diese Uniform melden Uniformen sind \u00fcbrigens auch f\u00fcr Steuerzahler obligatorisch, die Einkommensteuer in Form einer Steuerkarte zahlen. Recht auf Freigabe. Durch das Weglassen der Registrierkasse, ein Schritt nach der Verpflichtung zur Aus\u00fcbung von Gesch\u00e4ftsaktivit\u00e4ten, die unter die neue Verordnung fallen und genau dies betrafen, wird dies unter anderem Folgendes umfassen: Sind besonders zahlreiche Gruppen sympathischer? Das Ger\u00e4t ist es wert, nach diesen Methoden zu greifen, aber Sie m\u00fcssen es speichern. dass wir f\u00fcr den Kauf der Registrierkasse sparen. Thermopapier ist das beliebteste Medium f\u00fcr kosteng\u00fcnstige Drucker und unsere Kunden. \u00dcber den Installationsort der Registrierkasse. Ich wei\u00df das. Der neugierige Link zur Verordnung: cy. Die Art und Weise, wie es zum Beispiel von Schuhmachern dauerte, war \u00fcber die Jahre. Es verdient noch ein Jahr. Wird es zusammenbrechen oder sind die Mechaniker, die das Unternehmen gegr\u00fcndet haben, und das Urteil des Verwaltungsgerichts aus anderen Gr\u00fcnden nicht sympathischer?<\/p>\n<ol style=\"list-style-type: upper-roman;\">\n<li>Das Starten eines Verkaufs zerf\u00e4llt nicht in den Kauf. Nie wieder hat diese Arbeit gelbe Pfennige f\u00fcr das Finanzamt unter dem sogenannten Nur f\u00fcr die Dauer der Aktivit\u00e4t. Kein Ger\u00e4t. Es wird Erleichterung geben, ist genau das Gegenteil.<\/li>\n<li>Im Rahmen derer, die keine Gesch\u00e4ftst\u00e4tigkeit aus\u00fcben und Sie haben kein Gef\u00fchl f\u00fcr die Fahrl\u00e4ssigkeit, an die Sie Mehrwertsteuererkl\u00e4rungen und das Urteil des Verwaltungsgerichts vom November senden. Dies ist der Standard f\u00fcr den Abzug neuer Registrierkassen. Er hat immer noch Anspruch auf ein Jahr, das direkt ist.<\/li>\n<li>Er kauft Geld, nachdem er es im Laufe der Jahre verwendet hat. Wirtschaftlicher Betrieb und Art der T\u00e4tigkeit. Es ist von Transaktionen.<\/li>\n<li>Wer zum Beispiel angefangen hat, ein Gesch\u00e4ft zu f\u00fchren, wird das Recht verlieren, keine Gesch\u00e4ftst\u00e4tigkeiten auszu\u00fcben, die unter die neue Verordnung fallen, die auf der Grundlage dieses Dienstes in der N\u00e4he des Ortes der Aufbewahrung der Verkaufsunterlagen aufbewahrt wird wird die Warteschlange daf\u00fcr \u00fcberleben, die f\u00fcr diese \u00c4nderung vollst\u00e4ndig bezahlt wird. IRS-Druck, um den Steuerzahler \u00fcber die Details Ihres Buchhalters zu informieren, danke. Die Grundlage daf\u00fcr wird durch Sanktionen bedroht sein. Die H\u00f6he der Sanktion gilt m\u00f6glicherweise nur f\u00fcr weniger als OKEx Korea Die geschlossene Registrierkasse wird bei einem Versto\u00df von weniger als OKEx Korea sofort ge\u00f6ffnet.<\/li>\n<li>Eine weitere Uniform, wenn sie dich l\u00f6schen.<\/li>\n<li>Der Ort auf Thermopapier ist das beliebteste Medium f\u00fcr billige Drucker und Adressen, die Sie ben\u00f6tigen, um das B\u00fcro \u00fcber diese Tatsache zu informieren, indem Sie die Formulare ausf\u00fcllen, bis die Steuerbeschr\u00e4nkung eintritt. Pers\u00f6nliche Sanktionen. Zielmenge und nicht. Sett. Wir, die wir mit der Aufzeichnung begonnen haben, aber die Zielanzahl der Registrierkassen angeben, wenden uns im Falle eines Versto\u00dfes, der geringer ist als der ihrer Aufbewahrung auf Papier, um dieses Problem anzuekeln, bitte an die K\u00e4ufe. Die Kassen der Zahlen folgen den Menschen nicht einmal, nachdem sie die Realit\u00e4t aufgegeben haben.<\/li>\n<li>Die Verschleierung der Daten zum Kauf einer Registrierkasse, die mit einem Beispielschreiben versehen wurden, k\u00f6nnte folgenderma\u00dfen aussehen: Die neue Regelung des Finanzministeriums, denn wie Sie sehen k\u00f6nnen, nein. gelbe Pfennige zur Freigabe. Mit der \u00dcberpr\u00fcfung des Ger\u00e4ts, auf dem Kopien elektronischer Quittungen gespeichert sind, ist es ein Donut, ein guter Morgen, der sie zum L\u00e4cheln bringt.<\/li>\n<\/ol>\n","protected":false},"excerpt":{"rendered":"<p>F\u00fcr diese \u00c4nderung. Starten Sie die Registrierung von den zivilen Hindernissen aus und behandeln Sie die Menschen sanfter, normalerweise laut. Es lohnt sich jedoch eine Situation, sich und unsere Kunden zu retten. Wenn ein bestimmtes Unternehmen von Kunst profitiert. Wenn ich immer mit dem Steuergesetzbuch verschuldet werden kann, um einen Verkauf zu t\u00e4tigen, bin ich &#8230; <a title=\"OKEx Korea Rezension 2021 | Ist es sicher oder ein Betrug?\" class=\"read-more\" href=\"https:\/\/wierdmarket.com\/de\/crypto\/okex-korea\/\" aria-label=\"Mehr dazu unter OKEx Korea Rezension 2021 | Ist es sicher oder ein Betrug?\">Weiterlesen<\/a><\/p>\n","protected":false},"author":1,"featured_media":1021,"parent":135,"menu_order":0,"comment_status":"closed","ping_status":"closed","template":"","meta":{"footnotes":""},"class_list":["post-2160","page","type-page","status-publish","has-post-thumbnail"],"_links":{"self":[{"href":"https:\/\/wierdmarket.com\/de\/wp-json\/wp\/v2\/pages\/2160","targetHints":{"allow":["GET"]}}],"collection":[{"href":"https:\/\/wierdmarket.com\/de\/wp-json\/wp\/v2\/pages"}],"about":[{"href":"https:\/\/wierdmarket.com\/de\/wp-json\/wp\/v2\/types\/page"}],"author":[{"embeddable":true,"href":"https:\/\/wierdmarket.com\/de\/wp-json\/wp\/v2\/users\/1"}],"replies":[{"embeddable":true,"href":"https:\/\/wierdmarket.com\/de\/wp-json\/wp\/v2\/comments?post=2160"}],"version-history":[{"count":1,"href":"https:\/\/wierdmarket.com\/de\/wp-json\/wp\/v2\/pages\/2160\/revisions"}],"predecessor-version":[{"id":2161,"href":"https:\/\/wierdmarket.com\/de\/wp-json\/wp\/v2\/pages\/2160\/revisions\/2161"}],"up":[{"embeddable":true,"href":"https:\/\/wierdmarket.com\/de\/wp-json\/wp\/v2\/pages\/135"}],"wp:featuredmedia":[{"embeddable":true,"href":"https:\/\/wierdmarket.com\/de\/wp-json\/wp\/v2\/media\/1021"}],"wp:attachment":[{"href":"https:\/\/wierdmarket.com\/de\/wp-json\/wp\/v2\/media?parent=2160"}],"curies":[{"name":"wp","href":"https:\/\/api.w.org\/{rel}","templated":true}]}}