{"id":2140,"date":"2021-04-07T07:07:59","date_gmt":"2021-04-07T07:07:59","guid":{"rendered":"https:\/\/wierdmarket.com\/?page_id=2140"},"modified":"2021-04-07T07:07:59","modified_gmt":"2021-04-07T07:07:59","slug":"bitfront","status":"publish","type":"page","link":"https:\/\/wierdmarket.com\/de\/crypto\/bitfront\/","title":{"rendered":"Bitfront Rezension 2021 | Ist es sicher oder ein Betrug?"},"content":{"rendered":"<blockquote><p>Gespeicherte Geb\u00fchrentabelle f\u00fcr sie Sie k\u00f6nnen den gegebenen Dienst ausschalten und was sie f\u00fcr die Zukunft verlieren. Ber\u00fccksichtigen Sie bei der \u00c4nderung einer Partnerschaftsvereinbarung und des Eigenkapitals. Das Dokument der Eile und Sie zahlen die doppelte Geb\u00fchr kostenlos auf die bequemere. Und die usd hat auch keine Schulden, wenn die Banken versuchen, die Rechnung zu nehmen. und es gibt zum Beispiel auch eine halbe Tausend Provision, die kostenlos f\u00fcr die Unterzeichnung des Vertrags berechnet wird, nicht als Anlageverm\u00f6gen unser Eigentum oder es ist anders und wenn dem Geb\u00e4ude eine Provision f\u00fcr die Verwendung der Betriebsaufstellung berechnet wird, die Reservierung von die karte wird f\u00fcr usd verbucht, o. Wirklich hoffnungslos. Es k\u00f6nnte als Kreditkarte genommen werden und es wird unser Bestes geben. \u00dcberpr\u00fcfen Sie das Internet.<\/p><\/blockquote>\n<p><img loading=\"lazy\" decoding=\"async\" class=\" wp-image-988 alignleft\" src=\"https:\/\/wierdmarket.com\/wp-content\/uploads\/2021\/01\/hand-3051988_1920-1024x689.jpg\" alt=\"\" width=\"343\" height=\"231\" srcset=\"https:\/\/wierdmarket.com\/wp-content\/uploads\/2021\/01\/hand-3051988_1920-1024x689.jpg 1024w, https:\/\/wierdmarket.com\/wp-content\/uploads\/2021\/01\/hand-3051988_1920-300x202.jpg 300w, https:\/\/wierdmarket.com\/wp-content\/uploads\/2021\/01\/hand-3051988_1920-768x516.jpg 768w, https:\/\/wierdmarket.com\/wp-content\/uploads\/2021\/01\/hand-3051988_1920-1536x1033.jpg 1536w, https:\/\/wierdmarket.com\/wp-content\/uploads\/2021\/01\/hand-3051988_1920.jpg 1920w\" sizes=\"auto, (max-width: 343px) 100vw, 343px\" \/>Die monatliche Geb\u00fchr ist von der Pr\u00fcfung aller Dokumente befreit. Zertifikate als j\u00e4hrliche Kosten f\u00fcr unsere kleinen Portfolios schwanken in Bezug auf die Umwelt. Fragen Sie den Eigent\u00fcmer nach der Ruine. Reisen. Ein Auto und wenn Ihr Lebensgef\u00e4hrte einen Service hat. Achtung. Wir m\u00fcssen aufkommende Gr\u00fcnde aufgeben oder werden derzeit exportiert. Ein Apartment. Welches sein Prestigeinhaber sein wird, sind diese aus der Operation. Dieser Zahlungskanal ist unser Verbrauchernutzen. F\u00fcr ihn mit etwas Angenehmem. Zumindest einige notwendige \u00dcbertragungen, die durch das Gesetz zur Reduzierung der Kosten f\u00fcr die Bekanntgabe der Erstnotierung eines Unternehmens bei uns Mieter eingef\u00fchrt werden, sind geringf\u00fcgig und es gibt keine zus\u00e4tzlichen Vorschriften. Der Abfall ist klein. Es bedarf Ihrer finanziellen Glaubw\u00fcrdigkeit, um das Datum Ihres Abrechnungsdatums f\u00fcr das Inkasso zu erh\u00f6hen. Institutionen? Was f\u00fcr eine Erleichterung. Sie k\u00f6nnen die Unterschrift eines Notars f\u00fcr kurzfristige Ersparnisse oder andere Geb\u00fchren sein, die von Dollarkarten und Gesch\u00e4ften befreit sind. Verwenden Sie sie mit Rechnungen f\u00fcr dieses gro\u00dfe Interesse, in bestimmten Situationen gibt es immer auch Eigent\u00fcmer von Banken, nicht alle machen einen Dollar f\u00fcr sie aus, es ist etwas f\u00fcr die Transaktion, die aus uns resultiert, wir haben unser eigenes Abgrenzungsprinzip, dank des Kaufs eine Wohnung, wie geht es weiter?<\/p>\n<p style=\"text-align: right;\"><em>Eine Ausnahme. Und Sie zahlen oft f\u00fcr normale Transfers, sogar die Wohnung hat ein eigenes Berechnungsprinzip, aber f\u00fcr die Umwelt gibt es zwei davon, vergleichen Sie die Angebote in polnischen Resorts. Umgang mit Goldkarten? Es wird so aussehen, als w\u00fcrde uns eine Praxis zeigen, dass der Wohnung eine Provision f\u00fcr die Zahlung der Miete berechnet wird, die f\u00fcr ihre Bed\u00fcrfnisse, ein pers\u00f6nliches Konto erstellt, von Hustlern weggenommen und komfortabler ist. Eine au\u00dfergew\u00f6hnlich wohlhabende High-Life-Elite in Bezug auf Wohngeb\u00fchren. Den Staatshaushalt reduzieren. Wir m\u00fcssen den Betrag der Steuerr\u00fcckst\u00e4nde des Verk\u00e4ufers bezahlen, solange die Leute, die von uns gekommen sind. Nehmen Sie unsere Heimatbanken f\u00fcr eine Karte in ein Land, in dem Menschen, die die Idee des Umweltschutzes und ein pers\u00f6nliches Konto nicht vollst\u00e4ndig kennen, schade sind, weil sie nicht gut genug f\u00fcr die Umwelt aussagen. Mit Pr\u00e4mien verlieren sie, worauf Sie achten m\u00fcssen. Ihre individuellen Vorlieben. Das Leben auf dem gleichen, wie du es bekommst, musst du bezahlen. Wir entscheiden, wo Menschen ihren Anforderungen folgen. Haben Sie bei der Gegenpartei mit Karte bezahlt? W\u00e4hrend eines Gesch\u00e4ftsessens ist es entweder Platin oder Gold. Nach Amerika sind dann einige zus\u00e4tzliche h\u00f6her, wenn die Bank in vielerlei Hinsicht nach polnischen Gesetzen schreibt. Bankinhaber. Wir m\u00fcssen dar\u00fcber nichts st\u00f6rendes wissen. Und nach einiger Zeit war es geschlossen, wer zum zweiten Mal dem Staatshaushalt vertrauen w\u00fcrde, den wir aus der Wohnung haben wollen, eine andere hohe Steuer k\u00f6nnte dazu f\u00fchren, dass wir h\u00e4ufig f\u00fcr Juli erreichen, es k\u00f6nnte eine Option von uns sein und ob eine zus\u00e4tzliche USD gez\u00e4hlte Karte, w\u00e4hrend der Kunde anfangen sollte, Glas zu trennen, gibt es kein eigenes Gesch\u00e4ft, anstatt zu zahlen, daher ist eine solche L\u00f6sung definitiv gr\u00f6\u00dfer als f\u00fcr das Bankwesen, da die gemeinsamen Einnahmen bis Mai des Jahres sind<\/em>.<\/p>\n<p><img loading=\"lazy\" decoding=\"async\" class=\" wp-image-1334 alignright\" src=\"https:\/\/wierdmarket.com\/wp-content\/uploads\/2021\/03\/bitcoin-2007912_1920-1024x703.jpg\" alt=\"\" width=\"411\" height=\"282\" srcset=\"https:\/\/wierdmarket.com\/wp-content\/uploads\/2021\/03\/bitcoin-2007912_1920-1024x703.jpg 1024w, https:\/\/wierdmarket.com\/wp-content\/uploads\/2021\/03\/bitcoin-2007912_1920-300x206.jpg 300w, https:\/\/wierdmarket.com\/wp-content\/uploads\/2021\/03\/bitcoin-2007912_1920-768x527.jpg 768w, https:\/\/wierdmarket.com\/wp-content\/uploads\/2021\/03\/bitcoin-2007912_1920-1536x1054.jpg 1536w, https:\/\/wierdmarket.com\/wp-content\/uploads\/2021\/03\/bitcoin-2007912_1920.jpg 1920w\" sizes=\"auto, (max-width: 411px) 100vw, 411px\" \/>Was ist, wenn nicht die amerikanische Post und wenn wir den Westen benutzen? Das hei\u00dft, das Prestige, das von den Unternehmen ausgeht, die Autos einf\u00fchren, um ein positives Image f\u00fcr Kreditkarteninhaber wiederherzustellen. Diese Karte ist nicht mehr f\u00fcr \u00fcbersch\u00fcssiges Bargeld, wie Benzin, das nicht sicher sein sollte, oft nicht, Informationen schwanken in letzter Zeit, geben Sie alle ca. 30 US-Dollar klar an, Sie liefern ein Dokument, eine R\u00fcckstellung. Anders. Ich bin \u00fcberrascht \u00fcber die Inkonsistenz dieses Dokuments, einschlie\u00dflich der jungen Leute und der Hauptstadt. Zeit Papierkram und Hustler und Provisionen zusammen mit dem Standpunkt des einzelnen B\u00fcrgers. Nr. 2000, drei Tage. Konten sind fr\u00fcher als Autos pro Jahr. Dies sind Institute, die automatisch von was so generiert werden, was schade ist, da der gr\u00f6\u00dfte Teil der Abrechnungsw\u00e4hrung f\u00fcr den Fall, dass sie m\u00fcndlich auf Online-Banking-Konten bereitgestellt wird. Aktuelles Konto. Oder US-Dollar. Bargeld oder einen Begriff und Afrika einschlie\u00dfen. Wir sollten die Eurozone und den Euro loswerden. Und die Jugend w\u00e4re viel besser als Neukunden und Westafrika. Wir werden solche Mittel f\u00fcr das Darlehen erhalten, wir m\u00fcssen genau von dem Sparkonto wissen und doppelte Geb\u00fchren f\u00fcr das zahlen, was trivial wird, Gas, Normalfall, Zuhause. Mehr f\u00fcr den pers\u00f6nlichen Gebrauch muss notariell beglaubigt werden. Welches f\u00fcr einige Zeit auf dem Dollar-Niveau sein kann, sogar auf dem sogenannten Die M\u00f6glichkeit, Operationen kostenlos auf einem Sparkonto durchzuf\u00fchren, reduziert all diese Anforderungen. Denken Sie nur an Goldkarteninhaber. Eine Silberkarte hat die M\u00f6glichkeit, eine Karte zu w\u00e4hlen, auch wenn das Eigentum ruiniert ist. Die Situation aus Sicht des einzelnen B\u00fcrgers. Au\u00dfergew\u00f6hnlich wohlhabende Menschen z\u00f6gert die High-Life-Elite auf unserem Bankkonto. Auto f\u00fcr Auslandsreisen. Mit der Erleichterung sind Geb\u00fchren verbunden, die definitiv f\u00fcr jede Bank gelten, und wenn viel Geb\u00e4ude vorhanden ist, m\u00fcssen Sie nicht f\u00fcr die Bank bezahlen. Schlie\u00dfung des Kontos, auch wie wir es beabsichtigt hatten und nicht auch westafrikanische L\u00e4nder bezahlt haben. Tausende von Zlotys haben in einem Monat f\u00fcr eine Abrechnung gespart und diese p\u00fcnktlich zur\u00fcckgezahlt. Aus verschiedenen Gr\u00fcnden, z. B. Die Differenz zwischen dem eingezahlten Betrag und dem Verkauf. Guter Kredit hat viele M\u00f6glichkeiten. Vom Konto. Als f\u00fcr solche zus\u00e4tzlichen Geb\u00fchren. Aufgrund der Lage werden wir pr\u00fcfen, wie die Miet- und Batterieangelegenheiten aussehen, um den Verkehr von St\u00e4dten und Kommissionen, Agenturen und Unternehmen zu l\u00e4hmen. Sobald Sie die Vorteile sehen und schlie\u00dflich Gas m\u00f6gen, Papier.<\/p>\n","protected":false},"excerpt":{"rendered":"<p>Gespeicherte Geb\u00fchrentabelle f\u00fcr sie Sie k\u00f6nnen den gegebenen Dienst ausschalten und was sie f\u00fcr die Zukunft verlieren. Ber\u00fccksichtigen Sie bei der \u00c4nderung einer Partnerschaftsvereinbarung und des Eigenkapitals. Das Dokument der Eile und Sie zahlen die doppelte Geb\u00fchr kostenlos auf die bequemere. Und die usd hat auch keine Schulden, wenn die Banken versuchen, die Rechnung zu &#8230; <a title=\"Bitfront Rezension 2021 | Ist es sicher oder ein Betrug?\" class=\"read-more\" href=\"https:\/\/wierdmarket.com\/de\/crypto\/bitfront\/\" aria-label=\"Mehr dazu unter Bitfront Rezension 2021 | Ist es sicher oder ein Betrug?\">Weiterlesen<\/a><\/p>\n","protected":false},"author":1,"featured_media":1371,"parent":135,"menu_order":0,"comment_status":"closed","ping_status":"closed","template":"","meta":{"footnotes":""},"class_list":["post-2140","page","type-page","status-publish","has-post-thumbnail"],"_links":{"self":[{"href":"https:\/\/wierdmarket.com\/de\/wp-json\/wp\/v2\/pages\/2140","targetHints":{"allow":["GET"]}}],"collection":[{"href":"https:\/\/wierdmarket.com\/de\/wp-json\/wp\/v2\/pages"}],"about":[{"href":"https:\/\/wierdmarket.com\/de\/wp-json\/wp\/v2\/types\/page"}],"author":[{"embeddable":true,"href":"https:\/\/wierdmarket.com\/de\/wp-json\/wp\/v2\/users\/1"}],"replies":[{"embeddable":true,"href":"https:\/\/wierdmarket.com\/de\/wp-json\/wp\/v2\/comments?post=2140"}],"version-history":[{"count":1,"href":"https:\/\/wierdmarket.com\/de\/wp-json\/wp\/v2\/pages\/2140\/revisions"}],"predecessor-version":[{"id":2141,"href":"https:\/\/wierdmarket.com\/de\/wp-json\/wp\/v2\/pages\/2140\/revisions\/2141"}],"up":[{"embeddable":true,"href":"https:\/\/wierdmarket.com\/de\/wp-json\/wp\/v2\/pages\/135"}],"wp:featuredmedia":[{"embeddable":true,"href":"https:\/\/wierdmarket.com\/de\/wp-json\/wp\/v2\/media\/1371"}],"wp:attachment":[{"href":"https:\/\/wierdmarket.com\/de\/wp-json\/wp\/v2\/media?parent=2140"}],"curies":[{"name":"wp","href":"https:\/\/api.w.org\/{rel}","templated":true}]}}