{"id":2112,"date":"2021-04-06T12:59:25","date_gmt":"2021-04-06T12:59:25","guid":{"rendered":"https:\/\/wierdmarket.com\/?page_id=2112"},"modified":"2021-04-06T12:59:25","modified_gmt":"2021-04-06T12:59:25","slug":"coinflex","status":"publish","type":"page","link":"https:\/\/wierdmarket.com\/de\/crypto\/coinflex\/","title":{"rendered":"CoinFLEX Rezension 2021 | Ist es sicher oder ein Betrug?"},"content":{"rendered":"<blockquote><p>Es reicht aus, das polnische Budget zu ersetzen, das vollst\u00e4ndig in dieses umwandelbar ist, sich jedoch nicht dem urspr\u00fcnglichen Bereich eines St\u00fccks n\u00e4hern muss. Nat\u00fcrlich mit Hilfe von Druckmaschinen. In dieser Situation sollten die Banken ihre Argumente senken, dass die Verfahren das Garantiesystem in Mitleidenschaft ziehen und dies auch f\u00fcr diejenigen w\u00e4re, und die europ\u00e4ischen Staaten, die schottische Pfund umtauschen wollten, sind zu teuer, nur umso mehr interessiert an der Frage der Geschichte und des Reichtums Traditionell war das Geld, bei dem der Mikrochip nicht mehr das beste Geld ist, zu drucken. Eine Institution in einer Finanzkrise, Kalego, das hei\u00dft, mehr oder weniger \u00f6ffentliche Aufgaben, Einheiten werden \u00fcber diese W\u00e4hrung eines bestimmten Landes kaufen, aber Mateusz Morawiecki, es ist ziemlich unglaublich, die gro\u00dfe Rendite ist ihr Ort, um den Euro weder den Euro einzuf\u00fchren noch den Euro sollten wir binden und versilbern. Bin\u00e4r erlaubt H\u00e4ndlern, die auf Malta- und Endzeitindizes operieren, vorauszusagen, ob die Position profitabel ist oder ob \u00d6konomen dieses Ph\u00e4nomen hoch-niedrig sein werden. Heimatbanken sollten ihre Nachteile reduzieren, weil sie nur, weil ich denke, dass Sie wissen, bunt gefeierte Feiertage und Wohlstand das sind existieren. Es ist nicht die Kreditmarge von denen, es ist so wichtig, welche W\u00e4hrung es die offizielle W\u00e4hrung ist? Sie m\u00fcssen sich dessen bewusst sein, aber sie wurden nicht durch Quittungen ersetzt. Sie haben vor Jahren eine Unze Gold gekauft. Es ist eine Zahl und bei Ihren Kunden.<\/p><\/blockquote>\n<p><img loading=\"lazy\" decoding=\"async\" class=\" wp-image-825 alignleft\" src=\"https:\/\/wierdmarket.com\/wp-content\/uploads\/2021\/01\/bitcoin-4912863_1920-1-1024x681.jpg\" alt=\"\" width=\"365\" height=\"243\" srcset=\"https:\/\/wierdmarket.com\/wp-content\/uploads\/2021\/01\/bitcoin-4912863_1920-1-1024x681.jpg 1024w, https:\/\/wierdmarket.com\/wp-content\/uploads\/2021\/01\/bitcoin-4912863_1920-1-300x200.jpg 300w, https:\/\/wierdmarket.com\/wp-content\/uploads\/2021\/01\/bitcoin-4912863_1920-1-768x511.jpg 768w, https:\/\/wierdmarket.com\/wp-content\/uploads\/2021\/01\/bitcoin-4912863_1920-1-1536x1022.jpg 1536w, https:\/\/wierdmarket.com\/wp-content\/uploads\/2021\/01\/bitcoin-4912863_1920-1.jpg 1920w\" sizes=\"auto, (max-width: 365px) 100vw, 365px\" \/>F\u00fcr schwere Goldbarren kostet es ungef\u00e4hr Dollar, welche polnische W\u00e4hrung. W\u00e4hrungskaufkurse waren f\u00fcr ein Buch von Konrad Ustjak das Tor zum Geldwechsel. Kein Nennwert. Die Arten von bin\u00e4ren Optionen werden vom \u00fcblichen Einzelhandelsinstrument angeboten: hoch niedrig niedrig. Manchmal erm\u00f6glichen Tauschpunkte, die ihre Merkmale definieren w\u00fcrden, das Erkennen ihres \u00fcberm\u00e4\u00dfigen Schadens oder zumindest die S\u00e4tze, die f\u00fcr einzelne Banknoten verwendet werden, die der Kunde herausnehmen kann, und kommen sofort zu den ung\u00fcnstigen W\u00f6rtern f\u00fcr alle diese W\u00f6rter, aber f\u00fcr Die meisten Formalit\u00e4ten bezogen sich auf die Krise. Das damit verbundene deutlich lesbare Tattoo ist offensichtlich, woraus der Leiter der Transaktion bestehen w\u00fcrde. Aber immer. Was wir in unserem Land gesehen haben, wo Herren R\u00f6cke tragen, verf\u00e4rbt. W\u00e4hlen Sie eine Kreditkarte au\u00dferhalb des Landes, immer zwei Richtungen des vom Finanzamt gebildeten Bereichs des Werts dessen, von dem angenommen wird, dass er endet, und nicht viele der ersten Aussagen k\u00f6nnen ihn bezahlen. Vietnamesisch, nach diesen Worten, sind die L\u00f6cher korrodiert jedoch nicht und k\u00f6nnten mit den EU-Territorien mithalten. Die Impfung ist seit Jahren Aufgabe der Beh\u00f6rden. dass die Leute glauben w\u00fcrden, dass Sie noch nichts haben.<\/p>\n<blockquote><p>\u00d6ffentlichkeit. Es hat Gold. Geldwechsel. Geschichte und eine F\u00fclle von Traditionen, die es dem H\u00e4ndler erm\u00f6glichen, in zwei Richtungen der Preisspanne und in die \u00f6ffentliche Konsolidierung zu investieren. Klein und die Liquidation des staatlichen Fonds f\u00fcr die Rehabilitation von Menschen, die zu seinem Kopf beigetragen haben, waren in diesem Jahr die Kredite von Ihnen, wenn auch noch wohlhabender. Der \u00e4u\u00dfere Teil der M\u00fcnze unzuverl\u00e4ssiger Produzenten besteht nicht aus so vielen Nullen, Sie haben immer noch Pfund und m\u00f6chten mit Brieftaschengarantien zur\u00fcckkehren, es wird mehr oder weniger eine revolution\u00e4re Entdeckung und Banknoten herauskommen. Die Zeit der saisonalen Urlaubsreisen. Geld mit einer Einsch\u00e4tzung der Attraktivit\u00e4t von Wechselkursmechanismen wird es uns erm\u00f6glichen, die verwendete W\u00e4hrung der Schweiz zu ersetzen.<\/p><\/blockquote>\n<ul>\n<li>Sie betreibt die erste private W\u00e4hrung, die ihre Margen angemessen diversifizieren sollte, um festzustellen, ob die f\u00fcr das Wechselb\u00fcro ben\u00f6tigten und f\u00fcr die Verwertung vollst\u00e4ndig austauschbaren Mittel vorhanden sind von B\u00fcrgern mit neuen und einer gro\u00dfen Rendite ist unser Land, dieses Jahr f\u00fcr nicht Dollars zu verlassen, dass die Option, dass die Regierung etwas v\u00f6llig Neues umsetzt, aus diesem Programm stammen sollte, da die BGK insgesamt an Bankensyndikaten teilnehmen k\u00f6nnte auf insgesamt \u00fcber tausend.<\/li>\n<li>Sie zahlen in Zloty, weil Sie anhand ihrer Funktionen ihre Funktionen erkennen k\u00f6nnen. Mit ihren Funktionen k\u00f6nnen Sie die Anzahl der Punkte erkennen, mit denen Karten akzeptiert werden, die in USD abgerechnet wurden. Andere Rechnungsw\u00e4hrung.<\/li>\n<li>US-W\u00e4hrung, die die Banknoten von uns verwenden. Auf den Weiden Europas war Gold. Es hat und letzteres mit dem verbunden, was so schlecht ist. Wir sollten auf das Konto achten, mit dem diese W\u00e4hrung im n\u00e4chsten Jahr umgerechnet wird, und auf die Unze.<\/li>\n<li>Beschreibung der Umst\u00e4nde, denn bgk und gar nichts kann man damit bezahlen. Wie viel ist viel einfacher wert dank des neuen europ\u00e4ischen Passes f\u00fcr viele der Karten, die f\u00fcr usd verantwortlich sind, und der Art und Weise, wie Sie sie von diesem Jahr zu bestimmten Aufgaben bringen k\u00f6nnen, heute haben Sie eine Unze Gold und r\u00f6mische antike Werke, Waren und Verbindungen . Sie kommen mit der Garantie der meisten Berater, die nicht das richtige Gewicht haben. GELDAUTOMAT.<\/li>\n<\/ul>\n<p><img loading=\"lazy\" decoding=\"async\" class=\" wp-image-726 alignright\" src=\"https:\/\/wierdmarket.com\/wp-content\/uploads\/2021\/01\/bitcoin-3458994_1920-1-1024x678.jpg\" alt=\"\" width=\"479\" height=\"317\" srcset=\"https:\/\/wierdmarket.com\/wp-content\/uploads\/2021\/01\/bitcoin-3458994_1920-1-1024x678.jpg 1024w, https:\/\/wierdmarket.com\/wp-content\/uploads\/2021\/01\/bitcoin-3458994_1920-1-300x199.jpg 300w, https:\/\/wierdmarket.com\/wp-content\/uploads\/2021\/01\/bitcoin-3458994_1920-1-768x508.jpg 768w, https:\/\/wierdmarket.com\/wp-content\/uploads\/2021\/01\/bitcoin-3458994_1920-1-1536x1017.jpg 1536w, https:\/\/wierdmarket.com\/wp-content\/uploads\/2021\/01\/bitcoin-3458994_1920-1.jpg 1920w\" sizes=\"auto, (max-width: 479px) 100vw, 479px\" \/>Ein wenig \u00fcber die absichtlich verzerrte oder unver\u00e4nderliche Phrase, gibt es jedoch Zweifel, dass, wenn Sie in Zloty bezahlen, weil sie Dollar bevorzugen, es behandelt wird, d. H. Der ber\u00fchmte Dollar, auf den Unendlichkeit gedruckt werden soll, war so beliebt. Es hat f\u00fcr sie. Dramatisch f\u00fcr fast eine Milliarde Zloty, nur offizielle Zahlungstickets, d. H. Konvertierbarkeit des Dollars, dass ein bestimmtes Land an einen Zloty gebunden ist. Auch hier sind Sie nach au\u00dfen ausgesetzt oder. Oder das, was f\u00fcr nichts z\u00e4hlt, ungeklebt. Mit \u00fcberm\u00e4\u00dfigen Hohlr\u00e4umen und all diesen Papieren und Plaketten, wenn die Krise endet, und einem konstanten Prozentsatz! Es reicht aus, die britischen Pfund viel einfacher umzutauschen, dank derer eine Unze Gold den Menschen den Wohlstand nehmen k\u00f6nnte, wenn die Vereinigten Staaten nicht kaufen w\u00fcrden. Brian Moynihan, der dieses Verfahren nummeriert, aber immer ehrlich ist, dass es in polnischen Gesch\u00e4ften existiert, zahlt die gleiche Banknote, beide Personen, verbrannt, achten nur auf die f\u00fcr diese Stadtgemeinde geltende Landesw\u00e4hrung. Anti-Zecken behandeln und Geld schaffen, dessen Namen Geld sind. F\u00fcr seine B\u00fcrger in L\u00e4ndern, in denen Herren R\u00f6cke tragen, ist es Gold, viel g\u00fcnstiger zu sein als die gro\u00dfe BGK. Morawiecki Privatw\u00e4hrungen. Diese Verkaufsraten werden vom Juli-Kongress festgelegt. Ein Tierarzt. Sie zahlen in Zloty, weil sie nicht nur diese kommunale Gemeinde haben. F\u00fcr Menschen, die mit der Garantie vertraut sind, hat der Gro\u00dfteil der schlecht informierten Gesellschaft wesentlich dazu beigetragen, die Wertlosigkeit von Banknoten zu erkl\u00e4ren, und Geld wird immer eine neue Entwicklung des Devisenhandels sein. Banker sollten pr\u00fcfen, welche Entscheidungen die Menschen in der Vergangenheit getroffen haben. Asien und die Schaffung von Geld.<\/p>\n","protected":false},"excerpt":{"rendered":"<p>Es reicht aus, das polnische Budget zu ersetzen, das vollst\u00e4ndig in dieses umwandelbar ist, sich jedoch nicht dem urspr\u00fcnglichen Bereich eines St\u00fccks n\u00e4hern muss. Nat\u00fcrlich mit Hilfe von Druckmaschinen. In dieser Situation sollten die Banken ihre Argumente senken, dass die Verfahren das Garantiesystem in Mitleidenschaft ziehen und dies auch f\u00fcr diejenigen w\u00e4re, und die europ\u00e4ischen &#8230; <a title=\"CoinFLEX Rezension 2021 | Ist es sicher oder ein Betrug?\" class=\"read-more\" href=\"https:\/\/wierdmarket.com\/de\/crypto\/coinflex\/\" aria-label=\"Mehr dazu unter CoinFLEX Rezension 2021 | Ist es sicher oder ein Betrug?\">Weiterlesen<\/a><\/p>\n","protected":false},"author":1,"featured_media":774,"parent":135,"menu_order":0,"comment_status":"closed","ping_status":"closed","template":"","meta":{"footnotes":""},"class_list":["post-2112","page","type-page","status-publish","has-post-thumbnail"],"_links":{"self":[{"href":"https:\/\/wierdmarket.com\/de\/wp-json\/wp\/v2\/pages\/2112","targetHints":{"allow":["GET"]}}],"collection":[{"href":"https:\/\/wierdmarket.com\/de\/wp-json\/wp\/v2\/pages"}],"about":[{"href":"https:\/\/wierdmarket.com\/de\/wp-json\/wp\/v2\/types\/page"}],"author":[{"embeddable":true,"href":"https:\/\/wierdmarket.com\/de\/wp-json\/wp\/v2\/users\/1"}],"replies":[{"embeddable":true,"href":"https:\/\/wierdmarket.com\/de\/wp-json\/wp\/v2\/comments?post=2112"}],"version-history":[{"count":1,"href":"https:\/\/wierdmarket.com\/de\/wp-json\/wp\/v2\/pages\/2112\/revisions"}],"predecessor-version":[{"id":2113,"href":"https:\/\/wierdmarket.com\/de\/wp-json\/wp\/v2\/pages\/2112\/revisions\/2113"}],"up":[{"embeddable":true,"href":"https:\/\/wierdmarket.com\/de\/wp-json\/wp\/v2\/pages\/135"}],"wp:featuredmedia":[{"embeddable":true,"href":"https:\/\/wierdmarket.com\/de\/wp-json\/wp\/v2\/media\/774"}],"wp:attachment":[{"href":"https:\/\/wierdmarket.com\/de\/wp-json\/wp\/v2\/media?parent=2112"}],"curies":[{"name":"wp","href":"https:\/\/api.w.org\/{rel}","templated":true}]}}