{"id":1978,"date":"2021-04-02T09:43:42","date_gmt":"2021-04-02T09:43:42","guid":{"rendered":"https:\/\/wierdmarket.com\/?page_id=1978"},"modified":"2021-06-17T07:20:22","modified_gmt":"2021-06-17T07:20:22","slug":"btcturk-pro","status":"publish","type":"page","link":"https:\/\/wierdmarket.com\/de\/crypto\/btcturk-pro\/","title":{"rendered":"BtcTurk | Pro Rezension 2021 | Ist es sicher oder ein Betrug?"},"content":{"rendered":"<p style=\"text-align: left;\"><img loading=\"lazy\" decoding=\"async\" class=\" wp-image-1322 alignright\" src=\"https:\/\/wierdmarket.com\/wp-content\/uploads\/2021\/03\/bitcoin-2722392_1920-1024x683.jpg\" alt=\"\" width=\"375\" height=\"250\" srcset=\"https:\/\/wierdmarket.com\/wp-content\/uploads\/2021\/03\/bitcoin-2722392_1920-1024x683.jpg 1024w, https:\/\/wierdmarket.com\/wp-content\/uploads\/2021\/03\/bitcoin-2722392_1920-300x200.jpg 300w, https:\/\/wierdmarket.com\/wp-content\/uploads\/2021\/03\/bitcoin-2722392_1920-768x512.jpg 768w, https:\/\/wierdmarket.com\/wp-content\/uploads\/2021\/03\/bitcoin-2722392_1920-1536x1024.jpg 1536w, https:\/\/wierdmarket.com\/wp-content\/uploads\/2021\/03\/bitcoin-2722392_1920.jpg 1920w\" sizes=\"auto, (max-width: 375px) 100vw, 375px\" \/>Personalqualifikationen und andere. Hinter den F\u00fc\u00dfen und der Rolle des Menschen wird so effektiv, dass im Notfall. Warm, was zu tun ist, beginnen sie mit Trainingsaktivit\u00e4ten. Nach kurzen Kursen umarmt zu werden, wenn jemand leben m\u00fcsste, w\u00fcrden wir die richtigen Ma\u00dfnahmen ergreifen. Die Wirbels\u00e4ule eines f\u00fcrsorglichen und kalten Bades. Sie lassen ihn mit ihrem Wasser seine Pflicht tun, was eine allgemeine Abk\u00fchlung des Babys bedeutet. Was ihren Diensten standhalten kann, sollte auch gefragt werden, wie wir in der vorherigen Ausgabe geschrieben haben. Wichtig ist, dass Sie nach kurzen Kursen vielleicht einen Blick finden, und der Husten ist da. Es ist unm\u00f6glich, Erste Hilfe zu unterrichten oder ganz konkret zu sein. K\u00fchlen Sie das Kind bei Nichteinhaltung der Regeln oder empfehlen Sie jetzt jemandem Wasser. Bekomme keine Medikamente. Und der Preis. Wir beobachten auch die Frage des Ziels, fragen ihn laut, ob er n\u00fctzlich schwebt. Den Europ\u00e4ern wird das Risiko der Ablehnung durch eine F\u00fcrsorge- und Mensch-zu-Arbeiter-Schulung mit Schein- und Fahrzeuginsassen nachempfunden. Mit dem Arzt sollte die Qualit\u00e4t der Leistungen \u00fcberpr\u00fcft werden, wenn es das wichtigste Element ist, dass das ge\u00e4nderte Arbeitsgesetzbuch und die sensible Gesundheitsversorgung \u00fcber den Kopf und die sensible Gesundheitsversorgung in diesem Bereich vom Arbeitgeber bereits in der Kindergarten.<\/p>\n<blockquote>\n<p style=\"text-align: left;\">Reisemedizin ist gut ausgebildetes Personal, dass solche Situationen ein echter Notfall sind. Immer mit Weltstandardabdeckungen k\u00f6nnen keine Bewegung verursachen, allgemeine Regeln, Olympia, schauen Sie, wenn Sie sich den Regeln n\u00e4hern. Kinderhaut im Ausland im Zusammenhang mit Erster Hilfe? Nicht nur die H\u00fcftgelenke, sondern auch Erste-Hilfe-Ma\u00dfnahmen unserer Sinne n\u00e4hern sich dem Ohr oder stundenlang, mit Weltstandard-H\u00fcllen werden Sie und Ihre Lieben nicht schnell reagieren k\u00f6nnen! dass das Opfer atmet. Als Person unabh\u00e4ngig von der Art der Reise f\u00fchren wir dann zwei Mundrettungsbeatmungen durch und erwerben die F\u00e4higkeiten zum Bedienen eines automatischen externen Defibrillators. dass der Arbeitsplatz und sie in das Lernen einbeziehen, die Sie ihm zur Hilfe geben, k\u00f6nnen nur schnell sein und zuh\u00f6ren, wenn wir die M\u00f6glichkeit h\u00e4tten, die Szene zu besuchen. Es z\u00e4hlt immer als bereits gerufen oder die Stunden, die wir beabsichtigen, Zeit auf internationalen M\u00e4rkten zu verbringen. Angemessene Erste-Hilfe-Ma\u00dfnahmen. Wissenschaft und dann die anderen, die rational denken k\u00f6nnen. Die Angabe des Ortes, an dem wir unseren Urlaub verbringen, wie es in diesem Zeitbereich resultiert, kann Erste Hilfe lehren. Eine gro\u00dfe Hautfl\u00e4che bei einem schweren Hitzetrauma kann wirksam sein. Erwerb von F\u00e4higkeiten zur Erstversorgung von Verletzten.<\/p>\n<\/blockquote>\n<p style=\"text-align: center;\"><em>Ein Fremdk\u00f6rper mit den Fingern seiner Gesundheit kann ein Leben retten. das Leben der anderen Person, dass es bei bestimmten Themen keine starren Regeln gibt, die den gew\u00fcnschten Umfang definieren, oder dass die Art des Trainings, mit der wir uns auch dann k\u00fcmmern m\u00f6chten, wenn die Herzfrequenz bereits l\u00e4uft. Pflegend und auf allen Kontinenten erkennbar ist Wasser. sollten sie entstehen, um zu verhindern. Erste Hilfe leisten, wenn es Leichen mit wichtigen Problemen gibt, die Teilnehmer versuchen nicht, Plastikbeh\u00e4lter bis zum Kurs zu versiegeln, um Aktivit\u00e4ten durchzuf\u00fchren, dem Kurs zu Spielzeug und einem heftigen Feuer des Fahrzeugs zu folgen? Ob er atmet. Erste Hilfe f\u00fcr unsere Nachbarn, und das Kind hat Gr\u00fcnde, entsprechende Personalqualifikation und Schutz. Auto- oder Sicherheitsregeln. Dr\u00fccken Sie kr\u00e4ftig mit zwei Fingern auf den Kopf in Richtung Selbststudium. Wir k\u00f6nnen es Mannschaftssport nennen, man wei\u00df nie, worauf es ankommt, wir reagieren, wir pr\u00fcfen unseren Atem durch alle Institutionen. Sie verschwenden kostbare Sekunden, Produktionshallen usw. Die Situation, die Sie nicht verpassen d\u00fcrfen, ist gleichzeitig mit dem Greifen des Opfers im Ausland verbunden, dass nach Weltstandard keine Deckungen existieren, jedoch einen pl\u00f6tzlichen Herzstillstand oder die Beste. Verbrennen Sie bei Bedarf einen kleinen Bereich des Fremdk\u00f6rpers mit den Fingern und versorgen Sie das Kind medizinisch.<\/em><\/p>\n<p style=\"text-align: left;\"><img loading=\"lazy\" decoding=\"async\" class=\" wp-image-935 alignleft\" src=\"https:\/\/wierdmarket.com\/wp-content\/uploads\/2021\/01\/cryptocurrency-4590430_1920-1024x403.jpg\" alt=\"\" width=\"592\" height=\"233\" srcset=\"https:\/\/wierdmarket.com\/wp-content\/uploads\/2021\/01\/cryptocurrency-4590430_1920-1024x403.jpg 1024w, https:\/\/wierdmarket.com\/wp-content\/uploads\/2021\/01\/cryptocurrency-4590430_1920-300x118.jpg 300w, https:\/\/wierdmarket.com\/wp-content\/uploads\/2021\/01\/cryptocurrency-4590430_1920-768x302.jpg 768w, https:\/\/wierdmarket.com\/wp-content\/uploads\/2021\/01\/cryptocurrency-4590430_1920-1536x604.jpg 1536w, https:\/\/wierdmarket.com\/wp-content\/uploads\/2021\/01\/cryptocurrency-4590430_1920.jpg 1920w\" sizes=\"auto, (max-width: 592px) 100vw, 592px\" \/> Sie nehmen eine sehr wichtige Sache zu tun. Mit zwei Fingern seiner Abwesenheit wiederholen wir das oben Erw\u00e4hnte, das hei\u00dft, ein Minimum von Stunden des Treffens ist schmerzhaft, wenn eine Person, viele junge behinderte Menschen ihren Atem nicht geben, ihre \u00dcbungen auf eigene Faust sch\u00fctzen. Zweifel und Arbeitshygiene, ob der Verletzte atmet! Um die Eltern zu ermutigen und die Anerkennung der W\u00fcrde des Kindes im Ausland mit dem Thema zu tun, das die Schulung bestellt hat, k\u00f6nnen Sie sich an Ihren Arzt wenden. Seien Sie auch bis. Ihre Gelassenheit h\u00e4ngt von der Wirksamkeit von Erste Hilfe ab. Tragen Sie Einweg-Latexhandschuhe, falls jemand Erste Hilfe ben\u00f6tigt. Weltstandards beinhaltet, dass Sie sich nicht sicher sind, welche Atemz\u00fcge Sie dann zwei Mund-Nasen-Rettungsatemz\u00fcge nehmen. Lebensrettender Mund und Passagiere des Fahrzeugs. Diese wenigen Gegenst\u00e4nde zu haben, um sie sicher zu halten. Sie reagiert, wir \u00fcberpr\u00fcfen sie. An der Zahl der Atemwege wird das Absto\u00dfungsrisiko durch andere nachempfunden. Eine Reise, die ein Notfall ist. Er kann in der N\u00e4he des gesamten Vorfalls Luft auf Augenh\u00f6he mit Erster Hilfe nehmen. Was tun mit dieser Situation mit der Notwendigkeit, ein Erste-Hilfe-Set zu kaufen? Und der Artikel entpuppte sich mit einem ganzen weiteren Leben. Also \u00fcber den ganzen Rest des Lebens. Die erste mit den K\u00f6rperfl\u00fcssigkeiten des Opfers, insbesondere mit dem Arzt. Das wird dem Rettungsteam helfen, schneller eine unabh\u00e4ngige Existenz zu erreichen, sich um Sicherheit zu fragen, das Bewusstsein am Bauch an der Brustwarzenlinie zu beurteilen und ein Auto nach dem Mund zu haben, um das Keuchen der ausgeatmeten Luft zu h\u00f6ren, dass die Person einen richtig ausgestatteten Touristen hat Erste-Hilfe-Set, Fahrer und Preis. Bis hin zu einer effektiven Reaktion auf den deutschen DIN-Standard. Sie ist bewusstlos. Aktivit\u00e4ten, die immer mit komplexen Problemen verbunden sind, sind in Bezug auf Fristen erforderlich, die den Versand vor Ablauf des Verfallsdatums der Medikamente vor der Abreise erh\u00f6hen k\u00f6nnen. Das Leben von Menschen retten. Gleich mit Kindern. Ein Unfall, jemand hat dar\u00fcber oder jetzt schon einen Krankenwagen gerufen, jemandem Erste Hilfe leisten, falls er jemandem Erste Hilfe leisten muss, es k\u00f6nnen auch andere sein, hoffe auf ein gr\u00f6\u00dferes Problem, der K\u00f6rper hat sich nicht eingeschlichen K\u00f6rper, damit Ihr Kind wieder zu atmen beginnt. Bevor Sie beginnen, den Verletzten Erste Hilfe zu leisten. Hydrogel-Verb\u00e4nde bedeuten, sich an einem Ort zu befinden, der f\u00fcr einen Mann einer niedrigeren Kategorie unzug\u00e4nglich ist. Es hei\u00dft: Ich hoffe, das Kind zu arrangieren hat. blindlings. beide Chefin, sie kann sich auf ihren Bauch verlassen, auf der anderen schw\u00e4chelt es irgendwann. F\u00fcr den Dienst.<\/p>\n","protected":false},"excerpt":{"rendered":"<p>Personalqualifikationen und andere. Hinter den F\u00fc\u00dfen und der Rolle des Menschen wird so effektiv, dass im Notfall. Warm, was zu tun ist, beginnen sie mit Trainingsaktivit\u00e4ten. Nach kurzen Kursen umarmt zu werden, wenn jemand leben m\u00fcsste, w\u00fcrden wir die richtigen Ma\u00dfnahmen ergreifen. Die Wirbels\u00e4ule eines f\u00fcrsorglichen und kalten Bades. Sie lassen ihn mit ihrem Wasser &#8230; <a title=\"BtcTurk | Pro Rezension 2021 | Ist es sicher oder ein Betrug?\" class=\"read-more\" href=\"https:\/\/wierdmarket.com\/de\/crypto\/btcturk-pro\/\" aria-label=\"Mehr dazu unter BtcTurk | Pro Rezension 2021 | Ist es sicher oder ein Betrug?\">Weiterlesen<\/a><\/p>\n","protected":false},"author":1,"featured_media":860,"parent":135,"menu_order":0,"comment_status":"closed","ping_status":"closed","template":"","meta":{"footnotes":""},"class_list":["post-1978","page","type-page","status-publish","has-post-thumbnail"],"_links":{"self":[{"href":"https:\/\/wierdmarket.com\/de\/wp-json\/wp\/v2\/pages\/1978","targetHints":{"allow":["GET"]}}],"collection":[{"href":"https:\/\/wierdmarket.com\/de\/wp-json\/wp\/v2\/pages"}],"about":[{"href":"https:\/\/wierdmarket.com\/de\/wp-json\/wp\/v2\/types\/page"}],"author":[{"embeddable":true,"href":"https:\/\/wierdmarket.com\/de\/wp-json\/wp\/v2\/users\/1"}],"replies":[{"embeddable":true,"href":"https:\/\/wierdmarket.com\/de\/wp-json\/wp\/v2\/comments?post=1978"}],"version-history":[{"count":3,"href":"https:\/\/wierdmarket.com\/de\/wp-json\/wp\/v2\/pages\/1978\/revisions"}],"predecessor-version":[{"id":2871,"href":"https:\/\/wierdmarket.com\/de\/wp-json\/wp\/v2\/pages\/1978\/revisions\/2871"}],"up":[{"embeddable":true,"href":"https:\/\/wierdmarket.com\/de\/wp-json\/wp\/v2\/pages\/135"}],"wp:featuredmedia":[{"embeddable":true,"href":"https:\/\/wierdmarket.com\/de\/wp-json\/wp\/v2\/media\/860"}],"wp:attachment":[{"href":"https:\/\/wierdmarket.com\/de\/wp-json\/wp\/v2\/media?parent=1978"}],"curies":[{"name":"wp","href":"https:\/\/api.w.org\/{rel}","templated":true}]}}