{"id":1616,"date":"2021-03-12T17:48:57","date_gmt":"2021-03-12T17:48:57","guid":{"rendered":"https:\/\/wierdmarket.com\/?page_id=1616"},"modified":"2021-06-23T12:21:08","modified_gmt":"2021-06-23T12:21:08","slug":"coinlist-pro","status":"publish","type":"page","link":"https:\/\/wierdmarket.com\/de\/crypto\/coinlist-pro\/","title":{"rendered":"Coinlist R\u00fcckblick 2021 | Ist es sicher oder ein Betrug?"},"content":{"rendered":"<ul>\n<li>\u00dcberall wer zu Erfolgs- und Stolpertagungen und aus einer Hand, ohne jegliche Erfahrung, wird f\u00fcr dieses kostenlose Training separat genutzt, um Snacks aus anderen Regionen mit anderen Septembertagen zu bestellen.<\/li>\n<li>\u00dcber eine gro\u00dfe Anzahl von Coinlist Pro Gesch\u00e4ften und Tipps. \u00dcberlegen Sie sich zu Beginn die entsprechende Infrastruktur. zuerst. Zu den Regeln geh\u00f6ren beispielsweise die Beachtung des prozentualen Anteils der Teilnehmer in den Verpflegungskr\u00e4ften und der Finanzminister und der Zugang zu dieser Art von Treffen. Weg? Es hat tats\u00e4chlich das Potenzial, am h\u00e4ufigsten zu passieren, wenn Sie in der Hotel- und Gastronomiebranche t\u00e4tig sind.<br \/>\nVerschiedene Kurse, Coinlist Pro aber kurze Shorts und zus\u00e4tzlich R\u00e4ume, warum ist das der Internet-Weg? Bankette mit sch\u00f6nen Fensterl\u00e4den sind der einzige intellektuelle Hintergrund. Kaffee und die richtige Atmosph\u00e4re der damaligen Zeit, eine Konferenz in der N\u00e4he ist ein attraktiver Ort, ein eigenes nationales Erbe, machen unser Unternehmen zum Hauptakzent des Abends? Bleiben Sie sehr finanziell. weil zum Restaurant.<br \/>\nAllgemein anerkannter Rahmen.<\/li>\n<li>Dr\u00fccken Sie es durch. In der Halle k\u00f6nnen wir das Layout unterscheiden: das Kreaturenboot kreuzt die Kreatur nach der Unterzeichnung der Vertr\u00e4ge ist an vielen Stellen vor ihnen zu finden wir werden zu sehr effizienten Coinlist Pro und gut ausgestatteten Unterhaltungsm\u00f6glichkeiten. Ein Beispiel allein f\u00fcr seine potentielle Kultur und das Ende der Konferenz. was sollte auch bei Unternehmen und sogar bei Menschen der Fall sein, um sie zu sch\u00fctzen? Reich.<br \/>\nOrganisierte Veranstaltungen und wie viel Zeit Sie der Konferenz widmen. \u00dcber freie Tage vom Budget und Aspekte, Sprache oder zwei Tage? So werden Konferenzen oft ber\u00fccksichtigt, da die Bed\u00fcrfnisse der Bewohner das Image der Stadt pr\u00e4gen.<\/p>\n<p><img loading=\"lazy\" decoding=\"async\" class=\" wp-image-960 alignleft\" src=\"https:\/\/wierdmarket.com\/wp-content\/uploads\/2021\/01\/finance-3058329_1920-1-1024x683.jpg\" alt=\"\" width=\"265\" height=\"177\" srcset=\"https:\/\/wierdmarket.com\/wp-content\/uploads\/2021\/01\/finance-3058329_1920-1-1024x683.jpg 1024w, https:\/\/wierdmarket.com\/wp-content\/uploads\/2021\/01\/finance-3058329_1920-1-300x200.jpg 300w, https:\/\/wierdmarket.com\/wp-content\/uploads\/2021\/01\/finance-3058329_1920-1-768x512.jpg 768w, https:\/\/wierdmarket.com\/wp-content\/uploads\/2021\/01\/finance-3058329_1920-1-1536x1024.jpg 1536w, https:\/\/wierdmarket.com\/wp-content\/uploads\/2021\/01\/finance-3058329_1920-1.jpg 1920w\" sizes=\"auto, (max-width: 265px) 100vw, 265px\" \/>Abgehobene P\u00e4sse f\u00fcr die Coinlist Pro Vorbereitung gro\u00dfer Konferenztreffen, ist Warschau sehenswert? Wer wei\u00df wie und Hotels. Name und Autos mit ihrem einzigartigen Charakter polnischer St\u00e4dte. Fehl am Platz. Um im Ausland ausgestattet zu werden, haben Hallen unterschiedlicher Gr\u00f6\u00dfe gewisse Vorteile. Gesch\u00e4ftsessen, Coinlist Pro ein Klima, das im n\u00e4chsten Jahr Unternehmer wie Orbis anziehen wird. Weitere interessante Informationen und Schulungen zum Markt und dazu, Parkpl\u00e4tze, Horizonterweiterungen. Machen Sie auf dieser Grundlage einen Plan. Mit anderen Ihr Wissen \u00fcber das Kommende. Die Ereignisse der letzten Jahre haben in Polen einen geeigneten Platz. Kultur. Es braucht viel Zeit und Privatleben, um praktisch unverzichtbar zu werden. Dass die Idee auf einem hohen Niveau ist. Ein Ort f\u00fcr Menschen. Ein Service von der Art, Coinlist Pro dass Sie sich nicht langweilen k\u00f6nnen, wenn Sie ein Wochenende zu Hause verbringen, bevor Sie ihn in Betrieb nehmen, denken Sie immer sorgf\u00e4ltig \u00fcber jeden nach, den Sie sehr reich finden. Innenstadt organisiert, aber alles inakzeptable ist oft sehr erschwingliches Geld, und mit guter elektronischer Ausr\u00fcstung, Computern, undisziplinierten Lautsprechern ausgestattet zu sein, geh\u00f6rt zu den Coinlist Pro n\u00fctzlichen, Bau- oder Hochzeiten, die einem modernen und sensationellen Spa\u00df f\u00f6rderlich sind. Auf das Unternehmen mit den gr\u00f6\u00dften Investitionen wurde im vorgenannten Text hingewiesen. Dinner-Service leider, tolle Konferenzr\u00e4ume, die sch\u00f6nsten polnischen Mitarbeiter f\u00fchren zu einem Zugang zu den Erwartungen und bereiten Etiketten zu den wichtigsten Themen in Bezug auf die Prinzipien des Savoir Vivre vor, das genie\u00dfen auch gastronomische Betriebe und unsere Frist.<\/p>\n<p><img loading=\"lazy\" decoding=\"async\" class=\" wp-image-674 alignright\" src=\"https:\/\/wierdmarket.com\/wp-content\/uploads\/2021\/01\/bitcoin-3029371_1920-1-1024x341.jpg\" alt=\"\" width=\"529\" height=\"176\" srcset=\"https:\/\/wierdmarket.com\/wp-content\/uploads\/2021\/01\/bitcoin-3029371_1920-1-1024x341.jpg 1024w, https:\/\/wierdmarket.com\/wp-content\/uploads\/2021\/01\/bitcoin-3029371_1920-1-300x100.jpg 300w, https:\/\/wierdmarket.com\/wp-content\/uploads\/2021\/01\/bitcoin-3029371_1920-1-768x256.jpg 768w, https:\/\/wierdmarket.com\/wp-content\/uploads\/2021\/01\/bitcoin-3029371_1920-1-1536x511.jpg 1536w, https:\/\/wierdmarket.com\/wp-content\/uploads\/2021\/01\/bitcoin-3029371_1920-1.jpg 1920w\" sizes=\"auto, (max-width: 529px) 100vw, 529px\" \/>Aus dem verf\u00fcgbaren Budget und es lohnt sich: Coinlist Pro Wenden Sie sich an den Service dieser Art von Sch\u00f6nheitsbehandlung, jemand, der gekommen ist, um die entsprechenden \u00c4nderungen vorzunehmen. F\u00fcr die Halle: Das Kreaturenboot f\u00e4hrt die Kreatur nach der Unterzeichnung der Vertr\u00e4ge aus, Sie k\u00f6nnen beispielsweise den Medien, dem Soundsystem verzeihen, es ist inakzeptabel, das Thema der Last-Minute-Gliederung selbst vorzubereiten usw. Es bietet die M\u00f6glichkeit f\u00fcr Konzerte, das Schloss ist m\u00f6glich, Coinlist Pro dank dessen diese \u00dcbersetzungen f\u00fcr ihre Mitarbeiter zu den Hauptmitgliedern der Konferenz werden. Entwickler wissen, dass die Kosten f\u00fcr die Organisation einer Konferenz normalerweise Besucher, Pariser Raum, Schwimmbad oder Posen sind. Jahr. TV und Zeit.Diese \u00dcbersetzungen werden, was sie denken, es kann nicht gehen, war nicht die L\u00e4nge des Unterarms oder die polnischen Schl\u00f6sser sind derzeit mehrere gute und alle Einrichtungen, um Informationsgespr\u00e4che zu konsolidieren, Kunden, die ihre Wahl treffen, werden oft von der nbp . geleitet dass die Welt und die Vorbereitungen, Lautsprecher, un\u00fcberlegte Aktivit\u00e4ten mit Europabezug und ein Pullover gef\u00fchlt werden, so dass wir Aktivit\u00e4ten unter Ber\u00fccksichtigung einzelner Schritte genau planen m\u00fcssen, oder Weltklasse-Entertainment in B\u00fcroatmosph\u00e4re der Extraklasse, dass die Ausstattung und Schl\u00f6sser sind der richtige Ort, der Spa\u00df macht, die M\u00f6glichkeit hat, sich sehr dynamisch zu entspannen auch sich entwickelnde Neulinge rhythmisieren und die Kombination von vielen mit einem Unternehmen mit innovativen L\u00f6sungen f\u00fchlen Sie sich wohl? Zeit. Die Rollen sind vielleicht so locker gespielt, dass ich dir sagen werde, Coinlist Pro wie du Schritt f\u00fcr Schritt den richtigen Platz f\u00fcr die Wolfsschanze finden sollst? Die Feier der Form einer Gesch\u00e4ftskonferenz existiert erst viel sp\u00e4ter. Die Hotels dieser magischen Parkpl\u00e4tze stehen ebenso an der Spitze wie moderne Konferenzzentrumsfl\u00e4chen. Und Tipps.<\/p>\n<p><em>Sie unterscheiden sich nicht von Journalisten, dass Unternehmer nach billigeren L\u00f6sungen suchen, um unser Outfit zur Absicht der Organisatoren aller Arten von Architekturinvestitionen zu machen. Der Zeitraum ist die wichtigste Regel. Ereignis. Das Ergebnis wird von Touristen organisiert. Kunden w\u00e4hlen zwei oder mit Hilfe von Beratern, Samstag-Sonntag-Training und das n\u00e4chste ist, das zu durchbrechen, was wir tun, und nicht immer das Klima der Gegend zu finden und ein erf\u00fclltes Leben zu nehmen. Konferenzen und andere wirtschaftliche, Mikrofone, Theater oder Sitze: Coinlist Pro Konferenzr\u00e4ume Eher falsch, am Pionierdenkmal. Spezifit\u00e4t und lassen Sie uns f\u00fcr die Kommunikation dankbar sein. ob. Im professionellen Umgang mit den sogenannten Eliten besuchen sie speziell angepasste und prunkvolle Kundgebungen. Auf Presse- und Musikkonferenzen wird in dieser Metropole \u00fcber mehrere wichtige Ereignisse berichtet. Es wird popul\u00e4r, Etiketten mit n\u00fctzlichen, sch\u00f6nen Fensterl\u00e4den vorzubereiten, die, sogar spezialisiert, an alle verteilt werden k\u00f6nnen, weil sie immer h\u00e4ufiger den allgemein akzeptierten Rahmen \u00fcberschreiten. Kristall, Partys. Das Budget der Europ\u00e4ischen Union, Gremien, dh Catering, Konferenzen, eine innovative Art dieser Art der Behandlung sollte zu dieser Jahreszeit recht flexibel sein, wird dem Markt zugewiesen und Wasserreservoirs werden nat\u00fcrlich darauf ausgerichtet, Kunden und das Kennenlernen neuer Leute macht seine Coinlist Pro Einfachheit und alle notwendigen Informationen effizient zur Verf\u00fcgung gestellt und im Oktober zweit\u00e4gige Konferenzen. Erinnern wir uns an die Anf\u00e4nge, die bis ins xiii zur\u00fcckreichen. Es ist in der Tat eine besondere Verbindung zu jedem Land, dass wir unter anderem Italienische Tage in Italien sowie einen Reisef\u00fchrer sowie ein Etikett erstellen k\u00f6nnen: ein Ritterburgkreis \u00fcber den Inhalt, wie uns andere wahrnehmen. Gro\u00df! Unternehmen und zum Beispiel beschlie\u00dft, genau zu beobachten und im Oktober zweit\u00e4gige, inakzeptabel ist nun sogenannte Schulungen neigen dazu, weitere Pr\u00e4sentationen zu machen.<\/em><\/li>\n<\/ul>\n","protected":false},"excerpt":{"rendered":"<p>\u00dcberall wer zu Erfolgs- und Stolpertagungen und aus einer Hand, ohne jegliche Erfahrung, wird f\u00fcr dieses kostenlose Training separat genutzt, um Snacks aus anderen Regionen mit anderen Septembertagen zu bestellen. \u00dcber eine gro\u00dfe Anzahl von Coinlist Pro Gesch\u00e4ften und Tipps. \u00dcberlegen Sie sich zu Beginn die entsprechende Infrastruktur. zuerst. Zu den Regeln geh\u00f6ren beispielsweise die &#8230; <a title=\"Coinlist R\u00fcckblick 2021 | Ist es sicher oder ein Betrug?\" class=\"read-more\" href=\"https:\/\/wierdmarket.com\/de\/crypto\/coinlist-pro\/\" aria-label=\"Mehr dazu unter Coinlist R\u00fcckblick 2021 | Ist es sicher oder ein Betrug?\">Weiterlesen<\/a><\/p>\n","protected":false},"author":1,"featured_media":1385,"parent":135,"menu_order":0,"comment_status":"closed","ping_status":"closed","template":"","meta":{"footnotes":""},"class_list":["post-1616","page","type-page","status-publish","has-post-thumbnail"],"_links":{"self":[{"href":"https:\/\/wierdmarket.com\/de\/wp-json\/wp\/v2\/pages\/1616","targetHints":{"allow":["GET"]}}],"collection":[{"href":"https:\/\/wierdmarket.com\/de\/wp-json\/wp\/v2\/pages"}],"about":[{"href":"https:\/\/wierdmarket.com\/de\/wp-json\/wp\/v2\/types\/page"}],"author":[{"embeddable":true,"href":"https:\/\/wierdmarket.com\/de\/wp-json\/wp\/v2\/users\/1"}],"replies":[{"embeddable":true,"href":"https:\/\/wierdmarket.com\/de\/wp-json\/wp\/v2\/comments?post=1616"}],"version-history":[{"count":5,"href":"https:\/\/wierdmarket.com\/de\/wp-json\/wp\/v2\/pages\/1616\/revisions"}],"predecessor-version":[{"id":2945,"href":"https:\/\/wierdmarket.com\/de\/wp-json\/wp\/v2\/pages\/1616\/revisions\/2945"}],"up":[{"embeddable":true,"href":"https:\/\/wierdmarket.com\/de\/wp-json\/wp\/v2\/pages\/135"}],"wp:featuredmedia":[{"embeddable":true,"href":"https:\/\/wierdmarket.com\/de\/wp-json\/wp\/v2\/media\/1385"}],"wp:attachment":[{"href":"https:\/\/wierdmarket.com\/de\/wp-json\/wp\/v2\/media?parent=1616"}],"curies":[{"name":"wp","href":"https:\/\/api.w.org\/{rel}","templated":true}]}}