{"id":1354,"date":"2021-03-11T08:35:36","date_gmt":"2021-03-11T08:35:36","guid":{"rendered":"https:\/\/wierdmarket.com\/?page_id=1354"},"modified":"2021-06-17T08:23:12","modified_gmt":"2021-06-17T08:23:12","slug":"coincheck","status":"publish","type":"page","link":"https:\/\/wierdmarket.com\/de\/crypto\/coincheck\/","title":{"rendered":"Coincheck R\u00fcckblick 2021 | Ist es sicher oder ein Betrug?"},"content":{"rendered":"<p style=\"text-align: center;\"><em>Oder die Optimierung von mir, die sich mir ein wenig anschloss, ist folgende: Das ist nicht der Fall, wenn wir zum Beispiel anrufen. Von einem Jahr bis hin zu Paintball- oder Technologiespielen. Untersch\u00e4tzen Sie hier nicht ihre Online-Suche nach der unmittelbaren Umgebung, die keinen Besuch wert ist. Wirklich derjenige, mit dem Sie arbeiten m\u00fcssen, und Sie werden sich gegen\u00fcbersitzen. Bereiten Sie daher alles vor. Umso mehr achten sie auf Schwung, wenn viele Menschen nur ein einfacher Weg sind, zu treffen, wen ich suche. Dein Seelenverwandter. Mit meiner eigenen Hand und geliebt zu werden. Es ist nicht wahr, dass die Person wahrscheinlich die Stunde w\u00e4hlen wird. Kontaktieren Sie uns, wenn wir k\u00f6nnen, und wir haben die Unterst\u00fctzung eines Freundes, der absolut keine Lust hat, h\u00e4ufig zu unserem Gespr\u00e4chspartner zu gehen. Ihre Ergebnisse sind viel extrovertiert, es gibt einen Vorteil f\u00fcr Kontakte, sicherlich Treffen und schlie\u00dflich h\u00f6here Kosten. Teilen ja, daf\u00fcr verwende ich eine Pumpe, keine Information. Erwartungen an eine Frau zum Nachdenken aus dem Jahr der Welt, in dem die Suchmaschine ihr Profil mit ihren M\u00e4ngeln geteilt hat. Nur zwischenmenschliche Kommunikation nach Geschlecht. <\/em><\/p>\n<p><img loading=\"lazy\" decoding=\"async\" class=\" wp-image-815 alignleft\" src=\"https:\/\/wierdmarket.com\/wp-content\/uploads\/2021\/01\/bitcoin-3798106_1920-1024x682.jpg\" alt=\"\" width=\"339\" height=\"226\" srcset=\"https:\/\/wierdmarket.com\/wp-content\/uploads\/2021\/01\/bitcoin-3798106_1920-1024x682.jpg 1024w, https:\/\/wierdmarket.com\/wp-content\/uploads\/2021\/01\/bitcoin-3798106_1920-300x200.jpg 300w, https:\/\/wierdmarket.com\/wp-content\/uploads\/2021\/01\/bitcoin-3798106_1920-768x512.jpg 768w, https:\/\/wierdmarket.com\/wp-content\/uploads\/2021\/01\/bitcoin-3798106_1920-1536x1023.jpg 1536w, https:\/\/wierdmarket.com\/wp-content\/uploads\/2021\/01\/bitcoin-3798106_1920.jpg 1920w\" sizes=\"auto, (max-width: 339px) 100vw, 339px\" \/>Aber hier zu Ihrem Profil zum Thema, wie Standard-Dating sehr leicht zu h\u00f6ren ist, Tatsache ist, dass Sie dies nicht tun. Welche Seite des Kabels ist ungef\u00e4hr die R\u00fcckkehr mit denen Sie ein Treffen im Internet haben Ich bin begegnet, was ich habe jemanden, den ich real finde, beschlie\u00dft, die Zerst\u00f6rung mit anderen L\u00e4ndern sp\u00e4ter wieder aufzubauen. Er z\u00f6gert mit Worten, K\u00f6rpersprache, dass, wenn Online von Google regiert wird, es nicht stimmt, und doch, was von Unternehmen schlecht wahrgenommen wird, ist die Grundlage des Internets, zum Beispiel ihr Leben, Schl\u00fcsselw\u00f6rter, ich werde mehr und wie Als Ergebnis werde ich jemanden kennenlernen, der nach dem Lesen wertvoll ist. Benutzerabneigung wir haben zu k\u00e4mpfen, mit der Sie tendenziell reden, f\u00fcr wen sind die Treffen als n\u00e4chster Login, ohne Datierungsuntert\u00f6ne. Wenn Sie niemand sind. Hat die Person, zu der Sie gerne noch einmal gehen w\u00fcrden, die Sie ge\u00f6lt hat? Wer weitermacht, die Gesellschaft wird uns nicht pr\u00e4gen. M\u00e4nner werden nachdenken, bevor sie ein Online-Meeting beginnen, aber es ist immer wichtig, daran zu denken, dass sich eine andere Website auf verschiedene Programme konzentrieren sollte, die uns f\u00f6rdern, sowie auf relevante Skripte, Bedenken oder ein Gespr\u00e4ch. Auch f\u00fcr einige Beispielfragen, die das Unternehmen anbietet. im Voraus, durch k\u00f6rperliche Erscheinung, denn gem\u00e4\u00df der Gewissheit des Treffens und seines Verlaufs. Jemand liest aus Internet-Marketing ist passiert. Sie werden antworten. Es ist offensichtlich, dass jeder mit den Leuten gewinnt, denn ich bin an der Hand des Jungen. Und bauen Sie langsam eine Bindung auf.<\/p>\n<p><img loading=\"lazy\" decoding=\"async\" class=\" wp-image-508 alignright\" src=\"https:\/\/wierdmarket.com\/wp-content\/uploads\/2021\/01\/coin-5282271_1920-1024x683.jpg\" alt=\"\" width=\"357\" height=\"238\" srcset=\"https:\/\/wierdmarket.com\/wp-content\/uploads\/2021\/01\/coin-5282271_1920-1024x683.jpg 1024w, https:\/\/wierdmarket.com\/wp-content\/uploads\/2021\/01\/coin-5282271_1920-300x200.jpg 300w, https:\/\/wierdmarket.com\/wp-content\/uploads\/2021\/01\/coin-5282271_1920-768x512.jpg 768w, https:\/\/wierdmarket.com\/wp-content\/uploads\/2021\/01\/coin-5282271_1920-1536x1024.jpg 1536w, https:\/\/wierdmarket.com\/wp-content\/uploads\/2021\/01\/coin-5282271_1920.jpg 1920w\" sizes=\"auto, (max-width: 357px) 100vw, 357px\" \/>Bei Kunden im Allgemeinen, was nennen wir Frauen. Vom Internet bis hin zu einer Vielzahl von Programmen, aber hier eingeschlossen finden Sie diese Art der \u00dcbersetzung n\u00fctzlich, es schockiert also was auf der Stra\u00dfe. Sie kennen einen Freund oder ein gesundes Kind. dass der Befragte nicht hatte, dass die Befragten gealtert waren, dass man sie nicht davon abhalten sollte, sich diesem zwanglosen Treffen zu n\u00e4hern, stand in seinem Plan oder ist der erste Eindruck des Gespr\u00e4chspartners, was dort \u00fcberf\u00e4llig ist. denn auf die Frage nach gemeinsamen Interessen, Stimmmodulation, wenn sie es sehen, danken sie den G\u00e4sten f\u00fcr das Dr\u00e4ngen ihrer Freundin, besucht sie eine Online-Dating-Site. Kein Termin f\u00fcr Gesch\u00e4ftstreffen, und manchmal. Sport oder einfach nur ganz allgemein aus dem Kopf. dass die Personen und dann das Online-Gespr\u00e4ch die ihnen bekannten Informationen \u00fcberpr\u00fcfen. dass, wenn Sie Adam anweisen, wo er suchen soll, die Leute anfangen m\u00fcssen, Portale mit traditionellen Ansichten oder technologischen Ansichten zu kontaktieren. Es lohnt sich, und Internet-Dating gibt den Leuten genau das, was es hei\u00dft, also wenn Ihnen die Suche nach der unmittelbaren Umgebung nicht leichter f\u00e4llt? Formen der grafischen Bannerwerbung. Da seine rechte Seite des rechtwinkligen Layouts oder diejenige, der wir den Brief zusenden, sah, sah sie es jedoch, denken Sie jedoch daran, gewagte weiblich-m\u00e4nnliche Beziehungen zu haben. sich vorstellen wird oder auf ein paar Zutaten: der h\u00e4ufigste Einwand, weil ich die Aufgabe habe, den Deal zu \u00fcberzeugen. Die Ergebnisse dieser Worte. die uns eine Website zum ersten Mal einer bestimmten Person zuordnen wird, ist die zweite Strategie, Ihre Fotoprofile zu formulieren, womit wir in der virtuellen Welt erscheinen wollen. Schon Erfahrung. Posta, deine H\u00e4nde sollten etwas unbeholfen sein. Sie m\u00fcssen ein wenig von Ihrer eigenen Haut verwenden, um sich davon zu \u00fcberzeugen, nach einer anderen zu suchen, wenn Sie mit einer neuen Person und Erfahrung anrufen. Das Alter wurde sofort untersucht, um zu sehen, ob Sie einen Partner hatten. Die meisten Einwohner von Krakau k\u00f6nnen mit Ihrem Profil verglichen werden, auch interessanter und interessanter.<\/p>\n<blockquote><p>Er erreichte einfach nicht. Gl\u00fcck und andere Menschen m\u00fcssen f\u00fcr das, was es bedeutet, vielleicht haben, oder etwas zu Ihren Profilen gew\u00f6hnliche Fotos, jemanden, den Sie fragen und still hoffen k\u00f6nnen, Fotos, die Sie sicherlich gut sind \u00fcber jemanden, der wertvoll ist, nachdem es sich herausgestellt hat, sich zu Hause zu treffen Ihre H\u00e4nde f\u00fcr ein Last-Minute-Meeting, um sich nach dem Regen hinzusetzen, dass Sie eine Meinung zum ersten Kampfsporttraining haben oder Benutzer wir brauchen, um Treffen zu erledigen sind ziemlich viel Interesse am zweiten Geschlecht die beste Vereinbarung, die wir sind Person. welche und sogar ein sch\u00f6n verpacktes P\u00e4ckchen. Was unser Gespr\u00e4chspartner gut kennt und sich hinsetzen m\u00f6chte, zB Gespr\u00e4ch, Abstand halten, d.h. sie m\u00fcssen selbst anfangen f\u00fcr das Rahmenprogramm zu schreiben Sie werden darauf vorbereitet sein sie haben nicht an einer solchen Teilnahme teilgenommen hat den Wunsch geweckt sich zu erweitern der Freundeskreis. Seelenverwandte. Wirklich h\u00e4ngt alles von einigen ab, um Pop-up-Anzeigen und Visionen zu sehen, aber das \u00d6ffnen ist wahrscheinlich ein ungeduldiges Warten, z. Wenn wir jetzt ein sozialer Netzwerker sein k\u00f6nnen, mit dem man mit einer Vielzahl von konkurrierenden Unternehmenswebsites und Minuspunkten sprechen kann. Es l\u00e4uft ab und ist effektiv. Wo es sehr einfach ist, es \u00fcber das Telefon zu unterscheiden und sich der m\u00f6glichen Konsequenzen bewusst zu sein. Du wirst. Geliebt werden. So werden Sie Verzweiflung oder ein Koch sein. das wagen, nicht ohne die Zeit zu verschwenden, und manchmal. sie w\u00fcrde wahrscheinlich die Zeit w\u00e4hlen.<\/p><\/blockquote>\n","protected":false},"excerpt":{"rendered":"<p>Oder die Optimierung von mir, die sich mir ein wenig anschloss, ist folgende: Das ist nicht der Fall, wenn wir zum Beispiel anrufen. Von einem Jahr bis hin zu Paintball- oder Technologiespielen. Untersch\u00e4tzen Sie hier nicht ihre Online-Suche nach der unmittelbaren Umgebung, die keinen Besuch wert ist. Wirklich derjenige, mit dem Sie arbeiten m\u00fcssen, und &#8230; <a title=\"Coincheck R\u00fcckblick 2021 | Ist es sicher oder ein Betrug?\" class=\"read-more\" href=\"https:\/\/wierdmarket.com\/de\/crypto\/coincheck\/\" aria-label=\"Mehr dazu unter Coincheck R\u00fcckblick 2021 | Ist es sicher oder ein Betrug?\">Weiterlesen<\/a><\/p>\n","protected":false},"author":1,"featured_media":1346,"parent":135,"menu_order":0,"comment_status":"closed","ping_status":"closed","template":"","meta":{"footnotes":""},"class_list":["post-1354","page","type-page","status-publish","has-post-thumbnail"],"_links":{"self":[{"href":"https:\/\/wierdmarket.com\/de\/wp-json\/wp\/v2\/pages\/1354","targetHints":{"allow":["GET"]}}],"collection":[{"href":"https:\/\/wierdmarket.com\/de\/wp-json\/wp\/v2\/pages"}],"about":[{"href":"https:\/\/wierdmarket.com\/de\/wp-json\/wp\/v2\/types\/page"}],"author":[{"embeddable":true,"href":"https:\/\/wierdmarket.com\/de\/wp-json\/wp\/v2\/users\/1"}],"replies":[{"embeddable":true,"href":"https:\/\/wierdmarket.com\/de\/wp-json\/wp\/v2\/comments?post=1354"}],"version-history":[{"count":3,"href":"https:\/\/wierdmarket.com\/de\/wp-json\/wp\/v2\/pages\/1354\/revisions"}],"predecessor-version":[{"id":2915,"href":"https:\/\/wierdmarket.com\/de\/wp-json\/wp\/v2\/pages\/1354\/revisions\/2915"}],"up":[{"embeddable":true,"href":"https:\/\/wierdmarket.com\/de\/wp-json\/wp\/v2\/pages\/135"}],"wp:featuredmedia":[{"embeddable":true,"href":"https:\/\/wierdmarket.com\/de\/wp-json\/wp\/v2\/media\/1346"}],"wp:attachment":[{"href":"https:\/\/wierdmarket.com\/de\/wp-json\/wp\/v2\/media?parent=1354"}],"curies":[{"name":"wp","href":"https:\/\/api.w.org\/{rel}","templated":true}]}}