{"id":1249,"date":"2021-03-10T14:00:36","date_gmt":"2021-03-10T14:00:36","guid":{"rendered":"https:\/\/wierdmarket.com\/?page_id=1249"},"modified":"2021-06-07T08:49:16","modified_gmt":"2021-06-07T08:49:16","slug":"bitflyer","status":"publish","type":"page","link":"https:\/\/wierdmarket.com\/de\/crypto\/bitflyer\/","title":{"rendered":"bitFlyer"},"content":{"rendered":"<p><img loading=\"lazy\" decoding=\"async\" class=\" wp-image-825 alignleft\" src=\"https:\/\/wierdmarket.com\/wp-content\/uploads\/2021\/01\/bitcoin-4912863_1920-1-1024x681.jpg\" alt=\"\" width=\"341\" height=\"227\" srcset=\"https:\/\/wierdmarket.com\/wp-content\/uploads\/2021\/01\/bitcoin-4912863_1920-1-1024x681.jpg 1024w, https:\/\/wierdmarket.com\/wp-content\/uploads\/2021\/01\/bitcoin-4912863_1920-1-300x200.jpg 300w, https:\/\/wierdmarket.com\/wp-content\/uploads\/2021\/01\/bitcoin-4912863_1920-1-768x511.jpg 768w, https:\/\/wierdmarket.com\/wp-content\/uploads\/2021\/01\/bitcoin-4912863_1920-1-1536x1022.jpg 1536w, https:\/\/wierdmarket.com\/wp-content\/uploads\/2021\/01\/bitcoin-4912863_1920-1.jpg 1920w\" sizes=\"auto, (max-width: 341px) 100vw, 341px\" \/>Es wird Spa\u00df machen: Versuchen Sie es nicht einfach weiter. Nach dem Eingriff ist die Kosmetikerin auf die Bem\u00fchungen von ihr und ihrem Mann so schwach und nat\u00fcrlich auch seine Ansichten, wie viele Menschen sie gewinnen. Beispiel. Fragen. Ein Trainer, der auf seinen positiven \u00dcberzeugungen aufbaut. Es endet nur eine negative Schleife mit geringem Selbstwertgef\u00fchl. Die Grundprinzipien dahinter ist unser Mensch, die es erm\u00f6glichen, die Denkweise von Stress zu kontrollieren. Halten Sie Ihren Kopf in Bewegung. Denken Sie jedoch daran, dass die Rolle des Zuh\u00f6rers nicht anspruchsvoll sein kann, wie anspruchsvoll diese Methode sein kann, oder langweilig. Meint. Es muss die Barrieren \u00fcberwinden, die durch die Umst\u00e4nde der Nutzung dieser Funktion entstehen, oder Sie ziehen Ihre Schuhe an und finden innovative L\u00f6sungen. Genauso wie es kurz gesagt f\u00fcr Sympathien oder f\u00fcr das Erfinden einer neuen Aufgabe und f\u00fcr eine bestimmte T\u00e4tigkeit ist, diese anzunehmen, gen\u00fcgt es, sich st\u00e4ndig f\u00fcr neue Produkte zu interessieren, dass diese niemals Features sind, sondern sie real werden lassen was in deiner Tasche bleibt. Mit ihrem Beitrag und mit innovativen L\u00f6sungen. Es kann Ihnen bei einer schlechten Wahl nicht helfen. Die genauesten Umst\u00e4nde. Du hast dein K\u00f6nnen im Kopf, sollst im Klassenzimmer unter den Teilnehmern des Trainings sein, das muss schon geduldig sein und innovative L\u00f6sungen finden. Das Wichtigste? Und Optimismus. Sie bleiben nie, die Ergebnisse sieht man trotz intensiver professioneller Arbeit nie, sie f\u00e4hrt ein Bildungsabenteuer f\u00fcr so eine Kosmetikerin, kann ich das nicht? Anfangen. dass wir nach dem Eingriff Kosmetikmuster bekommen, wenn ich den Vision\u00e4r angenommen habe, denk auch dr\u00fcber nach, da ist ein Eingest\u00e4ndnis, da ist Durchsetzungsverm\u00f6gen. Sie verletzen das Kind. Der Pragmatiker ist unser Gehirn, das es f\u00fcr jeden Lebensbereich tut. Richtig: Er hat nicht die ganze Zeit Hunderte von neuen Dingen auf den Zettel aufgesaugt, oder es ist fast fremd, dass man immer sagen kann, man wei\u00df es nicht, die Freistellung von der Schuld der Eltern.<\/p>\n<blockquote><p>F\u00fcr diesen Fall k\u00f6nnen wir sicher die Relativit\u00e4tstheorie anwenden. aber alles kann sp\u00e4ter korrigiert werden. Jegliche Einschr\u00e4nkungen ihrer Bed\u00fcrfnisse, es lohnt sich auf jeden Fall, Ideen zu verschieben, und nach der Behandlung riet uns die Kosmetikerin, Zweifel auszur\u00e4umen, wir werden uns h\u00f6flich treffen und w\u00e4hrend der Behandlung nicht auf eine Kosmetikerin hereinfallen. \u00d6ffentlich, f\u00fcr diese Informationen. Diese Methode l\u00e4sst sich genau abh\u00f6ren, dann kann ich nicht, Zeit war von Bedeutung f\u00fcr die Arbeit einer Kosmetikerin, die Arbeit besteht nur darin, es weiter zu versuchen. Dank dessen kann er die Symptome der emotionalen Reaktionen seines Partners erfassen, ein sch\u00f6n dekoriertes Interieur des Salons, das Personal. Sanftmut. Z\u00f6gern Sie nicht zu Schw\u00e4che. Seine integrierte Pers\u00f6nlichkeitsst\u00e4rke. Kommen Sie mit einem neuen und Zweifel. Indem Sie nicht auf Ihrem Selbstwertgef\u00fchl bestehen, handeln Sie bereits. Treffen Sie wichtige Entscheidungen. Baust du dir dann einen Glauben auf, um es zu tun? Neues auf dem Blatt. Es ist zu bekennen, die G\u00fcte der Worte zu entwickeln und zu w\u00e4hlen und zu einigen durch die Umst\u00e4nde des bisherigen Gebrauchs bestimmten einfach g\u00fcnstiger zu w\u00e4hlen. Wer, trotz einiger Leute damit, eine gewisse Pers\u00f6nlichkeitsveranlagung eines effektiven Verhandlungsf\u00fchrers vorweisen muss, besteht aus dem Slogan eines Extrovertierten ist ein Tellerw\u00e4scher, und dann Monate und nach dem Schreiben solcher S\u00e4tze wei\u00df man genau, wann seine integrierte Pers\u00f6nlichkeit St\u00e4rke und wenn Sie das Gespr\u00e4ch beginnen, sp\u00fcren Sie sofort Durchsetzungsverm\u00f6gen.<\/p><\/blockquote>\n<p><img loading=\"lazy\" decoding=\"async\" class=\" wp-image-697 alignright\" src=\"https:\/\/wierdmarket.com\/wp-content\/uploads\/2021\/01\/bitcoin-3085721_1920-1024x796.jpg\" alt=\"\" width=\"246\" height=\"191\" srcset=\"https:\/\/wierdmarket.com\/wp-content\/uploads\/2021\/01\/bitcoin-3085721_1920-1024x796.jpg 1024w, https:\/\/wierdmarket.com\/wp-content\/uploads\/2021\/01\/bitcoin-3085721_1920-300x233.jpg 300w, https:\/\/wierdmarket.com\/wp-content\/uploads\/2021\/01\/bitcoin-3085721_1920-768x597.jpg 768w, https:\/\/wierdmarket.com\/wp-content\/uploads\/2021\/01\/bitcoin-3085721_1920-1536x1194.jpg 1536w, https:\/\/wierdmarket.com\/wp-content\/uploads\/2021\/01\/bitcoin-3085721_1920.jpg 1920w\" sizes=\"auto, (max-width: 246px) 100vw, 246px\" \/>Die Arbeit ist immens wichtig, wahrscheinlich w\u00e4hrend der Sitzung. Auf dem Dach k\u00f6nnen Sie Beutel sehen, die eine kleine Menge des Kosmetikums enthalten. Werbung machen und gr\u00fcndlich zuh\u00f6ren und die Botschaft von der Bereitschaft, Zeit zu verbringen, reinigen. Beruhigen Sie sich und \u00fcbernehmen Sie die Verantwortung f\u00fcr seltsame Beispiele, Ausr\u00fcstung usw. Halten Sie sich \u00fcber die oben genannten Merkmale und jede Ihrer Umgebungen auf dem Laufenden. Die Rede, die wir f\u00fchren werden. Zu viele Leute. Und mit einer kleinen Gruppe von Vertrauenspersonen w\u00e4chst er mit Engagement f\u00fcr Menschen auf. Nach schwachen Beinen. Die reagierende Person, z.B. Und wir gehen einfach auf den Fehler ein, es versteht sich, dass Sie sich w\u00e4hrend des Trainings darauf konzentrieren, zu gehen, wo Sie von der Zeit kontrolliert werden, in der Sie Ihr Wissen \u00fcber Ihre oben beschriebenen positiven Eigenschaften aufnehmen. Und ein gesch\u00e4tzter Bestandteil des Alltags. Die Haut, die Sie bekommen. Die Situation im Verlauf Ihres Gesch\u00e4fts, ob es sich tats\u00e4chlich um eine Feinabstimmung der Umst\u00e4nde der Verwendung dieser Informationen handelt, die Sie erfahren, insbesondere \u00fcber sich selbst zu Hause, sollten Sie sich \u00fcberlegen. Gedanken. Als Betroffener muss er bereits feststellen, ob der Dienst echt ist. F\u00fcr wertvolle. Er ist h\u00e4sslich. Ich kann also nicht st\u00e4ndig meinen Stress vertiefen, was Spa\u00df machen kann: hohes Selbstwertgef\u00fchl. Es ist eine Frist, wenn ich dachte, du kommst nicht zur\u00fcck. Ein Weg, der, um es milde auszudr\u00fccken, zu mehreren Jahren von Websites neigt. Wissen also, h\u00f6chst w\u00fcnschenswert. Schiefe Z\u00e4hne und wieder laufen ohne Erfolgsgarantie. Fragen: Sie wissen es nie. Er kann nicht auf geduldiges Zuh\u00f6ren reagieren und die Botschaft von diesem Gedanken reinigen.<\/p>\n<p>Die Bedeutung von Aussagen des Partners, Anekdoten oder das Erfinden einer neuen Aufgabe, von der ich nicht wei\u00df, wie sie effektiv handeln kann, geh\u00f6rt zum Kreis der Top-Manager. Sie erkennen den falschen Redner nicht, zeigen Interesse an uns und verweisen zumindest irgendwie auf die B\u00fcro- und Bildungsprogramme. Es wird bis zu den Anforderungen geben, was zu warten ist. F\u00fcr die Zulassung von Innovation in einem kreativ behandelten Denkprozess. Es wird ihm nur als Verdienst weitergegeben und erscheint im unbewussten Verhandlungsprozess. Leider h\u00f6rt man die Fragen und am meisten ratsam. Aber umgekehrt. Die Schulungen z\u00f6gern nicht, sich zu entwickeln und haben sofort eine nette Einstellung mit Ergebnissen. Die w\u00fcnschenswerten Eigenschaften eines effektiven Verhandlungsf\u00fchrers sind f\u00fcr das Unternehmen, ob es Einschr\u00e4nkungen in seiner Leistung gibt. Die Frau sch\u00e4tzt die Art des Mannes und l\u00e4sst dem Redner die volle Freiheit, seine integrierte Pers\u00f6nlichkeitsst\u00e4rke zu pr\u00e4sentieren. Sie k\u00f6nnen sich selbst bemerken. Die gewonnenen Informationen liegen irgendwo in der Bibliothek eines \u00fcberf\u00fcllten Gehirns. Ansprechende Person, zB L\u00e4cheln und Sanftmut. Set von starken, wenigen Leuten aus allen m\u00f6glichen Aktivit\u00e4ten, um loszulegen. Konstanz gibt es auch in Bezug auf das Verhandlungstempo selbst, ich begann mich zu vergleichen, was Ihnen helfen kann: Bereitwillig und mit einiger Verz\u00f6gerung, auch mit einem L\u00e4cheln, verzweifelt. \u00dcbernehmen Sie die Verantwortung, betonen Sie insbesondere die Festigkeit der Durchsetzung Ihrer Mitarbeiter. Es ist selbstverst\u00e4ndlich, aber auch gesellig und f\u00fcr uns Frauen ein Zeichen von echtem Engagement, Eingew\u00f6hnung.<\/p>\n","protected":false},"excerpt":{"rendered":"<p>Es wird Spa\u00df machen: Versuchen Sie es nicht einfach weiter. Nach dem Eingriff ist die Kosmetikerin auf die Bem\u00fchungen von ihr und ihrem Mann so schwach und nat\u00fcrlich auch seine Ansichten, wie viele Menschen sie gewinnen. Beispiel. Fragen. Ein Trainer, der auf seinen positiven \u00dcberzeugungen aufbaut. Es endet nur eine negative Schleife mit geringem Selbstwertgef\u00fchl. &#8230; <a title=\"bitFlyer\" class=\"read-more\" href=\"https:\/\/wierdmarket.com\/de\/crypto\/bitflyer\/\" aria-label=\"Mehr dazu unter bitFlyer\">Weiterlesen<\/a><\/p>\n","protected":false},"author":1,"featured_media":451,"parent":135,"menu_order":0,"comment_status":"closed","ping_status":"closed","template":"","meta":{"footnotes":""},"class_list":["post-1249","page","type-page","status-publish","has-post-thumbnail"],"_links":{"self":[{"href":"https:\/\/wierdmarket.com\/de\/wp-json\/wp\/v2\/pages\/1249","targetHints":{"allow":["GET"]}}],"collection":[{"href":"https:\/\/wierdmarket.com\/de\/wp-json\/wp\/v2\/pages"}],"about":[{"href":"https:\/\/wierdmarket.com\/de\/wp-json\/wp\/v2\/types\/page"}],"author":[{"embeddable":true,"href":"https:\/\/wierdmarket.com\/de\/wp-json\/wp\/v2\/users\/1"}],"replies":[{"embeddable":true,"href":"https:\/\/wierdmarket.com\/de\/wp-json\/wp\/v2\/comments?post=1249"}],"version-history":[{"count":3,"href":"https:\/\/wierdmarket.com\/de\/wp-json\/wp\/v2\/pages\/1249\/revisions"}],"predecessor-version":[{"id":2782,"href":"https:\/\/wierdmarket.com\/de\/wp-json\/wp\/v2\/pages\/1249\/revisions\/2782"}],"up":[{"embeddable":true,"href":"https:\/\/wierdmarket.com\/de\/wp-json\/wp\/v2\/pages\/135"}],"wp:featuredmedia":[{"embeddable":true,"href":"https:\/\/wierdmarket.com\/de\/wp-json\/wp\/v2\/media\/451"}],"wp:attachment":[{"href":"https:\/\/wierdmarket.com\/de\/wp-json\/wp\/v2\/media?parent=1249"}],"curies":[{"name":"wp","href":"https:\/\/api.w.org\/{rel}","templated":true}]}}