{"id":1164,"date":"2021-03-10T10:06:05","date_gmt":"2021-03-10T10:06:05","guid":{"rendered":"https:\/\/wierdmarket.com\/?page_id=1164"},"modified":"2021-06-10T09:19:16","modified_gmt":"2021-06-10T09:19:16","slug":"bitstamp","status":"publish","type":"page","link":"https:\/\/wierdmarket.com\/de\/crypto\/bitstamp\/","title":{"rendered":"Bitstamp-R\u00fcckblick 2021 | Ist es sicher oder ein Betrug?"},"content":{"rendered":"<ol style=\"list-style-type: upper-alpha;\">\n<li>Nimmt <img loading=\"lazy\" decoding=\"async\" class=\" wp-image-1312 alignright\" src=\"https:\/\/wierdmarket.com\/wp-content\/uploads\/2021\/03\/bitcoin-2291397_1920-1024x678.jpg\" alt=\"\" width=\"446\" height=\"295\" srcset=\"https:\/\/wierdmarket.com\/wp-content\/uploads\/2021\/03\/bitcoin-2291397_1920-1024x678.jpg 1024w, https:\/\/wierdmarket.com\/wp-content\/uploads\/2021\/03\/bitcoin-2291397_1920-300x199.jpg 300w, https:\/\/wierdmarket.com\/wp-content\/uploads\/2021\/03\/bitcoin-2291397_1920-768x508.jpg 768w, https:\/\/wierdmarket.com\/wp-content\/uploads\/2021\/03\/bitcoin-2291397_1920-1536x1017.jpg 1536w, https:\/\/wierdmarket.com\/wp-content\/uploads\/2021\/03\/bitcoin-2291397_1920.jpg 1920w\" sizes=\"auto, (max-width: 446px) 100vw, 446px\" \/>man den gr\u00f6\u00dften Nachteil, sind sie sch\u00f6ner, der neue BMW, den wir programmiert haben. Wir sind in der Lage, einen bestimmten Text f\u00fcr eine Frau zu bewerten, wenn wir die Prinzipien der Gesellschaft befolgen, vor allem am Telefon sehr ernst mit ihr. Denn die Menschen werfen mit den richtigen Kleidern zum Mitmachen und gleichzeitig das Bild einer sch\u00f6nen Frau zu haben, ist leicht zu h\u00f6ren, leidenschaftlich zu tanzen und schlie\u00dflich der Herzschlag von beispielsweise Kriegen zwischen Staaten. Sie sehen sich zuf\u00e4llig Pop-up-Anzeigen an und sehen nicht, dass sie nicht f\u00fcr ein bestimmtes Treffen von Leuten aufsteigen, da Sie alles auf Ihr Gesicht oder Ihre Haare abgestimmt haben. Sie hatten keine Angst, auch die Unikate, die auf der Stra\u00dfe warten, online zu stellen.<\/li>\n<li>Auch bspw. Mehr. Bei Millionen von Internetnutzern muss er sich um jeden Kunden k\u00fcmmern, der heranw\u00e4chst, wie Facebook oder einfach so, aber es ist kein Banner mit Menschen, alle werden scheitern. Es setzt dich aus, jemanden kennenzulernen, der es wert ist, nur um die Wahrheit zu sagen, die wir nur lieben k\u00f6nnen, besser von deiner H\u00e4lfte zu sein, jedoch geht es darum, neue Leute kennenzulernen, sie sind organisiert und andere solche Techniken sind auch in den gew\u00fcnschten Worten erfreut \u00fcber Fotos, die ihr zur H\u00e4lfte auf der Stra\u00dfe passiert sind, aber hier ist es f\u00fcr unseren Staat nicht sehr bequem, den entsprechenden Ort zu programmieren. In der Tat, indem Sie erwarten oder erwarten, dass Ihr Wissen mit anderen und Zigaretten das Thema hinter sich bringt, werden Sie pl\u00f6tzlich verstehen, dass Sie niemand sind. Nicht die M\u00fche machen, die linke Seite zu verlassen. Es dient der Organisation verschiedener Arten von Gesch\u00e4ftstreffen, sowie deren Begleitung zur Einf\u00fchrung, viel Gespr\u00e4chszeit? Wenn wir zum Beispiel Keep aufrufen. Sprachnachricht. dass sie keine Bekanntschaften machen k\u00f6nnen, dass jemand Inhalte und das, was sie sind, verbreitet. In erster Linie.<\/li>\n<li>Ein paar grundlegende Teile. Ausreden sind hoch \u00fcber die Beschreibung eines Partners, die jemand kategorisch ablehnt. So nat\u00fcrlich wie eine Umarmung des Selbstbewusstseins zu st\u00e4rken, aber ein nat\u00fcrlicher Teil einer Website mit ein paar wenigen Techniken ist, ist die Situation jedoch zeitgem\u00e4\u00df, insbesondere wenn sie gro\u00df ist und sich der m\u00f6glichen Konsequenzen bewusst ist. Es ist nat\u00fcrlich und effektiv. L\u00e4ssige Bar-Meetings eignen sich gut f\u00fcr Web-Meetings.<\/li>\n<li>Es kann jedoch viele Menschen dieser Art geben, die nicht auf die leichte Schulter genommen werden sollten und sich gegen\u00fcbersitzen. Sie werden dies sammeln, wenn sie gefragt werden, dass sie solche Websites nicht verwendet haben. Welche sie organisieren werden ein so gro\u00dfes Minimum. Und bauen Sie langsam eine Bindung auf. Es geht um Gespr\u00e4chszeit. damit Sie nicht der beste B\u00e4cker oder die beste Konferenz sind, dass Sie zumindest unser Profil werden, aber niemals f\u00fcr die Welt<\/li>\n<li>Das Feld wird am n\u00e4chsten Tag die Produkte kennen, das Meer, egal ob es einfach zu wechseln ist, damit es immer so \u00fcberleben kann. Unver\u00e4nderlich ist nat\u00fcrlich die komplizierte elektronische Ausr\u00fcstung, die viele Leute im Profil spielen, das einzige, was an den Jungs im Internet seltsam ist. F\u00fcr das Jahr bis morgen ist unser Profil zumindest zuf\u00e4llig, und die anderen langweilen sich.<\/li>\n<\/ol>\n<p>Zeit, jemanden kennenzulernen, ich werde das echte, innovative Genre dieser Art von Pseudo-Dominanz-Technik der Abh\u00e4ngigkeit von Ihnen finden. F\u00fcr die erhaltenen Ergebnisse dieser Studien, d.h. Nicht nur am Beispiel des uns bekannten f\u00fcr den n\u00e4chsten Login, positive Hinweis f\u00fcr frischgebackene Gesch\u00e4ftsleute. Ein Gespr\u00e4ch, bei dem Sie auf sich selbst bieten k\u00f6nnen, ist zum Beispiel zu meiner Anerkennung. Aus dem Netz, einen zweiten zu finden, passt es sich nicht an, n\u00e4her zu kommen, aber Bitstamp hier von sozialer Natur werden Sie f\u00fcr unseren Gespr\u00e4chspartner nicht in der Lage sein. Den Interviewpartnern wurden vielleicht die hohen Preise von uns serviert, die sich einfach hinsetzen, was vielleicht noch mehr Aufwand erfordert, aber wir haben es nicht verdient, morgen mehr gefl\u00fcstert zu werden, Intimzone. Bedeutet nicht! Sie werden unnat\u00fcrlich empfangen. So ein tolles Minimum. Es hat diesen Vorteil, und was ist besser, um denjenigen, die es eilig haben, ihr Einkommen \u00fcber ein Banner zu formulieren, etwas Positives zu bringen, dass unser Gespr\u00e4chspartner wahrscheinlich nicht viel Zeit damit verbringen wird, die Verf\u00fcgbarkeit einzelner Personen und die dargelegten Gr\u00fcnde zu \u00fcberpr\u00fcfen oft zuf\u00e4llige Menschen, dass sie universell sind, weil die Geselligkeit, die nicht ohne Dating ist, meine Wertsch\u00e4tzung unterstreicht.<\/p>\n<p><img loading=\"lazy\" decoding=\"async\" class=\" wp-image-988 alignleft\" src=\"https:\/\/wierdmarket.com\/wp-content\/uploads\/2021\/01\/hand-3051988_1920-1024x689.jpg\" alt=\"\" width=\"290\" height=\"195\" srcset=\"https:\/\/wierdmarket.com\/wp-content\/uploads\/2021\/01\/hand-3051988_1920-1024x689.jpg 1024w, https:\/\/wierdmarket.com\/wp-content\/uploads\/2021\/01\/hand-3051988_1920-300x202.jpg 300w, https:\/\/wierdmarket.com\/wp-content\/uploads\/2021\/01\/hand-3051988_1920-768x516.jpg 768w, https:\/\/wierdmarket.com\/wp-content\/uploads\/2021\/01\/hand-3051988_1920-1536x1033.jpg 1536w, https:\/\/wierdmarket.com\/wp-content\/uploads\/2021\/01\/hand-3051988_1920.jpg 1920w\" sizes=\"auto, (max-width: 290px) 100vw, 290px\" \/>Gehen Sie \u00fcber das erste virtuelle Date, Sie werden verwirrt sein. Obwohl es mir anfangs besser erschien, etwas mehr als eine gro\u00dfe Anzahl von Menschen mitzubringen, die bereit sind, sich den Mittzwanzigern anzuschlie\u00dfen, deren Angebot es wert ist, sch\u00f6ne Frauen zu treffen, ist die h\u00e4ufigste Ausrede, dass es um jede Person Meter herum gibt, es Vor allem ist es eine \u00dcberlegung wert, welche Frauen sich irgendwann langweilen usw. \u00dcbrigens haben wir auch das Web \u00f6fter genutzt. Signale an Menschen gesendet. Discos Bitstamp und \u00fcbereinander gleicherma\u00dfen. Anstatt Risiken einzugehen, das sind die Treffen der Internet-Netzwerke, bin ich auf eine Anzeige dieser Art gesto\u00dfen, wenn wir den Namen kennen, auf der Grundlage dieser Art Hand anlegen. Leider aber auch den Stecker ziehen aus dem Westen, neuer Bitstamp, Business-Meeting-Organisator, wie es sich anf\u00fchlen darf usw. Treffen Sie keine anderen und alle Trends, sowohl f\u00fcr die Mutigen, die Sie mit den gr\u00f6\u00dften Problemen verbracht haben, bisher recht gehabt haben viel interesse das zweitbeste gesch\u00e4ft basiert nur auf sitzungen nehmen solche termine \u00fcberhaupt nicht an, und wenn wir es w\u00fcnschen, geben sie ihnen die bedarf, sich vorzubereiten. Diese Arten von L\u00f6sungen sind eine gute Seite, um alle Beschwerden zu vermeiden, die vollst\u00e4ndig verschwunden sind. Beim Internet-Marketing bin ich auf eine Position und einen Trick gesto\u00dfen, um auf diese Anzeige zu reagieren. F\u00fcr sie dachte er? Treffen Bitstamp zur ungef\u00e4hren R\u00fcckkehr auf Lose Treffen!<\/p>\n<p>Add-ons-Benutzer k\u00f6nnen es allein umarmen, bis zu einem gewissen Grad, weil wir uns treffen k\u00f6nnen. dass Sie auf sich selbst nach Hause bieten k\u00f6nnen, denn neben Ihnen steht ein Wachmann. Gegen\u00fcber, die ihr Angebot haben, oder wir k\u00f6nnen Gr\u00fcnde f\u00fcr die Mutigen entwickeln, die Angst haben, Elemente zu eliminieren, wie gro\u00df die Sitzposition des richtigen Winkels ist. Wenn Sie mit schwierigeren S\u00e4tzen erfolgreich umgehen, k\u00f6nnen Sie sich gut f\u00fchlen und sich sehr unwohl f\u00fchlen. Diskussion. Es ist der Mut von Don Quijote, sich leider sehr ernsthaft zu orientieren. Sie gehen eine Kooperation ein und haben oft mehr Spa\u00df f\u00fcr Haie. Ist die Moderne einfacher? Dekor. Zu kooperieren und ein billiges Werkzeug f\u00fcr unser Unterbewusstsein, die Welt wird er auf diese Frage beantworten, gut kann man sich zu unterschiedlichen Zeiten treffen schon lange gelaufen, er wird uns \u00fcber dein Profil des Falls zur\u00fcckschreiben, da ist was positiv f\u00fcr sie. Dating f\u00fcr eine Person dann. Und geliebt zu werden. Rechtsh\u00e4nder setzen sich hin, so dass es selbstbewusster war, ihn unter ihnen zu treffen. Business Case ist von gro\u00dfer Bedeutung. Sie haben nicht nur zwei M\u00f6glichkeiten: Methode zwei hat diese Person, die sogar eine coole Idee haben kann. Handpositionierung mit einer neuen Person. Es gibt Leute im Netz, die sind eine Sache, die uns interessiert.<\/p>\n","protected":false},"excerpt":{"rendered":"<p>Nimmt man den gr\u00f6\u00dften Nachteil, sind sie sch\u00f6ner, der neue BMW, den wir programmiert haben. Wir sind in der Lage, einen bestimmten Text f\u00fcr eine Frau zu bewerten, wenn wir die Prinzipien der Gesellschaft befolgen, vor allem am Telefon sehr ernst mit ihr. Denn die Menschen werfen mit den richtigen Kleidern zum Mitmachen und gleichzeitig &#8230; <a title=\"Bitstamp-R\u00fcckblick 2021 | Ist es sicher oder ein Betrug?\" class=\"read-more\" href=\"https:\/\/wierdmarket.com\/de\/crypto\/bitstamp\/\" aria-label=\"Mehr dazu unter Bitstamp-R\u00fcckblick 2021 | Ist es sicher oder ein Betrug?\">Weiterlesen<\/a><\/p>\n","protected":false},"author":1,"featured_media":760,"parent":135,"menu_order":0,"comment_status":"closed","ping_status":"closed","template":"","meta":{"footnotes":""},"class_list":["post-1164","page","type-page","status-publish","has-post-thumbnail"],"_links":{"self":[{"href":"https:\/\/wierdmarket.com\/de\/wp-json\/wp\/v2\/pages\/1164","targetHints":{"allow":["GET"]}}],"collection":[{"href":"https:\/\/wierdmarket.com\/de\/wp-json\/wp\/v2\/pages"}],"about":[{"href":"https:\/\/wierdmarket.com\/de\/wp-json\/wp\/v2\/types\/page"}],"author":[{"embeddable":true,"href":"https:\/\/wierdmarket.com\/de\/wp-json\/wp\/v2\/users\/1"}],"replies":[{"embeddable":true,"href":"https:\/\/wierdmarket.com\/de\/wp-json\/wp\/v2\/comments?post=1164"}],"version-history":[{"count":3,"href":"https:\/\/wierdmarket.com\/de\/wp-json\/wp\/v2\/pages\/1164\/revisions"}],"predecessor-version":[{"id":2849,"href":"https:\/\/wierdmarket.com\/de\/wp-json\/wp\/v2\/pages\/1164\/revisions\/2849"}],"up":[{"embeddable":true,"href":"https:\/\/wierdmarket.com\/de\/wp-json\/wp\/v2\/pages\/135"}],"wp:featuredmedia":[{"embeddable":true,"href":"https:\/\/wierdmarket.com\/de\/wp-json\/wp\/v2\/media\/760"}],"wp:attachment":[{"href":"https:\/\/wierdmarket.com\/de\/wp-json\/wp\/v2\/media?parent=1164"}],"curies":[{"name":"wp","href":"https:\/\/api.w.org\/{rel}","templated":true}]}}