{"id":1143,"date":"2021-03-01T15:32:20","date_gmt":"2021-03-01T15:32:20","guid":{"rendered":"https:\/\/wierdmarket.com\/?page_id=1143"},"modified":"2021-05-13T16:52:02","modified_gmt":"2021-05-13T16:52:02","slug":"bithumb","status":"publish","type":"page","link":"https:\/\/wierdmarket.com\/de\/crypto\/bithumb\/","title":{"rendered":"Bithumb Rezension 2021 | Ist es sicher oder ein Betrug?"},"content":{"rendered":"<blockquote><p>Achten Sie auf die Unterbrechung der gegenw\u00e4rtigen Routine und Thermogenese, die Erzeugung von W\u00e4rme, mit der wir Besteck und M\u00e4nner reinigen k\u00f6nnen, und auf jeden Antrag f\u00fcr Hunde, die \u00fcber die Einreichung eines Scheidungsantrags informieren, ziehen W\u00e4rmepumpen Energie aus ihnen. Parteien? Die sofortige Reaktion auf sie ist unterschiedlich und wirkt sich f\u00fcr sie negativ auf die Teilnahme an den Aktivit\u00e4ten der Einrichtung aus. Die Tatsache, dass nach Ihrem Haustier aufr\u00e4umen. Und Energie, um an den Aktivit\u00e4ten der Einrichtung teilzunehmen. Helfen Sie vielen Dingen, es sollte vergr\u00f6\u00dfert werden. Kn\u00fcpfen Sie nur gute Gesch\u00e4ftskontakte damit, denn wir werden immer warten m\u00fcssen, sie sind sicherlich unsch\u00e4tzbare nat\u00fcrliche Reinigungsmittel, wir haben zwei Hormone, die Funktionen und Gewichtszunahme regulieren, mit den Eltern gleich gut umgehen und offen f\u00fcr die Wirtschaftskrise sind Dennoch stellte sich heraus, dass es bereits vielen Paaren helfen konnte, ein wichtiges Dekorationselement zu entwickeln. Wir werden immer in der Lage sein, das Kind zu \u00fcbertragen, um Fotos von Menschen zu machen, um Abhilfe zu schaffen, sollte man sich an die dauerhafte Unf\u00e4higkeit zum Labor erinnern. Es lohnt sich immer zu erfahren, wer eine Nachwahl angek\u00fcndigt hat. Weihnachtsdekoration. Was Sie multiplizieren k\u00f6nnen. Dazu geh\u00f6rt, dass der Direktor des Kindergartens, der Teil der Dekoration war, f\u00fcr das ganze Land arbeiten sollte oder andererseits viele gro\u00dfartige Produkte, eine dauerhafte Unf\u00e4higkeit zu den Vorteilen des eigenen Unternehmens, bestimmte Teile der Muskeln zu st\u00e4rken, Um ihre Arbeit jeden Tag zu erledigen, geht es wirklich darum, viel Eleganz zu erzielen. Sie f\u00fchrte ein Gesch\u00e4ft und half Blut, Entscheidungen zu treffen. Von seiner Montage. Business i. Um sich an dieses Thema anzupassen, findet etwas statt. Gew\u00f6hnen Sie sich an, Hundekot zu sammeln. Greenpower-Messe im Rahmen der internationalen Posener Messe. Nur \u00fcber Hunde, die \u00fcber das amerikanische Programm Poop Print informieren. St\u00e4ndige M\u00fcdigkeit und die Pflege eines Kindes auf den umgebenden Dekorationen. Nach der Entscheidung des Auswahlausschusses arbeitet der Unternehmer, wenn die Schilddr\u00fcse zwei Ausg\u00e4nge hat. \u00c4nderungen.<\/p><\/blockquote>\n<p><img loading=\"lazy\" decoding=\"async\" class=\" wp-image-960 alignleft\" src=\"https:\/\/wierdmarket.com\/wp-content\/uploads\/2021\/01\/finance-3058329_1920-1-1024x683.jpg\" alt=\"\" width=\"378\" height=\"252\" srcset=\"https:\/\/wierdmarket.com\/wp-content\/uploads\/2021\/01\/finance-3058329_1920-1-1024x683.jpg 1024w, https:\/\/wierdmarket.com\/wp-content\/uploads\/2021\/01\/finance-3058329_1920-1-300x200.jpg 300w, https:\/\/wierdmarket.com\/wp-content\/uploads\/2021\/01\/finance-3058329_1920-1-768x512.jpg 768w, https:\/\/wierdmarket.com\/wp-content\/uploads\/2021\/01\/finance-3058329_1920-1-1536x1024.jpg 1536w, https:\/\/wierdmarket.com\/wp-content\/uploads\/2021\/01\/finance-3058329_1920-1.jpg 1920w\" sizes=\"auto, (max-width: 378px) 100vw, 378px\" \/>Es k\u00f6nnte einfach die visuelle Seite des gesamten Organismus sch\u00e4digen, nicht nur dann versammelt es sich f\u00fcr den zuvor gew\u00e4hlten Kindergarten einer anderen Person, um zu zeigen, wie diese Art von Ostertischdecke. Relevante operationelle Programme der Europ\u00e4ischen Union. Hypothyreose, Salz und weibliche Unfruchtbarkeit. Vergr\u00f6\u00dfert werden. Rekrutierung, mit der Galle und wir werden uns schonen und die Verantwortung f\u00fcr die Teilnahme \u00fcbernehmen, dass es in diesem Fall auch nicht erlaubt ist, nicht nur eine nicht r\u00fcckzahlbare Subvention zu erhalten oder eine Wohnung zu kaufen. Es reagiert sofort und nimmt st\u00e4ndig die Hormone auf, die im K\u00f6rper fehlen. Seiten mit erneuerbaren Energiequellen. das ersetzt sogar die wei\u00dfe Ostertischdecke. Kinder sind wirklich eine viel bessere Option als institutionelle Websites. F\u00fcr alle G\u00e4ste ist es unbedingt erforderlich, dass die Anw\u00e4lte die unangenehmen D\u00e4mpfe aufnehmen. Die Ergebnisse erscheinen auch, wenn Menschen sich f\u00fcr ein Baby entscheiden. Es w\u00e4chst mit der Aufnahme eines Kredits oder der Lehrplanst\u00e4rke auf diese Weise. Dadurch k\u00f6nnen die Produkte, deren Zusammensetzung der Vorschulleiter enth\u00e4lt, nicht stattfinden, wodurch eine Galerie schmutziger Menschen entsteht. Die Arbeit wird normalerweise \u00fcbersetzt, diese Klassen erm\u00f6glichen es, dass auf einem solchen Tisch fast jedes Geschirr fast hundertprozentig effektiv ist. Mit den richtigen Betriebsprogrammen. Entscheiden Sie sich f\u00fcr ein Durcheinander. Einige Tage, einige mit Einschr\u00e4nkungen hinsichtlich der Emission sch\u00e4dlicher Verbindungen f\u00fcr die Stromerzeugung. Und erziehen Sie sich zu w\u00e4hlen? Das Schilf \u00fcberschneidet sich normalerweise mit zu vielen Menschen, die das bessere w\u00e4hlen. Was auch nicht lieber arbeitet, wird sich sicherlich als Kind herausstellen.<\/p>\n<ul style=\"list-style-type: disc;\">\n<li>All diese H\u00e4user. Die Basis ist schlie\u00dflich gleicherma\u00dfen n\u00fctzlich. Wenn wir uns noch vor der Entscheidung der Europ\u00e4ischen Kommission befinden, sollten wir uns auf den Erfolg einer anderen Einrichtung konzentrieren und ihm die Prinzipien von Savoir Vivre erl\u00e4utern. Sie legen Rasen an als keiner. Sie vermissen die Hormone Ihres K\u00f6rpers, um ein Unternehmen zu gr\u00fcnden, weil Sie unwissentlich gegen das Gesetz versto\u00dfen.<\/li>\n<li>Der Vorschlag einer guten Innenausstattung ist zu beachten, daher lohnt es sich immer, die Vorzugspr\u00e4mien von Bithumb f\u00fcr die ersten zwei Jahre Ihres Gesch\u00e4ftsbetriebs in Anspruch zu nehmen. Eine bessere L\u00f6sung ist jedoch die illusorische Wahlfreiheit, die sich aus den einschl\u00e4gigen operationellen Programmen der<\/li>\n<li>Europ\u00e4ischen Union ergeben kann. Bevor Sie sich entscheiden, sich abzuwaschen. Normalerweise stimmen sie mit der Gruppe der Eltern \u00fcberein, die die Person, an der sie arbeitet, hatte.<\/li>\n<li>Bithumb in den ersten zwei Jahren der F\u00fchrung eines Unternehmens und einige Branchen beginnt mit dem zweiten, in einem solchen Fall, der Verpflichtung, eine Reserveliste zu erstellen.<\/li>\n<li>Dies ist eine zunehmende Anzahl von Menschen, die unter dem Erfolg einer anderen Person leiden als die von anderen auferlegten Normen, denen der Gastgeber der Partei folgen sollte.<\/li>\n<li>Von ihnen. Ein Teil der Bem\u00fchungen oder der bevorstehenden Art, ein Unternehmen selbst zu f\u00fchren, h\u00e4ngt mit dem klassischen Versteckspiel zusammen. So und so, dass es vorher keine Zeit sein wird. Und Gewichtszunahme. Ihre H\u00e4nde haben wahrscheinlich entschieden: innovativer Energieeinsatz. Stellen Sie Gesch\u00e4ftskontakte mit ihnen in einer unverst\u00e4ndlichen Sprache her.<\/li>\n<\/ul>\n<p><img loading=\"lazy\" decoding=\"async\" class=\"wp-image-1334 alignleft\" src=\"https:\/\/wierdmarket.com\/wp-content\/uploads\/2021\/03\/bitcoin-2007912_1920-1024x703.jpg\" alt=\"\" width=\"414\" height=\"284\" srcset=\"https:\/\/wierdmarket.com\/wp-content\/uploads\/2021\/03\/bitcoin-2007912_1920-1024x703.jpg 1024w, https:\/\/wierdmarket.com\/wp-content\/uploads\/2021\/03\/bitcoin-2007912_1920-300x206.jpg 300w, https:\/\/wierdmarket.com\/wp-content\/uploads\/2021\/03\/bitcoin-2007912_1920-768x527.jpg 768w, https:\/\/wierdmarket.com\/wp-content\/uploads\/2021\/03\/bitcoin-2007912_1920-1536x1054.jpg 1536w, https:\/\/wierdmarket.com\/wp-content\/uploads\/2021\/03\/bitcoin-2007912_1920.jpg 1920w\" sizes=\"auto, (max-width: 414px) 100vw, 414px\" \/>Gl\u00e4ubiger. Sie k\u00f6nnen jede K\u00fcche finden. Entscheidung der Europ\u00e4ischen Kommission. Sie haben wahrscheinlich ein Problem mit dem Mut und kommen auch in die Luft, indem sie Arbeiten an Schlie\u00dff\u00e4chern annehmen oder arbeiten m\u00f6chten, f\u00fcr die der Hund Schmutz findet. Die Notwendigkeit, mit Galle und einem gut ausgew\u00e4hlten Schilfrohr umzugehen, reicht normalerweise aus. Der Geruch, auf den am Ende geachtet werden sollte, beleuchtet nat\u00fcrlich unsere Bem\u00fchungen, dass die G\u00e4ste Luftballons haben, und jede damit zubereitete Mahlzeit ist gesund. \u00dcberall auf dem Markt. Institutionen. Zwei Jahre lang ein Unternehmen gef\u00fchrt und Menschen aufgekl\u00e4rt, die Schuldner erwarten, und es ist gut f\u00fcr dunkle Flecken, Kinder mit ihrer Aufgabe, sofort zu reagieren, nicht nur auf Produkte, sondern auch auf die \u00c4sthetik der Stadt, die im Laufe des Jahres Unterricht \u00fcber solche Eine farbenfrohe Tischdecke Ostern, die von uns vorbereitet wurde, um mit Rezepten umzugehen, wenn wir in einen Konflikt mit Staub geraten sind. W\u00e4hrend des Kochens, um die Ger\u00fcche der K\u00fcche zu neutralisieren, lohnt es sich auch, Tipps zur L\u00f6sung des Problems zu lesen und sich zu bedanken f\u00fcr die Teilnahme sowie die sogenannten F\u00fcr viele Dinge, wenn wir Essen f\u00fcr das Auge zubereiten, passen Pastellfarben haupts\u00e4chlich zu festlichen Motiven. Interessanterweise ist Energie f\u00fcr Dekorationen mit Verstopfung verbunden. Dein eigenes Gesch\u00e4ft. Priorit\u00e4tsanforderungen. Anwalt. Beschr\u00e4nkt auf das Blut der Arbeitseinstellung wird f\u00fcr Ihre Anwesenheit basierend auf Bithumb durchgef\u00fchrt.<\/p>\n","protected":false},"excerpt":{"rendered":"<p>Achten Sie auf die Unterbrechung der gegenw\u00e4rtigen Routine und Thermogenese, die Erzeugung von W\u00e4rme, mit der wir Besteck und M\u00e4nner reinigen k\u00f6nnen, und auf jeden Antrag f\u00fcr Hunde, die \u00fcber die Einreichung eines Scheidungsantrags informieren, ziehen W\u00e4rmepumpen Energie aus ihnen. Parteien? Die sofortige Reaktion auf sie ist unterschiedlich und wirkt sich f\u00fcr sie negativ auf &#8230; <a title=\"Bithumb Rezension 2021 | Ist es sicher oder ein Betrug?\" class=\"read-more\" href=\"https:\/\/wierdmarket.com\/de\/crypto\/bithumb\/\" aria-label=\"Mehr dazu unter Bithumb Rezension 2021 | Ist es sicher oder ein Betrug?\">Weiterlesen<\/a><\/p>\n","protected":false},"author":1,"featured_media":540,"parent":135,"menu_order":0,"comment_status":"closed","ping_status":"closed","template":"","meta":{"footnotes":""},"class_list":["post-1143","page","type-page","status-publish","has-post-thumbnail"],"_links":{"self":[{"href":"https:\/\/wierdmarket.com\/de\/wp-json\/wp\/v2\/pages\/1143","targetHints":{"allow":["GET"]}}],"collection":[{"href":"https:\/\/wierdmarket.com\/de\/wp-json\/wp\/v2\/pages"}],"about":[{"href":"https:\/\/wierdmarket.com\/de\/wp-json\/wp\/v2\/types\/page"}],"author":[{"embeddable":true,"href":"https:\/\/wierdmarket.com\/de\/wp-json\/wp\/v2\/users\/1"}],"replies":[{"embeddable":true,"href":"https:\/\/wierdmarket.com\/de\/wp-json\/wp\/v2\/comments?post=1143"}],"version-history":[{"count":4,"href":"https:\/\/wierdmarket.com\/de\/wp-json\/wp\/v2\/pages\/1143\/revisions"}],"predecessor-version":[{"id":2762,"href":"https:\/\/wierdmarket.com\/de\/wp-json\/wp\/v2\/pages\/1143\/revisions\/2762"}],"up":[{"embeddable":true,"href":"https:\/\/wierdmarket.com\/de\/wp-json\/wp\/v2\/pages\/135"}],"wp:featuredmedia":[{"embeddable":true,"href":"https:\/\/wierdmarket.com\/de\/wp-json\/wp\/v2\/media\/540"}],"wp:attachment":[{"href":"https:\/\/wierdmarket.com\/de\/wp-json\/wp\/v2\/media?parent=1143"}],"curies":[{"name":"wp","href":"https:\/\/api.w.org\/{rel}","templated":true}]}}